{"id":141,"date":"2021-04-16T08:43:53","date_gmt":"2021-04-16T08:43:53","guid":{"rendered":"https:\/\/www.ull.es\/eventos\/jose-agustin-alvarez-rixo\/?page_id=141"},"modified":"2021-04-21T12:21:25","modified_gmt":"2021-04-21T12:21:25","slug":"archivo","status":"publish","type":"page","link":"https:\/\/www.ull.es\/eventos\/jose-agustin-alvarez-rixo\/archivo\/","title":{"rendered":"Archivo"},"content":{"rendered":"<p>[vc_row gap=\u00bb30&#8243; equal_height=\u00bbyes\u00bb content_placement=\u00bbbottom\u00bb css=\u00bb.vc_custom_1618314271122{background-position: center !important;background-repeat: no-repeat !important;background-size: cover !important;}\u00bb][vc_column width=\u00bb1\/4&#8243;][vc_empty_space][vc_custom_heading text=\u00bbJos\u00e9 Agust\u00edn \u00c1lvarez Rixo\u00bb font_container=\u00bbtag:h1|font_size:3em|text_align:left|color:%23020202|line_height:100%25&#8243; google_fonts=\u00bbfont_family:Playfair%20Display%3Aregular%2Citalic%2C700%2C700italic%2C900%2C900italic|font_style:700%20bold%20italic%3A700%3Aitalic\u00bb link=\u00bburl:https%3A%2F%2Fwww.ull.es%2Feventos%2Fjose-agustin-alvarez-rixo%2F\u00bb][\/vc_column][vc_column width=\u00bb3\/4&#8243;][\/vc_column][\/vc_row][vc_row gap=\u00bb30&#8243;][vc_column width=\u00bb1\/4&#8243;][vc_separator color=\u00bbcustom\u00bb accent_color=\u00bb#8e8e8e\u00bb][vc_custom_heading source=\u00bbpost_title\u00bb font_container=\u00bbtag:h2|text_align:left|color:%23020202&#8243; google_fonts=\u00bbfont_family:Playfair%20Display%3Aregular%2Citalic%2C700%2C700italic%2C900%2C900italic|font_style:400%20italic%3A400%3Aitalic\u00bb][\/vc_column][vc_column width=\u00bb3\/4&#8243;][vc_separator color=\u00bbcustom\u00bb accent_color=\u00bb#8e8e8e\u00bb][vc_column_text]El archivo est\u00e1 compuesto por veintitr\u00e9s cajas con aproximadamente setecientos manuscritos y una importante obra gr\u00e1fica con ciento setenta y dos dibujos exentos, doscientos setenta y tres dibujos incluidos dentro de los manuscritos, catorce planos, seis grabados y tres fotograf\u00edas. Asimismo se donaron dos cuadros del pintor Luis de la Cruz y R\u00edos. Incluye adem\u00e1s documentaci\u00f3n del S.XX producida por su hijo Manuel \u00c1lvarez Padr\u00f3n.<\/p>\n<p>La documentaci\u00f3n se puede consultar en l\u00ednea y se ha organizado en siete series, desde cada una de ellas se enlaza con los documentos que contienen.\u00a0 Adem\u00e1s desde los registros bibliogr\u00e1ficos se puede acceder a la digitalizaci\u00f3n de una parte importante de las obras gracias a las ayudas otorgadas por el Ministerio de Cultura.<\/p>\n<ul>\n<li><a href=\"http:\/\/absysnetweb.bbtk.ull.es\/cgi-bin\/abnetopac?TITN=524974\" target=\"_blank\" rel=\"noopener\" target=\"_blank\" rel=\"noopener\">Acceso al registro general del Archivo<\/a><\/li>\n<li><a href=\"https:\/\/absysnet.bbtk.ull.es\/cgi-bin\/abnetopac?FORM=16\" target=\"_blank\" rel=\"noopener\" target=\"_blank\" rel=\"noopener\">Acceso al cat\u00e1logo<\/a><\/li>\n<li><a href=\"https:\/\/drive.google.com\/file\/d\/1RwoOeGeosPU0yOfIovKXljqfd563LLWy\/view?usp=sharing\" target=\"_blank\" rel=\"noopener\" target=\"_blank\" rel=\"noopener\">Acceso al inventario de dibujos incluidos en los manuscritos<\/a> (pdf)<\/li>\n<\/ul>\n<p>[\/vc_column_text][vc_separator color=\u00bbcustom\u00bb accent_color=\u00bb#8e8e8e\u00bb][\/vc_column][\/vc_row]<\/p>\n","protected":false},"excerpt":{"rendered":"<p>[vc_row gap=\u00bb30&#8243; equal_height=\u00bbyes\u00bb content_placement=\u00bbbottom\u00bb css=\u00bb.vc_custom_1618314271122{background-position: center !important;background-repeat: no-repeat !important;background-size: cover !important;}\u00bb][vc_column width=\u00bb1\/4&#8243;][vc_empty_space][vc_custom_heading text=\u00bbJos\u00e9 Agust\u00edn \u00c1lvarez Rixo\u00bb font_container=\u00bbtag:h1|font_size:3em|text_align:left|color:%23020202|line_height:100%25&#8243; google_fonts=\u00bbfont_family:Playfair%20Display%3Aregular%2Citalic%2C700%2C700italic%2C900%2C900italic|font_style:700%20bold%20italic%3A700%3Aitalic\u00bb link=\u00bburl:https%3A%2F%2Fwww.ull.es%2Feventos%2Fjose-agustin-alvarez-rixo%2F\u00bb][\/vc_column][vc_column width=\u00bb3\/4&#8243;][\/vc_column][\/vc_row][vc_row gap=\u00bb30&#8243;][vc_column width=\u00bb1\/4&#8243;][vc_separator color=\u00bbcustom\u00bb accent_color=\u00bb#8e8e8e\u00bb][vc_custom_heading source=\u00bbpost_title\u00bb font_container=\u00bbtag:h2|text_align:left|color:%23020202&#8243; google_fonts=\u00bbfont_family:Playfair%20Display%3Aregular%2Citalic%2C700%2C700italic%2C900%2C900italic|font_style:400%20italic%3A400%3Aitalic\u00bb][\/vc_column][vc_column width=\u00bb3\/4&#8243;][vc_separator color=\u00bbcustom\u00bb accent_color=\u00bb#8e8e8e\u00bb][vc_column_text]El archivo est\u00e1 compuesto por veintitr\u00e9s cajas con aproximadamente setecientos manuscritos y una importante obra gr\u00e1fica con ciento setenta y dos dibujos exentos, doscientos setenta y&#8230;<\/p>\n","protected":false},"author":14,"featured_media":0,"parent":0,"menu_order":0,"comment_status":"closed","ping_status":"closed","template":"templates\/template-no-title.php","meta":{"footnotes":""},"class_list":["post-141","page","type-page","status-publish","hentry"],"_links":{"self":[{"href":"https:\/\/www.ull.es\/eventos\/jose-agustin-alvarez-rixo\/wp-json\/wp\/v2\/pages\/141"}],"collection":[{"href":"https:\/\/www.ull.es\/eventos\/jose-agustin-alvarez-rixo\/wp-json\/wp\/v2\/pages"}],"about":[{"href":"https:\/\/www.ull.es\/eventos\/jose-agustin-alvarez-rixo\/wp-json\/wp\/v2\/types\/page"}],"author":[{"embeddable":true,"href":"https:\/\/www.ull.es\/eventos\/jose-agustin-alvarez-rixo\/wp-json\/wp\/v2\/users\/14"}],"replies":[{"embeddable":true,"href":"https:\/\/www.ull.es\/eventos\/jose-agustin-alvarez-rixo\/wp-json\/wp\/v2\/comments?post=141"}],"version-history":[{"count":8,"href":"https:\/\/www.ull.es\/eventos\/jose-agustin-alvarez-rixo\/wp-json\/wp\/v2\/pages\/141\/revisions"}],"predecessor-version":[{"id":209,"href":"https:\/\/www.ull.es\/eventos\/jose-agustin-alvarez-rixo\/wp-json\/wp\/v2\/pages\/141\/revisions\/209"}],"wp:attachment":[{"href":"https:\/\/www.ull.es\/eventos\/jose-agustin-alvarez-rixo\/wp-json\/wp\/v2\/media?parent=141"}],"curies":[{"name":"wp","href":"https:\/\/api.w.org\/{rel}","templated":true}]}}