{"id":23,"date":"2021-04-13T13:18:17","date_gmt":"2021-04-13T13:18:17","guid":{"rendered":"https:\/\/www.ull.es\/eventos\/jose-agustin-alvarez-rixo\/?page_id=23"},"modified":"2023-07-14T11:32:30","modified_gmt":"2023-07-14T11:32:30","slug":"archivo-alvarez-rixo","status":"publish","type":"page","link":"https:\/\/www.ull.es\/eventos\/jose-agustin-alvarez-rixo\/","title":{"rendered":"Archivo \u00c1lvarez Rixo"},"content":{"rendered":"<p>[vc_row equal_height=\u00bbyes\u00bb content_placement=\u00bbbottom\u00bb css=\u00bb.vc_custom_1618478687482{background-position: center !important;background-repeat: no-repeat !important;background-size: cover !important;}\u00bb][vc_column width=\u00bb1\/4&#8243;][vc_empty_space][vc_custom_heading text=\u00bbJos\u00e9 Agust\u00edn \u00c1lvarez Rixo\u00bb font_container=\u00bbtag:h1|font_size:3em|text_align:left|color:%23020202|line_height:100%25&#8243; google_fonts=\u00bbfont_family:Playfair%20Display%3Aregular%2Citalic%2C700%2C700italic%2C900%2C900italic|font_style:700%20bold%20italic%3A700%3Aitalic\u00bb][vc_raw_html]JTNDcCUyMGNsYXNzJTNEJTIybGVnYWRvLWRvcyUyMiUzRVB1ZXJ0byUyMGRlJTIwbGElMjBDcnV6JTJDJTIwMTc5NiUyMC0lMjBMYSUyME9yb3RhdmElMkMlMjAxODgzJTNDJTJGc21hbGwlM0UlM0MlMkZwJTNF[\/vc_raw_html][\/vc_column][vc_column width=\u00bb3\/4&#8243;][vc_single_image image=\u00bb24&#8243; img_size=\u00bblarge\u00bb css_animation=\u00bbfadeIn\u00bb][\/vc_column][\/vc_row][vc_row][vc_column width=\u00bb1\/4&#8243;][vc_separator color=\u00bbcustom\u00bb accent_color=\u00bb#8e8e8e\u00bb][\/vc_column][vc_column width=\u00bb3\/4&#8243;][vc_separator color=\u00bbcustom\u00bb accent_color=\u00bb#8e8e8e\u00bb][\/vc_column][\/vc_row][vc_row gap=\u00bb30&#8243;][vc_column width=\u00bb1\/4&#8243;][vc_btn title=\u00bbFicha de descripci\u00f3n\u00bb style=\u00bboutline-custom\u00bb outline_custom_color=\u00bb#666666&#8243; outline_custom_hover_background=\u00bb#383838&#8243; outline_custom_hover_text=\u00bb#ffffff\u00bb size=\u00bbsm\u00bb i_icon_fontawesome=\u00bbfar fa-address-card\u00bb add_icon=\u00bbtrue\u00bb link=\u00bburl:https%3A%2F%2Fdocs.google.com%2Fdocument%2Fd%2F1AooSWLxK-Bsru8ZXJYO186miaPYmnNG5p2psSWdrjA8%2Fedit%3Fusp%3Dsharing|target:_blank\u00bb][vc_empty_space][\/vc_column][vc_column width=\u00bb3\/4&#8243;][vc_column_text]<\/p>\n<p style=\"padding-left: 80px;\"><i>Algunas de las noticias <\/i>[..]<i> que yo he tenido la curiosidad de reunir con objeto precisamente de que, ya que no he podido abrir los ojos a mis paisanos y al Gobierno en alg\u00fan op\u00fasculo <\/i>[&#8230;]<i>, llegar\u00eda d\u00eda en que alguna persona doctada de conocimientos <\/i>[&#8230;]<i> pudiese hacer alguno uso de ellas.<\/i><\/p>\n<p>Con estas palabras Jos\u00e9 Agust\u00edn \u00c1lvarez Rixo marcaba el camino a sus herederos para la conservaci\u00f3n de su archivo. En el a\u00f1o 2014, D\u00f1a. Carmen y D\u00f1a. Rosario Fern\u00e1ndez \u00c1lvarez y D. Eladio Santaella \u00c1lvarez, sus bisnietos, donaron el archivo personal y la biblioteca a la Universidad de La Laguna.<\/p>\n<p>El archivo est\u00e1 compuesto por un conjunto de documentos de trabajo, junto a otros de car\u00e1cter personal y familiar. Representa uno de los archivos personales del s. XIX m\u00e1s importantes de Canarias desde el punto de vista hist\u00f3rico, ling\u00fc\u00edstico, literario, period\u00edstico y art\u00edstico. Incluye adem\u00e1s documentaci\u00f3n del s. XX producida por su hijo Manuel \u00c1lvarez Padr\u00f3n.<\/p>\n<p><a href=\"https:\/\/www.ull.es\/eventos\/alvarez-rixo\/\" target=\"_blank\" rel=\"noopener\" target=\"_blank\" rel=\"noopener\"><i>M\u00e1s informaci\u00f3n<\/i><\/a>[\/vc_column_text][\/vc_column][\/vc_row][vc_row gap=\u00bb30&#8243;][vc_column width=\u00bb1\/4&#8243;][vc_separator color=\u00bbcustom\u00bb accent_color=\u00bb#8e8e8e\u00bb][\/vc_column][vc_column width=\u00bb3\/4&#8243;][vc_separator color=\u00bbcustom\u00bb accent_color=\u00bb#8e8e8e\u00bb][\/vc_column][\/vc_row][vc_row gap=\u00bb30&#8243; content_placement=\u00bbtop\u00bb][vc_column width=\u00bb1\/4&#8243;][vc_btn title=\u00bbPortal de archivos personales\u00bb style=\u00bboutline-custom\u00bb outline_custom_color=\u00bb#666666&#8243; outline_custom_hover_background=\u00bb#383838&#8243; outline_custom_hover_text=\u00bb#ffffff\u00bb size=\u00bbxs\u00bb align=\u00bbleft\u00bb button_block=\u00bbtrue\u00bb link=\u00bburl:https%3A%2F%2Fwww.ull.es%2Fservicios%2Fbiblioteca%2Farchivos-personales%2F\u00bb][vc_btn title=\u00bbBiblioteca de la Universidad de La Laguna\u00bb style=\u00bboutline-custom\u00bb outline_custom_color=\u00bb#666666&#8243; outline_custom_hover_background=\u00bb#383838&#8243; outline_custom_hover_text=\u00bb#ffffff\u00bb size=\u00bbxs\u00bb align=\u00bbleft\u00bb button_block=\u00bbtrue\u00bb link=\u00bburl:https%3A%2F%2Fwww.ull.es%2Fservicios%2Fbiblioteca%2F\u00bb][\/vc_column][vc_column width=\u00bb3\/4&#8243;][vc_tta_tabs style=\u00bbmodern\u00bb shape=\u00bbsquare\u00bb spacing=\u00bb3&#8243; active_section=\u00bb0&#8243; no_fill_content_area=\u00bbtrue\u00bb][vc_tta_section title=\u00bbC\u00f3mo citar estos documentos\u00bb tab_id=\u00bb1618316825434-116c5d01-dcfe\u00bb][vc_column_text]<strong>Cita\u00a0 del archivo completo<br \/>\n<\/strong>Biblioteca ULL. Archivo personal de Jos\u00e9 Agust\u00edn \u00c1lvarez Rixo<br \/>\nBiblioteca ULL. AP JAAR<\/p>\n<p><strong>Cita de un documento concreto<br \/>\n<\/strong>Biblioteca ULL. JAAR 1\/1[\/vc_column_text][\/vc_tta_section][vc_tta_section title=\u00bbLocalizaci\u00f3n\u00bb tab_id=\u00bb1618316795685-721d7521-e9ee\u00bb][vc_column_text]Universidad de La Laguna<br \/>\nBiblioteca General y de Humanidades, planta 1\u00aa<br \/>\nCampus de Guajara s\/n<br \/>\nLa Laguna (Tenerife)[\/vc_column_text][\/vc_tta_section][vc_tta_section title=\u00bbDatos de contacto\u00bb tab_id=\u00bb1618316795706-d640ed19-1ef7&#8243;][vc_column_text]Paz Fern\u00e1ndez Palomeque<br \/>\n<a href=\"mailto:pfernan@ull.edu.es\" target=\"_blank\" rel=\"noopener\">pfernan@ull.edu.es<\/a>[\/vc_column_text][\/vc_tta_section][\/vc_tta_tabs][\/vc_column][\/vc_row][vc_row gap=\u00bb30&#8243;][vc_column][vc_separator color=\u00bbcustom\u00bb accent_color=\u00bb#8e8e8e\u00bb][\/vc_column][\/vc_row]<\/p>\n","protected":false},"excerpt":{"rendered":"<p>[vc_row equal_height=\u00bbyes\u00bb content_placement=\u00bbbottom\u00bb css=\u00bb.vc_custom_1618478687482{background-position: center !important;background-repeat: no-repeat !important;background-size: cover !important;}\u00bb][vc_column width=\u00bb1\/4&#8243;][vc_empty_space][vc_custom_heading text=\u00bbJos\u00e9 Agust\u00edn \u00c1lvarez Rixo\u00bb font_container=\u00bbtag:h1|font_size:3em|text_align:left|color:%23020202|line_height:100%25&#8243; google_fonts=\u00bbfont_family:Playfair%20Display%3Aregular%2Citalic%2C700%2C700italic%2C900%2C900italic|font_style:700%20bold%20italic%3A700%3Aitalic\u00bb][vc_raw_html]JTNDcCUyMGNsYXNzJTNEJTIybGVnYWRvLWRvcyUyMiUzRVB1ZXJ0byUyMGRlJTIwbGElMjBDcnV6JTJDJTIwMTc5NiUyMC0lMjBMYSUyME9yb3RhdmElMkMlMjAxODgzJTNDJTJGc21hbGwlM0UlM0MlMkZwJTNF[\/vc_raw_html][\/vc_column][vc_column width=\u00bb3\/4&#8243;][vc_single_image image=\u00bb24&#8243; img_size=\u00bblarge\u00bb css_animation=\u00bbfadeIn\u00bb][\/vc_column][\/vc_row][vc_row][vc_column width=\u00bb1\/4&#8243;][vc_separator color=\u00bbcustom\u00bb accent_color=\u00bb#8e8e8e\u00bb][\/vc_column][vc_column width=\u00bb3\/4&#8243;][vc_separator color=\u00bbcustom\u00bb accent_color=\u00bb#8e8e8e\u00bb][\/vc_column][\/vc_row][vc_row gap=\u00bb30&#8243;][vc_column width=\u00bb1\/4&#8243;][vc_btn title=\u00bbFicha de descripci\u00f3n\u00bb style=\u00bboutline-custom\u00bb outline_custom_color=\u00bb#666666&#8243; outline_custom_hover_background=\u00bb#383838&#8243; outline_custom_hover_text=\u00bb#ffffff\u00bb size=\u00bbsm\u00bb i_icon_fontawesome=\u00bbfar fa-address-card\u00bb add_icon=\u00bbtrue\u00bb link=\u00bburl:https%3A%2F%2Fdocs.google.com%2Fdocument%2Fd%2F1AooSWLxK-Bsru8ZXJYO186miaPYmnNG5p2psSWdrjA8%2Fedit%3Fusp%3Dsharing|target:_blank\u00bb][vc_empty_space][\/vc_column][vc_column width=\u00bb3\/4&#8243;][vc_column_text] Algunas de las noticias [..] que yo he tenido la curiosidad de reunir&#8230;<\/p>\n","protected":false},"author":14,"featured_media":0,"parent":0,"menu_order":0,"comment_status":"closed","ping_status":"closed","template":"templates\/template-no-title.php","meta":{"footnotes":""},"class_list":["post-23","page","type-page","status-publish","hentry"],"_links":{"self":[{"href":"https:\/\/www.ull.es\/eventos\/jose-agustin-alvarez-rixo\/wp-json\/wp\/v2\/pages\/23"}],"collection":[{"href":"https:\/\/www.ull.es\/eventos\/jose-agustin-alvarez-rixo\/wp-json\/wp\/v2\/pages"}],"about":[{"href":"https:\/\/www.ull.es\/eventos\/jose-agustin-alvarez-rixo\/wp-json\/wp\/v2\/types\/page"}],"author":[{"embeddable":true,"href":"https:\/\/www.ull.es\/eventos\/jose-agustin-alvarez-rixo\/wp-json\/wp\/v2\/users\/14"}],"replies":[{"embeddable":true,"href":"https:\/\/www.ull.es\/eventos\/jose-agustin-alvarez-rixo\/wp-json\/wp\/v2\/comments?post=23"}],"version-history":[{"count":17,"href":"https:\/\/www.ull.es\/eventos\/jose-agustin-alvarez-rixo\/wp-json\/wp\/v2\/pages\/23\/revisions"}],"predecessor-version":[{"id":220,"href":"https:\/\/www.ull.es\/eventos\/jose-agustin-alvarez-rixo\/wp-json\/wp\/v2\/pages\/23\/revisions\/220"}],"wp:attachment":[{"href":"https:\/\/www.ull.es\/eventos\/jose-agustin-alvarez-rixo\/wp-json\/wp\/v2\/media?parent=23"}],"curies":[{"name":"wp","href":"https:\/\/api.w.org\/{rel}","templated":true}]}}