{"id":29,"date":"2021-04-13T13:22:58","date_gmt":"2021-04-13T13:22:58","guid":{"rendered":"https:\/\/www.ull.es\/eventos\/jose-agustin-alvarez-rixo\/?page_id=29"},"modified":"2021-04-21T12:41:58","modified_gmt":"2021-04-21T12:41:58","slug":"biografia","status":"publish","type":"page","link":"https:\/\/www.ull.es\/eventos\/jose-agustin-alvarez-rixo\/biografia\/","title":{"rendered":"Biograf\u00eda"},"content":{"rendered":"<p>[vc_row equal_height=\u00bbyes\u00bb content_placement=\u00bbbottom\u00bb css=\u00bb.vc_custom_1618822402747{background-position: center !important;background-repeat: no-repeat !important;background-size: cover !important;}\u00bb][vc_column width=\u00bb1\/4&#8243;][vc_empty_space][vc_custom_heading text=\u00bbJos\u00e9 Agust\u00edn \u00c1lvarez Rixo\u00bb font_container=\u00bbtag:h1|font_size:3em|text_align:left|color:%23020202|line_height:100%25&#8243; google_fonts=\u00bbfont_family:Playfair%20Display%3Aregular%2Citalic%2C700%2C700italic%2C900%2C900italic|font_style:700%20bold%20italic%3A700%3Aitalic\u00bb link=\u00bburl:https%3A%2F%2Fwww.ull.es%2Feventos%2Fjose-agustin-alvarez-rixo%2F\u00bb][\/vc_column][vc_column width=\u00bb3\/4&#8243;][\/vc_column][\/vc_row][vc_row][vc_column width=\u00bb1\/4&#8243;][vc_separator color=\u00bbcustom\u00bb accent_color=\u00bb#8e8e8e\u00bb][vc_custom_heading source=\u00bbpost_title\u00bb font_container=\u00bbtag:h2|text_align:left|color:%23020202&#8243; google_fonts=\u00bbfont_family:Playfair%20Display%3Aregular%2Citalic%2C700%2C700italic%2C900%2C900italic|font_style:400%20italic%3A400%3Aitalic\u00bb][\/vc_column][vc_column width=\u00bb3\/4&#8243;][vc_separator color=\u00bbcustom\u00bb accent_color=\u00bb#8e8e8e\u00bb][vc_tta_accordion active_section=\u00bb0&#8243; no_fill=\u00bbtrue\u00bb collapsible_all=\u00bbtrue\u00bb][vc_tta_section title=\u00bbInfancia (1796-1816)\u00bb tab_id=\u00bb1618315109867-3a141fa1-0eef\u00bb][vc_media_grid element_width=\u00bb2&#8243; gap=\u00bb0&#8243; grid_id=\u00bbvc_gid:1619007415282-32cb08bf-864e-9&#8243; include=\u00bb57,58,54,55,56&#8243;][vc_column_text]<b>1796-1799<\/b><\/p>\n<p>Nace en el Puerto de la Cruz el 28 de agosto de 1796 de padre portugu\u00e9s, Jos\u00e9 \u00c1lvarez, y madre orotavense, Gregoria Rixo de Chaves. En 1799 se traslada toda la familia a Arrecife (Lanzarote) debido al trabajo del cabeza de familia como comerciante de barrilla.[\/vc_column_text][vc_empty_space height=\u00bb64px\u00bb][vc_media_grid element_width=\u00bb2&#8243; gap=\u00bb0&#8243; grid_id=\u00bbvc_gid:1619007415283-db9916ff-2156-9&#8243; include=\u00bb59,62,61,60,63&#8243;][vc_column_text]<b>1807-1809\u00a0<\/b><\/p>\n<p>Estudia en el Seminario Conciliar de Las Palmas de Gran Canarias, donde adquiere formaci\u00f3n en lenguas cl\u00e1sicas, filosof\u00eda, l\u00f3gica, geograf\u00eda, historia y gram\u00e1tica. Sus referentes intelectuales fueron Graciliano Afonso, Marcial Delgado, Juan Bautista Bandini y Juan de Fr\u00edas.[\/vc_column_text][vc_empty_space height=\u00bb64px\u00bb][vc_media_grid element_width=\u00bb2&#8243; gap=\u00bb0&#8243; grid_id=\u00bbvc_gid:1619007415285-cdf3b5f1-70a8-8&#8243; include=\u00bb72,68,64,65,70&#8243;][vc_column_text]<b>1812-1814\u00a0<\/b><\/p>\n<p>Reside en Madeira, donde contin\u00faa su formaci\u00f3n al amparo de su t\u00edo abuelo Manuel \u00c1lvarez Pereira, vicec\u00f3nsul de N\u00e1poles en la isla.[\/vc_column_text][vc_empty_space height=\u00bb64px\u00bb][vc_media_grid element_width=\u00bb2&#8243; gap=\u00bb0&#8243; grid_id=\u00bbvc_gid:1619007415288-afaeb7ed-681f-1&#8243; include=\u00bb77,75,204,73,74&#8243;][vc_column_text]<b>1814-1816<\/b><\/p>\n<p>Reside de nuevo en Arrecife (Lanzarote)[\/vc_column_text][vc_empty_space height=\u00bb64px\u00bb][\/vc_tta_section][vc_tta_section title=\u00bbMadurez (1816-1857)\u00bb tab_id=\u00bb1618315154382-87aa28c4-9d04&#8243;][vc_column_text]<b>1816\u00a0<\/b><\/p>\n<p>Tras el fallecimiento de su padre la familia se traslada al Puerto de la Cruz.[\/vc_column_text][vc_empty_space height=\u00bb64px\u00bb][vc_media_grid element_width=\u00bb2&#8243; gap=\u00bb0&#8243; grid_id=\u00bbvc_gid:1619007415291-6f0b72cf-abeb-5&#8243; include=\u00bb80,81,78,82,83&#8243;][vc_column_text]<b>1826\u00a0<\/b><\/p>\n<p>Comienza su vida pol\u00edtica: el 2 de enero es nombrado diputado primero del Ayuntamiento del Puerto de la Cruz, bajo la alcald\u00eda de Tom\u00e1s de Armas.[\/vc_column_text][vc_empty_space height=\u00bb64px\u00bb][vc_media_grid element_width=\u00bb2&#8243; gap=\u00bb0&#8243; grid_id=\u00bbvc_gid:1619007415291-fb9037c6-fbb6-6&#8243; include=\u00bb96,97,99,100,98&#8243;][vc_column_text]<b>1827-1828\u00a0<\/b><\/p>\n<p>Es designado Alcalde Real del Puerto de la Cruz; durante este periodo realiza una labor meritoria centrada en la ordenaci\u00f3n y adecuaci\u00f3n del archivo municipal, se preocupa de proveer a la localidad de escribano p\u00fablico y de la propiedad de las aguas y dicta disposiciones para instalar un hospital.[\/vc_column_text][vc_empty_space height=\u00bb64px\u00bb][vc_media_grid element_width=\u00bb2&#8243; gap=\u00bb0&#8243; grid_id=\u00bbvc_gid:1619007415291-720f9f65-ff46-0&#8243; include=\u00bb103,102,104,101,105&#8243;][vc_column_text]<b>1831-1849<\/b><\/p>\n<p>Entre 1831 y 1835 desempe\u00f1a el cargo de depositario de los fondos municipales y realiza una importante labor de saneamiento fiscal.<\/p>\n<p>En 1834 es designado diputado del ramo de Sanidad.<\/p>\n<p>Cansado de la pol\u00edtica y sus envidias, en el a\u00f1o 1835 se retira de la vida p\u00fablica hasta 1849.[\/vc_column_text][vc_empty_space height=\u00bb64px\u00bb][vc_media_grid element_width=\u00bb2&#8243; gap=\u00bb0&#8243; grid_id=\u00bbvc_gid:1619007415292-6bc29762-07d0-0&#8243; include=\u00bb110,108,205,111,112&#8243;][vc_column_text]<b>1850-1853\u00a0<\/b><\/p>\n<p>Es nombrado Alcalde Constitucional del Puerto de la Cruz, despliega su labor en la beneficencia, la sanidad, los tributos municipales, la administraci\u00f3n de las aguas y las obras p\u00fablicas.<\/p>\n<p>En 1853 sufre una campa\u00f1a de desacreditaci\u00f3n que desemboc\u00f3 en su retirada de la vida p\u00fablica.[\/vc_column_text][vc_empty_space height=\u00bb64px\u00bb][vc_media_grid element_width=\u00bb2&#8243; gap=\u00bb0&#8243; grid_id=\u00bbvc_gid:1619007415292-2cdfdf7f-4dcd-5&#8243; include=\u00bb113,115,118,116,114&#8243;][vc_column_text]<b>1853-1883<\/b><\/p>\n<p>Se dedica a desarrollar sus inquietudes ling\u00fc\u00edsticas, hist\u00f3ricas, antropol\u00f3gicas, musicales, teatrales, etc. y a plasmar en sus dibujos todo lo que acontece. Contribuye con sus escritos al desarrollo y progreso de las Islas, realiza estudios sobre la pesca, el comercio o los puertos francos y colabora en peri\u00f3dicos como <i>El Daguerrotipo, El Guanche, El Conservador, El Teide, El Isle\u00f1o, El Eco del Comercio, La Aurora y El Time<\/i>, entre otros.<\/p>\n<p>El 29 de mayo de 1869 se casa con Mar\u00eda de la Encarnaci\u00f3n Padr\u00f3n Fern\u00e1ndez, de la que tiene tres hijos: Manuel Mateo, Gregoria Epifan\u00eda y Mar\u00eda de los Dolores.<\/p>\n<p>En la \u00faltima d\u00e9cada de su vida, afectado de una ceguera progresiva, se retira a su finca de La Luz, donde fallece el 2 de septiembre de 1883.<i><\/i>[\/vc_column_text][\/vc_tta_section][\/vc_tta_accordion][vc_empty_space][vc_column_text]<\/p>\n<p style=\"padding-left: 40px\"><a href=\"http:\/\/bbtk.exposicion.ull.es\/alvarezrixo\/project\/jose-agustin-alvarez-rixo-1796-1883-claves-biograficas-de-un-perfil-historico\/\" target=\"_blank\" rel=\"noopener\" target=\"_blank\" rel=\"noopener\"><i>M\u00e1s informaci\u00f3n<\/i><\/a><\/p>\n<p>[\/vc_column_text][vc_separator color=\u00bbcustom\u00bb accent_color=\u00bb#8e8e8e\u00bb][\/vc_column][\/vc_row]<\/p>\n","protected":false},"excerpt":{"rendered":"<p>[vc_row equal_height=\u00bbyes\u00bb content_placement=\u00bbbottom\u00bb css=\u00bb.vc_custom_1618822402747{background-position: center !important;background-repeat: no-repeat !important;background-size: cover !important;}\u00bb][vc_column width=\u00bb1\/4&#8243;][vc_empty_space][vc_custom_heading text=\u00bbJos\u00e9 Agust\u00edn \u00c1lvarez Rixo\u00bb font_container=\u00bbtag:h1|font_size:3em|text_align:left|color:%23020202|line_height:100%25&#8243; google_fonts=\u00bbfont_family:Playfair%20Display%3Aregular%2Citalic%2C700%2C700italic%2C900%2C900italic|font_style:700%20bold%20italic%3A700%3Aitalic\u00bb link=\u00bburl:https%3A%2F%2Fwww.ull.es%2Feventos%2Fjose-agustin-alvarez-rixo%2F\u00bb][\/vc_column][vc_column width=\u00bb3\/4&#8243;][\/vc_column][\/vc_row][vc_row][vc_column width=\u00bb1\/4&#8243;][vc_separator color=\u00bbcustom\u00bb accent_color=\u00bb#8e8e8e\u00bb][vc_custom_heading source=\u00bbpost_title\u00bb font_container=\u00bbtag:h2|text_align:left|color:%23020202&#8243; google_fonts=\u00bbfont_family:Playfair%20Display%3Aregular%2Citalic%2C700%2C700italic%2C900%2C900italic|font_style:400%20italic%3A400%3Aitalic\u00bb][\/vc_column][vc_column width=\u00bb3\/4&#8243;][vc_separator color=\u00bbcustom\u00bb accent_color=\u00bb#8e8e8e\u00bb][vc_tta_accordion active_section=\u00bb0&#8243; no_fill=\u00bbtrue\u00bb collapsible_all=\u00bbtrue\u00bb][vc_tta_section title=\u00bbInfancia (1796-1816)\u00bb tab_id=\u00bb1618315109867-3a141fa1-0eef\u00bb][vc_media_grid element_width=\u00bb2&#8243; gap=\u00bb0&#8243; grid_id=\u00bbvc_gid:1619007415282-32cb08bf-864e-9&#8243; include=\u00bb57,58,54,55,56&#8243;][vc_column_text]1796-1799 Nace en el Puerto de la Cruz el 28 de agosto de 1796 de padre portugu\u00e9s, Jos\u00e9&#8230;<\/p>\n","protected":false},"author":14,"featured_media":0,"parent":0,"menu_order":0,"comment_status":"closed","ping_status":"closed","template":"templates\/template-no-title.php","meta":{"footnotes":""},"class_list":["post-29","page","type-page","status-publish","hentry"],"_links":{"self":[{"href":"https:\/\/www.ull.es\/eventos\/jose-agustin-alvarez-rixo\/wp-json\/wp\/v2\/pages\/29"}],"collection":[{"href":"https:\/\/www.ull.es\/eventos\/jose-agustin-alvarez-rixo\/wp-json\/wp\/v2\/pages"}],"about":[{"href":"https:\/\/www.ull.es\/eventos\/jose-agustin-alvarez-rixo\/wp-json\/wp\/v2\/types\/page"}],"author":[{"embeddable":true,"href":"https:\/\/www.ull.es\/eventos\/jose-agustin-alvarez-rixo\/wp-json\/wp\/v2\/users\/14"}],"replies":[{"embeddable":true,"href":"https:\/\/www.ull.es\/eventos\/jose-agustin-alvarez-rixo\/wp-json\/wp\/v2\/comments?post=29"}],"version-history":[{"count":20,"href":"https:\/\/www.ull.es\/eventos\/jose-agustin-alvarez-rixo\/wp-json\/wp\/v2\/pages\/29\/revisions"}],"predecessor-version":[{"id":208,"href":"https:\/\/www.ull.es\/eventos\/jose-agustin-alvarez-rixo\/wp-json\/wp\/v2\/pages\/29\/revisions\/208"}],"wp:attachment":[{"href":"https:\/\/www.ull.es\/eventos\/jose-agustin-alvarez-rixo\/wp-json\/wp\/v2\/media?parent=29"}],"curies":[{"name":"wp","href":"https:\/\/api.w.org\/{rel}","templated":true}]}}