{"id":33,"date":"2021-04-13T13:25:45","date_gmt":"2021-04-13T13:25:45","guid":{"rendered":"https:\/\/www.ull.es\/eventos\/jose-agustin-alvarez-rixo\/?page_id=33"},"modified":"2023-05-15T12:11:48","modified_gmt":"2023-05-15T12:11:48","slug":"enlaces-de-interes","status":"publish","type":"page","link":"https:\/\/www.ull.es\/eventos\/jose-agustin-alvarez-rixo\/enlaces-de-interes\/","title":{"rendered":"Enlaces de inter\u00e9s"},"content":{"rendered":"<p>[vc_row gap=\u00bb30&#8243; equal_height=\u00bbyes\u00bb content_placement=\u00bbbottom\u00bb css=\u00bb.vc_custom_1618821872376{background-position: center !important;background-repeat: no-repeat !important;background-size: cover !important;}\u00bb][vc_column width=\u00bb1\/4&#8243;][vc_custom_heading text=\u00bbJos\u00e9 Agust\u00edn \u00c1lvarez Rixo\u00bb font_container=\u00bbtag:h1|font_size:3em|text_align:left|color:%23020202|line_height:100%25&#8243; google_fonts=\u00bbfont_family:Playfair%20Display%3Aregular%2Citalic%2C700%2C700italic%2C900%2C900italic|font_style:700%20bold%20italic%3A700%3Aitalic\u00bb link=\u00bburl:https%3A%2F%2Fwww.ull.es%2Feventos%2Fjose-agustin-alvarez-rixo%2F\u00bb][\/vc_column][vc_column width=\u00bb3\/4&#8243;][\/vc_column][\/vc_row][vc_row gap=\u00bb30&#8243;][vc_column width=\u00bb1\/4&#8243;][vc_separator color=\u00bbcustom\u00bb accent_color=\u00bb#8e8e8e\u00bb][vc_empty_space][vc_custom_heading source=\u00bbpost_title\u00bb font_container=\u00bbtag:h2|text_align:left|color:%23020202&#8243; google_fonts=\u00bbfont_family:Playfair%20Display%3Aregular%2Citalic%2C700%2C700italic%2C900%2C900italic|font_style:400%20italic%3A400%3Aitalic\u00bb][\/vc_column][vc_column width=\u00bb3\/4&#8243;][vc_separator color=\u00bbcustom\u00bb accent_color=\u00bb#8e8e8e\u00bb][vc_empty_space][vc_column_text]<\/p>\n<ul>\n<li><i>\u00c1lvarez Rixo, Jos\u00e9 Agust\u00edn<\/i> (<a href=\"https:\/\/es.wikipedia.org\/wiki\/Jos%C3%A9_Agust%C3%ADn_%C3%81lvarez_Rixo\" target=\"_blank\" rel=\"noopener\">Wikipedia<\/a>)<\/li>\n<li><a href=\"https:\/\/www.ull.es\/eventos\/alvarez-rixo\/\" target=\"_blank\" rel=\"noopener\" target=\"_blank\" rel=\"noopener\"><em>Jos\u00e9 Agust\u00edn \u00c1lvarez Rixo. Escribir para no olvidar<\/em>: Exposici\u00f3n bibliogr\u00e1fica, 2016<\/a><\/li>\n<li><i>Alvarez Rixo<\/i> (<a href=\"https:\/\/www.bienmesabe.org\/noticia\/2012\/Mayo\/alvarez-rixo-jose-agustin-1796-1883\" target=\"_blank\" rel=\"noopener\">Bienmesabe Revista Digital<\/a>)<\/li>\n<\/ul>\n<p>[\/vc_column_text][vc_separator color=\u00bbcustom\u00bb accent_color=\u00bb#8e8e8e\u00bb][vc_empty_space][vc_column_text]<\/p>\n<h4>Instituciones en Canarias donde se pueden encontrar documentos o referencias sobre Jos\u00e9 Agust\u00edn \u00c1lvarez Rixo:<\/h4>\n<ul>\n<li><a href=\"http:\/\/www.academiacanarialengua.org\/\" target=\"_blank\" rel=\"noopener\">Academia Canaria de La Lengua<\/a><\/li>\n<li><a href=\"http:\/\/www.gobiernodecanarias.org\/cultura\/archivosantacruzdetenerife\/\" target=\"_blank\" rel=\"noopener\">Archivo Hist\u00f3rico Provincial de Santa Cruz de Tenerife<\/a><\/li>\n<li><a href=\"http:\/\/www.laorotava.es\/\" target=\"_blank\" rel=\"noopener\">Ayuntamiento de La Orotava. Archivo Municipal<\/a><\/li>\n<li><a href=\"https:\/\/www.bibliotecaspublicas.es\/santacruztenerife\/\" target=\"_blank\" rel=\"noopener\">Biblioteca P\u00fablica Municipal de Santa Cruz de Tenerife<\/a><\/li>\n<li><a href=\"http:\/\/www.elmuseocanario.com\/\" target=\"_blank\" rel=\"noopener\">El Museo Canario (Las Palmas de Gran Canaria)<\/a><\/li>\n<li><a href=\"http:\/\/www.iecan.org\/\" target=\"_blank\" rel=\"noopener\">Instituto de Estudios Canarios (La Laguna)<\/a><\/li>\n<li><a href=\"http:\/\/www.rseapt.com\/es\/archivo\/fondo-documental\" target=\"_blank\" rel=\"noopener\">Real Sociedad Econ\u00f3mica de Amigos del Pa\u00eds de Tenerife (La Laguna)<\/a><\/li>\n<\/ul>\n<p>[\/vc_column_text][vc_separator color=\u00bbcustom\u00bb accent_color=\u00bb#8e8e8e\u00bb][vc_empty_space][vc_column_text]<\/p>\n<h4>Noticias<\/h4>\n<p><i>La familia de \u00c1lvarez Rixo dona su importante archivo historiogr\u00e1fico a la Universidad de La Laguna <\/i><a href=\"https:\/\/www.ull.es\/portal\/noticias\/2014\/la-familia-de-alvarez-rixo-dona-su-importante-archivo-historiografico-a-la-biblioteca-universitaria\/\" target=\"_blank\" rel=\"noopener\">(Universidad de La Laguna. Noticias)<\/a><\/p>\n<p><i>La ULL dedica su exposici\u00f3n del D\u00eda del Libro al archivo del historiador Agust\u00edn \u00c1lvarez Rixo<\/i><a href=\"https:\/\/www.ull.es\/portal\/noticias\/2016\/la-ull-dedica-su-exposicion-del-dia-del-libro-al-archivo-del-historiador-agustin-alvarez-rixo\/\" target=\"_blank\" rel=\"noopener\"> (Universidad de La Laguna. Noticias)<\/a>[\/vc_column_text][vc_separator color=\u00bbcustom\u00bb accent_color=\u00bb#8e8e8e\u00bb][vc_empty_space][vc_column_text]<\/p>\n<h4>V\u00eddeos<\/h4>\n<p>[\/vc_column_text][vc_video link=\u00bbhttps:\/\/www.youtube.com\/watch?v=SqREvpyt9Lo\u00bb title=\u00bbVisita guiada a la exposici\u00f3n Jos\u00e9 Agust\u00edn \u00c1lvarez Rixo, 2016.\u00bb el_class=\u00bbvideo\u00bb][vc_empty_space][vc_video link=\u00bbhttps:\/\/www.youtube.com\/watch?v=XtiIkFatZXg\u00bb title=\u00bbJos\u00e9 Agust\u00edn \u00c1lvarez Rixo: escribir para no olvidar\u00bb el_class=\u00bbvideo\u00bb][vc_empty_space][vc_video link=\u00bbhttps:\/\/www.youtube.com\/watch?v=ltFl-Ncj7F8&#8243; title=\u00bbEn un rinc\u00f3n del Puerto, redescubriendo a Jos\u00e9 Agust\u00edn \u00c1lvarez Rixo\u00bb el_class=\u00bbvideo\u00bb][\/vc_column][\/vc_row]<\/p>\n","protected":false},"excerpt":{"rendered":"<p>[vc_row gap=\u00bb30&#8243; equal_height=\u00bbyes\u00bb content_placement=\u00bbbottom\u00bb css=\u00bb.vc_custom_1618821872376{background-position: center !important;background-repeat: no-repeat !important;background-size: cover !important;}\u00bb][vc_column width=\u00bb1\/4&#8243;][vc_custom_heading text=\u00bbJos\u00e9 Agust\u00edn \u00c1lvarez Rixo\u00bb font_container=\u00bbtag:h1|font_size:3em|text_align:left|color:%23020202|line_height:100%25&#8243; google_fonts=\u00bbfont_family:Playfair%20Display%3Aregular%2Citalic%2C700%2C700italic%2C900%2C900italic|font_style:700%20bold%20italic%3A700%3Aitalic\u00bb link=\u00bburl:https%3A%2F%2Fwww.ull.es%2Feventos%2Fjose-agustin-alvarez-rixo%2F\u00bb][\/vc_column][vc_column width=\u00bb3\/4&#8243;][\/vc_column][\/vc_row][vc_row gap=\u00bb30&#8243;][vc_column width=\u00bb1\/4&#8243;][vc_separator color=\u00bbcustom\u00bb accent_color=\u00bb#8e8e8e\u00bb][vc_empty_space][vc_custom_heading source=\u00bbpost_title\u00bb font_container=\u00bbtag:h2|text_align:left|color:%23020202&#8243; google_fonts=\u00bbfont_family:Playfair%20Display%3Aregular%2Citalic%2C700%2C700italic%2C900%2C900italic|font_style:400%20italic%3A400%3Aitalic\u00bb][\/vc_column][vc_column width=\u00bb3\/4&#8243;][vc_separator color=\u00bbcustom\u00bb accent_color=\u00bb#8e8e8e\u00bb][vc_empty_space][vc_column_text] \u00c1lvarez Rixo, Jos\u00e9 Agust\u00edn (Wikipedia) Jos\u00e9 Agust\u00edn \u00c1lvarez Rixo. Escribir para no olvidar: Exposici\u00f3n bibliogr\u00e1fica, 2016 Alvarez Rixo (Bienmesabe Revista Digital) [\/vc_column_text][vc_separator color=\u00bbcustom\u00bb accent_color=\u00bb#8e8e8e\u00bb][vc_empty_space][vc_column_text] Instituciones&#8230;<\/p>\n","protected":false},"author":14,"featured_media":0,"parent":0,"menu_order":0,"comment_status":"closed","ping_status":"closed","template":"templates\/template-no-title.php","meta":{"footnotes":""},"class_list":["post-33","page","type-page","status-publish","hentry"],"_links":{"self":[{"href":"https:\/\/www.ull.es\/eventos\/jose-agustin-alvarez-rixo\/wp-json\/wp\/v2\/pages\/33"}],"collection":[{"href":"https:\/\/www.ull.es\/eventos\/jose-agustin-alvarez-rixo\/wp-json\/wp\/v2\/pages"}],"about":[{"href":"https:\/\/www.ull.es\/eventos\/jose-agustin-alvarez-rixo\/wp-json\/wp\/v2\/types\/page"}],"author":[{"embeddable":true,"href":"https:\/\/www.ull.es\/eventos\/jose-agustin-alvarez-rixo\/wp-json\/wp\/v2\/users\/14"}],"replies":[{"embeddable":true,"href":"https:\/\/www.ull.es\/eventos\/jose-agustin-alvarez-rixo\/wp-json\/wp\/v2\/comments?post=33"}],"version-history":[{"count":16,"href":"https:\/\/www.ull.es\/eventos\/jose-agustin-alvarez-rixo\/wp-json\/wp\/v2\/pages\/33\/revisions"}],"predecessor-version":[{"id":218,"href":"https:\/\/www.ull.es\/eventos\/jose-agustin-alvarez-rixo\/wp-json\/wp\/v2\/pages\/33\/revisions\/218"}],"wp:attachment":[{"href":"https:\/\/www.ull.es\/eventos\/jose-agustin-alvarez-rixo\/wp-json\/wp\/v2\/media?parent=33"}],"curies":[{"name":"wp","href":"https:\/\/api.w.org\/{rel}","templated":true}]}}