{"id":664,"date":"2024-10-09T15:02:35","date_gmt":"2024-10-09T13:02:35","guid":{"rendered":"https:\/\/www.ull.es\/eventos\/jose-luis-escohotado-ibor\/?page_id=664"},"modified":"2024-12-11T10:38:35","modified_gmt":"2024-12-11T09:38:35","slug":"jose-luis-escohotado","status":"publish","type":"page","link":"https:\/\/www.ull.es\/eventos\/jose-luis-escohotado-ibor\/","title":{"rendered":"Jos\u00e9 Luis Escohotado Ibor"},"content":{"rendered":"<p>[vc_row equal_height=\u00bbyes\u00bb content_placement=\u00bbbottom\u00bb css=\u00bb.vc_custom_1618398886413{background-position: center !important;background-repeat: no-repeat !important;background-size: cover !important;}\u00bb][vc_column width=\u00bb1\/4&#8243;][vc_empty_space][vc_custom_heading source=\u00bbpost_title\u00bb font_container=\u00bbtag:h1|font_size:2.2em|text_align:left|color:%23020202|line_height:100%25&#8243; google_fonts=\u00bbfont_family:Montserrat%3Aregular%2C700|font_style:700%20bold%20regular%3A700%3Anormal\u00bb link=\u00bburl:http%3A%2F%2Fwww.ull.es%2Feventos%2Fjose-luis-escohotado\u00bb][vc_raw_html]JTNDc21hbGwlMjBjbGFzcyUzRCUyMmxlZ2Fkby1kb3MlMjIlM0VNYWRyaWQlMkMlMjAxOTM0JTNDJTJGc21hbGwlM0UlM0MlMkZzbWFsbCUzRQ==[\/vc_raw_html][\/vc_column][vc_column width=\u00bb3\/4&#8243;][vc_single_image image=\u00bb665&#8243; img_size=\u00bbmedium\u00bb css_animation=\u00bbfadeIn\u00bb][\/vc_column][\/vc_row][vc_row][vc_column width=\u00bb1\/4&#8243;][vc_separator color=\u00bbcustom\u00bb accent_color=\u00bb#8e8e8e\u00bb][\/vc_column][vc_column width=\u00bb3\/4&#8243;][vc_separator color=\u00bbcustom\u00bb accent_color=\u00bb#8e8e8e\u00bb][\/vc_column][\/vc_row][vc_row gap=\u00bb30&#8243;][vc_column width=\u00bb1\/4&#8243;][vc_btn title=\u00bbFicha de descripci\u00f3n\u00bb style=\u00bboutline-custom\u00bb outline_custom_color=\u00bb#666666&#8243; outline_custom_hover_background=\u00bb#383838&#8243; outline_custom_hover_text=\u00bb#ffffff\u00bb size=\u00bbsm\u00bb i_icon_fontawesome=\u00bbfar fa-address-card\u00bb add_icon=\u00bbtrue\u00bb link=\u00bburl:https%3A%2F%2Fdocs.google.com%2Fdocument%2Fd%2F1iQHFwRI1YzUyUhW8qwKjPtJeTQ_Pz2JYS6PtAl8Al-s%2Fedit%3Fusp%3Ddrive_link|target:_blank\u00bb][vc_empty_space][\/vc_column][vc_column width=\u00bb3\/4&#8243;][vc_column_text]<b>Jos\u00e9 Luis Escohotado Ibor<\/b>, naci\u00f3 en el Madrid de la Rep\u00fablica. En su ni\u00f1ez le toc\u00f3 vivir la Guerra Civil y sus secuelas. Por tradici\u00f3n familiar estudi\u00f3 Derecho y, m\u00e1s tarde, lo que se encontraba m\u00e1s cercano a sus intereses: la Filosof\u00eda y Sociolog\u00eda.<\/p>\n<p>Reside en Canarias desde 1965, donde ha desempe\u00f1ado su labor docente en Ense\u00f1anzas Medias y en la Universidad de La Laguna. Desde muy joven (finales de la d\u00e9cada de los cincuenta) ha vinculado su trayectoria intelectual con la actividad pol\u00edtica. Primero en la lucha antifranquista y, despu\u00e9s, en la profundizaci\u00f3n democr\u00e1tica cercana al republicanismo marxista.[\/vc_column_text][\/vc_column][\/vc_row][vc_row gap=\u00bb30&#8243;][vc_column width=\u00bb1\/4&#8243;][vc_separator color=\u00bbcustom\u00bb accent_color=\u00bb#8e8e8e\u00bb][\/vc_column][vc_column width=\u00bb3\/4&#8243;][vc_separator color=\u00bbcustom\u00bb accent_color=\u00bb#8e8e8e\u00bb][\/vc_column][\/vc_row][vc_row gap=\u00bb30&#8243;][vc_column width=\u00bb1\/4&#8243;][vc_btn title=\u00bbArchivo de la Transici\u00f3n Democr\u00e1tica en Canarias\u00bb style=\u00bboutline-custom\u00bb outline_custom_color=\u00bb#666666&#8243; outline_custom_hover_background=\u00bb#383838&#8243; outline_custom_hover_text=\u00bb#ffffff\u00bb size=\u00bbxs\u00bb align=\u00bbleft\u00bb button_block=\u00bbtrue\u00bb link=\u00bburl:https%3A%2F%2Fwww.ull.es%2Feventos%2Ffondo-transicion-democratica%2F|target:_blank\u00bb][vc_btn title=\u00bbBiblioteca de la Universidad de La Laguna\u00bb style=\u00bboutline-custom\u00bb outline_custom_color=\u00bb#666666&#8243; outline_custom_hover_background=\u00bb#383838&#8243; outline_custom_hover_text=\u00bb#ffffff\u00bb size=\u00bbxs\u00bb align=\u00bbleft\u00bb button_block=\u00bbtrue\u00bb link=\u00bburl:https%3A%2F%2Fwww.ull.es%2Fservicios%2Fbiblioteca%2F\u00bb][\/vc_column][vc_column width=\u00bb3\/4&#8243;][vc_tta_tabs style=\u00bbmodern\u00bb shape=\u00bbsquare\u00bb active_section=\u00bb0&#8243; no_fill_content_area=\u00bbtrue\u00bb][vc_tta_section title=\u00bbC\u00f3mo citar estos documentos\u00bb tab_id=\u00bb1618318240487-4e23a60e-2a3c\u00bb][vc_column_text]<strong>Si quiere citar el fondo completo:<\/strong><br \/>\nEj. Biblioteca ULL. AP TDC JEI<\/p>\n<p><strong>Si quiere citar un documento concreto:<\/strong><br \/>\nEj. Biblioteca ULL. AP TDC JEI Caja 1 carpeta 1[\/vc_column_text][\/vc_tta_section][vc_tta_section title=\u00bbLocalizaci\u00f3n\u00bb tab_id=\u00bb1618318240469-d3be2fb6-26d6&#8243;][vc_column_text]Planta 1\u00aa de la Biblioteca General y de Humanidades del Campus de Guajara.[\/vc_column_text][\/vc_tta_section][vc_tta_section title=\u00bbDatos de contacto\u00bb tab_id=\u00bb1618318268154-d06e4d8b-8003&#8243;][vc_column_text]Sonia Le\u00f3n Ad\u00e1n<br \/>\n<a href=\"mailto:atdc@ull.edu.es\" target=\"_blank\" rel=\"noopener\">atdc@ull.edu.es<\/a><br \/>\nTel\u00e9f.: 922316502 Ext. 6938[\/vc_column_text][\/vc_tta_section][\/vc_tta_tabs][\/vc_column][\/vc_row][vc_row][vc_column][vc_separator color=\u00bbcustom\u00bb accent_color=\u00bb#8e8e8e\u00bb][\/vc_column][\/vc_row]<\/p>\n","protected":false},"excerpt":{"rendered":"<p>[vc_row equal_height=\u00bbyes\u00bb content_placement=\u00bbbottom\u00bb css=\u00bb.vc_custom_1618398886413{background-position: center !important;background-repeat: no-repeat !important;background-size: cover !important;}\u00bb][vc_column width=\u00bb1\/4&#8243;][vc_empty_space][vc_custom_heading source=\u00bbpost_title\u00bb font_container=\u00bbtag:h1|font_size:2.2em|text_align:left|color:%23020202|line_height:100%25&#8243; google_fonts=\u00bbfont_family:Montserrat%3Aregular%2C700|font_style:700%20bold%20regular%3A700%3Anormal\u00bb link=\u00bburl:http%3A%2F%2Fwww.ull.es%2Feventos%2Fjose-luis-escohotado\u00bb][vc_raw_html]JTNDc21hbGwlMjBjbGFzcyUzRCUyMmxlZ2Fkby1kb3MlMjIlM0VNYWRyaWQlMkMlMjAxOTM0JTNDJTJGc21hbGwlM0UlM0MlMkZzbWFsbCUzRQ==[\/vc_raw_html][\/vc_column][vc_column width=\u00bb3\/4&#8243;][vc_single_image image=\u00bb665&#8243; img_size=\u00bbmedium\u00bb css_animation=\u00bbfadeIn\u00bb][\/vc_column][\/vc_row][vc_row][vc_column width=\u00bb1\/4&#8243;][vc_separator color=\u00bbcustom\u00bb accent_color=\u00bb#8e8e8e\u00bb][\/vc_column][vc_column width=\u00bb3\/4&#8243;][vc_separator color=\u00bbcustom\u00bb accent_color=\u00bb#8e8e8e\u00bb][\/vc_column][\/vc_row][vc_row gap=\u00bb30&#8243;][vc_column width=\u00bb1\/4&#8243;][vc_btn title=\u00bbFicha de descripci\u00f3n\u00bb style=\u00bboutline-custom\u00bb outline_custom_color=\u00bb#666666&#8243; outline_custom_hover_background=\u00bb#383838&#8243; outline_custom_hover_text=\u00bb#ffffff\u00bb size=\u00bbsm\u00bb i_icon_fontawesome=\u00bbfar fa-address-card\u00bb add_icon=\u00bbtrue\u00bb link=\u00bburl:https%3A%2F%2Fdocs.google.com%2Fdocument%2Fd%2F1iQHFwRI1YzUyUhW8qwKjPtJeTQ_Pz2JYS6PtAl8Al-s%2Fedit%3Fusp%3Ddrive_link|target:_blank\u00bb][vc_empty_space][\/vc_column][vc_column width=\u00bb3\/4&#8243;][vc_column_text]Jos\u00e9 Luis Escohotado Ibor, naci\u00f3 en el Madrid de la Rep\u00fablica. En su ni\u00f1ez le toc\u00f3&#8230;<\/p>\n","protected":false},"author":14,"featured_media":0,"parent":0,"menu_order":0,"comment_status":"closed","ping_status":"closed","template":"templates\/template-no-title.php","meta":{"footnotes":""},"class_list":["post-664","page","type-page","status-publish","hentry"],"_links":{"self":[{"href":"https:\/\/www.ull.es\/eventos\/jose-luis-escohotado-ibor\/wp-json\/wp\/v2\/pages\/664"}],"collection":[{"href":"https:\/\/www.ull.es\/eventos\/jose-luis-escohotado-ibor\/wp-json\/wp\/v2\/pages"}],"about":[{"href":"https:\/\/www.ull.es\/eventos\/jose-luis-escohotado-ibor\/wp-json\/wp\/v2\/types\/page"}],"author":[{"embeddable":true,"href":"https:\/\/www.ull.es\/eventos\/jose-luis-escohotado-ibor\/wp-json\/wp\/v2\/users\/14"}],"replies":[{"embeddable":true,"href":"https:\/\/www.ull.es\/eventos\/jose-luis-escohotado-ibor\/wp-json\/wp\/v2\/comments?post=664"}],"version-history":[{"count":12,"href":"https:\/\/www.ull.es\/eventos\/jose-luis-escohotado-ibor\/wp-json\/wp\/v2\/pages\/664\/revisions"}],"predecessor-version":[{"id":705,"href":"https:\/\/www.ull.es\/eventos\/jose-luis-escohotado-ibor\/wp-json\/wp\/v2\/pages\/664\/revisions\/705"}],"wp:attachment":[{"href":"https:\/\/www.ull.es\/eventos\/jose-luis-escohotado-ibor\/wp-json\/wp\/v2\/media?parent=664"}],"curies":[{"name":"wp","href":"https:\/\/api.w.org\/{rel}","templated":true}]}}