{"id":672,"date":"2024-10-09T15:09:42","date_gmt":"2024-10-09T13:09:42","guid":{"rendered":"https:\/\/www.ull.es\/eventos\/jose-luis-escohotado-ibor\/?page_id=672"},"modified":"2024-10-11T14:34:56","modified_gmt":"2024-10-11T12:34:56","slug":"biografia","status":"publish","type":"page","link":"https:\/\/www.ull.es\/eventos\/jose-luis-escohotado-ibor\/biografia\/","title":{"rendered":"Biograf\u00eda"},"content":{"rendered":"<p>[vc_row equal_height=\u00bbyes\u00bb content_placement=\u00bbbottom\u00bb css=\u00bb.vc_custom_1618822402747{background-position: center !important;background-repeat: no-repeat !important;background-size: cover !important;}\u00bb][vc_column width=\u00bb1\/4&#8243;][vc_empty_space][vc_custom_heading text=\u00bbJos\u00e9 Luis Escohotado Ibor\u00bb font_container=\u00bbtag:h1|font_size:2.2em|text_align:left|color:%23020202|line_height:100%25&#8243; google_fonts=\u00bbfont_family:Montserrat%3Aregular%2C700|font_style:700%20bold%20regular%3A700%3Anormal\u00bb link=\u00bburl:https%3A%2F%2Fwww.ull.es%2Feventos%2Fjose-luis-escohotado-ibor%2F\u00bb][\/vc_column][vc_column width=\u00bb3\/4&#8243;][\/vc_column][\/vc_row][vc_row][vc_column width=\u00bb1\/4&#8243;][vc_separator color=\u00bbcustom\u00bb accent_color=\u00bb#8e8e8e\u00bb][vc_custom_heading source=\u00bbpost_title\u00bb font_container=\u00bbtag:h2|text_align:left|color:%23020202&#8243; google_fonts=\u00bbfont_family:PT%20Mono%3Aregular|font_style:400%20regular%3A400%3Anormal\u00bb][\/vc_column][vc_column width=\u00bb1\/2&#8243;][vc_separator color=\u00bbcustom\u00bb accent_color=\u00bb#8e8e8e\u00bb][vc_column_text]Jos\u00e9 Luis Escohotado Ibor naci\u00f3 en San Lorenzo del Escorial, Madrid (1934). En su ni\u00f1ez le toc\u00f3 vivir la Rep\u00fablica, la Guerra Civil y sus secuelas. Inducido por la tradici\u00f3n familiar, estudi\u00f3 Derecho en la Universidad Central y, m\u00e1s tarde, Filosof\u00eda y Sociolog\u00eda. En sus a\u00f1os de formaci\u00f3n mantuvo contactos con destacados intelectuales como Jos\u00e9 Mar\u00eda Valverde, Manuel Sacrist\u00e1n, Jorge Sempr\u00fan, Carmen Laforet, Jos\u00e9 Bergamin, Jos\u00e9 Luis Abell\u00e1n o Luis Mart\u00edn Santos.<\/p>\n<p>Siempre alejado de los convencionalismos acad\u00e9micos, desde muy joven vincul\u00f3 su trayectoria personal y profesional a la actividad pol\u00edtica, en la lucha antifranquista, primero, y en el republicanismo marxista y ecofeminista desde la Transici\u00f3n.<\/p>\n<p>Desde 1959 hasta 1963, milit\u00f3 en las Juventudes Socialistas clandestinas. Fue evolucionando ideol\u00f3gicamente hacia un marxismo m\u00e1s a la izquierda a partir de su asistencia a los seminarios organizados por Enrique Tierno Galv\u00e1n. En\u00a0 1963 ingresa en el Partido Comunista de Espa\u00f1a y, por recomendaci\u00f3n de Tierno Galv\u00e1n, comienza a trabajar en la editorial Tecnos. Por esa \u00e9poca se marcha a D\u00fcsseldorf a aprender alem\u00e1n mientras trabaja en la construcci\u00f3n. Durante sus estudios de filosof\u00eda tuvo la oportunidad de conocer a Jos\u00e9 Luis L\u00f3pez Aranguren.<\/p>\n<p>En 1964 se instal\u00f3 en las Islas junto a su compa\u00f1era, la profesora y escritora Julia Gil. Desde entonces se dedic\u00f3 a la ense\u00f1anza de la Filosof\u00eda hasta el a\u00f1o 2004.\u00a0 Trabajar\u00eda primero como catedr\u00e1tico de Instituto y, desde 1966 como profesor en la Universidad de La Laguna, donde imparti\u00f3 docencia junto a Emilio Lled\u00f3 y, posteriormente, junto a Javier Muguerza.<\/p>\n<p>En esa \u00e9poca mantuvo en Canarias contactos con miembros de la resistencia antifranquista como Juan Menor, Sixto Raya, Manolo Garc\u00eda o Roberto Garc\u00eda Luis y con personajes del mundo de la cultura como Alfonso Garc\u00eda-Ramos, Domingo P\u00e9rez Minik o Eduardo Westerdahl.<\/p>\n<p>Jos\u00e9 Luis Escohotado es un reconocido profesor y uno de los m\u00e1s respetados intelectuales de las Islas. Ha dejado una profunda huella entre varias generaciones de estudiantes. Siempre comprometido pol\u00edticamente,\u00a0 ha sido un militante activo de los movimientos sociales y un destacado conferenciante.<\/p>\n<p>Desde 1978 y hasta hoy ha impartido numerosos seminarios sobre el marxismo y la cr\u00edtica anticapitalista en diversos foros. Tambi\u00e9n ha realizado una importante actividad a favor de la Memoria Hist\u00f3rica y de una Tercera Rep\u00fablica.[\/vc_column_text][vc_empty_space][vc_gallery type=\u00bbimage_grid\u00bb images=\u00bb689,690&#8243; img_size=\u00bb\u00bb][vc_empty_space][vc_column_text]Entre sus trabajos se encuentran varios ensayos y art\u00edculos como: \u201cLos nueve problemas ecol\u00f3gico-pol\u00edticos m\u00e1s urgentes para la supervivencia de Canarias\u201d (1974), \u201cLa metamorfosis del fascismo en la forma-estado del capitalismo\u201d (1986),\u00a0 \u201c<i>Laudatio<\/i> a Emilio Lled\u00f3\u201d (1997), \u201cUna lectura prohibida: el <i>Manifiesto Comunista<\/i>\u201d (2000), \u201cManifiesto de Republicanas y Republicanos de Tenerife\u00bb (desde 2003 hasta el presente), \u201cTesis sobre la privatizaci\u00f3n del saber y los ex\u00e1menes\u201d<i> (<\/i>2004)<i>, \u201c<\/i>Escolio contra lo disciplinar,-meta-pluri-multi-inter-disciplinar\u201d (2004)<i>, \u201c<\/i>Federalismo, rep\u00fablica y resurrecci\u00f3n democr\u00e1tica\u201d (2004) o <i>\u201c<\/i>Tesis sobre la privatizaci\u00f3n del saber y los ex\u00e1menes<i>\u201d <\/i>(firmado y fechado ir\u00f3nicamente por el autor con el pseud\u00f3nimo Ernst Hoernle, Berl\u00edn 1919).<\/p>\n<p>En 1991 don\u00f3 a la Biblioteca de la Universidad de La Laguna una parte de su archivo personal, documentaci\u00f3n que constituy\u00f3 el fondo inicial del <i>Archivo de la Transici\u00f3n Democr\u00e1tica en Canarias<\/i>.<\/p>\n<p>En ese momento el profesor Escohotado hab\u00eda reunido en torno a 500 t\u00edtulos de publicaciones peri\u00f3dicas, 100 canarias y el resto estatales e internacionales, adem\u00e1s de numerosa documentaci\u00f3n textual (folletos, informes, panfletos\u2026) y gr\u00e1fica (carteles y pegatinas) referida a la actividad pol\u00edtica canaria, estatal e internacional comprendida entre las d\u00e9cadas de 1960 y 1990, correspondiente a todo el arco ideol\u00f3gico de la \u00e9poca.[\/vc_column_text][vc_empty_space][vc_separator color=\u00bbcustom\u00bb accent_color=\u00bb#8e8e8e\u00bb][\/vc_column][vc_column width=\u00bb1\/4&#8243;][\/vc_column][\/vc_row]<\/p>\n","protected":false},"excerpt":{"rendered":"<p>[vc_row equal_height=\u00bbyes\u00bb content_placement=\u00bbbottom\u00bb css=\u00bb.vc_custom_1618822402747{background-position: center !important;background-repeat: no-repeat !important;background-size: cover !important;}\u00bb][vc_column width=\u00bb1\/4&#8243;][vc_empty_space][vc_custom_heading text=\u00bbJos\u00e9 Luis Escohotado Ibor\u00bb font_container=\u00bbtag:h1|font_size:2.2em|text_align:left|color:%23020202|line_height:100%25&#8243; google_fonts=\u00bbfont_family:Montserrat%3Aregular%2C700|font_style:700%20bold%20regular%3A700%3Anormal\u00bb link=\u00bburl:https%3A%2F%2Fwww.ull.es%2Feventos%2Fjose-luis-escohotado-ibor%2F\u00bb][\/vc_column][vc_column width=\u00bb3\/4&#8243;][\/vc_column][\/vc_row][vc_row][vc_column width=\u00bb1\/4&#8243;][vc_separator color=\u00bbcustom\u00bb accent_color=\u00bb#8e8e8e\u00bb][vc_custom_heading source=\u00bbpost_title\u00bb font_container=\u00bbtag:h2|text_align:left|color:%23020202&#8243; google_fonts=\u00bbfont_family:PT%20Mono%3Aregular|font_style:400%20regular%3A400%3Anormal\u00bb][\/vc_column][vc_column width=\u00bb1\/2&#8243;][vc_separator color=\u00bbcustom\u00bb accent_color=\u00bb#8e8e8e\u00bb][vc_column_text]Jos\u00e9 Luis Escohotado Ibor naci\u00f3 en San Lorenzo del Escorial, Madrid (1934). En su ni\u00f1ez le toc\u00f3 vivir la Rep\u00fablica, la Guerra Civil y sus secuelas. Inducido por&#8230;<\/p>\n","protected":false},"author":14,"featured_media":0,"parent":0,"menu_order":0,"comment_status":"closed","ping_status":"closed","template":"templates\/template-no-title.php","meta":{"footnotes":""},"class_list":["post-672","page","type-page","status-publish","hentry"],"_links":{"self":[{"href":"https:\/\/www.ull.es\/eventos\/jose-luis-escohotado-ibor\/wp-json\/wp\/v2\/pages\/672"}],"collection":[{"href":"https:\/\/www.ull.es\/eventos\/jose-luis-escohotado-ibor\/wp-json\/wp\/v2\/pages"}],"about":[{"href":"https:\/\/www.ull.es\/eventos\/jose-luis-escohotado-ibor\/wp-json\/wp\/v2\/types\/page"}],"author":[{"embeddable":true,"href":"https:\/\/www.ull.es\/eventos\/jose-luis-escohotado-ibor\/wp-json\/wp\/v2\/users\/14"}],"replies":[{"embeddable":true,"href":"https:\/\/www.ull.es\/eventos\/jose-luis-escohotado-ibor\/wp-json\/wp\/v2\/comments?post=672"}],"version-history":[{"count":10,"href":"https:\/\/www.ull.es\/eventos\/jose-luis-escohotado-ibor\/wp-json\/wp\/v2\/pages\/672\/revisions"}],"predecessor-version":[{"id":691,"href":"https:\/\/www.ull.es\/eventos\/jose-luis-escohotado-ibor\/wp-json\/wp\/v2\/pages\/672\/revisions\/691"}],"wp:attachment":[{"href":"https:\/\/www.ull.es\/eventos\/jose-luis-escohotado-ibor\/wp-json\/wp\/v2\/media?parent=672"}],"curies":[{"name":"wp","href":"https:\/\/api.w.org\/{rel}","templated":true}]}}