{"id":20,"date":"2018-05-16T08:18:38","date_gmt":"2018-05-16T08:18:38","guid":{"rendered":"http:\/\/kcws2018.webs.ull.es\/?page_id=7"},"modified":"2018-11-12T11:59:57","modified_gmt":"2018-11-12T11:59:57","slug":"kcws-info","status":"publish","type":"page","link":"https:\/\/www.ull.es\/eventos\/kcws2018\/kcws-info\/","title":{"rendered":"KCWS Info"},"content":{"rendered":"<p>[vc_row][vc_column][vc_column_text]<\/p>\n<p>[\/vc_column_text][\/vc_column][\/vc_row][vc_row full_width=\u00bbstretch_row_content_no_spaces\u00bb][vc_column][rev_slider_vc alias=\u00bbcabeceras-interiores\u00bb][\/vc_column][\/vc_row][vc_row][vc_column][vc_empty_space][vc_custom_heading text=\u00bbKCWS-2018 Info\u00bb font_container=\u00bbtag:h1|font_size:34px|text_align:center\u00bb google_fonts=\u00bbfont_family:Roboto%20Slab%3A100%2C300%2Cregular%2C700|font_style:700%20bold%20regular%3A700%3Anormal\u00bb][vc_empty_space][vc_custom_heading text=\u00bb20-22 NOVEMBER 2018, TENERIFE, CANARY ISLANDS, SPAIN<br \/>\nKNOWLEDGE ISLANDS<br \/>\n\u00bb font_container=\u00bbtag:h2|font_size:30px|text_align:center\u00bb google_fonts=\u00bbfont_family:Roboto%20Slab%3A100%2C300%2Cregular%2C700|font_style:700%20bold%20regular%3A700%3Anormal\u00bb][\/vc_column][\/vc_row][vc_row][vc_column][vc_empty_space height=\u00bb60px\u00bb][\/vc_column][\/vc_row][vc_row][vc_column width=\u00bb1\/4&#8243;][\/vc_column][vc_column width=\u00bb1\/2&#8243;][vc_btn title=\u00bbDownload Leaflet\u00bb style=\u00bbflat\u00bb shape=\u00bbsquare\u00bb color=\u00bbblack\u00bb size=\u00bblg\u00bb align=\u00bbcenter\u00bb i_icon_fontawesome=\u00bbfa fa-file-pdf-o\u00bb css_animation=\u00bbzoomIn\u00bb button_block=\u00bbtrue\u00bb add_icon=\u00bbtrue\u00bb link=\u00bburl:https%3A%2F%2Fdrive.google.com%2Fopen%3Fid%3D1xbFYj93m0E2IJSPCHpagQaV9aR57LPrw|||\u00bb][vc_empty_space][vc_btn title=\u00bbDownload Program\u00bb style=\u00bbflat\u00bb shape=\u00bbsquare\u00bb color=\u00bbblack\u00bb size=\u00bblg\u00bb align=\u00bbcenter\u00bb i_icon_fontawesome=\u00bbfa fa-file-pdf-o\u00bb css_animation=\u00bbzoomIn\u00bb button_block=\u00bbtrue\u00bb add_icon=\u00bbtrue\u00bb link=\u00bburl:https%3A%2F%2Fdrive.google.com%2Ffile%2Fd%2F1ZiYi8l2UrignJqLaugj5Za-tA-qiKyc_%2Fview%3Fusp%3Dsharing|||\u00bb][\/vc_column][vc_column width=\u00bb1\/4&#8243;][\/vc_column][\/vc_row][vc_row el_id=\u00bbbasic-information\u00bb][vc_column][vc_empty_space][vc_custom_heading text=\u00bbBasic Information\u00bb font_container=\u00bbtag:h2|font_size:26px|text_align:left\u00bb google_fonts=\u00bbfont_family:Roboto%20Slab%3A100%2C300%2Cregular%2C700|font_style:700%20bold%20regular%3A700%3Anormal\u00bb el_id=\u00bbbasic-information\u00bb][\/vc_column][\/vc_row][vc_row][vc_column width=\u00bb1\/2&#8243;][vc_column_text]<\/p>\n<h3>Organised by the World Capital Institute, la Universidad de La laguna and the Humboldt Cosmos Multiversity<\/h3>\n<h4>The 11th Knowledge Cities World Summit (KCWS-2018) will be held in Tenerife, Canary Islands, Spain.<\/h4>\n<p>Tenerife is the largest and most populated island of the seven Canary Islands.<br \/>\nThe island receives about five million tourists annually, and it is one of the most important tourist destinations in Spain and the world.<br \/>\nTenerife has been investing on knowledge economy for quite some time and the summit will help strengthening its knowledge island endeavour and strategies.<br \/>\nThe Summit aims to contribute to the discussion on the importance and trends of knowledge-based development theory and practice.<\/p>\n<p>Academics, professional practitioners, civil servants and policymakers of the world are included in the discussions from a wide range of disciplines to share their knowledge and experiences with the summit delegates.<\/p>\n<p>In addition to significant academic and professional presentations, the Summit will also provide opportunities for practical exercises in workshops and small group sessions in innovative formats.[\/vc_column_text][vc_empty_space][\/vc_column][vc_column width=\u00bb1\/2&#8243;][vc_single_image image=\u00bb56&#8243; img_size=\u00bblarge\u00bb alignment=\u00bbcenter\u00bb][vc_raw_html]JTNDZGl2JTIwc3R5bGUlM0QlMjJwYWRkaW5nJTNBNTYuMjUlMjUlMjAwJTIwMCUyMDAlM0Jwb3NpdGlvbiUzQXJlbGF0aXZlJTNCJTIyJTNFJTNDaWZyYW1lJTIwc3JjJTNEJTIyaHR0cHMlM0ElMkYlMkZwbGF5ZXIudmltZW8uY29tJTJGdmlkZW8lMkY4MzgxMzUzNyUzRnRpdGxlJTNEMCUyNnBvcnRyYWl0JTNEMCUyMiUyMHN0eWxlJTNEJTIycG9zaXRpb24lM0FhYnNvbHV0ZSUzQnRvcCUzQTAlM0JsZWZ0JTNBMCUzQndpZHRoJTNBMTAwJTI1JTNCaGVpZ2h0JTNBMTAwJTI1JTNCJTIyJTIwZnJhbWVib3JkZXIlM0QlMjIwJTIyJTIwd2Via2l0YWxsb3dmdWxsc2NyZWVuJTIwbW96YWxsb3dmdWxsc2NyZWVuJTIwYWxsb3dmdWxsc2NyZWVuJTNFJTNDJTJGaWZyYW1lJTNFJTNDJTJGZGl2JTNFJTNDc2NyaXB0JTIwc3JjJTNEJTIyaHR0cHMlM0ElMkYlMkZwbGF5ZXIudmltZW8uY29tJTJGYXBpJTJGcGxheWVyLmpzJTIyJTNFJTNDJTJGc2NyaXB0JTNFJTBBJTNDcCUzRSUzQ2ElMjBocmVmJTNEJTIyaHR0cHMlM0ElMkYlMkZ2aW1lby5jb20lMkY4MzgxMzUzNyUyMiUzRVRlbmVyaWZlJTIwLSUyME1hdHR5JTIwQnJvd24lMjBmb3IlMjAlMjM3c3RvcmllcyUyMCUyM0lzbGFzQ2FuYXJpYXMlM0MlMkZhJTNFJTIwZnJvbSUyMCUzQ2ElMjBocmVmJTNEJTIyaHR0cHMlM0ElMkYlMkZ2aW1lby5jb20lMkZoZWxsb2NhbmFyeWlzbGFuZHMlMjIlM0VDYW5hcnklMjBJc2xhbmRzJTNDJTJGYSUzRSUyMG9uJTIwJTNDYSUyMGhyZWYlM0QlMjJodHRwcyUzQSUyRiUyRnZpbWVvLmNvbSUyMiUzRVZpbWVvJTNDJTJGYSUzRS4lM0MlMkZwJTNF[\/vc_raw_html][\/vc_column][\/vc_row][vc_row full_width=\u00bbstretch_row\u00bb css=\u00bb.vc_custom_1529065949003{background-color: #e8e8e8 !important;}\u00bb el_id=\u00bbprogramme\u00bb][vc_column][vc_row_inner][vc_column_inner][vc_empty_space][vc_custom_heading text=\u00bbProgramme\u00bb font_container=\u00bbtag:h2|font_size:26px|text_align:left\u00bb google_fonts=\u00bbfont_family:Roboto%20Slab%3A100%2C300%2Cregular%2C700|font_style:700%20bold%20regular%3A700%3Anormal\u00bb el_id=\u00bbprogramme\u00bb][\/vc_column_inner][\/vc_row_inner][vc_row_inner][vc_column_inner width=\u00bb1\/2&#8243;][vc_column_text][\/vc_column_text][vc_column_text]Here you can see the speakers[\/vc_column_text][vc_empty_space][vc_btn title=\u00bbDownload Program\u00bb style=\u00bbflat\u00bb shape=\u00bbsquare\u00bb color=\u00bbblack\u00bb size=\u00bblg\u00bb align=\u00bbcenter\u00bb i_icon_fontawesome=\u00bbfa fa-file-pdf-o\u00bb css_animation=\u00bbzoomIn\u00bb button_block=\u00bbtrue\u00bb add_icon=\u00bbtrue\u00bb link=\u00bburl:https%3A%2F%2Fdrive.google.com%2Ffile%2Fd%2F1ZiYi8l2UrignJqLaugj5Za-tA-qiKyc_%2Fview%3Fusp%3Dsharing|||\u00bb][\/vc_column_inner][vc_column_inner width=\u00bb1\/2&#8243;][vc_single_image image=\u00bb232&#8243; img_size=\u00bbmedium\u00bb alignment=\u00bbcenter\u00bb onclick=\u00bbcustom_link\u00bb css_animation=\u00bbfadeInLeftBig\u00bb title=\u00bbPoster\u00bb link=\u00bbhttp:\/\/www.ull.es\/eventos\/kcws2018\/wp-content\/uploads\/sites\/5\/2018\/11\/Knowledge-Cities-World-Summit-2018-Cartel_A3-November-.jpg\u00bb][\/vc_column_inner][\/vc_row_inner][vc_empty_space height=\u00bb52px\u00bb][\/vc_column][\/vc_row][vc_row][vc_column width=\u00bb1\/2&#8243;][vc_empty_space][vc_custom_heading text=\u00bbConference topics \u00bb font_container=\u00bbtag:h2|font_size:26px|text_align:left\u00bb google_fonts=\u00bbfont_family:Roboto%20Slab%3A100%2C300%2Cregular%2C700|font_style:700%20bold%20regular%3A700%3Anormal\u00bb el_id=\u00bbconference-topic\u00bb][vc_column_text]<strong>Summit Theme<\/strong><\/p>\n<ul>\n<li>Knowledge islands<\/li>\n<\/ul>\n<p><strong>\u00a0\u00a0\u00a0\u00a0\u00a0\u00a0\u00a0\u00a0\u00a0\u00a0\u00a0 Summit Topics*<\/strong><\/p>\n<ul>\n<li>Knowledge islands, cities and regions<\/li>\n<li>Local knowledge: clusters, hubs, precincts, districts, communities and regions<\/li>\n<li>Knowledge economy and society<\/li>\n<li>Capital Systems and Knowledge Markets<\/li>\n<li>Alternative Economic Cultures &amp; The Anthropocene<\/li>\n<li>Knowledge citizens, democratic participation and political action<\/li>\n<li>Knowledge, creativity, science, innovation and technology policy<\/li>\n<li>Knowledge-based businesses, industries and services<\/li>\n<\/ul>\n<p><em>*Other topics relevant to the Summit will also be considered<\/em>[\/vc_column_text][\/vc_column][vc_column width=\u00bb1\/2&#8243;][vc_empty_space][vc_custom_heading text=\u00bbCommittes\u00bb font_container=\u00bbtag:h2|font_size:26px|text_align:left\u00bb google_fonts=\u00bbfont_family:Roboto%20Slab%3A100%2C300%2Cregular%2C700|font_style:700%20bold%20regular%3A700%3Anormal\u00bb el_id=\u00bbcommittes\u00bb][vc_column_text]<\/p>\n<h4>Summit Chairs<\/h4>\n<ul>\n<li>Javier Carrillo (Instituto Tecnol\u00f3gico y de Estudios Superiores de Monterrey)<\/li>\n<li>Guenter Koch (Humboldt Cosmos Multiversity)<\/li>\n<li>Tan Yigitcanlar (Queensland University of Technology)<\/li>\n<li>Jamile Sabatini (Diretora de Inova\u00e7\u00e3o e Fomento da Associa\u00e7\u00e3o Brasileira das Empresas de Software (ABES))<\/li>\n<\/ul>\n<p><strong>Organizing committee<\/strong><\/p>\n<ul>\n<li>Rodrigo Trujillo Gonz\u00e1lez (Universidad de La Laguna)<\/li>\n<\/ul>\n<p><strong>\u00a0<\/strong>[\/vc_column_text][\/vc_column][\/vc_row][vc_row full_width=\u00bbstretch_row_content_no_spaces\u00bb][vc_column][vc_empty_space][vc_video link=\u00bbhttps:\/\/www.youtube.com\/watch?v=YpcENs_bpqE\u00bb][vc_empty_space][\/vc_column][\/vc_row][vc_row][vc_column][vc_empty_space][vc_custom_heading text=\u00bbSocial\/Technical tours\u00bb font_container=\u00bbtag:h2|font_size:26px|text_align:left\u00bb google_fonts=\u00bbfont_family:Roboto%20Slab%3A100%2C300%2Cregular%2C700|font_style:700%20bold%20regular%3A700%3Anormal\u00bb el_id=\u00bbsocial\u00bb][\/vc_column][\/vc_row][vc_row][vc_column][vc_column_text]<strong>To be announced<\/strong>[\/vc_column_text][\/vc_column][\/vc_row][vc_row][vc_column][vc_empty_space][vc_custom_heading text=\u00bbBasic dates; Abstract\/Papers\/Workshops submission dates\u00bb font_container=\u00bbtag:h2|font_size:26px|text_align:left\u00bb google_fonts=\u00bbfont_family:Roboto%20Slab%3A100%2C300%2Cregular%2C700|font_style:700%20bold%20regular%3A700%3Anormal\u00bb el_id=\u00bbbasic-dates\u00bb][\/vc_column][\/vc_row][vc_row][vc_column][vc_column_text]The 11th Knowledge Cities World Summit (KCWS-2018) will be held in Tenerife, Canary Islands, Spain.<\/p>\n<ul>\n<li>Abstract, workshop, presentation proposal submission: 30 Jul 2018<\/li>\n<li>Proposal acceptance notification: 15 Aug 2018<\/li>\n<li>Full paper submission (peer-review): 30 Sep 2018<\/li>\n<li>Full paper submission (no peer-review): 30 Sep 2018<\/li>\n<li>Full paper acceptance notification: 15 Oct 2018<\/li>\n<li>Early bird registration: 27 Aug 2018<\/li>\n<li>Regular registration deadline: 19 Nov 2018<\/li>\n<\/ul>\n<p>[\/vc_column_text][vc_empty_space][\/vc_column][\/vc_row][vc_row full_width=\u00bbstretch_row\u00bb css=\u00bb.vc_custom_1529065949003{background-color: #e8e8e8 !important;}\u00bb][vc_column][vc_row_inner el_id=\u00bbsubmission-and-review\u00bb][vc_column_inner][vc_empty_space][vc_custom_heading text=\u00bbSubmission and review management procedure\u00bb font_container=\u00bbtag:h2|font_size:26px|text_align:left\u00bb google_fonts=\u00bbfont_family:Roboto%20Slab%3A100%2C300%2Cregular%2C700|font_style:700%20bold%20regular%3A700%3Anormal\u00bb el_id=\u00bbsubmission-and-review\u00bb][\/vc_column_inner][\/vc_row_inner][vc_row_inner][vc_column_inner][vc_column_text]<\/p>\n<ul>\n<li><strong><u>BASIC INSTRUCTIONS AND TEMPLATES<\/u><\/strong><strong><u><br \/>\n<\/u><\/strong><strong>All papers must be original and not simultaneously submitted to another journal or conference. The following paper categories are welcome:<\/strong><\/li>\n<\/ul>\n<ul>\n<li><strong>ABSTRACT:<\/strong> <a href=\"http:\/\/www.mediafire.com\/file\/pzf3djs0elh8o29\/KCWS-2018_Abstract_Template.docx\/file\" target=\"_blank\" rel=\"noopener\">Instructions and template<\/a>.<\/li>\n<li><strong>PAPERS: <\/strong><a href=\"http:\/\/www.mediafire.com\/file\/ovue0vrkqyud8w8\/KCWS-2018_Paper_Template.docx\/file\" target=\"_blank\" rel=\"noopener\"><strong>Instructions and <\/strong><\/a><a href=\"http:\/\/www.mediafire.com\/file\/ovue0vrkqyud8w8\/KCWS-2018_Paper_Template.docx\/file\" target=\"_blank\" rel=\"noopener\"><strong>template<\/strong><\/a><strong><u>. <\/u><\/strong><\/li>\n<li><strong><u>SUBMISSION PROCEDURE <\/u><\/strong><\/li>\n<\/ul>\n<p>For submission your paper, please fill the form and send your preprint to Secretariat:<\/p>\n<p><strong><em>Dr. Jamile Sabatini-Marques:<\/em><\/strong> <a href=\"mailto:kcws.secretariat@gmail.com\" target=\"_blank\" rel=\"noopener\"><em>kcws.secretariat@<\/em><\/a><em>gmail.com<\/em><\/p>\n<ul>\n<li><strong><u>PUBLICATION PLAN*<\/u><\/strong><br \/>\nAuthors of the selected papers presented at the Summit will be invited to adapt their papers for publication in the regular or special issues of the following journals*: <strong><em>International Journal of Knowledge-Based Development<\/em><\/strong><\/li>\n<\/ul>\n<p><em>*Others to be included<\/em>[\/vc_column_text][\/vc_column_inner][\/vc_row_inner][vc_empty_space][\/vc_column][\/vc_row][vc_row el_id=\u00bbregistration\u00bb][vc_column][vc_empty_space][vc_custom_heading text=\u00bbRegistration and fees\u00bb font_container=\u00bbtag:h2|font_size:26px|text_align:left\u00bb google_fonts=\u00bbfont_family:Roboto%20Slab%3A100%2C300%2Cregular%2C700|font_style:700%20bold%20regular%3A700%3Anormal\u00bb el_id=\u00bbregistration\u00bb][\/vc_column][\/vc_row][vc_row][vc_column][vc_column_text]These are the fees<\/p>\n<p>&nbsp;<\/p>\n<table>\n<tbody>\n<tr>\n<td width=\"172\"><\/td>\n<td width=\"256\">Early registration (before 09\/30)<\/td>\n<td width=\"214\">Late registration (after 09\/30)<\/td>\n<\/tr>\n<tr>\n<td width=\"172\">Regular participant<\/td>\n<td width=\"256\">250\u20ac<\/td>\n<td width=\"214\">300\u20ac<\/td>\n<\/tr>\n<tr>\n<td width=\"172\">ULL Community<\/td>\n<td width=\"256\">50\u20ac<\/td>\n<td width=\"214\">75\u20ac<\/td>\n<\/tr>\n<tr>\n<td width=\"172\">Unemployed<\/td>\n<td width=\"256\">25\u20ac<\/td>\n<td width=\"214\">50\u20ac<\/td>\n<\/tr>\n<\/tbody>\n<\/table>\n<p>[\/vc_column_text][vc_empty_space][vc_custom_heading text=\u00bbInstruction\u00bb font_container=\u00bbtag:h3|font_size:22px|text_align:left|line_height:26px\u00bb google_fonts=\u00bbfont_family:Roboto%20Slab%3A100%2C300%2Cregular%2C700|font_style:700%20bold%20regular%3A700%3Anormal\u00bb][vc_empty_space][vc_column_text]<span id=\"m_6642066554691983103gmail-result_box\" class=\"m_6642066554691983103gmail-\" lang=\"en\"><span class=\"m_6642066554691983103gmail-\">1- Please fill in the form.<\/span><br \/>\n<span class=\"m_6642066554691983103gmail-\">2- In 24\/48 hours you will receive a message confirming the registration and start the payment process.<\/span><br \/>\n<span class=\"m_6642066554691983103gmail-\">3- After that, you will be already registered.<\/span><br \/>\n<span class=\"m_6642066554691983103gmail-\">4- From that moment, along the different event&#8217;s activities will be fixed,\u00a0 you will receive more all the information you need for a successfull summit.<\/span><\/span>[\/vc_column_text][vc_tta_accordion style=\u00bbmodern\u00bb shape=\u00bbsquare\u00bb spacing=\u00bb2&#8243; active_section=\u00bb0&#8243; css_animation=\u00bbfadeInLeftBig\u00bb collapsible_all=\u00bbtrue\u00bb][vc_tta_section title=\u00bbForm registration &#8211; Here!\u00bb tab_id=\u00bbform-registration\u00bb][vc_raw_html]JTNDaWZyYW1lJTIwc3JjJTNEJTIyaHR0cHMlM0ElMkYlMkZkb2NzLmdvb2dsZS5jb20lMkZmb3JtcyUyRmQlMkZlJTJGMUZBSXBRTFNkdnlyVGFJR2l0RU93TjFmT3hhSDlCU1BPdkN1X3lESTQ5amlTQ1VZM2pqeU1qT3clMkZ2aWV3Zm9ybSUzRmVtYmVkZGVkJTNEdHJ1ZSUyMiUyMHdpZHRoJTNEJTIyMTAwJTI1JTIyJTIwaGVpZ2h0JTNEJTIyMTkyMCUyMiUyMGZyYW1lYm9yZGVyJTNEJTIyMCUyMiUyMG1hcmdpbmhlaWdodCUzRCUyMjAlMjIlMjBtYXJnaW53aWR0aCUzRCUyMjAlMjIlM0VDYXJnYW5kby4uLiUzQyUyRmlmcmFtZSUzRQ==[\/vc_raw_html][\/vc_tta_section][\/vc_tta_accordion][\/vc_column][\/vc_row][vc_row][vc_column][vc_empty_space height=\u00bb132px\u00bb][vc_custom_heading text=\u00bbOrganaized by:\u00bb font_container=\u00bbtag:h4|font_size:18px|text_align:left|line_height:26px\u00bb google_fonts=\u00bbfont_family:Roboto%20Slab%3A100%2C300%2Cregular%2C700|font_style:700%20bold%20regular%3A700%3Anormal\u00bb][vc_empty_space][\/vc_column][\/vc_row][vc_row][vc_column width=\u00bb1\/4&#8243;][vc_single_image image=\u00bb121&#8243; img_size=\u00bbfull\u00bb alignment=\u00bbcenter\u00bb onclick=\u00bbcustom_link\u00bb link=\u00bbhttps:\/\/ull.es\u00bb][\/vc_column][vc_column width=\u00bb1\/4&#8243;][vc_single_image image=\u00bb108&#8243; img_size=\u00bbfull\u00bb onclick=\u00bbcustom_link\u00bb link=\u00bbhttp:\/\/www.worldcapitalinstitute.org\/\u00bb][\/vc_column][vc_column width=\u00bb1\/4&#8243;][vc_single_image image=\u00bb130&#8243; img_size=\u00bbfull\u00bb alignment=\u00bbcenter\u00bb onclick=\u00bbcustom_link\u00bb link=\u00bbhttp:\/\/humboldt-cosmos-multiversity.org\/\u00bb][\/vc_column][vc_column width=\u00bb1\/4&#8243;][\/vc_column][\/vc_row][vc_row][vc_column][vc_empty_space][vc_custom_heading text=\u00bbSponsored by:\u00bb font_container=\u00bbtag:h4|font_size:18px|text_align:left|line_height:26px\u00bb google_fonts=\u00bbfont_family:Roboto%20Slab%3A100%2C300%2Cregular%2C700|font_style:700%20bold%20regular%3A700%3Anormal\u00bb][vc_empty_space][\/vc_column][\/vc_row][vc_row][vc_column width=\u00bb1\/4&#8243;][vc_single_image image=\u00bb125&#8243; img_size=\u00bbfull\u00bb alignment=\u00bbcenter\u00bb onclick=\u00bbcustom_link\u00bb link=\u00bbhttp:\/\/www.gobiernodecanarias.org\/\u00bb][\/vc_column][vc_column width=\u00bb1\/4&#8243;][vc_single_image image=\u00bb127&#8243; img_size=\u00bbfull\u00bb alignment=\u00bbcenter\u00bb onclick=\u00bbcustom_link\u00bb link=\u00bbhttp:\/\/www.gobiernodecanarias.org\/aciisi\/\u00bb][\/vc_column][vc_column width=\u00bb1\/4&#8243;][\/vc_column][vc_column width=\u00bb1\/4&#8243;][\/vc_column][\/vc_row][vc_row][vc_column][vc_empty_space height=\u00bb100px\u00bb][\/vc_column][\/vc_row]<\/p>\n","protected":false},"excerpt":{"rendered":"<p>[vc_row][vc_column][vc_column_text] [\/vc_column_text][\/vc_column][\/vc_row][vc_row full_width=\u00bbstretch_row_content_no_spaces\u00bb][vc_column][rev_slider_vc alias=\u00bbcabeceras-interiores\u00bb][\/vc_column][\/vc_row][vc_row][vc_column][vc_empty_space][vc_custom_heading text=\u00bbKCWS-2018 Info\u00bb font_container=\u00bbtag:h1|font_size:34px|text_align:center\u00bb google_fonts=\u00bbfont_family:Roboto%20Slab%3A100%2C300%2Cregular%2C700|font_style:700%20bold%20regular%3A700%3Anormal\u00bb][vc_empty_space][vc_custom_heading text=\u00bb20-22 NOVEMBER 2018, TENERIFE, CANARY ISLANDS, SPAIN KNOWLEDGE ISLANDS \u00bb font_container=\u00bbtag:h2|font_size:30px|text_align:center\u00bb google_fonts=\u00bbfont_family:Roboto%20Slab%3A100%2C300%2Cregular%2C700|font_style:700%20bold%20regular%3A700%3Anormal\u00bb][\/vc_column][\/vc_row][vc_row][vc_column][vc_empty_space height=\u00bb60px\u00bb][\/vc_column][\/vc_row][vc_row][vc_column width=\u00bb1\/4&#8243;][\/vc_column][vc_column width=\u00bb1\/2&#8243;][vc_btn title=\u00bbDownload Leaflet\u00bb style=\u00bbflat\u00bb shape=\u00bbsquare\u00bb color=\u00bbblack\u00bb size=\u00bblg\u00bb align=\u00bbcenter\u00bb i_icon_fontawesome=\u00bbfa fa-file-pdf-o\u00bb css_animation=\u00bbzoomIn\u00bb button_block=\u00bbtrue\u00bb add_icon=\u00bbtrue\u00bb link=\u00bburl:https%3A%2F%2Fdrive.google.com%2Fopen%3Fid%3D1xbFYj93m0E2IJSPCHpagQaV9aR57LPrw|||\u00bb][vc_empty_space][vc_btn title=\u00bbDownload Program\u00bb style=\u00bbflat\u00bb shape=\u00bbsquare\u00bb color=\u00bbblack\u00bb size=\u00bblg\u00bb align=\u00bbcenter\u00bb i_icon_fontawesome=\u00bbfa fa-file-pdf-o\u00bb css_animation=\u00bbzoomIn\u00bb button_block=\u00bbtrue\u00bb add_icon=\u00bbtrue\u00bb link=\u00bburl:https%3A%2F%2Fdrive.google.com%2Ffile%2Fd%2F1ZiYi8l2UrignJqLaugj5Za-tA-qiKyc_%2Fview%3Fusp%3Dsharing|||\u00bb][\/vc_column][vc_column width=\u00bb1\/4&#8243;][\/vc_column][\/vc_row][vc_row el_id=\u00bbbasic-information\u00bb][vc_column][vc_empty_space][vc_custom_heading text=\u00bbBasic Information\u00bb font_container=\u00bbtag:h2|font_size:26px|text_align:left\u00bb google_fonts=\u00bbfont_family:Roboto%20Slab%3A100%2C300%2Cregular%2C700|font_style:700%20bold%20regular%3A700%3Anormal\u00bb&#8230;<\/p>\n","protected":false},"author":4,"featured_media":0,"parent":0,"menu_order":0,"comment_status":"closed","ping_status":"closed","template":"templates\/template-frontpage.php","meta":{"footnotes":""},"class_list":["post-20","page","type-page","status-publish","hentry"],"_links":{"self":[{"href":"https:\/\/www.ull.es\/eventos\/kcws2018\/wp-json\/wp\/v2\/pages\/20"}],"collection":[{"href":"https:\/\/www.ull.es\/eventos\/kcws2018\/wp-json\/wp\/v2\/pages"}],"about":[{"href":"https:\/\/www.ull.es\/eventos\/kcws2018\/wp-json\/wp\/v2\/types\/page"}],"author":[{"embeddable":true,"href":"https:\/\/www.ull.es\/eventos\/kcws2018\/wp-json\/wp\/v2\/users\/4"}],"replies":[{"embeddable":true,"href":"https:\/\/www.ull.es\/eventos\/kcws2018\/wp-json\/wp\/v2\/comments?post=20"}],"version-history":[{"count":38,"href":"https:\/\/www.ull.es\/eventos\/kcws2018\/wp-json\/wp\/v2\/pages\/20\/revisions"}],"predecessor-version":[{"id":240,"href":"https:\/\/www.ull.es\/eventos\/kcws2018\/wp-json\/wp\/v2\/pages\/20\/revisions\/240"}],"wp:attachment":[{"href":"https:\/\/www.ull.es\/eventos\/kcws2018\/wp-json\/wp\/v2\/media?parent=20"}],"curies":[{"name":"wp","href":"https:\/\/api.w.org\/{rel}","templated":true}]}}