{"id":21,"date":"2018-05-16T08:18:48","date_gmt":"2018-05-16T08:18:48","guid":{"rendered":"http:\/\/kcws2018.webs.ull.es\/?page_id=9"},"modified":"2018-07-05T09:13:21","modified_gmt":"2018-07-05T09:13:21","slug":"venues","status":"publish","type":"page","link":"https:\/\/www.ull.es\/eventos\/kcws2018\/venues\/","title":{"rendered":"Venues"},"content":{"rendered":"<p>[vc_row full_width=\u00bbstretch_row_content_no_spaces\u00bb][vc_column][rev_slider_vc alias=\u00bbcabeceras-interiores\u00bb][\/vc_column][\/vc_row][vc_row][vc_column][vc_empty_space][vc_custom_heading text=\u00bbConference location\u00bb font_container=\u00bbtag:h2|font_size:26px|text_align:left\u00bb google_fonts=\u00bbfont_family:Roboto%20Slab%3A100%2C300%2Cregular%2C700|font_style:700%20bold%20regular%3A700%3Anormal\u00bb el_id=\u00bbconference\u00bb][\/vc_column][\/vc_row][vc_row][vc_column][vc_column_text]All the Summit will be at halls of Universidad de La Laguna. Precise location will be announced once the assitants number will be fixed.<\/p>\n<p>[\/vc_column_text][\/vc_column][\/vc_row][vc_row][vc_column][vc_empty_space][vc_custom_heading text=\u00bbVenues and travel\u00bb font_container=\u00bbtag:h2|font_size:26px|text_align:left\u00bb google_fonts=\u00bbfont_family:Roboto%20Slab%3A100%2C300%2Cregular%2C700|font_style:700%20bold%20regular%3A700%3Anormal\u00bb el_id=\u00bbtravel\u00bb][\/vc_column][\/vc_row][vc_row][vc_column width=\u00bb1\/2&#8243;][vc_column_text]<\/p>\n<h4><strong>TENERIFE.<\/strong><\/h4>\n<p>Of all the reasons why <strong>Tenerife<\/strong> is such a popular holiday destination, it is possibly the prevailing Spring-like climate that tops the list. With an average annual temperature of 22 degrees, the local population and those who visit the island appreciate this true gift of nature. The mild climate has created particularly striking and original surroundings, and thanks to a manageable area (2,034 square kilometres) it is easily possible to discover the island during a stay of a few days. Tenerife is a collection of beautiful natural spaces, from cliffs several hundred metres high, to small villages lost in valleys, to colourful marine depths. Such beauty means half of the territory is protected by strict environmental regulations, which ensure its conservation.<\/p>\n<p><strong>Tenerife<\/strong> allows you to mentally distance yourself from the everyday work setting without having to travel long-distance. It is only a two hour plane journey from Mainland Spain and four main European cities. Two international airports equate to around 150 flight connections operated by close to a hundred different airline companies.[\/vc_column_text][vc_tta_accordion style=\u00bbflat\u00bb shape=\u00bbsquare\u00bb active_section=\u00bb45&#8243; collapsible_all=\u00bbtrue\u00bb][vc_tta_section title=\u00bbRead more about Tenerife\u00bb tab_id=\u00bbRead-more-about-Tenerife\u00bb][vc_column_text]Tenerife North airport is 15 minutes from Santa Cruz de Tenerife. Tenerife South is one of the busiest aerodromes in Spain and is 10 minutes from the municipalities of Arona and Adeje, the two largest tourist centres in this part of Tenerife.<\/p>\n<p>In addition Santa Cruz de Tenerife is one of the most important ports for cruise ships in both Spain and Europe. More than half a million cruise passengers pass through the port each year. Two modern motorways, an extensive road network, an integral bus service and a tramway between Santa Cruz and La Laguna \u2013 the two largest cities on the island -, complete the land communications hub, making it possible to travel around the island with ease.<\/p>\n<p>Further information at the https:\/\/hellocanaryislands.com\/tenerife\/[\/vc_column_text][\/vc_tta_section][\/vc_tta_accordion][\/vc_column][vc_column width=\u00bb1\/2&#8243;][vc_column_text]<\/p>\n<h4><strong>LA LAGUNA.<\/strong><\/h4>\n<p>The municipality of\u00a0<strong>San Crist\u00f3bal de La Laguna<\/strong>\u00a0lies in north-east\u00a0<strong>Tenerife<\/strong>, in-between the\u00a0Anaga mountain range\u00a0and the slopes of\u00a0La Esperanza. Most of the city stands at an altitude of roughly 600\u00a0m (1,970\u00a0ft), with the highest point being\u00a0Cruz de Taborno, 1,020\u00a0m (3,350\u00a0ft) above sea level. The coastal part of the municipality in the north covers the farmland regions of\u00a0Tejina\u00a0and\u00a0Valle de Guerra, as well as the tourist destinations of\u00a0Bajamar\u00a0and\u00a0Punta del Hidalgo. By contrast, in\u00a0Anaga\u00a0you will find little hamlets such as\u00a0El Bat\u00e1n\u00a0and\u00a0<strong>Las Carboneras<\/strong>. Covering a vast open area in the middle of the municipality is\u00a0<strong>San Crist\u00f3bal de La Laguna<\/strong>, which was declared an\u00a0<strong>Asset of Cultural Interest<\/strong>\u00a0and a\u00a0<strong>World Heritage Site<\/strong>\u00a0by\u00a0<strong>UNESCO<\/strong>\u00a0in 1999. La Laguna was the first unwalled\u00a0colonial city\u00a0and still preserves its original 15th century layout almost intact. In fact, this layout was used as a model for building many other colonial cities in\u00a0America. Its streets, with their fantastic shopping atmosphere, gastronomy and leisure, are also full of monuments and historic buildings.[\/vc_column_text][vc_empty_space height=\u00bb26px\u00bb][vc_tta_accordion style=\u00bbflat\u00bb shape=\u00bbsquare\u00bb active_section=\u00bb45&#8243; collapsible_all=\u00bbtrue\u00bb][vc_tta_section title=\u00bbRead more about La Laguna\u00bb tab_id=\u00bbread-more-about-la-laguna\u00bb][vc_column_text]The Guanche name for the area on which\u00a0<strong>La Laguna<\/strong>\u00a0stands was\u00a0Aguere, and that term is sometimes still used to refer to the municipality. It is also known as the\u00a0City of the Adelantados, as this is where the\u00a0Adelantado Alonso Fern\u00e1ndez de Lugo\u00a0and his family settled. After the\u00a0conquest of Tenerife,\u00a0<strong>La Laguna<\/strong>\u00a0became the Island&#8217;s first capital city, turning it into the heart of political, financial and cultural power on the archipelago. The first plan of the city on record was drawn by the Italian engineer\u00a0Leonardo Torriani\u00a0in 1588.\u00a0<strong>San Crist\u00f3bal de La Laguna<\/strong>\u00a0currently bears the honorary titles of\u00a0Noble, Loyal and Faithful\u00a0city, and is also known as the\u00a0Illustrious Historic City of San Crist\u00f3bal de La Laguna.<\/p>\n<p>The\u00a0<strong>University of La Laguna<\/strong>\u00a0is one of the most emblematic institutions in the municipality and is, of course, a sign of the city&#8217;s cultural relevance. Tenerife&#8217;s first airport \u2013\u00a0<strong>Tenerife North<\/strong>\u00a0\u2013 is also here, in the area known as\u00a0<strong>Los Rodeos<\/strong>\u00a0on the outskirts. The airport is well connected to the rest of the archipelago, and also links up to various destinations in Spain and abroad. Its location near to the capital and to the tourist area of\u00a0Puerto de la Cruz\u00a0is a great advantage.<\/p>\n<p>The coast of\u00a0<strong>San Crist\u00f3bal de La Laguna<\/strong>\u00a0has a series of lovely natural swimming pools and rock pools in\u00a0Punta del Hidalgo, with a modern lighthouse nearby. The nearby town of\u00a0Bajamar\u00a0also has large bathing areas, making it a popular place among the locals and tourists for a leisurely day by the sea.<\/p>\n<p><strong><span id=\"result_box\" class=\"short_text\" lang=\"en\">Download the street map of La Laguna\u00a0<a href=\"http:\/\/www.turismodelalaguna.com\/wp-content\/uploads\/2017\/10\/Callejeroenglish.pdf\" target=\"_blank\" rel=\"noopener\" target=\"_blank\" rel=\"noopener\">HERE<\/a><\/span><\/strong>[\/vc_column_text][\/vc_tta_section][\/vc_tta_accordion][\/vc_column][\/vc_row][vc_row][vc_column][vc_empty_space][vc_custom_heading text=\u00bbHow to arrive\u00bb font_container=\u00bbtag:h2|font_size:26px|text_align:left\u00bb google_fonts=\u00bbfont_family:Roboto%20Slab%3A100%2C300%2Cregular%2C700|font_style:700%20bold%20regular%3A700%3Anormal\u00bb][\/vc_column][\/vc_row][vc_row][vc_column][vc_column_text]Tenerife North airport is 15 minutes from Santa Cruz de Tenerife. Tenerife South is one of the busiest aerodromes in Spain and is 10 minutes from the municipalities of Arona and Adeje, the two largest tourist centres in this part of Tenerife.[\/vc_column_text][\/vc_column][\/vc_row][vc_row][vc_column][vc_empty_space][vc_custom_heading text=\u00bbAccomodation options\u00bb font_container=\u00bbtag:h2|font_size:26px|text_align:left\u00bb google_fonts=\u00bbfont_family:Roboto%20Slab%3A100%2C300%2Cregular%2C700|font_style:700%20bold%20regular%3A700%3Anormal\u00bb el_id=\u00bbaccomodation\u00bb][vc_column_text]We propose several lodging options both in La Laguna, the city closest to the congress and in Santa Cruz de Tenerife, 10 minutes away, with transportation alternatives.[\/vc_column_text][\/vc_column][\/vc_row][vc_row][vc_column][vc_tta_accordion style=\u00bbmodern\u00bb shape=\u00bbsquare\u00bb spacing=\u00bb10&#8243; gap=\u00bb5&#8243; active_section=\u00bb1&#8243; collapsible_all=\u00bbtrue\u00bb][vc_tta_section title=\u00bbLA LAGUNA GRAN HOTEL\u00bb tab_id=\u00bbLA-LAGUNA-GRAN HOTEL\u00bb][vc_row_inner][vc_column_inner width=\u00bb2\/3&#8243;][vc_single_image image=\u00bb148&#8243; img_size=\u00bbfull\u00bb][vc_column_text]As you enter the La Laguna Gran Hotel from the Calle del Agua (Nava y Grim\u00f3n), you will be met by the scent of resin and cedar. The heartwood from ancient Canarian pine trees still distils its resin throughout this old building that has seen four centuries of history.<\/p>\n<p>San Crist\u00f3bal de La Laguna, a World Heritage city, writes a new page on this ancient building, re-imagined in a modern-day concept.<\/p>\n<p>The new hotel has 123 rooms, convention and banqueting rooms with capacity for up to 600 people, and a car park for 80 vehicles. The \u201cGran Laguna\u201d restaurant and terrace and the \u201cDel Agua\u201d pool, spa and gym complex will be open to the public.<\/p>\n<p>From the roof of the building and its sports area, you can enjoy an extensive and spectacular view over the rooftops of the city and the mountains of the Anaga Nature Reserve. \u200b[\/vc_column_text][\/vc_column_inner][vc_column_inner width=\u00bb1\/3&#8243;][vc_column_text]<\/p>\n<h4>Contact<\/h4>\n<ul>\n<li>La Laguna Gran Hotel\u200b\u200b<\/li>\n<li>C\/ Nava Y Grim\u00f3n, 18.<\/li>\n<li>38201 La Laguna<\/li>\n<li>Tel.: +34 922 10 80 80<\/li>\n<li>Web: <a href=\"http:\/\/www.lalagunagranhotel.com\" target=\"_blank\" rel=\"noopener\">www.lalagunagranhotel.com<\/a><\/li>\n<li>Email: <a href=\"mailto:reservas@lalagunagranhotel.com\" target=\"_blank\" rel=\"noopener\">reservas@lalagunagranhotel.com<\/a><\/li>\n<\/ul>\n<p>[\/vc_column_text][\/vc_column_inner][\/vc_row_inner][\/vc_tta_section][vc_tta_section title=\u00bbLAGUNA NIVARIA\u00bb tab_id=\u00bblaguna-nivaria\u00bb][vc_row_inner][vc_column_inner width=\u00bb2\/3&#8243;][vc_single_image image=\u00bb170&#8243; img_size=\u00bbfull\u00bb][vc_column_text]Situated in a charming 16th century mansion, our complex boasts elegant suits and rooms and an \u00e0 la carte restaurant to surprise you. You\u2019ll find us in the historical centre of San Crist\u00f3bal de La Laguna, declared a World Heritage Site by UNESCO.<\/p>\n<p>All the rooms at Laguna Nivaria are no smoking and come fully equipped in order to make your stay a perfect one. We have five types of room available \u2013 Comfort, Noble, Family, Junior Suite and Nivaria Suite \u2013 to cover all your needs. We\u2019ve taken care of all of the details so that you have a comfortable stay in the splendid city of San Crist\u00f3bal de La Laguna.<\/p>\n<p>Canarian Flavours<\/p>\n<p>Both the Laguna and Plaza restaurants and Caf\u00e9 Nivaria are located in the interior courtyard of the historical building. Come and sample the local cuisine and pick the restaurant of your choice depending on whether you would like to try some delicious tapas and sandwiches or enjoy more elaborate and avant-garde dishes.[\/vc_column_text][\/vc_column_inner][vc_column_inner width=\u00bb1\/3&#8243;][vc_column_text]<\/p>\n<h4>Contact<\/h4>\n<ul>\n<li>Laguna Nivaria<\/li>\n<li>Plaza del Adelantado, 11.<\/li>\n<li>38201 San Crist\u00f3bal de la Laguna<\/li>\n<li>Tel: +34 922 264 298<\/li>\n<li>Fax: +34 922 259 634<\/li>\n<li>Web: <a href=\"http:\/\/www.lagunanivaria.com\" target=\"_blank\" rel=\"noopener\">www.lagunanivaria.com<\/a><\/li>\n<li>Email: <a href=\"mailto:reservas@lagunanivaria.com\" target=\"_blank\" rel=\"noopener\">reservas@lagunanivaria.com<\/a><\/li>\n<\/ul>\n<h4>Services<\/h4>\n<ul>\n<li>Broadband Wi-Fi throughout the hotel at no extra cost<\/li>\n<li>Pet friendly<\/li>\n<li>Room service<\/li>\n<li>Private paid parking<\/li>\n<li>Car and bicycle rental<\/li>\n<li>Guided tours and excursions<\/li>\n<li>Transfers<\/li>\n<\/ul>\n<p>[\/vc_column_text][\/vc_column_inner][\/vc_row_inner][\/vc_tta_section][vc_tta_section title=\u00bbHOTEL ESCUELA SANTA CRUZ DE TENERIFE\u00bb tab_id=\u00bbhotel-escuela-santa-cruz-de-tenerife\u00bb][vc_row_inner][vc_column_inner width=\u00bb2\/3&#8243;][vc_single_image image=\u00bb153&#8243; img_size=\u00bbfull\u00bb][vc_column_text]Hotel located in an urban area of the metropolitan area of Tenerife<\/p>\n<p>This hotel&#8217;s design is based on an innovative concept of d\u00e9cor, with spacious, comfortable and modern facilities. It is located in the heart of the city, just a few minutes from the Ad\u00e1n Mart\u00edn Tenerife Auditorium, the International Trade Fair and Conference Centre and the football stadium. The Tenerife Norte international airport is just 15 minutes away.<\/p>\n<p>All the rooms (57 doubles, five junior suites, two suites and an imperial suite) come equipped with air conditioning, safe, digital satellite TV, and Internet connection. Some also have a jacuzzi and hydromassage shower.<\/p>\n<p>Some rooms have a hydromassage and a Jacuzzi. Our young and dynamic staff know how to make guests feel comfortable and how to attend to their requirements with the utmost efficiency. El Hotel Escuela Santa Cruz is a great meeting point in Santa Cruz de Tenerife as well as an excellent alternative for business and leisure trips. Close-by you can find the best boutiques and shops, terraces, walking routes, sports centres, cultural attractions and the best night life in the city.\u200b[\/vc_column_text][\/vc_column_inner][vc_column_inner width=\u00bb1\/3&#8243;][vc_column_text]<\/p>\n<h4>Contact<\/h4>\n<ul>\n<li>Hotel Escuela Santa Cruz de Tenerife<\/li>\n<li>Avda. San Sebasti\u00e1n, 152.<\/li>\n<li>38005 Santa Cruz De Tenerife<\/li>\n<li>Tel.: +34 922 84 75 00<\/li>\n<li>Fax.: +34 922 84 75 01<\/li>\n<li>Web: <a href=\"http:\/\/www.hecansa.com\" target=\"_blank\" rel=\"noopener\">www.hecansa.com<\/a><\/li>\n<li>Email: <a href=\"mailto:reservas.hesc@hecansa.com\" target=\"_blank\" rel=\"noopener\">reservas.hesc@hecansa.com<\/a><\/li>\n<\/ul>\n<h4>Services<\/h4>\n<ul>\n<li>Spacious outside garden areas<\/li>\n<li>Terraces offering panoramic views [one with cover]<\/li>\n<li>Swimming pool<\/li>\n<li>Gymnasium<\/li>\n<li>Excellent restaurant offering the finest Canarian and international cuisine<\/li>\n<li>Coffee shop<\/li>\n<li>Other services<\/li>\n<li>Broadband internet access [available in guest rooms]<\/li>\n<li>Video conferencing room<\/li>\n<\/ul>\n<p>[\/vc_column_text][\/vc_column_inner][\/vc_row_inner][\/vc_tta_section][vc_tta_section title=\u00bbHOTEL BARCEL\u00d3 SANTA CRUZ CONTEMPOR\u00c1NEO\u00bb tab_id=\u00bbhotel-barcelo-santa-cruz-contemporaneo\u00bb][vc_row_inner][vc_column_inner width=\u00bb2\/3&#8243;][vc_single_image image=\u00bb155&#8243; img_size=\u00bbfull\u00bb][vc_column_text]<\/p>\n<p>Hotel located in an urban area of the metropolitan area of Tenerife<\/p>\n<p>Hotel Occidental Santa Cruz Contempor\u00e1neo\u2019s location on the Ramblas de Santa Cruz, next to the Garc\u00eda Sanabria Park in one of the city&#8217;s most beautiful areas, is testament of the clear commitment to its avant-garde image and services.<\/p>\n<p>The hotel has 150 rooms equipped with all the latest amenities in technology and comfort. Its special feature is its restaurant offering: Alfredo, serving Mediterranean cuisine, and Macusamba\u2013the island&#8217;s top caf\u00e9 bar and lounge, renowned for its bold concept of good food.<\/p>\n<p>It has four rooms equipped with modern technology and audiovisual equipment that make them ideal for meetings, conferences, cocktails and banquets.[\/vc_column_text][\/vc_column_inner][vc_column_inner width=\u00bb1\/3&#8243;][vc_column_text]<\/p>\n<h4>Contact<\/h4>\n<ul>\n<li>Hotel Barcelo Santa Cruz Contempor\u00e1neo<\/li>\n<li>Rambla De Santa Cruz, 116.<\/li>\n<li>38001 Santa Cruz De Tenerife<\/li>\n<li>Tel.: +34 922 27 15 71<\/li>\n<li>Fax.: +34 922 27 12 23<\/li>\n<li>Web: <a href=\"http:\/\/www.barcelosantacruzcontemporaneo.com\" target=\"_blank\" rel=\"noopener\">http:\/\/www.barcelosantacruzcontemporaneo.com<\/a><\/li>\n<li>Email: <a href=\"mailto:santacruzcontemporaneo@barcelo.com\" target=\"_blank\" rel=\"noopener\">santacruzcontemporaneo@barcelo.com<\/a><\/li>\n<\/ul>\n<h4>\u200bServices<\/h4>\n<ul>\n<li>Restaurante Alfredo<\/li>\n<li>\u00abMacusamba\u00bb Caf\u00e9, Bar &amp; Lounge<\/li>\n<li>Sun terrace with whirlpool bath<\/li>\n<li>Swimming pool<\/li>\n<li>Laundry service, fax and photocopier<\/li>\n<li>Shop and newspaper sales<\/li>\n<li>Car hire<\/li>\n<li>Baby-sitting (with advance notice)<\/li>\n<li>Free garage<\/li>\n<\/ul>\n<p>[\/vc_column_text][\/vc_column_inner][\/vc_row_inner][\/vc_tta_section][vc_tta_section title=\u00bbHOTEL SILKEN ATL\u00c1NTIDA SANTA CRUZ\u00bb tab_id=\u00bbhote-silken-atlantida-santa-cruz\u00bb][vc_row_inner][vc_column_inner width=\u00bb2\/3&#8243;][vc_single_image image=\u00bb157&#8243; img_size=\u00bbfull\u00bb][vc_column_text]<\/p>\n<p>Hotel located in an urban area of the metropolitan area of Tenerife<\/p>\n<p>The Hotel Silken Atl\u00e1ntida is a modern building in a privileged location in the new commercial and financial heart of the city of Santa Cruz. It is located 150 metres from the city&#8217;s large shopping centres as well as the Conference Centre, the Ad\u00e1n Mart\u00edn Tenerife Auditorium and the C\u00e9sar Manrique Maritime Park. It also has excellent connections to the island&#8217;s two airports and to the port of Santa Cruz.<\/p>\n<p>It has 144 rooms and a gastrobar where guests can enjoy delicious cuisine along with an exclusive selection of wines and cavas. There are seven multi-purpose meeting rooms with natural lighting and capacity for up to 400 people, all highly versatile and equipped with the latest technology. They are ideal for hosting all kinds of work meetings, presentations, cocktails and company meals, through to the most elegant gala dinners. On the top floor of the hotel there is a chill-out area with a sun deck, jacuzzis, saunas and fitness centre. It has a private car park.<\/p>\n<p>[\/vc_column_text][\/vc_column_inner][vc_column_inner width=\u00bb1\/3&#8243;][vc_column_text]<\/p>\n<h4>Contact<\/h4>\n<ul>\n<li>Hotel Silken Atl\u00e1ntida Santa Cruz<\/li>\n<li>Avda. 3 De Mayo (Esquina \u00c1urea D\u00edaz Flores)<\/li>\n<li>38005 Santa Cruz De Tenerife<\/li>\n<li>Tel.: +34 922 29 45 00<\/li>\n<li>Fax.: +34 922 22 44 58<\/li>\n<li>Web: <a href=\"http:\/\/www.hoteles-silken.com\" target=\"_blank\" rel=\"noopener\">www.hoteles-silken.com<\/a><\/li>\n<li>Email: <a href=\"mailto:hotelatlantida.sc@hoteles-silken.com\" target=\"_blank\" rel=\"noopener\">hotelatlantida.sc@hoteles-silken.com<\/a><\/li>\n<\/ul>\n<h4>\u200bServices<\/h4>\n<ul>\n<li>144 bedrooms (96 Confort, 8 Deluxe, 15 Silken Club, 8 Junior Suite and 17 Junior Suite Silken Club)<\/li>\n<li>Panoramic lifts<\/li>\n<li>Silken Club floor and 2 smoking floors<\/li>\n<li>Wifi System<\/li>\n<li>Rooms with analogue connection and interactive TV.<\/li>\n<li>Restaurant, cafeter\u00eda, room service and piano bar<\/li>\n<li>Free Fitness center, sauna and Jacuzzis with terrace for hotel guests<\/li>\n<\/ul>\n<p>[\/vc_column_text][\/vc_column_inner][\/vc_row_inner][\/vc_tta_section][vc_tta_section title=\u00bbIBEROSTAR GRAND HOTEL MENCEY\u00bb tab_id=\u00bbibesoter-gran-hotel-mencey\u00bb][vc_row_inner][vc_column_inner width=\u00bb2\/3&#8243;][vc_single_image image=\u00bb159&#8243; img_size=\u00bbfull\u00bb title=\u00bbIBEROSTAR GRAND HOTEL MENCEY\u00bb][vc_column_text]<\/p>\n<p>Hotel located in an uban area of the metropolitan area of Tenerife<\/p>\n<p>Iberostar Grand Hotel Mencey has been fully refurbished and is now a magnificent modern 5-star urban complex in the colonial architectural style with the distinctive Canarian identity. You can enjoy all the experiences of the lively and cosmopolitan city of Santa Cruz, open to the ocean and packed with attractions for visitors.<\/p>\n<p>The success of any event or conference is guaranteed in its 11 meeting and banquet rooms, seating between ten and 400 people. Elegant and functional spaces for conferences and banquets with all the latest audiovisual technology and fully equipped for work.<\/p>\n<p>The hotel also has elegant outdoor garden areas and attractive terraces, without doubt the ideal setting for any event or celebration.<\/p>\n<p>2010 will be the year for the renovation of Iberostar Hotel Mencey, which will be closed for six months, with its reopening planned for the end of November of the same year, offering our guests a hotel which will exceed even their most demanding expectations.<\/p>\n<p>The design team will update our 261 rooms, equipping them with modern installations in combination with the glamour of the interior design of the 40s and 50s. Each one of the 261 rooms and suites offers new beds, high speed wireless internet, a latest-generation television, an Ipod or MP3 connection, ensuring the very latest technology. 2010 will also be the year that the new Car Park and a 2000 m\u00b2 Spa is opened. Located in our subtropical gardens, it will offer gymnasium, massage, swimming pool and treatments in a luminous space. \u200b[\/vc_column_text][\/vc_column_inner][vc_column_inner width=\u00bb1\/3&#8243;][vc_column_text]<\/p>\n<h4>Contact<\/h4>\n<ul>\n<li>Iberostar Grand Hotel Mencey<\/li>\n<li>C\/ Doctor Jos\u00e9 Naveiras, 38.<\/li>\n<li>38004 Santa Cruz De Tenerife<\/li>\n<li>Tel.: +34 922 60 99 00<\/li>\n<li>Fax.: +34 922 08 06 68<\/li>\n<li>Web: <a href=\"http:\/\/www.iberostar.com\" target=\"_blank\" rel=\"noopener\">www.iberostar.com<\/a><\/li>\n<li>Email: <a href=\"mailto:hotel.mencey@iberostar.com\" target=\"_blank\" rel=\"noopener\">hotel.mencey@iberostar.com<\/a><\/li>\n<\/ul>\n<h4>Services<\/h4>\n<ul>\n<li>286 Rooms<\/li>\n<li>1 Swimming pool<\/li>\n<li>1 Restaurant<\/li>\n<li>1 Bar<\/li>\n<li>Casino<\/li>\n<\/ul>\n<p>[\/vc_column_text][\/vc_column_inner][\/vc_row_inner][\/vc_tta_section][\/vc_tta_accordion][\/vc_column][\/vc_row][vc_row][vc_column][vc_empty_space height=\u00bb132px\u00bb][\/vc_column][\/vc_row][vc_row][vc_column][vc_empty_space][vc_custom_heading text=\u00bbOrganaized by:\u00bb font_container=\u00bbtag:h4|font_size:18px|text_align:left|line_height:26px\u00bb google_fonts=\u00bbfont_family:Roboto%20Slab%3A100%2C300%2Cregular%2C700|font_style:700%20bold%20regular%3A700%3Anormal\u00bb][vc_empty_space][\/vc_column][\/vc_row][vc_row][vc_column width=\u00bb1\/4&#8243;][vc_single_image image=\u00bb121&#8243; img_size=\u00bbfull\u00bb alignment=\u00bbcenter\u00bb onclick=\u00bbcustom_link\u00bb link=\u00bbhttps:\/\/ull.es\u00bb][\/vc_column][vc_column width=\u00bb1\/4&#8243;][vc_single_image image=\u00bb108&#8243; img_size=\u00bbfull\u00bb onclick=\u00bbcustom_link\u00bb link=\u00bbhttp:\/\/www.worldcapitalinstitute.org\/\u00bb][\/vc_column][vc_column width=\u00bb1\/4&#8243;][vc_single_image image=\u00bb130&#8243; img_size=\u00bbfull\u00bb alignment=\u00bbcenter\u00bb onclick=\u00bbcustom_link\u00bb link=\u00bbhttp:\/\/humboldt-cosmos-multiversity.org\/\u00bb][\/vc_column][vc_column width=\u00bb1\/4&#8243;][\/vc_column][\/vc_row][vc_row][vc_column][vc_empty_space][vc_custom_heading text=\u00bbSponsored by:\u00bb font_container=\u00bbtag:h4|font_size:18px|text_align:left|line_height:26px\u00bb google_fonts=\u00bbfont_family:Roboto%20Slab%3A100%2C300%2Cregular%2C700|font_style:700%20bold%20regular%3A700%3Anormal\u00bb][vc_empty_space][\/vc_column][\/vc_row][vc_row][vc_column width=\u00bb1\/4&#8243;][vc_single_image image=\u00bb125&#8243; img_size=\u00bbfull\u00bb alignment=\u00bbcenter\u00bb onclick=\u00bbcustom_link\u00bb link=\u00bbhttp:\/\/www.gobiernodecanarias.org\/\u00bb][\/vc_column][vc_column width=\u00bb1\/4&#8243;][vc_single_image image=\u00bb127&#8243; img_size=\u00bbfull\u00bb alignment=\u00bbcenter\u00bb onclick=\u00bbcustom_link\u00bb link=\u00bbhttp:\/\/www.gobiernodecanarias.org\/aciisi\/\u00bb][\/vc_column][vc_column width=\u00bb1\/4&#8243;][\/vc_column][vc_column width=\u00bb1\/4&#8243;][\/vc_column][\/vc_row][vc_row][vc_column][vc_empty_space height=\u00bb100px\u00bb][\/vc_column][\/vc_row]<\/p>\n","protected":false},"excerpt":{"rendered":"<p>[vc_row full_width=\u00bbstretch_row_content_no_spaces\u00bb][vc_column][rev_slider_vc alias=\u00bbcabeceras-interiores\u00bb][\/vc_column][\/vc_row][vc_row][vc_column][vc_empty_space][vc_custom_heading text=\u00bbConference location\u00bb font_container=\u00bbtag:h2|font_size:26px|text_align:left\u00bb google_fonts=\u00bbfont_family:Roboto%20Slab%3A100%2C300%2Cregular%2C700|font_style:700%20bold%20regular%3A700%3Anormal\u00bb el_id=\u00bbconference\u00bb][\/vc_column][\/vc_row][vc_row][vc_column][vc_column_text]All the Summit will be at halls of Universidad de La Laguna. Precise location will be announced once the assitants number will be fixed. [\/vc_column_text][\/vc_column][\/vc_row][vc_row][vc_column][vc_empty_space][vc_custom_heading text=\u00bbVenues and travel\u00bb font_container=\u00bbtag:h2|font_size:26px|text_align:left\u00bb google_fonts=\u00bbfont_family:Roboto%20Slab%3A100%2C300%2Cregular%2C700|font_style:700%20bold%20regular%3A700%3Anormal\u00bb el_id=\u00bbtravel\u00bb][\/vc_column][\/vc_row][vc_row][vc_column width=\u00bb1\/2&#8243;][vc_column_text] TENERIFE. Of all the reasons why Tenerife is such a popular holiday destination, it is possibly&#8230;<\/p>\n","protected":false},"author":4,"featured_media":0,"parent":0,"menu_order":0,"comment_status":"closed","ping_status":"closed","template":"templates\/template-frontpage.php","meta":{"footnotes":""},"class_list":["post-21","page","type-page","status-publish","hentry"],"_links":{"self":[{"href":"https:\/\/www.ull.es\/eventos\/kcws2018\/wp-json\/wp\/v2\/pages\/21"}],"collection":[{"href":"https:\/\/www.ull.es\/eventos\/kcws2018\/wp-json\/wp\/v2\/pages"}],"about":[{"href":"https:\/\/www.ull.es\/eventos\/kcws2018\/wp-json\/wp\/v2\/types\/page"}],"author":[{"embeddable":true,"href":"https:\/\/www.ull.es\/eventos\/kcws2018\/wp-json\/wp\/v2\/users\/4"}],"replies":[{"embeddable":true,"href":"https:\/\/www.ull.es\/eventos\/kcws2018\/wp-json\/wp\/v2\/comments?post=21"}],"version-history":[{"count":28,"href":"https:\/\/www.ull.es\/eventos\/kcws2018\/wp-json\/wp\/v2\/pages\/21\/revisions"}],"predecessor-version":[{"id":177,"href":"https:\/\/www.ull.es\/eventos\/kcws2018\/wp-json\/wp\/v2\/pages\/21\/revisions\/177"}],"wp:attachment":[{"href":"https:\/\/www.ull.es\/eventos\/kcws2018\/wp-json\/wp\/v2\/media?parent=21"}],"curies":[{"name":"wp","href":"https:\/\/api.w.org\/{rel}","templated":true}]}}