{"id":205,"date":"2023-09-22T09:37:46","date_gmt":"2023-09-22T09:37:46","guid":{"rendered":"https:\/\/www.ull.es\/eventos\/la-educacion-en-la-ii-republica\/?page_id=205"},"modified":"2024-02-19T12:48:16","modified_gmt":"2024-02-19T12:48:16","slug":"multimedia","status":"publish","type":"page","link":"https:\/\/www.ull.es\/eventos\/la-educacion-en-la-ii-republica\/multimedia\/","title":{"rendered":"Multimedia"},"content":{"rendered":"<p>[vc_row gap=\u00bb35&#8243; equal_height=\u00bbyes\u00bb content_placement=\u00bbbottom\u00bb css=\u00bb.vc_custom_1695382441289{background-color: #f5f5f5 !important;background-position: center !important;background-repeat: no-repeat !important;background-size: cover !important;}\u00bb][vc_column width=\u00bb1\/3&#8243;][\/vc_column][vc_column width=\u00bb2\/3&#8243;][\/vc_column][\/vc_row][vc_row gap=\u00bb35&#8243; content_placement=\u00bbtop\u00bb css=\u00bb.vc_custom_1682423323488{padding-right: 90px !important;padding-left: 90px !important;background-color: #f5f5f5 !important;}\u00bb][vc_column width=\u00bb1\/3&#8243;][vc_separator color=\u00bbcustom\u00bb accent_color=\u00bb#8e8e8e\u00bb][vc_custom_heading text=\u00bbMULTIMEDIA\u00bb font_container=\u00bbtag:h1|font_size:3em|text_align:left|color:%23caa33f|line_height:100%25&#8243; google_fonts=\u00bbfont_family:Oswald%3A300%2Cregular%2C700|font_style:700%20bold%20regular%3A700%3Anormal\u00bb][vc_separator color=\u00bbcustom\u00bb accent_color=\u00bb#8e8e8e\u00bb][vc_empty_space][\/vc_column][vc_column width=\u00bb2\/3&#8243;][vc_row_inner][vc_column_inner][vc_separator color=\u00bbcustom\u00bb accent_color=\u00bb#8e8e8e\u00bb][vc_custom_heading text=\u00bbCAT\u00c1LOGO\u00bb font_container=\u00bbtag:h6|font_size:1.5em|text_align:left|color:%23caa33f|line_height:100%25&#8243; google_fonts=\u00bbfont_family:Oswald%3A300%2Cregular%2C700|font_style:400%20regular%3A400%3Anormal\u00bb][vc_empty_space][vc_column_text]<a href=\"https:\/\/riull.ull.es\/xmlui\/handle\/915\/34665\" target=\"_blank\" rel=\"noopener\">Cat\u00e1logo de la exposici\u00f3n<\/a>[\/vc_column_text][vc_empty_space][\/vc_column_inner][\/vc_row_inner][vc_row_inner][vc_column_inner][vc_separator color=\u00bbcustom\u00bb accent_color=\u00bb#8e8e8e\u00bb][vc_custom_heading text=\u00bbPRESENTACI\u00d3N\u00bb font_container=\u00bbtag:h6|font_size:1.5em|text_align:left|color:%23caa33f|line_height:100%25&#8243; google_fonts=\u00bbfont_family:Oswald%3A300%2Cregular%2C700|font_style:400%20regular%3A400%3Anormal\u00bb][vc_empty_space][vc_column_text]<a href=\"https:\/\/docs.google.com\/presentation\/d\/1sSv40-yjt4nyTuZ6aHAucOXhGw1WT7gPUUg86wqiT34\/edit#slide=id.p1\" target=\"_blank\" rel=\"noopener\">Una mirada al legado educativo de la II Rep\u00fablica <\/a>(Museo de la Educaci\u00f3n)[\/vc_column_text][vc_empty_space][\/vc_column_inner][\/vc_row_inner][vc_row_inner][vc_column_inner][vc_separator color=\u00bbcustom\u00bb accent_color=\u00bb#8e8e8e\u00bb][vc_custom_heading text=\u00bbCARTELES\u00bb font_container=\u00bbtag:h6|font_size:1.5em|text_align:left|color:%23caa33f|line_height:100%25&#8243; google_fonts=\u00bbfont_family:Oswald%3A300%2Cregular%2C700|font_style:400%20regular%3A400%3Anormal\u00bb][vc_empty_space][vc_media_grid element_width=\u00bb2&#8243; grid_id=\u00bbvc_gid:1708346829264-e65b6f4f-fc91-9&#8243; include=\u00bb214,213&#8243;][vc_empty_space][\/vc_column_inner][\/vc_row_inner][vc_row_inner][vc_column_inner][vc_separator color=\u00bbcustom\u00bb accent_color=\u00bb#8e8e8e\u00bb][vc_custom_heading text=\u00bbFOLLETOS\u00bb font_container=\u00bbtag:h6|font_size:1.5em|text_align:left|color:%23caa33f|line_height:100%25&#8243; google_fonts=\u00bbfont_family:Oswald%3A300%2Cregular%2C700|font_style:400%20regular%3A400%3Anormal\u00bb][vc_empty_space][vc_column_text]<a href=\"http:\/\/www.ull.es\/eventos\/la-educacion-en-la-ii-republica\/wp-content\/uploads\/sites\/54\/2023\/09\/Triptico-Repu\u0301blica-2006.pdf\" target=\"_blank\" rel=\"noopener\">Triptico Repu\u0301blica, 2006<\/a>[\/vc_column_text][vc_column_text]<a href=\"http:\/\/www.ull.es\/eventos\/la-educacion-en-la-ii-republica\/wp-content\/uploads\/sites\/54\/2023\/09\/Triptico-Repu\u0301blica-2007_.pdf\" target=\"_blank\" rel=\"noopener\">Triptico Repu\u0301blica, 2007<\/a>[\/vc_column_text][vc_column_text]<a href=\"http:\/\/www.ull.es\/eventos\/la-educacion-en-la-ii-republica\/wp-content\/uploads\/sites\/54\/2023\/09\/programa-de-mano.pdf\" target=\"_blank\" rel=\"noopener\">programa de mano<\/a>[\/vc_column_text][vc_empty_space][\/vc_column_inner][\/vc_row_inner][vc_row_inner][vc_column_inner][vc_separator color=\u00bbcustom\u00bb accent_color=\u00bb#8e8e8e\u00bb][vc_custom_heading text=\u00bbV\u00cdDEO\u00bb font_container=\u00bbtag:h6|font_size:1.5em|text_align:left|color:%23caa33f|line_height:100%25&#8243; google_fonts=\u00bbfont_family:Oswald%3A300%2Cregular%2C700|font_style:400%20regular%3A400%3Anormal\u00bb][vc_empty_space][vc_video link=\u00bbhttps:\/\/www.youtube.com\/watch?v=Dzs4W9NVMq4&#8243;][vc_empty_space][vc_column_text]Concierto de clausura de la Semana de la Facultad de Educaci\u00f3n de la Universidad de La Laguna en 2006, dedicada a la Educaci\u00f3n en la II Rep\u00fablica.<br \/>\n\u00abLa voz del pueblo\u00bb es una idea original de Ra\u00fal Marco Ruiz Guti\u00e9rrez (1949-2008)[\/vc_column_text][vc_empty_space][\/vc_column_inner][\/vc_row_inner][\/vc_column][\/vc_row][vc_row gap=\u00bb30&#8243; css=\u00bb.vc_custom_1682423464513{padding-right: 90px !important;padding-left: 90px !important;background-color: #f5f5f5 !important;}\u00bb][vc_column width=\u00bb1\/3&#8243;][vc_separator color=\u00bbcustom\u00bb accent_color=\u00bb#8e8e8e\u00bb][\/vc_column][vc_column width=\u00bb2\/3&#8243;][vc_separator color=\u00bbcustom\u00bb accent_color=\u00bb#8e8e8e\u00bb][\/vc_column][\/vc_row]<\/p>\n","protected":false},"excerpt":{"rendered":"<p>[vc_row gap=\u00bb35&#8243; equal_height=\u00bbyes\u00bb content_placement=\u00bbbottom\u00bb css=\u00bb.vc_custom_1695382441289{background-color: #f5f5f5 !important;background-position: center !important;background-repeat: no-repeat !important;background-size: cover !important;}\u00bb][vc_column width=\u00bb1\/3&#8243;][\/vc_column][vc_column width=\u00bb2\/3&#8243;][\/vc_column][\/vc_row][vc_row gap=\u00bb35&#8243; content_placement=\u00bbtop\u00bb css=\u00bb.vc_custom_1682423323488{padding-right: 90px !important;padding-left: 90px !important;background-color: #f5f5f5 !important;}\u00bb][vc_column width=\u00bb1\/3&#8243;][vc_separator color=\u00bbcustom\u00bb accent_color=\u00bb#8e8e8e\u00bb][vc_custom_heading text=\u00bbMULTIMEDIA\u00bb font_container=\u00bbtag:h1|font_size:3em|text_align:left|color:%23caa33f|line_height:100%25&#8243; google_fonts=\u00bbfont_family:Oswald%3A300%2Cregular%2C700|font_style:700%20bold%20regular%3A700%3Anormal\u00bb][vc_separator color=\u00bbcustom\u00bb accent_color=\u00bb#8e8e8e\u00bb][vc_empty_space][\/vc_column][vc_column width=\u00bb2\/3&#8243;][vc_row_inner][vc_column_inner][vc_separator color=\u00bbcustom\u00bb accent_color=\u00bb#8e8e8e\u00bb][vc_custom_heading text=\u00bbCAT\u00c1LOGO\u00bb font_container=\u00bbtag:h6|font_size:1.5em|text_align:left|color:%23caa33f|line_height:100%25&#8243; google_fonts=\u00bbfont_family:Oswald%3A300%2Cregular%2C700|font_style:400%20regular%3A400%3Anormal\u00bb][vc_empty_space][vc_column_text]Cat\u00e1logo de la exposici\u00f3n[\/vc_column_text][vc_empty_space][\/vc_column_inner][\/vc_row_inner][vc_row_inner][vc_column_inner][vc_separator color=\u00bbcustom\u00bb accent_color=\u00bb#8e8e8e\u00bb][vc_custom_heading text=\u00bbPRESENTACI\u00d3N\u00bb font_container=\u00bbtag:h6|font_size:1.5em|text_align:left|color:%23caa33f|line_height:100%25&#8243; google_fonts=\u00bbfont_family:Oswald%3A300%2Cregular%2C700|font_style:400%20regular%3A400%3Anormal\u00bb][vc_empty_space][vc_column_text]Una mirada al legado educativo de la II Rep\u00fablica (Museo&#8230;<\/p>\n","protected":false},"author":14,"featured_media":0,"parent":0,"menu_order":0,"comment_status":"closed","ping_status":"closed","template":"templates\/template-no-title.php","meta":{"footnotes":""},"class_list":["post-205","page","type-page","status-publish","hentry"],"_links":{"self":[{"href":"https:\/\/www.ull.es\/eventos\/la-educacion-en-la-ii-republica\/wp-json\/wp\/v2\/pages\/205"}],"collection":[{"href":"https:\/\/www.ull.es\/eventos\/la-educacion-en-la-ii-republica\/wp-json\/wp\/v2\/pages"}],"about":[{"href":"https:\/\/www.ull.es\/eventos\/la-educacion-en-la-ii-republica\/wp-json\/wp\/v2\/types\/page"}],"author":[{"embeddable":true,"href":"https:\/\/www.ull.es\/eventos\/la-educacion-en-la-ii-republica\/wp-json\/wp\/v2\/users\/14"}],"replies":[{"embeddable":true,"href":"https:\/\/www.ull.es\/eventos\/la-educacion-en-la-ii-republica\/wp-json\/wp\/v2\/comments?post=205"}],"version-history":[{"count":9,"href":"https:\/\/www.ull.es\/eventos\/la-educacion-en-la-ii-republica\/wp-json\/wp\/v2\/pages\/205\/revisions"}],"predecessor-version":[{"id":209,"href":"https:\/\/www.ull.es\/eventos\/la-educacion-en-la-ii-republica\/wp-json\/wp\/v2\/pages\/205\/revisions\/209"}],"wp:attachment":[{"href":"https:\/\/www.ull.es\/eventos\/la-educacion-en-la-ii-republica\/wp-json\/wp\/v2\/media?parent=205"}],"curies":[{"name":"wp","href":"https:\/\/api.w.org\/{rel}","templated":true}]}}