{"id":219,"date":"2023-09-22T12:23:52","date_gmt":"2023-09-22T12:23:52","guid":{"rendered":"https:\/\/www.ull.es\/eventos\/la-educacion-en-la-ii-republica\/?page_id=219"},"modified":"2023-09-22T12:35:18","modified_gmt":"2023-09-22T12:35:18","slug":"inicio","status":"publish","type":"page","link":"https:\/\/www.ull.es\/eventos\/la-educacion-en-la-ii-republica\/","title":{"rendered":"Inicio"},"content":{"rendered":"<p>[vc_row gap=\u00bb35&#8243; equal_height=\u00bbyes\u00bb content_placement=\u00bbbottom\u00bb css=\u00bb.vc_custom_1695385386410{background-image: url(http:\/\/www.ull.es\/eventos\/la-educacion-en-la-ii-republica\/wp-content\/uploads\/sites\/54\/2023\/09\/Maestras-de-la-Repu\u0301blica.jpg?id=221) !important;background-position: center !important;background-repeat: no-repeat !important;background-size: cover !important;}\u00bb][vc_column width=\u00bb1\/3&#8243;][vc_empty_space height=\u00bb600px\u00bb][\/vc_column][vc_column width=\u00bb2\/3&#8243;][\/vc_column][\/vc_row][vc_row gap=\u00bb35&#8243; content_placement=\u00bbtop\u00bb css=\u00bb.vc_custom_1682423323488{padding-right: 90px !important;padding-left: 90px !important;background-color: #f5f5f5 !important;}\u00bb][vc_column width=\u00bb1\/3&#8243;][vc_separator color=\u00bbcustom\u00bb accent_color=\u00bb#8e8e8e\u00bb][vc_custom_heading text=\u00bbUNA MIRADA AL LEGADO EDUCATIVO DE LA II REP\u00daBLICA\u00bb font_container=\u00bbtag:h1|font_size:3em|text_align:left|color:%23caa33f|line_height:100%25&#8243; google_fonts=\u00bbfont_family:Oswald%3A300%2Cregular%2C700|font_style:700%20bold%20regular%3A700%3Anormal\u00bb][vc_separator color=\u00bbcustom\u00bb accent_color=\u00bb#8e8e8e\u00bb][vc_empty_space][\/vc_column][vc_column width=\u00bb2\/3&#8243;][vc_separator color=\u00bbcustom\u00bb accent_color=\u00bb#8e8e8e\u00bb][vc_column_text]La Facultad de Educaci\u00f3n de la Universidad de La Laguna dedic\u00f3 en el a\u00f1o 2006 su semana cultural a la educaci\u00f3n en la II Rep\u00fablica, en conmemoraci\u00f3n del 75 aniversario de su proclamaci\u00f3n en 1936.<\/p>\n<p>Este centro, en colaboraci\u00f3n con la Biblioteca Universitaria y el Museo de la Educaci\u00f3n, pretend\u00eda dar a conocer una de las experiencias educativas m\u00e1s interesantes y novedosas de la educaci\u00f3n contempor\u00e1nea y, al mismo tiempo, homenajear a quienes quisieron llevar la ense\u00f1anza y la cultura a todos los rincones del pa\u00eds: los maestros republicanos.<\/p>\n<p>Con la exposici\u00f3n <i>Una mirada al legado educativo de la II Rep\u00fablica<\/i> se quiere dar cuenta de los rasgos distintivos de la reforma educativa republicana a trav\u00e9s de paneles informativos y una selecci\u00f3n de publicaciones editadas en aquella \u00e9poca y que forman parte del patrimonio bibliogr\u00e1fico de la Universidad de La Laguna.<\/p>\n<p>La exposici\u00f3n, que se ubica en el espacio cultural \u201cLa Capilla\u201d, cuenta con la recreaci\u00f3n de una escuela republicana -cedida por el Museo de la Educaci\u00f3n- , concebida desde las renovadas concepciones pedag\u00f3gicas que se pusieron en pr\u00e1ctica en aquel periodo. Adem\u00e1s del objetivo divulgativo y pedag\u00f3gico, el inter\u00e9s principal de la muestra es generar la reflexi\u00f3n y el debate sobre el legado educativo republicano.<\/p>\n<p>&nbsp;<\/p>\n<p><b>Una mirada al legado educativo de la II Rep\u00fablica<\/b><\/p>\n<p>La exposici\u00f3n bibliogr\u00e1fica pretend\u00eda\u00a0 mostrar, sin af\u00e1n de exhaustividad y con las limitaciones impuestas por el espacio expositivo, la colecci\u00f3n de la Biblioteca Universitaria relacionada con la Educaci\u00f3n en la Segunda Rep\u00fablica, que tiene su fundamento principal en la colecci\u00f3n proveniente de la Escuela Normal de Laguna, enriquecida a trav\u00e9s del Legado hecho por Luis Diego Cuscoy y, muy recientemente, por la donaci\u00f3n de la Familia Quintero Hern\u00e1ndez.<\/p>\n<p>La muestra se estructur\u00f3\u00a0 a trav\u00e9s de doce unidades tem\u00e1ticas\u00a0 organizadas en diferentes vitrinas e ilustradas por los paneles dise\u00f1ados por Ismael Garc\u00eda P\u00e9rez con textos del comisario, Manuel Ledesma Reyes.[\/vc_column_text][vc_empty_space][\/vc_column][\/vc_row][vc_row gap=\u00bb30&#8243; css=\u00bb.vc_custom_1682423464513{padding-right: 90px !important;padding-left: 90px !important;background-color: #f5f5f5 !important;}\u00bb][vc_column width=\u00bb1\/3&#8243;][vc_separator color=\u00bbcustom\u00bb accent_color=\u00bb#8e8e8e\u00bb][\/vc_column][vc_column width=\u00bb2\/3&#8243;][vc_separator color=\u00bbcustom\u00bb accent_color=\u00bb#8e8e8e\u00bb][\/vc_column][\/vc_row]<\/p>\n","protected":false},"excerpt":{"rendered":"<p>[vc_row gap=\u00bb35&#8243; equal_height=\u00bbyes\u00bb content_placement=\u00bbbottom\u00bb css=\u00bb.vc_custom_1695385386410{background-image: url(http:\/\/www.ull.es\/eventos\/la-educacion-en-la-ii-republica\/wp-content\/uploads\/sites\/54\/2023\/09\/Maestras-de-la-Repu\u0301blica.jpg?id=221) !important;background-position: center !important;background-repeat: no-repeat !important;background-size: cover !important;}\u00bb][vc_column width=\u00bb1\/3&#8243;][vc_empty_space height=\u00bb600px\u00bb][\/vc_column][vc_column width=\u00bb2\/3&#8243;][\/vc_column][\/vc_row][vc_row gap=\u00bb35&#8243; content_placement=\u00bbtop\u00bb css=\u00bb.vc_custom_1682423323488{padding-right: 90px !important;padding-left: 90px !important;background-color: #f5f5f5 !important;}\u00bb][vc_column width=\u00bb1\/3&#8243;][vc_separator color=\u00bbcustom\u00bb accent_color=\u00bb#8e8e8e\u00bb][vc_custom_heading text=\u00bbUNA MIRADA AL LEGADO EDUCATIVO DE LA II REP\u00daBLICA\u00bb font_container=\u00bbtag:h1|font_size:3em|text_align:left|color:%23caa33f|line_height:100%25&#8243; google_fonts=\u00bbfont_family:Oswald%3A300%2Cregular%2C700|font_style:700%20bold%20regular%3A700%3Anormal\u00bb][vc_separator color=\u00bbcustom\u00bb accent_color=\u00bb#8e8e8e\u00bb][vc_empty_space][\/vc_column][vc_column width=\u00bb2\/3&#8243;][vc_separator color=\u00bbcustom\u00bb accent_color=\u00bb#8e8e8e\u00bb][vc_column_text]La Facultad de Educaci\u00f3n de la Universidad de La Laguna dedic\u00f3 en&#8230;<\/p>\n","protected":false},"author":14,"featured_media":0,"parent":0,"menu_order":0,"comment_status":"closed","ping_status":"closed","template":"templates\/template-no-title.php","meta":{"footnotes":""},"class_list":["post-219","page","type-page","status-publish","hentry"],"_links":{"self":[{"href":"https:\/\/www.ull.es\/eventos\/la-educacion-en-la-ii-republica\/wp-json\/wp\/v2\/pages\/219"}],"collection":[{"href":"https:\/\/www.ull.es\/eventos\/la-educacion-en-la-ii-republica\/wp-json\/wp\/v2\/pages"}],"about":[{"href":"https:\/\/www.ull.es\/eventos\/la-educacion-en-la-ii-republica\/wp-json\/wp\/v2\/types\/page"}],"author":[{"embeddable":true,"href":"https:\/\/www.ull.es\/eventos\/la-educacion-en-la-ii-republica\/wp-json\/wp\/v2\/users\/14"}],"replies":[{"embeddable":true,"href":"https:\/\/www.ull.es\/eventos\/la-educacion-en-la-ii-republica\/wp-json\/wp\/v2\/comments?post=219"}],"version-history":[{"count":4,"href":"https:\/\/www.ull.es\/eventos\/la-educacion-en-la-ii-republica\/wp-json\/wp\/v2\/pages\/219\/revisions"}],"predecessor-version":[{"id":227,"href":"https:\/\/www.ull.es\/eventos\/la-educacion-en-la-ii-republica\/wp-json\/wp\/v2\/pages\/219\/revisions\/227"}],"wp:attachment":[{"href":"https:\/\/www.ull.es\/eventos\/la-educacion-en-la-ii-republica\/wp-json\/wp\/v2\/media?parent=219"}],"curies":[{"name":"wp","href":"https:\/\/api.w.org\/{rel}","templated":true}]}}