{"id":291,"date":"2022-04-08T09:13:33","date_gmt":"2022-04-08T09:13:33","guid":{"rendered":"https:\/\/www.ull.es\/eventos\/lasendadelnilo\/?page_id=291"},"modified":"2022-05-06T10:03:35","modified_gmt":"2022-05-06T10:03:35","slug":"el-desvanecimiento-de-la-cultura-egipcia-antigua","status":"publish","type":"page","link":"https:\/\/www.ull.es\/eventos\/lasendadelnilo\/el-desvanecimiento-de-la-cultura-egipcia-antigua\/","title":{"rendered":"El desvanecimiento  de la cultura egipcia antigua"},"content":{"rendered":"<p>[vc_row][vc_column][vc_single_image image=\u00bb521&#8243; img_size=\u00bbfull\u00bb][\/vc_column][\/vc_row][vc_row][vc_column width=\u00bb1\/6&#8243;][\/vc_column][vc_column width=\u00bb2\/3&#8243;][vc_custom_heading source=\u00bbpost_title\u00bb font_container=\u00bbtag:h1|text_align:left\u00bb google_fonts=\u00bbfont_family:Roboto%3A100%2C100italic%2C300%2C300italic%2Cregular%2Citalic%2C500%2C500italic%2C700%2C700italic%2C900%2C900italic|font_style:700%20bold%20regular%3A700%3Anormal\u00bb el_class=\u00bbtitulo-pagina\u00bb][vc_column_text]Durante tres milenios, la civilizaci\u00f3n egipcia se mantuvo viva y en continua renovaci\u00f3n. Las transformaciones ten\u00edan lugar conservando siempre su identidad Sin embargo, a fines del I milenio a.e., varias circunstancias provocaron una ruptura con su tradici\u00f3n. En 332 a.e., el ej\u00e9rcito macedonio dirigido por Alejandro Magno conquistaba Egipto. Desde ese momento y bajo el dominio de la dinast\u00eda iniciada por el general Ptolomeo Lago, se introdujeron importantes cambios en la sociedad. Demo-gr\u00e1ficos, por el asentamiento continuo de varones \u2013mercenarios licenciados\u2013 procedentes del Mediterr\u00e1neo oriental. Culturales, por la entrada progresiva de costumbres helenas, que fueron creando una nueva cultura h\u00edbrida en la que las herencias aut\u00f3ctonas se fundieron con las cl\u00e1sicas. Ling\u00fc\u00edsticos, por la adopci\u00f3n del griego y su escritura en la administraci\u00f3n del pa\u00eds, primero en paralelo a la lengua egipcia y la escritura dem\u00f3tica, y despu\u00e9s sustituy\u00e9ndolas a partir del dominio romano. Religiosos, por la aceptaci\u00f3n de cultos helen\u00edsticos y, desde el siglo I, del cristianismo que se extendi\u00f3 con relativa rapidez. Cuando se editaron los decretos de condena del paganismo a mediados del siglo IV, los egipcios fieles a los cultos tradicionales estaban ya en minor\u00eda, relegados a la zona meridional del pa\u00eds.<\/p>\n<p>Con la desaparici\u00f3n de los sacerdotes se perdi\u00f3 la capacidad de leer las escrituras que hab\u00edan creado sus antepasados: jerogl\u00edfica, hier\u00e1tica y dem\u00f3tica. En el templo de Filae, sobre una isla en la frontera meridional del pa\u00eds, se han documentado las \u00faltimas palabras escritas con ellas. El conocimiento de la civilizaci\u00f3n egipcia antigua quedaba vedado, ante la imposibilidad de entender los miles de textos que cubr\u00edan los templos, las tumbas y los objetos inscritos que todav\u00eda se encontrasen en ellos.<\/p>\n<p>Desde ese momento, sin la facultad de analizar los documentos en que los propios egipcios dejaron memoria de s\u00ed mismos, la \u00fanica v\u00eda para acceder al pasado del Valle del Nilo fueron algunas obras que las culturas mediterr\u00e1neas vecinas hab\u00edan escrito sobre la regi\u00f3n, textos que, estos s\u00ed, sobrevivieron a la desaparici\u00f3n de las sociedades antiguas: el Antiguo Testamento, obras de varios autores cl\u00e1sicos, tanto griegos como latinos, y de los Padres de la Iglesia. En todos los casos se trata de una mirada desde el exterior, con apriorismos culturales y religiosos, pero durante m\u00e1s de diez siglos fueron la \u00fanica fuente que proporcionaba alguna informaci\u00f3n sobre el Egipto antiguo.[\/vc_column_text][vc_separator css=\u00bb.vc_custom_1649413195907{margin-top: 30px !important;}\u00bb][\/vc_column][vc_column width=\u00bb1\/6&#8243;][\/vc_column][\/vc_row][vc_row][vc_column][vc_media_grid element_width=\u00bb3&#8243; gap=\u00bb3&#8243; item=\u00bbmasonryMedia_ScaleWithRotationLight\u00bb grid_id=\u00bbvc_gid:1651831302352-7e348182-bbcf-8&#8243; include=\u00bb298,296,299,297&#8243;][\/vc_column][\/vc_row][vc_row][vc_column width=\u00bb1\/6&#8243;][\/vc_column][vc_column width=\u00bb2\/3&#8243;][vc_tta_accordion style=\u00bbmodern\u00bb color=\u00bbmulled-wine\u00bb active_section=\u00bb0&#8243; no_fill=\u00bbtrue\u00bb collapsible_all=\u00bbtrue\u00bb][vc_tta_section title=\u00bbEgipto en el Antiguo Testamento\u00bb tab_id=\u00bb1650457412171-faa8b818-0934&#8243;][vc_column_text]Para los autores hebreos del Antiguo Testamento, Egipto era la encarnaci\u00f3n de la sabidur\u00eda y de la abominaci\u00f3n. En el Pentateuco y en otros libros del Canon, se encuentran numerosas referencias a la civilizaci\u00f3n del Valle del Nilo. Frente a un \u00fanico episodio relativamente favorable, la historia de Jos\u00e9, el resto de las menciones son negativas. El conocimiento de sus sabios se desprecia como algo que deb\u00eda ser superado; su gobierno era calificado de desp\u00f3tico; su pol\u00edtica exterior la de unos saqueadores \u2013a los que se atribuye el saqueo del templo de Salom\u00f3n\u2013; sus pr\u00e1cticas religiosas execrables y sus costumbres, sobre todo las de sus mujeres, disolutas. Hoy entendemos que la elite hebrea, y en especial sus sacerdotes, en el proceso de construir una identidad nacional, utiliz\u00f3 a su vecino Egipto como un espejo en negativo. Sus textos no reflejan la realidad de aquella civilizaci\u00f3n, sino una construcci\u00f3n cultural a la que atribuir todo lo que los intelectuales hebreos no deseaban para su sociedad. Sin embargo, la primera imagen que Europa tuvo de la civilizaci\u00f3n egipcia fue a trav\u00e9s de la Biblia y, con ella, una primera colecci\u00f3n de referencias negativas.[\/vc_column_text][\/vc_tta_section][\/vc_tta_accordion][vc_separator][vc_empty_space height=\u00bb72px\u00bb][vc_btn title=\u00bbVer la obra expuesta en el cat\u00e1logo en l\u00ednea de la Biblioteca\u00bb color=\u00bbmulled-wine\u00bb align=\u00bbcenter\u00bb button_block=\u00bbtrue\u00bb link=\u00bburl:https%3A%2F%2Fabsysnetweb.bbtk.ull.es%2Fcgi-bin%2Fabnetopac%3FACC%3DDOSEARCH%26xsqf99%3D(2020EXPIEGIPTO%20Testamento).t950.|title:Obra%20expuesta|target:_blank\u00bb][vc_separator][vc_empty_space height=\u00bb72px\u00bb][vc_row_inner][vc_column_inner width=\u00bb1\/3&#8243;][\/vc_column_inner][vc_column_inner width=\u00bb1\/3&#8243;][\/vc_column_inner][vc_column_inner width=\u00bb1\/3&#8243;][vc_btn title=\u00bbEgipto a trav\u00e9s del filtro de la cultura cl\u00e1sica\u00bb i_align=\u00bbright\u00bb i_icon_fontawesome=\u00bbfas fa-arrow-right\u00bb add_icon=\u00bbtrue\u00bb link=\u00bburl:https%3A%2F%2Fwww.ull.es%2Feventos%2Flasendadelnilo%2Fegipto-a-traves-del-filtro-de-la-cultura-clasica%2F|title:Egipto%20a%20trav%C3%A9s%20del%20filtro%20de%20la%20cultura%20cl%C3%A1sica\u00bb][\/vc_column_inner][\/vc_row_inner][\/vc_column][vc_column width=\u00bb1\/6&#8243;][\/vc_column][\/vc_row]<\/p>\n","protected":false},"excerpt":{"rendered":"<p>[vc_row][vc_column][vc_single_image image=\u00bb521&#8243; img_size=\u00bbfull\u00bb][\/vc_column][\/vc_row][vc_row][vc_column width=\u00bb1\/6&#8243;][\/vc_column][vc_column width=\u00bb2\/3&#8243;][vc_custom_heading source=\u00bbpost_title\u00bb font_container=\u00bbtag:h1|text_align:left\u00bb google_fonts=\u00bbfont_family:Roboto%3A100%2C100italic%2C300%2C300italic%2Cregular%2Citalic%2C500%2C500italic%2C700%2C700italic%2C900%2C900italic|font_style:700%20bold%20regular%3A700%3Anormal\u00bb el_class=\u00bbtitulo-pagina\u00bb][vc_column_text]Durante tres milenios, la civilizaci\u00f3n egipcia se mantuvo viva y en continua renovaci\u00f3n. Las transformaciones ten\u00edan lugar conservando siempre su identidad Sin embargo, a fines del I milenio a.e., varias circunstancias provocaron una ruptura con su tradici\u00f3n. En 332 a.e., el ej\u00e9rcito macedonio dirigido por Alejandro Magno&#8230;<\/p>\n","protected":false},"author":14,"featured_media":0,"parent":0,"menu_order":0,"comment_status":"closed","ping_status":"closed","template":"templates\/template-no-title.php","meta":{"footnotes":""},"class_list":["post-291","page","type-page","status-publish","hentry"],"_links":{"self":[{"href":"https:\/\/www.ull.es\/eventos\/lasendadelnilo\/wp-json\/wp\/v2\/pages\/291"}],"collection":[{"href":"https:\/\/www.ull.es\/eventos\/lasendadelnilo\/wp-json\/wp\/v2\/pages"}],"about":[{"href":"https:\/\/www.ull.es\/eventos\/lasendadelnilo\/wp-json\/wp\/v2\/types\/page"}],"author":[{"embeddable":true,"href":"https:\/\/www.ull.es\/eventos\/lasendadelnilo\/wp-json\/wp\/v2\/users\/14"}],"replies":[{"embeddable":true,"href":"https:\/\/www.ull.es\/eventos\/lasendadelnilo\/wp-json\/wp\/v2\/comments?post=291"}],"version-history":[{"count":35,"href":"https:\/\/www.ull.es\/eventos\/lasendadelnilo\/wp-json\/wp\/v2\/pages\/291\/revisions"}],"predecessor-version":[{"id":701,"href":"https:\/\/www.ull.es\/eventos\/lasendadelnilo\/wp-json\/wp\/v2\/pages\/291\/revisions\/701"}],"wp:attachment":[{"href":"https:\/\/www.ull.es\/eventos\/lasendadelnilo\/wp-json\/wp\/v2\/media?parent=291"}],"curies":[{"name":"wp","href":"https:\/\/api.w.org\/{rel}","templated":true}]}}