{"id":338,"date":"2022-04-18T08:04:09","date_gmt":"2022-04-18T08:04:09","guid":{"rendered":"https:\/\/www.ull.es\/eventos\/lasendadelnilo\/?page_id=338"},"modified":"2022-04-22T09:00:01","modified_gmt":"2022-04-22T09:00:01","slug":"la-invasion-francesa-de-egipto-en-1798","status":"publish","type":"page","link":"https:\/\/www.ull.es\/eventos\/lasendadelnilo\/la-invasion-francesa-de-egipto-en-1798\/","title":{"rendered":"La invasi\u00f3n francesa de Egipto en 1798"},"content":{"rendered":"<p>[vc_row][vc_column][vc_single_image image=\u00bb527&#8243; img_size=\u00bbfull\u00bb][\/vc_column][\/vc_row][vc_row][vc_column width=\u00bb1\/6&#8243;][\/vc_column][vc_column width=\u00bb2\/3&#8243;][vc_custom_heading source=\u00bbpost_title\u00bb font_container=\u00bbtag:h1|text_align:left\u00bb google_fonts=\u00bbfont_family:Roboto%3A100%2C100italic%2C300%2C300italic%2Cregular%2Citalic%2C500%2C500italic%2C700%2C700italic%2C900%2C900italic|font_style:700%20bold%20regular%3A700%3Anormal\u00bb el_class=\u00bbtitulo-pagina\u00bb][vc_column_text]Desde fines del siglo XVIII, Francia hab\u00eda trazado planes de conquista de Egipto con una finalidad geoestrat\u00e9gica: contrarrestar la expansi\u00f3n brit\u00e1nica en la India.<\/p>\n<p>En 1798, el Directorio confi\u00f3 la misi\u00f3n a Napole\u00f3n Bonaparte; doce d\u00edas despu\u00e9s del desembarco en Alejandr\u00eda, consegu\u00eda la victoria que permiti\u00f3 el acceso de las tropas a la capital en la famosa batalla de las Pir\u00e1mides. Sin embargo, no dispuso de recursos humanos ni materiales para imponerse en el resto del pa\u00eds. El general regres\u00f3 a Francia y sus sucesores consiguieron mantenerse con dificultades en algunas posiciones del Delta hasta la capitulaci\u00f3n ante los brit\u00e1nicos en 1801.<\/p>\n<p>Sin embargo, el legado cient\u00edfico de la campa\u00f1a consigui\u00f3 revertir ese clamoroso fracaso en un absoluto \u00e9xito cultural.<\/p>\n<p>El ej\u00e9rcito lleg\u00f3 acompa\u00f1ado por la denominada Comisi\u00f3n de las Ciencias y las Artes del Ej\u00e9rcito de Oriente, compuesta por unos 165 cient\u00edficos, ingenieros y artistas. Crearon el Instituto de Egipto cuyo objetivo era investigar la naturaleza, la econom\u00eda y la historia del pa\u00eds y, con ellas, extender la Ilustraci\u00f3n en Egipto. Acompa\u00f1aban a las tropas en su desplazamiento, lo que les permiti\u00f3 alcanzar lugares adonde no hab\u00edan llegado los viajeros anteriores.<\/p>\n<p>Tras la derrota ante los brit\u00e1nicos, estos exigieron la entrega de todo el material reunido por la Comisi\u00f3n. Las antig\u00fcedades fueron traspasadas \u2013esa es la raz\u00f3n por la que la Estela de Rosetta, la <em>Piedra<\/em>, est\u00e1 en el British Museum\u2013 pero finalmente se permiti\u00f3 a los franceses guardar su informaci\u00f3n manuscrita.<\/p>\n<p>Unos meses despu\u00e9s, Bonaparte orden\u00f3 que todos los resultados de las investigaciones se publicaran en una gran obra impresa. Esta labor se convirti\u00f3 en un proyecto de Estado, de dimensiones sin precedentes.<\/p>\n<p>La <em>Description de l\u2019Egypte<\/em> est\u00e1 formada por nueve vol\u00famenes de texto, once de l\u00e1minas \u2013algunos en varios tomos\u2013 y tres del atlas geogr\u00e1fico. Su publicaci\u00f3n abarc\u00f3 desde 1810 hasta 1824. El contenido se divide en tres secciones: Antig\u00fcedades, Historia Natural y Estado Moderno. En realidad, m\u00e1s de la mitad de las p\u00e1ginas est\u00e1n dedicadas a las primeras, lo que muestra c\u00f3mo el pasado fara\u00f3nico hab\u00eda impactado en la imaginaci\u00f3n de los \u00absabios\u00bb. Con esta obra se inicia la Egiptolog\u00eda acad\u00e9mica.<\/p>\n<p>El prefacio de Joseph Fourier es un ejemplo de la perspectiva sobre Oriente que estaban creando las ideas de la Ilustraci\u00f3n combinadas con los intereses europeos. Egipto aparec\u00eda como la cuna de la civilizaci\u00f3n \u2013este era entonces un concepto nuevo, creado a finales del siglo XVIII\u2013 donde hab\u00edan aprendido los grandes pensadores griegos y que hab\u00eda dado prestigio a Alejandro Magno, a los conquistadores romanos\u2026 y a Bonaparte. Pero tambi\u00e9n se dec\u00eda: \u00abEste pa\u00eds [\u2026] est\u00e1 en la actualidad sumido en la barbarie\u00bb; de ah\u00ed la necesidad de la conquista francesa que pretend\u00eda devolver a Egipto los beneficios de una civilizaci\u00f3n que \u00e9l mismo hab\u00eda creado. Las bases intelectuales del colonialismo del siglo XIX quedaban establecidas.[\/vc_column_text][vc_separator css=\u00bb.vc_custom_1649413195907{margin-top: 30px !important;}\u00bb][\/vc_column][vc_column width=\u00bb1\/6&#8243;][\/vc_column][\/vc_row][vc_row][vc_column][vc_masonry_media_grid gap=\u00bb3&#8243; grid_id=\u00bbvc_gid:1650617982421-0cd8ff9c-921a-8&#8243; include=\u00bb341,340,339,342&#8243;][\/vc_column][\/vc_row][vc_row][vc_column width=\u00bb1\/6&#8243;][\/vc_column][vc_column width=\u00bb2\/3&#8243;][vc_separator][vc_empty_space][vc_btn title=\u00bbVer la obra expuesta en el cat\u00e1logo en l\u00ednea de la Biblioteca\u00bb color=\u00bbmulled-wine\u00bb align=\u00bbcenter\u00bb button_block=\u00bbtrue\u00bb][vc_separator][vc_empty_space height=\u00bb72px\u00bb][vc_row_inner][vc_column_inner width=\u00bb1\/3&#8243;][vc_btn title=\u00bbLa documentaci\u00f3n sobre el Egipto antiguo en la Europa de la Edad Moderna\u00bb color=\u00bbchino\u00bb i_icon_fontawesome=\u00bbfas fa-arrow-left\u00bb add_icon=\u00bbtrue\u00bb link=\u00bburl:https%3A%2F%2Fwww.ull.es%2Feventos%2Flasendadelnilo%2Fla-documentacion-sobre-el-egipto-antiguo-en-la-europa-de-la-edad-moderna%2F|title:La%20documentaci%C3%B3n%20sobre%20%20el%20Egipto%20antiguo%20en%20la%20Europa%20de%20la%20Edad%20Moderna\u00bb][\/vc_column_inner][vc_column_inner width=\u00bb1\/3&#8243;][\/vc_column_inner][vc_column_inner width=\u00bb1\/3&#8243;][vc_btn title=\u00bbEl desciframiento de la escritura jerogl\u00edfica\u00bb color=\u00bbchino\u00bb i_align=\u00bbright\u00bb i_icon_fontawesome=\u00bbfas fa-arrow-right\u00bb add_icon=\u00bbtrue\u00bb link=\u00bburl:https%3A%2F%2Fwww.ull.es%2Feventos%2Flasendadelnilo%2Fel-desciframiento-de-la-escritura-jeroglifica%2F|title:El%20desciframiento%20%20de%20la%20escritura%20jerogl%C3%ADfica\u00bb][\/vc_column_inner][\/vc_row_inner][\/vc_column][vc_column width=\u00bb1\/6&#8243;][\/vc_column][\/vc_row]<\/p>\n","protected":false},"excerpt":{"rendered":"<p>[vc_row][vc_column][vc_single_image image=\u00bb527&#8243; img_size=\u00bbfull\u00bb][\/vc_column][\/vc_row][vc_row][vc_column width=\u00bb1\/6&#8243;][\/vc_column][vc_column width=\u00bb2\/3&#8243;][vc_custom_heading source=\u00bbpost_title\u00bb font_container=\u00bbtag:h1|text_align:left\u00bb google_fonts=\u00bbfont_family:Roboto%3A100%2C100italic%2C300%2C300italic%2Cregular%2Citalic%2C500%2C500italic%2C700%2C700italic%2C900%2C900italic|font_style:700%20bold%20regular%3A700%3Anormal\u00bb el_class=\u00bbtitulo-pagina\u00bb][vc_column_text]Desde fines del siglo XVIII, Francia hab\u00eda trazado planes de conquista de Egipto con una finalidad geoestrat\u00e9gica: contrarrestar la expansi\u00f3n brit\u00e1nica en la India. En 1798, el Directorio confi\u00f3 la misi\u00f3n a Napole\u00f3n Bonaparte; doce d\u00edas despu\u00e9s del desembarco en Alejandr\u00eda, consegu\u00eda la victoria que permiti\u00f3 el&#8230;<\/p>\n","protected":false},"author":14,"featured_media":0,"parent":0,"menu_order":0,"comment_status":"closed","ping_status":"closed","template":"templates\/template-no-title.php","meta":{"footnotes":""},"class_list":["post-338","page","type-page","status-publish","hentry"],"_links":{"self":[{"href":"https:\/\/www.ull.es\/eventos\/lasendadelnilo\/wp-json\/wp\/v2\/pages\/338"}],"collection":[{"href":"https:\/\/www.ull.es\/eventos\/lasendadelnilo\/wp-json\/wp\/v2\/pages"}],"about":[{"href":"https:\/\/www.ull.es\/eventos\/lasendadelnilo\/wp-json\/wp\/v2\/types\/page"}],"author":[{"embeddable":true,"href":"https:\/\/www.ull.es\/eventos\/lasendadelnilo\/wp-json\/wp\/v2\/users\/14"}],"replies":[{"embeddable":true,"href":"https:\/\/www.ull.es\/eventos\/lasendadelnilo\/wp-json\/wp\/v2\/comments?post=338"}],"version-history":[{"count":14,"href":"https:\/\/www.ull.es\/eventos\/lasendadelnilo\/wp-json\/wp\/v2\/pages\/338\/revisions"}],"predecessor-version":[{"id":595,"href":"https:\/\/www.ull.es\/eventos\/lasendadelnilo\/wp-json\/wp\/v2\/pages\/338\/revisions\/595"}],"wp:attachment":[{"href":"https:\/\/www.ull.es\/eventos\/lasendadelnilo\/wp-json\/wp\/v2\/media?parent=338"}],"curies":[{"name":"wp","href":"https:\/\/api.w.org\/{rel}","templated":true}]}}