{"id":359,"date":"2022-04-18T10:06:23","date_gmt":"2022-04-18T10:06:23","guid":{"rendered":"https:\/\/www.ull.es\/eventos\/lasendadelnilo\/?page_id=359"},"modified":"2022-05-06T10:05:52","modified_gmt":"2022-05-06T10:05:52","slug":"egipto-entre-la-reorganizacion-de-mehemed-ali-y-el-protectorado-britanico","status":"publish","type":"page","link":"https:\/\/www.ull.es\/eventos\/lasendadelnilo\/egipto-entre-la-reorganizacion-de-mehemed-ali-y-el-protectorado-britanico\/","title":{"rendered":"Egipto entre la reorganizaci\u00f3n de Mehemed Ali y el protectorado brit\u00e1nico"},"content":{"rendered":"<p>[vc_row][vc_column][vc_single_image image=\u00bb531&#8243; img_size=\u00bbfull\u00bb][\/vc_column][\/vc_row][vc_row][vc_column width=\u00bb1\/6&#8243;][\/vc_column][vc_column width=\u00bb2\/3&#8243;][vc_custom_heading source=\u00bbpost_title\u00bb font_container=\u00bbtag:h1|text_align:left\u00bb google_fonts=\u00bbfont_family:Roboto%3A100%2C100italic%2C300%2C300italic%2Cregular%2Citalic%2C500%2C500italic%2C700%2C700italic%2C900%2C900italic|font_style:700%20bold%20regular%3A700%3Anormal\u00bb el_class=\u00bbtitulo-pagina\u00bb][vc_column_text]Tras la salida del ej\u00e9rcito franc\u00e9s, Egipto volvi\u00f3 a quedar integrado en el Imperio otomano. Se produjeron, sin embargo, cambios en el gobierno del virreinato. Mehemed Ali, el jefe del contingente alban\u00e9s enviado para devolver a los mamelucos a la obediencia, fue nombrado virrey por los ulemas locales.<\/p>\n<p>El establecimiento de una autoridad centralizada asegur\u00f3 a Ali la imposici\u00f3n del orden en el pa\u00eds. Organiz\u00f3 una r\u00e1pida industrializaci\u00f3n que asegurase la autosuficiencia en cuesti\u00f3n armament\u00edstica; las innovaciones se extendieron despu\u00e9s a la industria textil y de alimentaci\u00f3n. La b\u00fasqueda de mercados para estas manufacturas tom\u00f3 la forma de una expansi\u00f3n militar \u2013Siria, pen\u00ednsula ar\u00e1biga\u2013 de forma similar al comportamiento de las potencias coloniales, favorecida por la creaci\u00f3n de una armada y una marina mercante.<\/p>\n<p>La agresiva pol\u00edtica industrial empez\u00f3 a afectar a los comerciantes brit\u00e1nicos, que ten\u00edan en el Oriente Pr\u00f3ximo uno de sus compradores, mientras que la expansi\u00f3n exterior aument\u00f3 el recelo del Imperio otomano. Este, con apoyo del Reino Unido, consigui\u00f3 hacerle perder sus conquistas, excepto Sud\u00e1n. Egipto quedaba abierto a los productos europeos y relegado a productor de materias primas. En compensaci\u00f3n, Mehemed Ali obtuvo la capacidad de elegir sucesor en el seno de su familia, lo que dio lugar al nacimiento de la dinast\u00eda Albanesa.<\/p>\n<p>Tan importante como las realizaciones materiales de su virreinato fue el sentimiento que se cre\u00f3 en la poblaci\u00f3n de pertenecer a una entidad nacional y no s\u00f3lo a una comunidad. Los egipcios empezaron a identificarse con la administraci\u00f3n que los reg\u00eda.<\/p>\n<p>Los sucesores inmediatos no supieron estar a la altura del fundador din\u00e1stico. Las potencias coloniales europeas tampoco les dejaron margen de maniobra. Las actividades econ\u00f3micas m\u00e1s destacadas correspondieron a empresas brit\u00e1nicas (ferrocarril Alejandr\u00eda-Cairo, tel\u00e9grafos, Banco de Egipto) o francesas (canal de Suez). Sin embargo, fueron reforzando su autonom\u00eda pol\u00edtica. Bajo Abbas I se reuni\u00f3 el primer parlamento egipcio, como cuerpo consultivo, y un a\u00f1o despu\u00e9s \u00e9l recibi\u00f3 el t\u00edtulo de jedive, lo que supon\u00eda un paso definitivo hacia la independencia de facto. En 1873, el sult\u00e1n le otorg\u00f3 la completa administraci\u00f3n de Egipto \u2013que adoptar\u00e1 el \u00e1rabe como lengua\u2013 y el poder legislativo.<\/p>\n<p>Un cambio tan trascendental se vio oscurecido por los problemas econ\u00f3micos provocados por la construcci\u00f3n del canal de Suez y, sobre todo, por los fastos de su inauguraci\u00f3n. Ante la imposibilidad de hacer frente a un vencimiento de deuda, el jedive vendi\u00f3 sus acciones de Suez al gobierno brit\u00e1nico. Y un a\u00f1o m\u00e1s tarde, en 1876, tuvo que aceptar el establecimiento de la Caja de la Deuda P\u00fablica, formada por cuatro comisionados de Reino Unido, Francia, Austria e Italia. Los dos primeros, adem\u00e1s, controlaban el Ministerio de Obras P\u00fablicas.<\/p>\n<p>En 1881, el coronel Ahmed Orabi, l\u00edder del partido nacionalista, consigui\u00f3 la victoria en las elecciones. Como ministro de guerra, reclam\u00f3 la supresi\u00f3n del control europeo. En respuesta, la escuadra brit\u00e1nica bombarde\u00f3 Alejandr\u00eda en julio y derrot\u00f3 a las tropas egipcias poco despu\u00e9s. Reino Unido afirm\u00f3 no pretender un dominio permanente, pues la Caisse era ya un instrumento suficiente de intervenci\u00f3n. Sin embargo, las tropas no se retiraron con el pretexto del peligro de la revuelta religiosa e independentista de el-Mahdi en Sud\u00e1n y, desde 1883, los brit\u00e1nicos empezaron a reemplazar a los egipcios en los puestos gubernamentales.[\/vc_column_text][vc_separator css=\u00bb.vc_custom_1649413195907{margin-top: 30px !important;}\u00bb][\/vc_column][vc_column width=\u00bb1\/6&#8243;][\/vc_column][\/vc_row][vc_row][vc_column][vc_masonry_media_grid gap=\u00bb3&#8243; grid_id=\u00bbvc_gid:1651831540225-5157a72c-1266-5&#8243; include=\u00bb362,361,360&#8243;][\/vc_column][\/vc_row][vc_row][vc_column width=\u00bb1\/6&#8243;][\/vc_column][vc_column width=\u00bb2\/3&#8243;][vc_tta_accordion style=\u00bbmodern\u00bb color=\u00bbmulled-wine\u00bb active_section=\u00bb0&#8243; no_fill=\u00bbtrue\u00bb collapsible_all=\u00bbtrue\u00bb][vc_tta_section title=\u00bbEgipto en la obra de ge\u00f3grafos y etn\u00f3grafos de la Europa colonial\u00bb tab_id=\u00bb1650459892711-6d22d59a-e777&#8243;][vc_column_text]El Egipto del siglo XIX que describieron ge\u00f3grafos y etn\u00f3grafos occidentales se comparaba, en bastantes casos, con el mundo antiguo, visto este a trav\u00e9s de su representaci\u00f3n en los relieves y pinturas. No fueron conscientes de la idealizaci\u00f3n de estas im\u00e1genes.<\/p>\n<p>Analizaban la sociedad contempor\u00e1nea influidos por la idea del Romanticismo de que el pueblo llano conservaba el <i>Volkgeist<\/i>, el \u00abgenio\u00bb, de las naciones. Tambi\u00e9n por una concepci\u00f3n de la diversidad gen\u00e9tica de la humanidad como una evidencia de la jerarqu\u00eda entre estados, culturas y religiones.<\/p>\n<p>La poblaci\u00f3n egipcia era presentada en dos grupos: los campesinos, <i>fellahs<\/i> en \u00e1rabe, y los residentes en n\u00facleos urbanos, en especial Alejandr\u00eda y El Cairo. Los primeros eran considerados los herederos de la civilizaci\u00f3n antigua, pero \u00abdegenerados\u00bb por razones sociales \u2013impuestos\u2013 y f\u00edsicas \u2013enfermedades\u2013 como si unos y otras no hubieran existido en la Antig\u00fcedad. Los segundos eran vistos como una mezcla de razas. La presencia en las ciudades de comunidades y religiones diversas, reflejo de la pluralidad \u00e9tnica y cultural del Imperio otomano, era mostrada con suspicacia o incluso hostilidad. Los cambios en la agricultura y la incipiente industrializaci\u00f3n se criticaban por su insuficiencia. Se denunciaban los defectos del sistema administrativo otomano-egipcio, pero no se ten\u00edan en cuenta las trabas que la propia Europa colonial impon\u00eda a la modernizaci\u00f3n de la regi\u00f3n.[\/vc_column_text][\/vc_tta_section][vc_tta_section title=\u00bbLa inundaci\u00f3n anual y la bu\u0301squeda de las fuentes del Nilo\u00bb tab_id=\u00bb1650460997325-c4fc4a9b-076f\u00bb][vc_column_text]Uno de los rasgos m\u00e1s llamativos del Nilo era la subida anual de su caudal. De julio a octubre \u2013en el calendario actual\u2013 el pa\u00eds se convert\u00eda en un lago. Las aguas rebajaban los calores del verano y dejaban, al retirarse, una capa de limo muy f\u00e9rtil. El trabajo de los campesinos, la eficacia de la administraci\u00f3n y la fecundidad de los campos fueron la base econ\u00f3mica de la civilizaci\u00f3n antigua y, en parte, de la reorganizaci\u00f3n en el siglo XIX.<\/p>\n<p>En la actualidad sabemos que la inundaci\u00f3n y sus limos proceden de las lluvias monz\u00f3nicas ca\u00eddas a finales de la primavera y verano en Etiop\u00eda, tra\u00eddos por el Nilo Azul y el Atbara.<\/p>\n<p>Sin embargo, en la Antig\u00fcedad, Claudio Ptolomeo hab\u00eda aceptado la noticia del nacimiento del Nilo en unos Montes de la Luna que se encontrar\u00edan por debajo de la l\u00ednea del Ecuador.<\/p>\n<p>En el siglo XVII, el curso del Nilo Azul fue descrito por el jesuita espa\u00f1ol Pedro P\u00e1ez Jaramillo, aunque las publicaciones internacionales siguen atribuyendo el descubrimiento a un viajero escoc\u00e9s posterior.<\/p>\n<p>La aportaci\u00f3n del Nilo Blanco, menor en volumen pero m\u00e1s regular, procede de \u00c1frica Central. No fue hasta la segunda mitad del siglo XIX cuando una serie de expediciones, en competencia entre s\u00ed, reconociera la red de lagos y cauces fluviales que transportaba las lluvias ecuatoriales, alimentando el r\u00edo.[\/vc_column_text][\/vc_tta_section][vc_tta_section title=\u00bbLa apertura del canal de Suez\u00bb tab_id=\u00bb1650460996111-a4acd974-1603&#8243;][vc_column_text]A finales del I milenio a.e., el Imperio persa hab\u00eda abierto un canal que, aprovechando el wadi Tumilat, un\u00eda una rama del Nilo con los lagos Timsah y Amargos, hasta los que probablemente llegaba entonces el golfo de Suez. Con periodos de colmataci\u00f3n tras los que era reabierto, se mantuvo transitable alrededor de un milenio.<\/p>\n<p>El recuerdo de esta v\u00eda incentiv\u00f3 planes posteriores, en especial durante la campa\u00f1a napole\u00f3nica, para unir el mar Mediterr\u00e1neo con el Rojo.<\/p>\n<p>En 1954, Ferdinand de Lesseps, amigo personal del virrey, recibi\u00f3 el poder exclusivo de constituir y dirigir una compa\u00f1\u00eda universal para abrir el canal entre ambos mares y su explotaci\u00f3n posterior.<\/p>\n<p>Las condiciones de trabajo fueron dur\u00edsimas y costaron la vida a miles de campesinos forzados a trabajar seg\u00fan un sistema de <i>corveas<\/i>.<\/p>\n<p>La obra fue inaugurada en noviembre de 1869. Las celebraciones de apertura, para las que no se escatimaron gastos, provocaron el endeudamiento egipcio. Cinco a\u00f1os despu\u00e9s, ante la imposibilidad de hacer frente a un vencimiento bancario, el jedive tuvo que vender sus acciones de la compa\u00f1\u00eda, circunstancia que aprovech\u00f3 el gobierno ingl\u00e9s para ocupar un lugar destacado en su consejo de administraci\u00f3n.[\/vc_column_text][\/vc_tta_section][\/vc_tta_accordion][vc_separator][vc_empty_space height=\u00bb72px\u00bb][vc_btn title=\u00bbVer la obra expuesta en el cat\u00e1logo en l\u00ednea de la Biblioteca\u00bb color=\u00bbmulled-wine\u00bb align=\u00bbcenter\u00bb button_block=\u00bbtrue\u00bb link=\u00bburl:https%3A%2F%2Fabsysnetweb.bbtk.ull.es%2Fcgi-bin%2Fabnetopac%3FACC%3DDOSEARCH%26xsqf99%3D(2020EXPIEGIPTO).t950.%20(Geografos%20o%20Canal%20o%20Fuentes).T950.|target:_blank\u00bb][vc_separator][vc_empty_space height=\u00bb72px\u00bb][vc_row_inner][vc_column_inner width=\u00bb1\/3&#8243;][vc_btn title=\u00bbEl desciframiento de la escritura jerogl\u00edfica\u00bb color=\u00bbchino\u00bb i_icon_fontawesome=\u00bbfas fa-arrow-left\u00bb add_icon=\u00bbtrue\u00bb link=\u00bburl:https%3A%2F%2Fwww.ull.es%2Feventos%2Flasendadelnilo%2Fel-desciframiento-de-la-escritura-jeroglifica%2F|title:El%20desciframiento%20%20de%20la%20escritura%20jerogl%C3%ADfica\u00bb][\/vc_column_inner][vc_column_inner width=\u00bb1\/3&#8243;][\/vc_column_inner][vc_column_inner width=\u00bb1\/3&#8243;][vc_btn title=\u00bbNilo arriba. De los exploradores al turismo\u00bb color=\u00bbchino\u00bb i_align=\u00bbright\u00bb i_icon_fontawesome=\u00bbfas fa-arrow-right\u00bb add_icon=\u00bbtrue\u00bb link=\u00bburl:https%3A%2F%2Fwww.ull.es%2Feventos%2Flasendadelnilo%2Fnilo-arriba-de-los-exploradores-al-turismo%2F|title:Nilo%20arriba.%20De%20los%20exploradores%20%20al%20turismo\u00bb][\/vc_column_inner][\/vc_row_inner][\/vc_column][vc_column width=\u00bb1\/6&#8243;][\/vc_column][\/vc_row]<\/p>\n","protected":false},"excerpt":{"rendered":"<p>[vc_row][vc_column][vc_single_image image=\u00bb531&#8243; img_size=\u00bbfull\u00bb][\/vc_column][\/vc_row][vc_row][vc_column width=\u00bb1\/6&#8243;][\/vc_column][vc_column width=\u00bb2\/3&#8243;][vc_custom_heading source=\u00bbpost_title\u00bb font_container=\u00bbtag:h1|text_align:left\u00bb google_fonts=\u00bbfont_family:Roboto%3A100%2C100italic%2C300%2C300italic%2Cregular%2Citalic%2C500%2C500italic%2C700%2C700italic%2C900%2C900italic|font_style:700%20bold%20regular%3A700%3Anormal\u00bb el_class=\u00bbtitulo-pagina\u00bb][vc_column_text]Tras la salida del ej\u00e9rcito franc\u00e9s, Egipto volvi\u00f3 a quedar integrado en el Imperio otomano. Se produjeron, sin embargo, cambios en el gobierno del virreinato. Mehemed Ali, el jefe del contingente alban\u00e9s enviado para devolver a los mamelucos a la obediencia, fue nombrado virrey por los ulemas&#8230;<\/p>\n","protected":false},"author":14,"featured_media":0,"parent":0,"menu_order":0,"comment_status":"closed","ping_status":"closed","template":"templates\/template-no-title.php","meta":{"footnotes":""},"class_list":["post-359","page","type-page","status-publish","hentry"],"_links":{"self":[{"href":"https:\/\/www.ull.es\/eventos\/lasendadelnilo\/wp-json\/wp\/v2\/pages\/359"}],"collection":[{"href":"https:\/\/www.ull.es\/eventos\/lasendadelnilo\/wp-json\/wp\/v2\/pages"}],"about":[{"href":"https:\/\/www.ull.es\/eventos\/lasendadelnilo\/wp-json\/wp\/v2\/types\/page"}],"author":[{"embeddable":true,"href":"https:\/\/www.ull.es\/eventos\/lasendadelnilo\/wp-json\/wp\/v2\/users\/14"}],"replies":[{"embeddable":true,"href":"https:\/\/www.ull.es\/eventos\/lasendadelnilo\/wp-json\/wp\/v2\/comments?post=359"}],"version-history":[{"count":12,"href":"https:\/\/www.ull.es\/eventos\/lasendadelnilo\/wp-json\/wp\/v2\/pages\/359\/revisions"}],"predecessor-version":[{"id":707,"href":"https:\/\/www.ull.es\/eventos\/lasendadelnilo\/wp-json\/wp\/v2\/pages\/359\/revisions\/707"}],"wp:attachment":[{"href":"https:\/\/www.ull.es\/eventos\/lasendadelnilo\/wp-json\/wp\/v2\/media?parent=359"}],"curies":[{"name":"wp","href":"https:\/\/api.w.org\/{rel}","templated":true}]}}