{"id":390,"date":"2022-04-18T13:54:14","date_gmt":"2022-04-18T13:54:14","guid":{"rendered":"https:\/\/www.ull.es\/eventos\/lasendadelnilo\/?page_id=390"},"modified":"2022-05-06T10:07:18","modified_gmt":"2022-05-06T10:07:18","slug":"los-precursores-de-la-egiptologia-en-espana","status":"publish","type":"page","link":"https:\/\/www.ull.es\/eventos\/lasendadelnilo\/los-precursores-de-la-egiptologia-en-espana\/","title":{"rendered":"Los precursores de la Egiptolog\u00eda en Espa\u00f1a"},"content":{"rendered":"<p>[vc_row][vc_column][vc_single_image image=\u00bb535&#8243; img_size=\u00bbfull\u00bb][\/vc_column][\/vc_row][vc_row][vc_column width=\u00bb1\/6&#8243;][\/vc_column][vc_column width=\u00bb2\/3&#8243;][vc_custom_heading source=\u00bbpost_title\u00bb font_container=\u00bbtag:h1|text_align:left\u00bb google_fonts=\u00bbfont_family:Roboto%3A100%2C100italic%2C300%2C300italic%2Cregular%2Citalic%2C500%2C500italic%2C700%2C700italic%2C900%2C900italic|font_style:700%20bold%20regular%3A700%3Anormal\u00bb el_class=\u00bbtitulo-pagina\u00bb][vc_column_text]La Egiptolog\u00eda en una especialidad hist\u00f3rica de reciente desarrollo en los medios acad\u00e9micos espa\u00f1oles. Pero eso no quiere decir que no haya existido un cierto inter\u00e9s por la civilizaci\u00f3n egipcia antigua en el pasado, igual que lo hubo por la griega o la romana.<\/p>\n<p>En el siglo XVIII, varias piezas de origen egipcio procedentes de Italia y reunidas en las colecciones reales y en privadas sirvieron de base a los primeros estudios sobre su valor art\u00edstico, como el de Isidoro Bosarte (1791).<\/p>\n<p>En la primera mitad del siglo XIX apenas hubo publicaciones en las que la civilizaci\u00f3n egipcia estuviera presente. La mayor\u00eda eran traducciones de Historias Universales francesas. Los eruditos ten\u00edan un dif\u00edcil acceso a las aportaciones de la investigaci\u00f3n internacional, como demuestra que en la d\u00e9cada de 1860 algunos desconoc\u00edan que el desciframiento de la escritura se hab\u00eda producido cuatro d\u00e9cadas antes.<\/p>\n<p>La apertura del canal de Suez, los cambios pol\u00edticos desde 1868 y una ambici\u00f3n de mayor presencia internacional \u2013evidente en el circuito mediterr\u00e1neo de la fragata Arapiles\u2013 despertaron un cierto inter\u00e9s hacia Oriente. La inauguraci\u00f3n del Museo Arqueol\u00f3gico Nacional en Madrid permiti\u00f3 una peque\u00f1a exhibici\u00f3n de piezas a la que se fueron incorporando donaciones desde colecciones privadas. Estas eran peque\u00f1as en volumen y n\u00famero, adquiridas en anticuarios europeos o en el propio Egipto, en viajes de placer o en el desempe\u00f1o de un cargo oficial en tr\u00e1nsito hacia Filipinas. Los responsables de la colecci\u00f3n estatal, Juan de Dios de la Rada y Jos\u00e9 Ram\u00f3n M\u00e9lida, escribieron los primeros estudios de cultura material egipcia publicados por autores espa\u00f1oles.<\/p>\n<p>En la Universidad espa\u00f1ola decimon\u00f3nica, un \u00fanico docente impart\u00eda desde la Prehistoria a la Edad Contempor\u00e1nea. No era un contexto propicio para el nivel de especializaci\u00f3n que exig\u00eda ya la Oriental\u00edstica internacional. El historiador Miguel Morayta se interes\u00f3 por el Egipto antiguo, incentivado probablemente por su pertenencia a la Masoner\u00eda. \u00c9l fue quien propici\u00f3 un proyecto de ley para crear las primeras c\u00e1tedras especializadas en lenguas orientales, que habr\u00edan de servir como base para el estudio de los textos escritos como fuente hist\u00f3rica. Sin embargo, el proyecto fracas\u00f3, seguramente por el contexto nacional, 1898, poco propicio a nuevos gastos. La crisis posterior y el cambio de perspectiva respecto a Espa\u00f1a y la Historia, enfriaron ese primer intento de que surgiera una escuela egiptol\u00f3gica.<\/p>\n<p>Sin intereses colonialistas en Oriente \u2013que han sido uno de los motores fundamentales de la actividad arqueol\u00f3gica\u2013 Espa\u00f1a no hizo intentos de desarrollar una actividad egiptol\u00f3gica in situ. Las \u00fanicas intervenciones de autor\u00eda espa\u00f1ola son obra de individuos a t\u00edtulo personal. Residentes en Egipto, de profesiones diversas \u2013un arquitecto, un profesor universitario, sacerdotes\u2013 se interesaron por las antig\u00fcedades y realizaron unas primeras actuaciones que no tienen continuidad con la Egiptolog\u00eda actual. El m\u00e1s destacado fue Eduard Toda i G\u00fcell, un c\u00f3nsul que particip\u00f3 en el viaje de inspecci\u00f3n anual al Alto Egipto en 1886, en calidad de amigo del director del Service, y que asisti\u00f3 a la apertura de la primera tumba hallada intacta en una excavaci\u00f3n autorizada.[\/vc_column_text][vc_separator css=\u00bb.vc_custom_1649413195907{margin-top: 30px !important;}\u00bb][\/vc_column][vc_column width=\u00bb1\/6&#8243;][\/vc_column][\/vc_row][vc_row][vc_column][vc_masonry_media_grid gap=\u00bb3&#8243; grid_id=\u00bbvc_gid:1651831380744-341f075b-f95d-7&#8243; include=\u00bb387,386,384,385&#8243;][\/vc_column][\/vc_row][vc_row][vc_column width=\u00bb1\/6&#8243;][\/vc_column][vc_column width=\u00bb2\/3&#8243;][vc_tta_accordion style=\u00bbmodern\u00bb color=\u00bbmulled-wine\u00bb active_section=\u00bb0&#8243; no_fill=\u00bbtrue\u00bb collapsible_all=\u00bbtrue\u00bb][vc_tta_section title=\u00bbLos inicios de la Egiptologi\u0301a en Espan\u0303a\u00bb tab_id=\u00bb1650462003992-10bbecac-3afb\u00bb][vc_column_text]Una parte de las obras expuestas en vitrinas previas est\u00e1n escritas o traducidas por autores hispanos y, por tanto, act\u00faan de precedente a esta \u00faltima. En ella se muestra el retraso con el que se fue introduciendo la Egiptolog\u00eda acad\u00e9mica europea, nacida en la primera mitad del siglo XIX, en los medios universitarios y acad\u00e9micos espa\u00f1oles a partir del \u00faltimo tercio del siglo.<\/p>\n<p>En d\u00e9cadas previas, los eruditos espa\u00f1oles son meros receptores del conocimiento que se ha producido en otros pa\u00edses. Desconectados de los centros de creaci\u00f3n historiogr\u00e1fica, las obras muestran una llegada de informaci\u00f3n aleatoria. Se traducen obras de viajeros o de historiadores con d\u00e9cadas de retraso (<i>El nuevo viajero\u2026<\/i>, de 1859-1862 da a conocer los viajes de Burckhardt, 1812-1817, o de Belzoni, 1815-1819) y las de redacci\u00f3n propia muestran que los descubrimientos no han llegado (<i>Paleograf\u00eda\u2026 <\/i>de Paluzie describe todav\u00eda los signos de la escritura egipcia como ideogr\u00e1ficos en 1846).<\/p>\n<p>Las primeras iniciativas, por ese desconocimiento, resultan desfasadas o sin medios. La expedici\u00f3n de la fragata Arapiles se organiza en 1871, cuando ya se ha creado el <i>Service<\/i> que limita las actividades y llega a Egipto sin fondos, por lo que no pueden ni desplazarse fuera de Alejandr\u00eda.<\/p>\n<p>La iniciativa aislada de algunos individuos, en las \u00faltimas d\u00e9cadas del siglo, produce unos primeros frutos, pero estos no llegan a adquirir la entidad de una escuela egiptol\u00f3gica.[\/vc_column_text][\/vc_tta_section][\/vc_tta_accordion][vc_separator][vc_empty_space height=\u00bb72px\u00bb][vc_btn title=\u00bbVer la obra expuesta en el cat\u00e1logo en l\u00ednea de la Biblioteca\u00bb color=\u00bbmulled-wine\u00bb align=\u00bbcenter\u00bb button_block=\u00bbtrue\u00bb link=\u00bburl:https%3A%2F%2Fabsysnetweb.bbtk.ull.es%2Fcgi-bin%2Fabnetopac%3FACC%3DDOSEARCH%26xsqf99%3D(2020EXPIEGIPTO%20Egiptologia%20Espana).t950.|target:_blank\u00bb][vc_separator][vc_empty_space height=\u00bb72px\u00bb][vc_row_inner][vc_column_inner width=\u00bb1\/3&#8243;][vc_btn title=\u00bbLas antig\u00fcedades convertidas en patrimonio hist\u00f3rico del estado egipcio\u00bb color=\u00bbchino\u00bb i_icon_fontawesome=\u00bbfas fa-arrow-left\u00bb add_icon=\u00bbtrue\u00bb link=\u00bburl:https%3A%2F%2Fwww.ull.es%2Feventos%2Flasendadelnilo%2Flas-antiguedades-convertidas-en-patrimonio-historico-del-estado-egipcio%2F|title:Las%20antig%C3%BCedades%20convertidas%20en%20patrimonio%20hist%C3%B3rico%20del%20estado%20egipcio\u00bb][\/vc_column_inner][vc_column_inner width=\u00bb1\/3&#8243;][\/vc_column_inner][vc_column_inner width=\u00bb1\/3&#8243;][\/vc_column_inner][\/vc_row_inner][\/vc_column][vc_column width=\u00bb1\/6&#8243;][\/vc_column][\/vc_row]<\/p>\n","protected":false},"excerpt":{"rendered":"<p>[vc_row][vc_column][vc_single_image image=\u00bb535&#8243; img_size=\u00bbfull\u00bb][\/vc_column][\/vc_row][vc_row][vc_column width=\u00bb1\/6&#8243;][\/vc_column][vc_column width=\u00bb2\/3&#8243;][vc_custom_heading source=\u00bbpost_title\u00bb font_container=\u00bbtag:h1|text_align:left\u00bb google_fonts=\u00bbfont_family:Roboto%3A100%2C100italic%2C300%2C300italic%2Cregular%2Citalic%2C500%2C500italic%2C700%2C700italic%2C900%2C900italic|font_style:700%20bold%20regular%3A700%3Anormal\u00bb el_class=\u00bbtitulo-pagina\u00bb][vc_column_text]La Egiptolog\u00eda en una especialidad hist\u00f3rica de reciente desarrollo en los medios acad\u00e9micos espa\u00f1oles. Pero eso no quiere decir que no haya existido un cierto inter\u00e9s por la civilizaci\u00f3n egipcia antigua en el pasado, igual que lo hubo por la griega o la romana. En el siglo&#8230;<\/p>\n","protected":false},"author":14,"featured_media":0,"parent":0,"menu_order":0,"comment_status":"closed","ping_status":"closed","template":"templates\/template-no-title.php","meta":{"footnotes":""},"class_list":["post-390","page","type-page","status-publish","hentry"],"_links":{"self":[{"href":"https:\/\/www.ull.es\/eventos\/lasendadelnilo\/wp-json\/wp\/v2\/pages\/390"}],"collection":[{"href":"https:\/\/www.ull.es\/eventos\/lasendadelnilo\/wp-json\/wp\/v2\/pages"}],"about":[{"href":"https:\/\/www.ull.es\/eventos\/lasendadelnilo\/wp-json\/wp\/v2\/types\/page"}],"author":[{"embeddable":true,"href":"https:\/\/www.ull.es\/eventos\/lasendadelnilo\/wp-json\/wp\/v2\/users\/14"}],"replies":[{"embeddable":true,"href":"https:\/\/www.ull.es\/eventos\/lasendadelnilo\/wp-json\/wp\/v2\/comments?post=390"}],"version-history":[{"count":10,"href":"https:\/\/www.ull.es\/eventos\/lasendadelnilo\/wp-json\/wp\/v2\/pages\/390\/revisions"}],"predecessor-version":[{"id":711,"href":"https:\/\/www.ull.es\/eventos\/lasendadelnilo\/wp-json\/wp\/v2\/pages\/390\/revisions\/711"}],"wp:attachment":[{"href":"https:\/\/www.ull.es\/eventos\/lasendadelnilo\/wp-json\/wp\/v2\/media?parent=390"}],"curies":[{"name":"wp","href":"https:\/\/api.w.org\/{rel}","templated":true}]}}