{"id":395,"date":"2022-04-19T11:37:22","date_gmt":"2022-04-19T11:37:22","guid":{"rendered":"https:\/\/www.ull.es\/eventos\/lasendadelnilo\/?page_id=395"},"modified":"2022-04-22T10:16:41","modified_gmt":"2022-04-22T10:16:41","slug":"creditos","status":"publish","type":"page","link":"https:\/\/www.ull.es\/eventos\/lasendadelnilo\/creditos\/","title":{"rendered":"Cr\u00e9ditos"},"content":{"rendered":"<p>[vc_row][vc_column][vc_single_image image=\u00bb275&#8243; img_size=\u00bbfull\u00bb][\/vc_column][\/vc_row][vc_row][vc_column width=\u00bb1\/6&#8243;][\/vc_column][vc_column width=\u00bb2\/3&#8243;][vc_custom_heading source=\u00bbpost_title\u00bb font_container=\u00bbtag:h1|text_align:left\u00bb google_fonts=\u00bbfont_family:Roboto%3A100%2C100italic%2C300%2C300italic%2Cregular%2Citalic%2C500%2C500italic%2C700%2C700italic%2C900%2C900italic|font_style:700%20bold%20regular%3A700%3Anormal\u00bb][vc_empty_space][vc_column_text]<\/p>\n<h3>Comisario<\/h3>\n<p>Miguel \u00c1ngel Molinero Polo<\/p>\n<h3>Equipo de la Biblioteca<\/h3>\n<p>Paz Fern\u00e1ndez Palomeque<br \/>\nSonia Garc\u00eda Y\u00e1nez<br \/>\nCarmen G\u00f3mez-Pablos Calvo<br \/>\nCarmen Lahuerta Hern\u00e1ndez<br \/>\nPaqui Rivero Cabeza<\/p>\n<h3>Dise\u00f1o gr\u00e1fico<\/h3>\n<p>Ismael Garc\u00eda<\/p>\n<h3>Agradecimientos<\/h3>\n<p>Emilia Carmona Calero<br \/>\nJos\u00e9 Miguel Barrios Mufrege<br \/>\nJuan Manuel Cabrera S\u00e1nchez<br \/>\nManuel de Paz S\u00e1nchez<br \/>\nJos\u00e9 Antonio Ramos Arteaga<br \/>\nChaxiraxi Mar\u00eda Escuela Cruz<br \/>\nAgrupaci\u00f3n de Teatro de Filolog\u00eda<br \/>\nRosario Siverio Batista<br \/>\nJezabell Gonz\u00e1lez[\/vc_column_text][vc_separator css=\u00bb.vc_custom_1649413195907{margin-top: 30px !important;}\u00bb][\/vc_column][vc_column width=\u00bb1\/6&#8243;][\/vc_column][\/vc_row]<\/p>\n","protected":false},"excerpt":{"rendered":"<p>[vc_row][vc_column][vc_single_image image=\u00bb275&#8243; img_size=\u00bbfull\u00bb][\/vc_column][\/vc_row][vc_row][vc_column width=\u00bb1\/6&#8243;][\/vc_column][vc_column width=\u00bb2\/3&#8243;][vc_custom_heading source=\u00bbpost_title\u00bb font_container=\u00bbtag:h1|text_align:left\u00bb google_fonts=\u00bbfont_family:Roboto%3A100%2C100italic%2C300%2C300italic%2Cregular%2Citalic%2C500%2C500italic%2C700%2C700italic%2C900%2C900italic|font_style:700%20bold%20regular%3A700%3Anormal\u00bb][vc_empty_space][vc_column_text] Comisario Miguel \u00c1ngel Molinero Polo Equipo de la Biblioteca Paz Fern\u00e1ndez Palomeque Sonia Garc\u00eda Y\u00e1nez Carmen G\u00f3mez-Pablos Calvo Carmen Lahuerta Hern\u00e1ndez Paqui Rivero Cabeza Dise\u00f1o gr\u00e1fico Ismael Garc\u00eda Agradecimientos Emilia Carmona Calero Jos\u00e9 Miguel Barrios Mufrege Juan Manuel Cabrera S\u00e1nchez Manuel de Paz S\u00e1nchez Jos\u00e9 Antonio Ramos&#8230;<\/p>\n","protected":false},"author":14,"featured_media":0,"parent":0,"menu_order":0,"comment_status":"closed","ping_status":"closed","template":"templates\/template-no-title.php","meta":{"footnotes":""},"class_list":["post-395","page","type-page","status-publish","hentry"],"_links":{"self":[{"href":"https:\/\/www.ull.es\/eventos\/lasendadelnilo\/wp-json\/wp\/v2\/pages\/395"}],"collection":[{"href":"https:\/\/www.ull.es\/eventos\/lasendadelnilo\/wp-json\/wp\/v2\/pages"}],"about":[{"href":"https:\/\/www.ull.es\/eventos\/lasendadelnilo\/wp-json\/wp\/v2\/types\/page"}],"author":[{"embeddable":true,"href":"https:\/\/www.ull.es\/eventos\/lasendadelnilo\/wp-json\/wp\/v2\/users\/14"}],"replies":[{"embeddable":true,"href":"https:\/\/www.ull.es\/eventos\/lasendadelnilo\/wp-json\/wp\/v2\/comments?post=395"}],"version-history":[{"count":7,"href":"https:\/\/www.ull.es\/eventos\/lasendadelnilo\/wp-json\/wp\/v2\/pages\/395\/revisions"}],"predecessor-version":[{"id":649,"href":"https:\/\/www.ull.es\/eventos\/lasendadelnilo\/wp-json\/wp\/v2\/pages\/395\/revisions\/649"}],"wp:attachment":[{"href":"https:\/\/www.ull.es\/eventos\/lasendadelnilo\/wp-json\/wp\/v2\/media?parent=395"}],"curies":[{"name":"wp","href":"https:\/\/api.w.org\/{rel}","templated":true}]}}