{"id":417,"date":"2022-04-19T12:28:41","date_gmt":"2022-04-19T12:28:41","guid":{"rendered":"https:\/\/www.ull.es\/eventos\/lasendadelnilo\/?page_id=417"},"modified":"2023-04-27T13:09:31","modified_gmt":"2023-04-27T13:09:31","slug":"diadellibro","status":"publish","type":"page","link":"https:\/\/www.ull.es\/eventos\/lasendadelnilo\/diadellibro\/","title":{"rendered":"D\u00eda del libro"},"content":{"rendered":"<p>[vc_row][vc_column][vc_single_image image=\u00bb281&#8243; img_size=\u00bbfull\u00bb][\/vc_column][\/vc_row][vc_row][vc_column width=\u00bb1\/6&#8243;][\/vc_column][vc_column width=\u00bb2\/3&#8243;][vc_empty_space][vc_custom_heading source=\u00bbpost_title\u00bb font_container=\u00bbtag:h1|text_align:left\u00bb google_fonts=\u00bbfont_family:Roboto%3A100%2C100italic%2C300%2C300italic%2Cregular%2Citalic%2C500%2C500italic%2C700%2C700italic%2C900%2C900italic|font_style:700%20bold%20regular%3A700%3Anormal\u00bb el_class=\u00bbtitulo-pagina\u00bb][vc_column_text]<\/p>\n<h3>Viernes 22 de abril de 2022<\/h3>\n<p><strong>11:00 h.<\/strong><br \/>\nFirma del acta de aceptaci\u00f3n de la donaci\u00f3n de los herederos de Gumersindo Trujillo.<br \/>\nFirma del acta de aceptaci\u00f3n de la donaci\u00f3n de la Asociaci\u00f3n de Antiguos Alumnos y Amigos de la Universidad de La Laguna.<\/p>\n<p><strong>12.00 h<\/strong>.<br \/>\nInauguraci\u00f3n de la exposici\u00f3n: <em>En la senda del Nilo: la mirada de Occidente a Egipto y su pasado<\/em>.<br \/>\nRepresentaci\u00f3n de la Asociaci\u00f3n de Teatro de Filolog\u00eda de la obra an\u00f3nima <em>El n\u00e1ufrago: relato del Egipto antiguo<\/em>.<\/p>\n<p><strong>18:00 h.<\/strong><br \/>\nReuni\u00f3n del Club de Lectura de la Biblioteca de la Universidad de La Laguna en torno a la obra <em>No digas que fue un sue\u00f1o<\/em>, de Terenci Moix.<br \/>\nSala de Conferencias de la Biblioteca General y de Humanidades.[\/vc_column_text][vc_separator css=\u00bb.vc_custom_1649413195907{margin-top: 30px !important;}\u00bb][\/vc_column][vc_column width=\u00bb1\/6&#8243;][\/vc_column][\/vc_row]<\/p>\n","protected":false},"excerpt":{"rendered":"<p>[vc_row][vc_column][vc_single_image image=\u00bb281&#8243; img_size=\u00bbfull\u00bb][\/vc_column][\/vc_row][vc_row][vc_column width=\u00bb1\/6&#8243;][\/vc_column][vc_column width=\u00bb2\/3&#8243;][vc_empty_space][vc_custom_heading source=\u00bbpost_title\u00bb font_container=\u00bbtag:h1|text_align:left\u00bb google_fonts=\u00bbfont_family:Roboto%3A100%2C100italic%2C300%2C300italic%2Cregular%2Citalic%2C500%2C500italic%2C700%2C700italic%2C900%2C900italic|font_style:700%20bold%20regular%3A700%3Anormal\u00bb el_class=\u00bbtitulo-pagina\u00bb][vc_column_text] Viernes 22 de abril de 2022 11:00 h. Firma del acta de aceptaci\u00f3n de la donaci\u00f3n de los herederos de Gumersindo Trujillo. Firma del acta de aceptaci\u00f3n de la donaci\u00f3n de la Asociaci\u00f3n de Antiguos Alumnos y Amigos de la Universidad de La Laguna. 12.00 h&#8230;.<\/p>\n","protected":false},"author":14,"featured_media":0,"parent":0,"menu_order":0,"comment_status":"closed","ping_status":"closed","template":"templates\/template-no-title.php","meta":{"footnotes":""},"class_list":["post-417","page","type-page","status-publish","hentry"],"_links":{"self":[{"href":"https:\/\/www.ull.es\/eventos\/lasendadelnilo\/wp-json\/wp\/v2\/pages\/417"}],"collection":[{"href":"https:\/\/www.ull.es\/eventos\/lasendadelnilo\/wp-json\/wp\/v2\/pages"}],"about":[{"href":"https:\/\/www.ull.es\/eventos\/lasendadelnilo\/wp-json\/wp\/v2\/types\/page"}],"author":[{"embeddable":true,"href":"https:\/\/www.ull.es\/eventos\/lasendadelnilo\/wp-json\/wp\/v2\/users\/14"}],"replies":[{"embeddable":true,"href":"https:\/\/www.ull.es\/eventos\/lasendadelnilo\/wp-json\/wp\/v2\/comments?post=417"}],"version-history":[{"count":7,"href":"https:\/\/www.ull.es\/eventos\/lasendadelnilo\/wp-json\/wp\/v2\/pages\/417\/revisions"}],"predecessor-version":[{"id":714,"href":"https:\/\/www.ull.es\/eventos\/lasendadelnilo\/wp-json\/wp\/v2\/pages\/417\/revisions\/714"}],"wp:attachment":[{"href":"https:\/\/www.ull.es\/eventos\/lasendadelnilo\/wp-json\/wp\/v2\/media?parent=417"}],"curies":[{"name":"wp","href":"https:\/\/api.w.org\/{rel}","templated":true}]}}