{"id":153,"date":"2020-01-15T14:22:26","date_gmt":"2020-01-15T13:22:26","guid":{"rendered":"http:\/\/www.ull.es\/eventos\/luces-sobre-un-tiempo-en-gris\/?page_id=153"},"modified":"2020-01-16T09:53:15","modified_gmt":"2020-01-16T08:53:15","slug":"presentacion","status":"publish","type":"page","link":"https:\/\/www.ull.es\/eventos\/luces-sobre-un-tiempo-en-gris\/presentacion\/","title":{"rendered":"PRESENTACI\u00d3N"},"content":{"rendered":"<p>[vc_row][vc_column][vc_column_text]<\/p>\n<h1>PRESENTACI\u00d3N<\/h1>\n<p>[\/vc_column_text][vc_empty_space][vc_separator][vc_single_image image=\u00bb157&#8243; img_size=\u00bbfull\u00bb][vc_empty_space][vc_separator][vc_column_text]<\/p>\n<div class=\"span6 offset2 texto\">\n<p><em>Luces sobre un tiempo en gris: exposici\u00f3n bibliogr\u00e1fica sobre la represi\u00f3n franquista en Canarias<\/em> \u201d es el t\u00edtulo de la muestra conmemorativa del D\u00eda del Libro 2013 que tuvo lugar en la Biblioteca General y de Humanidades de la Universidad de La Laguna.<\/p>\n<p>En esta exposici\u00f3n se ha reunido un conjunto de obras y documentos (estudios acad\u00e9micos, memorias, fuentes literarias, fotograf\u00edas y otros documentos personales, materiales y objetos cedidos por otras instituciones, audiovisuales y obras art\u00edsticas), con los cuales se pretende iluminar un periodo velado, un tiempo impuesto, de tristeza y sufrimiento, un tiempo de silencio. Fueron momentos en los que la cultura, la literatura y el arte estuvieron afectados por la censura, al igual que ocurri\u00f3 con la prensa clandestina, que nunca pudo ver la luz de la edici\u00f3n en libertad. Por \u00faltimo, a diferencia de otras sociedades que han sufrido totalitarismos similares, es un tiempo que durante muchos a\u00f1os ha permanecido en gris, recubierto por la p\u00e1tina del olvido y del miedo.<\/p>\n<p>Adem\u00e1s del evidente inter\u00e9s hist\u00f3rico del tema, al tratarse de un per\u00edodo de la historia reciente de nuestras islas, esta exposici\u00f3n se presenta como una magn\u00edfica oportunidad para mostrar los valiosos fondos bibliogr\u00e1ficos contempor\u00e1neos con los que cuenta la Biblioteca de la Universidad de La Laguna, como es el caso del Fondo de Canarias que naturalmente constituye el grueso de las obras expuestas y es uno de los m\u00e1s importantes fondos de investigaci\u00f3n de nuestra biblioteca y del conjunto del Archipi\u00e9lago.<\/p>\n<p>Estructurada en diez apartados expositivos, condensados en ocho paneles tem\u00e1ticos, la muestra comienza con unos breves apuntes sobre <em>La Segunda Rep\u00fablica en Canarias (1931-1939)<\/em> que ayudan a entender la fuerte oleada represiva desatada tras el comienzo de la Guerra Civil. Contin\u00faa con la secci\u00f3n destinada a <em>La Guerra Civil en Canarias: retaguardia y resistencia, <\/em>en la cual se re\u00fanen obras y documentos que relatan tanto el papel desempe\u00f1ado por Canarias en el estallido de la Guerra como su desarrollo en el Archipi\u00e9lago, los focos de resistencia y las actividades de los republicanos canarios en la Pen\u00ednsula.<\/p>\n<p>El apartado titulado <em>La<\/em> <em>represi\u00f3n pol\u00edtica durante la Guerra Civil: presos judiciales y su memoria <\/em>concentra un conjunto de obras que describen el fen\u00f3meno represivo en distintas islas, otras que versan sobre figuras concretas sometidas a procesos judiciales con los distintos desenlaces que \u00e9stos tuvieron (penas de c\u00e1rcel, batallones de trabajo o fusilamientos) y obras relativas a procesos a organizaciones sindicales en particular. Este apartado re\u00fane tambi\u00e9n un importante n\u00famero de testimonios de personas represaliadas a trav\u00e9s de memorias, obras de ficci\u00f3n y de la \u00abpalabra cautiva\u00bb generada en las c\u00e1rceles canarias durante la guerra y la posguerra. El apartado <em>La<\/em> <em>represi\u00f3n pol\u00edtica durante la Guerra Civil: los desaparecidos <\/em>se centra en el oscuro fen\u00f3meno de las desapariciones llevadas a cabo en Canarias durante el per\u00edodo de la Guerra Civil.<\/p>\n<p>Bajo el ep\u00edgrafe <em>Atrapados en azul: fascistizaci\u00f3n, represi\u00f3n y supervivencia<\/em> se muestra un conjunto de libros, revistas y peri\u00f3dicos sobre el aparato propagand\u00edstico del r\u00e9gimen, la Falange y la Iglesia, que contribuyen a entender el papel de ambas instituciones y de la sociedad canaria en la construcci\u00f3n y aceptaci\u00f3n de la cultura nacional-cat\u00f3lica. Asimismo, se incluyen en esta secci\u00f3n algunos estudios sobre la autarqu\u00eda y la labor realizada por el Mando Econ\u00f3mico en el Archipi\u00e9lago. La dimensi\u00f3n econ\u00f3mica de la represi\u00f3n, tanto durante la guerra como en momentos posteriores, y la visi\u00f3n sobre la situaci\u00f3n econ\u00f3mica de las islas en esos a\u00f1os se completa con trabajos acad\u00e9micos sobre el racionamiento, el estraperlo y la emigraci\u00f3n clandestina, motivada esta \u00faltima por tales condiciones de escasez, pero debida tambi\u00e9n a la presi\u00f3n ejercida por las autoridades franquistas sobre quienes hab\u00edan estado vinculados con el republicanismo.<\/p>\n<p><em>La represi\u00f3n franquista en el \u00e1mbito educativo y cultural<\/em> aborda, mediante una selecci\u00f3n de obras diversas, la actuaci\u00f3n del nuevo r\u00e9gimen sobre la ense\u00f1anza, que afect\u00f3 al magisterio, al profesorado universitario y, en menor medida al alumnado, pero tambi\u00e9n a libros y bibliotecas escolares y al modelo de escuela mixta de la Rep\u00fablica <em>. <\/em>Este apartado contiene tambi\u00e9n una peque\u00f1a selecci\u00f3n de obras y otros documentos relevantes sobre figuras de la literatura, el arte y el periodismo canario que permite ilustrar la acci\u00f3n represiva en el \u00e1mbito cultural. Estas personalidades sufrieron sus efectos de manera diversa: desde la muerte, la c\u00e1rcel y el destierro por su vinculaci\u00f3n pol\u00edtica directa o de sus familiares con la Rep\u00fablica, hasta los consejos de guerra o las multas por su oposici\u00f3n al r\u00e9gimen o por publicar una determinada obra o art\u00edculo period\u00edstico. Este apartado se adentra en el lenguaje de autores canarios censurados, algunos de los cuales han sido considerados pioneros de la llamada \u00abpoes\u00eda social\u00bb en Espa\u00f1a.<\/p>\n<p>En <em>Mujeres bajo el franquismo<\/em> las obras seleccionadas revelan tanto el modelo de feminidad promovido por el r\u00e9gimen como la vida de las mujeres represaliadas o las que se sit\u00faan en el frente de lucha antifranquista. Bajo el t\u00edtulo <em>Oposici\u00f3n pol\u00edtica y represi\u00f3n en el tardofranquismo<\/em> diversas obras y documentos analizan c\u00f3mo a lo largo de la d\u00e9cada de los sesenta del siglo pasado empiezan a aparecer p\u00fablicamente algunas manifestaciones de la lucha antifranquista en las islas, organizadas en la clandestinidad, que sufren episodios de represi\u00f3n. En este sentido se incorporan obras que han estudiado estos movimientos, algunas publicaciones significativas que dieron cobertura a la resistencia antifranquista y tambi\u00e9n obras relativas al papel de destacadas figuras de la oposici\u00f3n pol\u00edtica al franquismo en Canarias.<\/p>\n<p>Esta exposici\u00f3n se cierra con <em>La recuperaci\u00f3n de la Memoria Hist\u00f3rica<\/em> puesto que en los \u00faltimos a\u00f1os ha cobrado m\u00e1xima actualidad debido al debate social generado a partir de la demanda de reparaci\u00f3n impulsada por las familias de las v\u00edctimas. En este apartado se analiza la contribuci\u00f3n realizada a este movimiento tanto desde instituciones acad\u00e9micas y de investigaci\u00f3n como desde las diversas asociaciones para la recuperaci\u00f3n de la memoria existentes en Canarias. Exponemos referencias a dichas asociaciones y a la intervenci\u00f3n de las universidades y otras instituciones p\u00fablicas en proyectos de investigaci\u00f3n orientados a la recuperaci\u00f3n de fuentes orales y escritas, as\u00ed como a la exhumaci\u00f3n de restos en distintos enclaves de las Islas.<\/p>\n<p>Finalmente, las voces escritas seleccionadas para esta exposici\u00f3n se complementan con fuentes orales de protagonistas de la represi\u00f3n en la secci\u00f3n audiovisual de la muestra. Por \u00faltimo, algunas serigraf\u00edas de Jos\u00e9 Luis Vega y Antonio Gamiz, y algunas pictograf\u00edas de Eduardo Martin\u00f3n, todas ellas inspiradas en el universo carcelario canario de la posguerra (Fyffes, Gando y La Isleta), completan esta exposici\u00f3n bibliogr\u00e1fica y documental.<\/p>\n<\/div>\n<p>[\/vc_column_text][vc_empty_space][vc_separator][\/vc_column][\/vc_row]<\/p>\n","protected":false},"excerpt":{"rendered":"<p>[vc_row][vc_column][vc_column_text] PRESENTACI\u00d3N [\/vc_column_text][vc_empty_space][vc_separator][vc_single_image image=\u00bb157&#8243; img_size=\u00bbfull\u00bb][vc_empty_space][vc_separator][vc_column_text] Luces sobre un tiempo en gris: exposici\u00f3n bibliogr\u00e1fica sobre la represi\u00f3n franquista en Canarias \u201d es el t\u00edtulo de la muestra conmemorativa del D\u00eda del Libro 2013 que tuvo lugar en la Biblioteca General y de Humanidades de la Universidad de La Laguna. En esta exposici\u00f3n se ha reunido un&#8230;<\/p>\n","protected":false},"author":14,"featured_media":0,"parent":0,"menu_order":0,"comment_status":"closed","ping_status":"closed","template":"","meta":{"footnotes":""},"class_list":["post-153","page","type-page","status-publish","hentry"],"_links":{"self":[{"href":"https:\/\/www.ull.es\/eventos\/luces-sobre-un-tiempo-en-gris\/wp-json\/wp\/v2\/pages\/153"}],"collection":[{"href":"https:\/\/www.ull.es\/eventos\/luces-sobre-un-tiempo-en-gris\/wp-json\/wp\/v2\/pages"}],"about":[{"href":"https:\/\/www.ull.es\/eventos\/luces-sobre-un-tiempo-en-gris\/wp-json\/wp\/v2\/types\/page"}],"author":[{"embeddable":true,"href":"https:\/\/www.ull.es\/eventos\/luces-sobre-un-tiempo-en-gris\/wp-json\/wp\/v2\/users\/14"}],"replies":[{"embeddable":true,"href":"https:\/\/www.ull.es\/eventos\/luces-sobre-un-tiempo-en-gris\/wp-json\/wp\/v2\/comments?post=153"}],"version-history":[{"count":8,"href":"https:\/\/www.ull.es\/eventos\/luces-sobre-un-tiempo-en-gris\/wp-json\/wp\/v2\/pages\/153\/revisions"}],"predecessor-version":[{"id":244,"href":"https:\/\/www.ull.es\/eventos\/luces-sobre-un-tiempo-en-gris\/wp-json\/wp\/v2\/pages\/153\/revisions\/244"}],"wp:attachment":[{"href":"https:\/\/www.ull.es\/eventos\/luces-sobre-un-tiempo-en-gris\/wp-json\/wp\/v2\/media?parent=153"}],"curies":[{"name":"wp","href":"https:\/\/api.w.org\/{rel}","templated":true}]}}