{"id":170,"date":"2020-01-15T15:15:53","date_gmt":"2020-01-15T14:15:53","guid":{"rendered":"http:\/\/www.ull.es\/eventos\/luces-sobre-un-tiempo-en-gris\/?page_id=170"},"modified":"2020-01-15T15:17:36","modified_gmt":"2020-01-15T14:17:36","slug":"creditos","status":"publish","type":"page","link":"https:\/\/www.ull.es\/eventos\/luces-sobre-un-tiempo-en-gris\/creditos\/","title":{"rendered":"CR\u00c9DITOS"},"content":{"rendered":"<p>[vc_row][vc_column][vc_column_text]<\/p>\n<div class=\"span6 offset2\">\n<h1>CR\u00c9DITOS<\/h1>\n<\/div>\n<p>[\/vc_column_text][vc_empty_space][vc_separator][vc_single_image image=\u00bb171&#8243; img_size=\u00bbfull\u00bb][vc_empty_space][vc_separator][vc_column_text]<\/p>\n<div class=\"span6 offset2 texto\">\n<h3>Comisaria:<\/h3>\n<p>Paqui Rivero Cabeza<\/p>\n<hr \/>\n<h3>Equipo acad\u00e9mico:<\/h3>\n<p>Miguel \u00c1ngel Cabrera Acosta<\/p>\n<p>Victorio Heredero Gascue\u00f1a<\/p>\n<p>Aar\u00f3n Le\u00f3n \u00c1lvarez<\/p>\n<p>Guacimara Ramos P\u00e9rez<\/p>\n<p>Luana Studer Villaz\u00e1n<\/p>\n<hr \/>\n<h3>Equipo de la Biblioteca:<\/h3>\n<p>Paz Fern\u00e1ndez Palomeque<\/p>\n<p>Liti Garc\u00eda-Ramos Medina<\/p>\n<p>Silvia Molero Avil\u00e9s<\/p>\n<p>Candela Morales M\u00e9ndez<\/p>\n<p>F\u00e1tima Sainz Sainz<\/p>\n<hr \/>\n<h3>Colaboradores de la Biblioteca:<\/h3>\n<p>Ramona Afonso P\u00e9rez<\/p>\n<p>\u00c1frica Gonz\u00e1lez G\u00f3mez<\/p>\n<hr \/>\n<h3>Dise\u00f1o:<\/h3>\n<p>Ismael Garc\u00eda P\u00e9rez<\/p>\n<hr \/>\n<h3>Organiza:<\/h3>\n<p>Vicerrectorado de Servicios Universitarios<\/p>\n<p>Servicio de Biblioteca de la Universidad de La Laguna<\/p>\n<hr \/>\n<h3>Agradecimientos a entidades colaboradoras:<\/h3>\n<p>Agrupaci\u00f3n de Teatro de Filolog\u00eda<\/p>\n<p>Asociaci\u00f3n para la Recuperaci\u00f3n de la Memoria Hist\u00f3rica de Arucas<\/p>\n<p>Asociaci\u00f3n para la Recuperaci\u00f3n de la Memoria Hist\u00f3rica de La Palma<\/p>\n<p>Asociaci\u00f3n para la Recuperaci\u00f3n de la Memoria Hist\u00f3rica de Tenerife<\/p>\n<p>Archivo de Fotogr\u00e1fica Hist\u00f3rica de Canarias. Fedac &#8211; Cabildo de Gran Canaria<\/p>\n<p>Archivo Municipal del Ayuntamiento de Buenavista del Norte<\/p>\n<p>Archivo Municipal del Ayuntamiento de La Laguna<\/p>\n<p>Archivo Municipal del Ayuntamiento de Tazacorte<\/p>\n<p>Archivo de la Universidad de La Laguna<\/p>\n<p>Arqueocanarias<\/p>\n<p>Autoridad Portuaria de Santa Cruz de Tenerife<\/p>\n<p>Biblioteca de la Casa de Col\u00f3n.<\/p>\n<p>Club de Lectura de la Biblioteca Universitaria<\/p>\n<p>Fundaci\u00f3n Pedro Garc\u00eda Cabrera<\/p>\n<p>Fundaci\u00f3n Contam\u00edname<\/p>\n<p>Museo de la Educaci\u00f3n de la Universidad de La Laguna<\/p>\n<p>Museo de Historia y Antropolog\u00eda, Organismo Aut\u00f3nomo de Museos y Centros. Excmo. Cabildo Insular de Tenerife<\/p>\n<p><img loading=\"lazy\" decoding=\"async\" class=\"alignnone size-full wp-image-172\" src=\"http:\/\/www.ull.es\/eventos\/luces-sobre-un-tiempo-en-gris\/wp-content\/uploads\/sites\/19\/2020\/01\/mha.png\" alt=\"\" width=\"198\" height=\"44\" \/><\/p>\n<p>Vicerrectorado de Relaciones Universidad y Sociedad<\/p>\n<p>Servicio de Publicaciones de la Universidad de La Laguna<\/p>\n<p>ULLMedia<\/p>\n<p>Tibicena<\/p>\n<hr \/>\n<h3>Agradecimientos a familias y personas colaboradoras:<\/h3>\n<p>Familia Ben\u00edtez Gonz\u00e1lez<\/p>\n<p>Familia de Gilberto Alem\u00e1n<\/p>\n<p>Familia de Eduardo Almenara<\/p>\n<p>Familia de Jacinto Alzola<\/p>\n<p>Familia de Fernando Arozena<\/p>\n<p>Familia de Rubens C. de Armas<\/p>\n<p>Familia de Jos\u00e9 Gal\u00e1n<\/p>\n<p>Familia de Domingo Garc\u00eda<\/p>\n<p>Familia de Bernarda Gonz\u00e1lez<\/p>\n<p>Familia de Victoriano Gonz\u00e1lez<\/p>\n<p>Familia de Domitila Hern\u00e1ndez<\/p>\n<p>Familia de Aquilino Hern\u00e1ndez<\/p>\n<p>Familia de Lucio Illada<\/p>\n<p>Familia de Alfonso Mart\u00edn<\/p>\n<p>Familia de Eliseo Marz\u00e1n<\/p>\n<p>Familia de Luis Rodr\u00edguez de la Sierra<\/p>\n<p>Familia de Jos\u00e9 Carlos Schwartz<\/p>\n<p>Antonio \u00c1lvarez de la Rosa<\/p>\n<p>David Baute<\/p>\n<p>Alberto Brito Delgado<\/p>\n<p>Jos\u00e9 M\u00aa Cabestany Quintana<\/p>\n<p>Manuel D\u00edaz Febles<\/p>\n<p>Alfonso Domingo<\/p>\n<p>Ana Olga Fern\u00e1ndez Viagas<\/p>\n<p>Mar\u00eda Garc\u00eda Morales<\/p>\n<p>Daniel Garc\u00eda Pulido<\/p>\n<p>Ramiro Gonz\u00e1lez P\u00e9rez<\/p>\n<p>Mar\u00eda Isabel Gonz\u00e1lez P\u00e9rez<\/p>\n<p>Eduardo Martin\u00f3n<\/p>\n<p>Fernando Rodr\u00edguez Junco<\/p>\n<p>Francisco Tarajano P\u00e9rez<\/p>\n<p>Jos\u00e9 Luis Torregrosa<\/p>\n<p>Nivaria Tejera<\/p>\n<hr \/>\n<p>Finalmente, un agradecimiento tambi\u00e9n al personal de la Biblioteca de la Universidad de La Laguna, as\u00ed como de otros servicios universitarios, que ha contribuido a hacer posible este proyecto.<\/p>\n<\/div>\n<p>[\/vc_column_text][vc_empty_space][vc_separator][\/vc_column][\/vc_row]<\/p>\n","protected":false},"excerpt":{"rendered":"<p>[vc_row][vc_column][vc_column_text] CR\u00c9DITOS [\/vc_column_text][vc_empty_space][vc_separator][vc_single_image image=\u00bb171&#8243; img_size=\u00bbfull\u00bb][vc_empty_space][vc_separator][vc_column_text] Comisaria: Paqui Rivero Cabeza Equipo acad\u00e9mico: Miguel \u00c1ngel Cabrera Acosta Victorio Heredero Gascue\u00f1a Aar\u00f3n Le\u00f3n \u00c1lvarez Guacimara Ramos P\u00e9rez Luana Studer Villaz\u00e1n Equipo de la Biblioteca: Paz Fern\u00e1ndez Palomeque Liti Garc\u00eda-Ramos Medina Silvia Molero Avil\u00e9s Candela Morales M\u00e9ndez F\u00e1tima Sainz Sainz Colaboradores de la Biblioteca: Ramona Afonso P\u00e9rez \u00c1frica Gonz\u00e1lez&#8230;<\/p>\n","protected":false},"author":14,"featured_media":0,"parent":0,"menu_order":0,"comment_status":"closed","ping_status":"closed","template":"","meta":{"footnotes":""},"class_list":["post-170","page","type-page","status-publish","hentry"],"_links":{"self":[{"href":"https:\/\/www.ull.es\/eventos\/luces-sobre-un-tiempo-en-gris\/wp-json\/wp\/v2\/pages\/170"}],"collection":[{"href":"https:\/\/www.ull.es\/eventos\/luces-sobre-un-tiempo-en-gris\/wp-json\/wp\/v2\/pages"}],"about":[{"href":"https:\/\/www.ull.es\/eventos\/luces-sobre-un-tiempo-en-gris\/wp-json\/wp\/v2\/types\/page"}],"author":[{"embeddable":true,"href":"https:\/\/www.ull.es\/eventos\/luces-sobre-un-tiempo-en-gris\/wp-json\/wp\/v2\/users\/14"}],"replies":[{"embeddable":true,"href":"https:\/\/www.ull.es\/eventos\/luces-sobre-un-tiempo-en-gris\/wp-json\/wp\/v2\/comments?post=170"}],"version-history":[{"count":4,"href":"https:\/\/www.ull.es\/eventos\/luces-sobre-un-tiempo-en-gris\/wp-json\/wp\/v2\/pages\/170\/revisions"}],"predecessor-version":[{"id":174,"href":"https:\/\/www.ull.es\/eventos\/luces-sobre-un-tiempo-en-gris\/wp-json\/wp\/v2\/pages\/170\/revisions\/174"}],"wp:attachment":[{"href":"https:\/\/www.ull.es\/eventos\/luces-sobre-un-tiempo-en-gris\/wp-json\/wp\/v2\/media?parent=170"}],"curies":[{"name":"wp","href":"https:\/\/api.w.org\/{rel}","templated":true}]}}