{"id":177,"date":"2020-01-15T15:19:33","date_gmt":"2020-01-15T14:19:33","guid":{"rendered":"http:\/\/www.ull.es\/eventos\/luces-sobre-un-tiempo-en-gris\/?page_id=177"},"modified":"2020-01-15T15:21:42","modified_gmt":"2020-01-15T14:21:42","slug":"articulos-academicos","status":"publish","type":"page","link":"https:\/\/www.ull.es\/eventos\/luces-sobre-un-tiempo-en-gris\/articulos-academicos\/","title":{"rendered":"ART\u00cdCULOS ACAD\u00c9MICOS"},"content":{"rendered":"<p>[vc_row][vc_column][vc_column_text]<\/p>\n<h1>ART\u00cdCULOS ACAD\u00c9MICOS<\/h1>\n<p>[\/vc_column_text][vc_separator][vc_empty_space height=\u00bb64 px\u00bb][vc_separator][vc_column_text]<\/p>\n<div class=\"span6 offset2 texto\">\n<div class=\"span6 offset2 texto\">\n<div>\n<h3>Recopilaci\u00f3n de art\u00edculos cient\u00edficos a texto completo en Internet sobre la guerra civil, posguerra y franquismo en Canarias.<\/h3>\n<hr \/>\n<\/div>\n<p>&nbsp;<\/p>\n<p>ALCARAZ ABELL\u00c1N, Jos\u00e9. La aplicaci\u00f3n de la ley de responsabilidades pol\u00edticas en las Canarias orientales (1939-1942). En<a href=\"http:\/\/mdc.ulpgc.es\/utils\/getfile\/collection\/MDC\/id\/56942\/filename\/93428.pdf\" target=\"_blank\" rel=\"noopener noreferrer\" target=\"_blank\" rel=\"noopener\"><em>IX Coloquio de Historia Canario-Americana<\/em><\/a> <em> , (1990).<\/em> 1 ed. Cabildo Insular de Gran Canaria, 1992. p. 1101-1118.<\/p>\n<p>ALCARAZ ABELL\u00c1N, Jos\u00e9.<a href=\"http:\/\/dialnet.unirioja.es\/descarga\/articulo\/1458105.pdf\" target=\"_blank\" rel=\"noopener noreferrer\" target=\"_blank\" rel=\"noopener\">El Cabildo Insular y la educaci\u00f3n en Gran Canaria (1936-1960).<\/a> <em> Bolet\u00edn Millares Carlo<\/em> 1996, n\u00ba 15, p. 283-297.<\/p>\n<p>ALCARAZ ABELL\u00c1N, Jos\u00e9. <a href=\"http:\/\/www.historiacontemporanea.ehu.es\/s0021-con\/es\/contenidos\/boletin_revista\/00021_revista_hc09\/es_revista\/adjuntos\/09_06.pdf\" target=\"_blank\" rel=\"noopener noreferrer\" target=\"_blank\" rel=\"noopener\"> Instituciones, relaciones sociales y \u00e9lites pol\u00edticas durante el primer franquismo en Gran Canaria: Problemas metodol\u00f3gicos y conclusiones de la investigaci\u00f3n. <\/a> <em> Historia contempor\u00e1nea<\/em> 1993, n\u00ba 9, p. 93-110.<\/p>\n<p>ALCARAZ ABELL\u00c1N, Jos\u00e9.<a href=\"http:\/\/dialnet.unirioja.es\/descarga\/articulo\/2235489.pdf\" target=\"_blank\" rel=\"noopener noreferrer\" target=\"_blank\" rel=\"noopener\"> La Ley de Responsabilidades pol\u00edticas y su aplicaci\u00f3n en Fuerteventura (1939-1942)<\/a>. <em> Tebeto: Anuario del Archivo Hist\u00f3rico Insular de Fuerteventura<\/em> 1990, n\u00ba 3, p. 147-160.<\/p>\n<p>ANAYA HERN\u00c1NDEZ, Luis Alberto, ALCARAZ ABELL\u00c1N, Jos\u00e9, ORIHUELA SU\u00c1REZ, Alexis y MILLARES CANTERO, Sergio. Huidos, evadidos, desertores y canjeados. Los canarios republicanos en la Guerra Civil Espa\u00f1ola y la Segunda Guerra Mundial, 1936-1945. En <a href=\"http:\/\/www.memoriadelanzarote.com\/contenidos\/20090212144910huidos.pdf\" target=\"_blank\" rel=\"noopener noreferrer\" target=\"_blank\" rel=\"noopener\"> <em>III Jornadas de Estudios sobre Fuerteventura y Lanzarote: 21-25 de septiembre de 1987.<\/em> <\/a> Puerto del Rosario: Cabildo Insular de Fuerteventura; [Arrecife]: Cabildo Insular de Lanzarote, 1989, p. 327-358.<\/p>\n<p>ANAYA HERN\u00c1NDEZ, Luis Alberto<em> et al.<\/em> <a href=\"http:\/\/hdl.handle.net\/10553\/4960\" target=\"_blank\" rel=\"noopener noreferrer\" target=\"_blank\" rel=\"noopener\">La represi\u00f3n franquista en la ense\u00f1anza en la provincia de Las Palmas.<\/a><em> El Guiniguada<\/em> 1987, n\u00ba 3, p. 203-221.<\/p>\n<p>CABRERA ACOSTA, Miguel Angel. <a href=\"http:\/\/www.elmuseocanario.com\/images\/documentospdf\/revistaelmuseo\/Revistas\/1988-1991.pdf\" target=\"_blank\" rel=\"noopener noreferrer\" target=\"_blank\" rel=\"noopener\"> Algunas notas sobre la oposici\u00f3n pol\u00edtica al franquismo en las Canarias Occidentales (1940-1960). <\/a> <em> El museo canario<\/em> 1988, n\u00ba 48, p. 151-162.<\/p>\n<p>CABRERA ACOSTA, Miguel \u00c1ngel. La resistencia al golpe de estado de 1936 en Tenerife. En <a href=\"http:\/\/mdc.ulpgc.es\/utils\/getfile\/collection\/MDC\/id\/56924\/filename\/93407.pdf\" target=\"_blank\" rel=\"noopener noreferrer\" target=\"_blank\" rel=\"noopener\"><em>VIII Coloquio de Historia Canario-Americana, 1988.<\/em><\/a> Las Palmas de Gran Canaria: Cabildo Insular; Madrid: Instituto de Cooperaci\u00f3n Iberoamericana, 1991, p. 813-829.<\/p>\n<p>D\u00cdAZ ALMEIDA, FL. Uso did\u00e1ctico de la prensa canaria: im\u00e1genes de la invasi\u00f3n alemana en la URSS en 1941. En <a href=\"http:\/\/mdc.ulpgc.es\/utils\/getfile\/collection\/MDC\/id\/56927\/filename\/93410.pdf\" target=\"_blank\" rel=\"noopener noreferrer\" target=\"_blank\" rel=\"noopener\"><em>XV Coloquio de historia canario-americana.<\/em><\/a> 1 ed. Cabildo de Gran Canaria, 2004. p. 1061-1066.<\/p>\n<p>D\u00cdAZ BEN\u00cdTEZ, JJ. <a href=\"http:\/\/acceda.ulpgc.es\/bitstream\/10553\/1696\/1\/5279.pdf\" target=\"_blank\" rel=\"noopener noreferrer\" target=\"_blank\" rel=\"noopener\">La Segunda Guerra Mundial a trav\u00e9s de la prensa canaria.<\/a> En <em>XV Coloquio de historia canario-americana.<\/em> 1 ed. Cabildo de Gran Canaria, 2004. p. 1047-1061.<\/p>\n<p>DOM\u00cdNGUEZ PRATS, Pilar. <a href=\"http:\/\/www.memoriadelanzarote.com\/contenidos\/20101223132452Art%EDculo-mujeres-franquismo.pdf\" target=\"_blank\" rel=\"noopener noreferrer\" target=\"_blank\" rel=\"noopener\"> Mujeres canarias bajo el franquismo: trabajo y vida cotidiana. <\/a> En <em>XII Jornadas de Historia de Lanzarote y Fuerteventura.<\/em> Arrecife : Cabildo Insular de Lanzarote, 2008.<\/p>\n<p>DOM\u00cdNGUEZ PRATS, Pilar y IGLESIAS HERN\u00c1NDEZ, Mar\u00eda Luisa. Trabajar en la posguerra: Las mujeres canarias de la secci\u00f3n femenina (1939-1960). En <a href=\"http:\/\/mdc.ulpgc.es\/utils\/getfile\/collection\/MDC\/id\/56929\/filename\/93412.pdf\" target=\"_blank\" rel=\"noopener noreferrer\" target=\"_blank\" rel=\"noopener\"><em>XVI Coloquio de historia canario-americana, <\/em>2004.<\/a> Las Palmas de Gran Canaria : Cabildo Insular, 2006, p. 792-799.<\/p>\n<p>FELIPE GONZ\u00c1LEZ, R. y PAZ S\u00c1NCHEZ, M. de. Sobre el 18 de Julio y la represi\u00f3n de la masoner\u00eda en Canarias: informes y denuncias (1936-1939). En <a href=\"http:\/\/mdc.ulpgc.es\/utils\/getfile\/collection\/MDC\/id\/56961\/filename\/93447.pdf\" target=\"_blank\" rel=\"noopener noreferrer\" target=\"_blank\" rel=\"noopener\"><em>VI Coloquio de Historia Canario-Americana (1984).<\/em><\/a> 1 ed. Cabildo de Gran Canaria, 1987. p. 1037-1052.<\/p>\n<p>FERRAZ LORENZO, Manuel. <a href=\"http:\/\/mdc.ulpgc.es\/cdm\/singleitem\/collection\/bolmc\/id\/421\/rec\/5\" target=\"_blank\" rel=\"noopener noreferrer\" target=\"_blank\" rel=\"noopener\"> La educaci\u00f3n como instrumento de control y sometimiento durante la dictadura franquista: la labor pedag\u00f3gica ejercida por fray Albino G. Men\u00e9ndez Reigada, obispo de Tenerife (1925-1946). <\/a> <em>Bolet\u00edn Millares Carlo<\/em> , n\u00ba 29, 2010, p. 83-110.<\/p>\n<p>FERRAZ LORENZO, Manuel.<a href=\"http:\/\/dialnet.unirioja.es\/descarga\/articulo\/1700705.pdf\" target=\"_blank\" rel=\"noopener noreferrer\" target=\"_blank\" rel=\"noopener\">Teor\u00eda y praxis educativas del franquismo en Canarias (1936-1973).<\/a> <em> Bolet\u00edn Millares Carlo<\/em> 1998, n\u00ba 17, p. 39-68.<\/p>\n<p>GARC\u00cdA LUIS, Ricardo.<a href=\"http:\/\/dialnet.unirioja.es\/descarga\/articulo\/2604937.pdf\" target=\"_blank\" rel=\"noopener noreferrer\" target=\"_blank\" rel=\"noopener\"> Los fusilados: las \u00faltimas letras \u00bfTemor a la muerte?<\/a> <em> Cuadernos del Ateneo<\/em> 2007, n\u00ba 23, p. 41-52.<\/p>\n<p>GARC\u00cdA RODR\u00cdGUEZ, Mar\u00eda Immaculada y RODR\u00cdGUEZ BORGES, Rodrigo Fidel. <a href=\"http:\/\/dialnet.unirioja.es\/descarga\/articulo\/2592797.pdf\" target=\"_blank\" rel=\"noopener noreferrer\" target=\"_blank\" rel=\"noopener\"> Radio Catedral de Las Palmas (1958-1966): Pr\u00e9dica y p\u00falpito en la emisora del Obispo Antonio Pildain. <\/a> <em> Bolet\u00edn Millares Carlo<\/em> 2007, n\u00ba 26, p. 85-104.<\/p>\n<p>GONZ\u00c1LEZ P\u00c9REZ, Teresa. Mujeres republicanas y represi\u00f3n en Canarias (1936-1939). En <a href=\"http:\/\/mdc.ulpgc.es\/utils\/getfile\/collection\/MDC\/id\/56926\/filename\/93409.pdf\" target=\"_blank\" rel=\"noopener noreferrer\" target=\"_blank\" rel=\"noopener\"><em>XIV Coloquio de Historia Canario-Americana, 2000.<\/em><\/a> Las Palmas de Gran Canaria : Cabildo Insular, 2002, p. 1763-1778.<\/p>\n<p>GONZ\u00c1LEZ RODR\u00cdGUEZ, Candelaria. <a href=\"http:\/\/dialnet.unirioja.es\/servlet\/articulo?codigo=2148340&amp;orden=90630&amp;info=link\" target=\"_blank\" rel=\"noopener noreferrer\" target=\"_blank\" rel=\"noopener\"> El modelo femenino vigente en Canarias, en los inicios de la Guerra Civil. <\/a> <em> Vegueta: Anuario de la Facultad de Geograf\u00eda e Historia<\/em> 1993, n\u00ba 1, p. 223-233.<\/p>\n<p>GONZ\u00c1LEZ V\u00c1ZQUEZ, Salvador. La conspiraci\u00f3n militar de 1936 en Canarias. En <a href=\"http:\/\/mdc.ulpgc.es\/utils\/getfile\/collection\/MDC\/id\/56942\/filename\/93428.pdf\" target=\"_blank\" rel=\"noopener noreferrer\" target=\"_blank\" rel=\"noopener\"><em>IX Coloquio de Historia Canario-Americana , (1990).<\/em><\/a> 1 ed. Cabildo Insular de Gran Canaria, 1992. p. 1065-1100. ISBN 84-86127-93-9.<\/p>\n<p>GONZ\u00c1LEZ V\u00c1ZQUEZ, Salvador. Falange Espa\u00f1ola en la provincia de Tenerife (1933-1939). En <a href=\"http:\/\/mdc.ulpgc.es\/utils\/getfile\/collection\/MDC\/id\/56925\/filename\/93408.pdf\" target=\"_blank\" rel=\"noopener noreferrer\" target=\"_blank\" rel=\"noopener\"> <em>XIII Coloquio de Historia Canario-Americana ; VIII Congreso Internacional de Historia de America (AEA) (1998).<\/em> <\/a> 1 ed. Cabildo de Gran Canaria, 2000. p. 2747-2770. ISBN 84-8103-242-5.<\/p>\n<p>GONZ\u00c1LEZ V\u00c1ZQUEZ, Salvador y MILLARES CANTERO, Sergio.<a href=\"http:\/\/www.cefid.uab.cat\/files\/C%C3%B2pia%20comuniII-1.pdf\" target=\"_blank\" rel=\"noopener noreferrer\" target=\"_blank\" rel=\"noopener\">Los campos de concentraci\u00f3n en Canarias (1936-1945).<\/a> En <em>Els camps de concentraci\u00f3 i el m\u00f3n penitenciari a Espanya durant la guerra civil i el franquisme.<\/em> Barcelona : Universitat Aut\u00f3noma, 2002, p. 173-195.GUERRA PALMERO, Ricardo A. La beneficencia franquista: Auxilio social y el Mando Econ\u00f3mico, entre la caridad y la propaganda (1936-1946). En <a href=\"http:\/\/mdc.ulpgc.es\/utils\/getfile\/collection\/MDC\/id\/56929\/filename\/93412.pdf target=\" target=\"_blank\" rel=\"noopener\"><em>XVI Coloquio de historia canario-americana, <\/em>2004.<\/a> Las Palmas de Gran Canaria : Cabildo Insular, 2006, p. 942-962.<\/p>\n<p>GUERRA PALMERO, Ricardo A.<a href=\"http:\/\/www.ciere.org\/CUADERNOS\/Art%2074\/Art.%202.htm\" target=\"_blank\" rel=\"noopener noreferrer\" target=\"_blank\" rel=\"noopener\">Canarias (1936-1959) : Represi\u00f3n, autarqu\u00eda y control social. Un estado de la cuesti\u00f3n<\/a>. <em>Cuadernos republicanos<\/em> 2010, n\u00ba 74.<\/p>\n<p>GUERRA PALMERO, Ricardo A. Econom\u00eda e ideolog\u00eda de la clase dominante en Canarias (1940-1960). En <a href=\"http:\/\/mdc.ulpgc.es\/utils\/getfile\/collection\/MDC\/id\/56927\/filename\/93410.pdf\" target=\"_blank\" rel=\"noopener noreferrer\" target=\"_blank\" rel=\"noopener\"><em>XV Coloquio de historia canario-americana, <\/em>2002.<\/a> Las Palmas de Gran Canaria : Cabildo Insular, 2004, p. 1088-1110.<\/p>\n<p>GUERRA PALMERO, Ricardo A.<a href=\"http:\/\/hispanianova.rediris.es\/articulos\/03_005.htm\" target=\"_blank\" rel=\"noopener noreferrer\" target=\"_blank\" rel=\"noopener\"> FET y de las JONS en Canarias en la d\u00e9cada de 1940: Una primera aproximaci\u00f3n.<\/a> <em>Hispania Nova: Revista de historia contempor\u00e1nea<\/em> 2003, n\u00ba 3.<\/p>\n<p>GUERRA PALMERO, Ricardo A. <a href=\"http:\/\/dialnet.unirioja.es\/descarga\/articulo\/2604942.pdf\" target=\"_blank\" rel=\"noopener noreferrer\" target=\"_blank\" rel=\"noopener\">La larga posguerra en Canarias: notas socioecon\u00f3micas.<\/a> <em> Cuadernos del Ateneo<\/em> 2007, n\u00ba 23, p. 53-72.<\/p>\n<p>HERN\u00c1NDEZ HERN\u00c1NDEZ, Mar\u00eda Rosa. Propaganda, legalizaci\u00f3n y exaltaci\u00f3n de la dictadura franquista: La gesti\u00f3n cultural del Cabildo insular de La Palma durante la guerra civil (1936-1939). En <a href=\"http:\/\/mdc.ulpgc.es\/utils\/getfile\/collection\/MDC\/id\/56926\/filename\/93409.pdf\" target=\"_blank\" rel=\"noopener noreferrer\" target=\"_blank\" rel=\"noopener\"><em>XIV Coloquio de historia canario-americana, <\/em>2000.<\/a> Las Palmas de Gran Canaria : Cabildo Insular, 2002, p. 1174-1182.<\/p>\n<p>LEAL, Cirilo. <a href=\"http:\/\/dialnet.unirioja.es\/descarga\/articulo\/2604968.pdf\" target=\"_blank\" rel=\"noopener noreferrer\" target=\"_blank\" rel=\"noopener\">M\u00e1s all\u00e1 de la memoria recobrada.<\/a><em> Cuadernos del Ateneo<\/em> 2007, n\u00ba 23, p. 103-116.<\/p>\n<p>LE\u00d3N ALVAREZ, Francisco Javier. <a href=\"http:\/\/mdc.ulpgc.es\/cdm\/singleitem\/collection\/bolmc\/id\/419\/rec\/13\" target=\"_blank\" rel=\"noopener noreferrer\" target=\"_blank\" rel=\"noopener\"> La Matanza de Acentejo durante la guerra civil espa\u00f1ola: un breve estudio de \u00e1mbito local. <\/a> <em> Bolet\u00edn Millares Carlo<\/em> 2010, n\u00ba 29, p. 251-275.<\/p>\n<p>M\u00c1RQUEZ MONTES, Carmen.<a href=\"http:\/\/dialnet.unirioja.es\/servlet\/articulo?codigo=3154845&amp;orden=281492&amp;info=link\" target=\"_blank\" rel=\"noopener noreferrer\" target=\"_blank\" rel=\"noopener\">Jos\u00e9 Antonio Rial. Un viajero a las Am\u00e9ricas.<\/a> <em> Anuario americanista europeo<\/em> 2006, n\u00ba 4, p. 345-357.<\/p>\n<p>MART\u00cdN FERN\u00c1NDEZ, Carlos Santiago. <a href=\"http:\/\/dialnet.unirioja.es\/servlet\/articulo?codigo=2472372&amp;orden=140370&amp;info=link\" target=\"_blank\" rel=\"noopener noreferrer\" target=\"_blank\" rel=\"noopener\"> Agrarismo franquista: el Plan de Adopci\u00f3n de la isla de El Hierro (Islas Canarias). <\/a> <em> Scripta Nova: Revista electr\u00f3nica de geograf\u00eda y ciencias sociales<\/em> 2007, n\u00ba 11.<\/p>\n<p>NEGR\u00cdN FAJARDO, Olegario. <a href=\"http:\/\/www.icceciberaula.es\/images\/stories\/Ciencias\/198_2.pdf\" target=\"_blank\" rel=\"noopener noreferrer\" target=\"_blank\" rel=\"noopener\"> La depuraci\u00f3n del profesorado de los institutos de segunda ense\u00f1anza: estudio especial del proceso en la provincia de Santa Cruz de Tenerife (1936-1943). <\/a> <em> Revista de ciencias de la educaci\u00f3n: Organo del Instituto Calasanz de Ciencias de la Educaci\u00f3n<\/em> 2004, n\u00ba 198, p. 171-194.<\/p>\n<p>NEGR\u00cdN FAJARDO, Olegario. <a href=\"http:\/\/www.icceciberaula.es\/images\/stories\/Ciencias\/204_4.pdf\" target=\"_blank\" rel=\"noopener noreferrer\" target=\"_blank\" rel=\"noopener\"> La depuraci\u00f3n del profesorado de los Institutos de Segunda Ense\u00f1anza de la provincia de Las Palmas (1936-1943). <\/a> <em> Revista de ciencias de la educaci\u00f3n: Organo del Instituto Calasanz de Ciencias de la Educaci\u00f3n<\/em> 2005, n\u00ba 204, p. 579-600.<\/p>\n<p>NEGR\u00cdN FAJARDO, Olegario. La depuraci\u00f3n franquista del profesorado de los institutos de segunda ense\u00f1anza de la provincia de Santa Cruz de Tenerife (1936-1943). En <a href=\"http:\/\/mdc.ulpgc.es\/utils\/getfile\/collection\/MDC\/id\/56927\/filename\/93410.pdf\" target=\"_blank\" rel=\"noopener noreferrer\" target=\"_blank\" rel=\"noopener\"><em>XV Coloquio de historia canario-americana, <\/em>2002.<\/a> Las Palmas de Gran Canaria : Cabildo Insular, 2004, p. 1067-1087.<\/p>\n<p>NEGR\u00cdN FAJARDO, Olegario. <a href=\"http:\/\/hdl.handle.net\/10553\/5837\" target=\"_blank\" rel=\"noopener noreferrer\" target=\"_blank\" rel=\"noopener\"> En torno a la memoria hist\u00f3rica de la educaci\u00f3n en Canarias: depuraci\u00f3n y represi\u00f3n del Magisterio en la provincia de Las Palmas (1936-1942). <\/a> <em> El Guiniguada<\/em> 2009, n\u00ba 18, p. 101-112.<\/p>\n<p>PABLO GIMENO, Mar\u00eda Jes\u00fas [et al.]. <a href=\"http:\/\/www.fundacionpedrogarciacabrera.com\/base\/contenido\/documentos\/textos_academicos\/pgc_por_encimadelolvido.pdf\" target=\"_blank\" rel=\"noopener noreferrer\" target=\"_blank\" rel=\"noopener\"> Por encima del olvido: Aproximaci\u00f3n a la obra po\u00e9tica de Pedro Garc\u00eda Cabrera en el centenario de su nacimiento. <\/a> Canarias: Direcci\u00f3n General de Ordenaci\u00f3n e Innovaci\u00f3n Educativa, 2005. <em>Materiales curriculares. Cuadernos de Aula<\/em><\/p>\n<p>PARRE\u00d1O CASTELLANO, Juan Manuel y D\u00cdAZ HERN\u00c1NDEZ, Ram\u00f3n Faustino. <a href=\"http:\/\/dialnet.unirioja.es\/servlet\/articulo?codigo=2109008&amp;orden=83674&amp;info=link\" target=\"_blank\" rel=\"noopener noreferrer\" target=\"_blank\" rel=\"noopener\"> La pol\u00edtica econ\u00f3mica, la construcci\u00f3n de la vivienda y la producci\u00f3n de la ciudad en Espa\u00f1a (1939-75). <\/a> <em> Scripta Nova: Revista electr\u00f3nica de geograf\u00eda y ciencias sociales<\/em> 2006, n\u00ba 10.<\/p>\n<p>PAZ S\u00c1NCHEZ, Manuel de.<a href=\"http:\/\/anuariosatlanticos.casadecolon.com\/index.php\/aea\/article\/view\/900\/900\" target=\"_blank\" rel=\"noopener noreferrer\" target=\"_blank\" rel=\"noopener\">Jos\u00e9 Aguiar (1815-1976). Entre la luz y las sombras.<\/a> <em> Anuario de estudios atl\u00e1nticos<\/em> 2006, n\u00ba 52, p. 499-528.<\/p>\n<p>P\u00c9REZ LORENZO, Jos\u00e9 Manuel. <a href=\"http:\/\/www.gobiernodecanarias.org\/educacion\/dgoie\/publicace\/scripts\/detalle.asp?p=422\" target=\"_blank\" rel=\"noopener noreferrer\" target=\"_blank\" rel=\"noopener\"> Aprender historia desde Canarias. A\u00f1os de guerra y miseria (1936-1959). <\/a> Canarias: Direcci\u00f3n General de Ordenaci\u00f3n e Innovaci\u00f3n Educativa, 2006. <em>Materiales curriculares. Cuadernos de Aula.<\/em><\/p>\n<p>P\u00c9REZ LORENZO, Jos\u00e9 Manuel.<a href=\"http:\/\/mdc.ulpgc.es\/cdm\/singleitem\/collection\/cateneo\/id\/559\/rec\/2\" target=\"_blank\" rel=\"noopener noreferrer\" target=\"_blank\" rel=\"noopener\">La transmisi\u00f3n de la memoria hist\u00f3rica: una propuesta did\u00e1ctica.<\/a> <em> Cuadernos del Ateneo<\/em> 2007, n\u00ba 23, p. 9-26.<\/p>\n<p>PINTADO PICO, F. y GONZ\u00c1LEZ P\u00c9REZ, P. B. Las bibliotecas canarias y la guerra civil. En <a href=\"http:\/\/mdc.ulpgc.es\/utils\/getfile\/collection\/MDC\/id\/56942\/filename\/93428.pdf\" target=\"_blank\" rel=\"noopener noreferrer\" target=\"_blank\" rel=\"noopener\"><em>IX Coloquio de Historia Canario-Americana , (1990).<\/em><\/a> 1 ed. Cabildo Insular de Gran Canaria, 1992. p. 1053-1064. ISBN 84-86127-93-9.<\/p>\n<p>RIVAS GARC\u00cdA, Ramiro. <a href=\"http:\/\/dialnet.unirioja.es\/descarga\/articulo\/2604924.pdf\" target=\"_blank\" rel=\"noopener noreferrer\" target=\"_blank\" rel=\"noopener\"> \u00bfHubo guerra civil en Canarias?: La resistencia de los tinerfe\u00f1os contra Franco durante la guerra civil 1936-1939. <\/a> <em> Cuadernos del Ateneo<\/em> 2007, n\u00ba 23, p. 27-40.<\/p>\n<p>VEGA MORERA, Jon\u00e1s. El \u00faltimo muerto por garrote vil en Canarias a trav\u00e9s de la prensa: tratamiento informativo y censura. En <a href=\"http:\/\/mdc.ulpgc.es\/utils\/getfile\/collection\/MDC\/id\/56926\/filename\/93409.pdf\" target=\"_blank\" rel=\"noopener noreferrer\" target=\"_blank\" rel=\"noopener\"><em>XIV Coloquio de Historia Canario-Americana, 2000.<\/em><\/a> Las Palmas de Gran Canaria : Cabildo Insular, 2002, p. 1237-1273.<\/p>\n<p>YANES MESA, Julio Antonio. <a href=\"http:\/\/dialnet.unirioja.es\/descarga\/articulo\/2864408.pdf\" target=\"_blank\" rel=\"noopener noreferrer\" target=\"_blank\" rel=\"noopener\"> La actividad teatral de Radio Juventud de Canarias (1955-1978) durante el franquismo. <\/a> <em> Bolet\u00edn Millares Carlo<\/em> 2008, n\u00ba 27, p. 249-266.<\/p>\n<p>YANES MESA, Julio Antonio. <a href=\"http:\/\/www.raco.cat\/index.php\/Analisi\/article\/view\/244646\/327668\" target=\"_blank\" rel=\"noopener noreferrer\" target=\"_blank\" rel=\"noopener\"> La propaganda radiof\u00f3nica de la Espa\u00f1a nacional en Canarias durante la Guerra Civil, 1936-1939. <\/a> <em> An\u00e0lisi: Quaderns de comunicaci\u00f3 i cultura<\/em> 2011, n\u00ba 41, p. 101-116.<\/p>\n<p>YANES MESA, Julio Antonio. <a href=\"http:\/\/dialnet.unirioja.es\/descarga\/articulo\/2592802.pdf\" target=\"_blank\" rel=\"noopener noreferrer\" target=\"_blank\" rel=\"noopener\"> La \u00abVoz de Canarias\u00bb (1963-1965) en frecuencia modulada: Un anacronismo radiof\u00f3nico por anticipaci\u00f3n en los a\u00f1os centrales del franquismo. <\/a> <em> Bolet\u00edn Millares Carlo<\/em> 2007, n\u00ba 26, p. 105-118.<\/p>\n<\/div>\n<\/div>\n<p>[\/vc_column_text][vc_empty_space][vc_separator][\/vc_column][\/vc_row]<\/p>\n","protected":false},"excerpt":{"rendered":"<p>[vc_row][vc_column][vc_column_text] ART\u00cdCULOS ACAD\u00c9MICOS [\/vc_column_text][vc_separator][vc_empty_space height=\u00bb64 px\u00bb][vc_separator][vc_column_text] Recopilaci\u00f3n de art\u00edculos cient\u00edficos a texto completo en Internet sobre la guerra civil, posguerra y franquismo en Canarias. &nbsp; ALCARAZ ABELL\u00c1N, Jos\u00e9. La aplicaci\u00f3n de la ley de responsabilidades pol\u00edticas en las Canarias orientales (1939-1942). EnIX Coloquio de Historia Canario-Americana , (1990). 1 ed. Cabildo Insular de Gran Canaria,&#8230;<\/p>\n","protected":false},"author":14,"featured_media":0,"parent":0,"menu_order":0,"comment_status":"closed","ping_status":"closed","template":"","meta":{"footnotes":""},"class_list":["post-177","page","type-page","status-publish","hentry"],"_links":{"self":[{"href":"https:\/\/www.ull.es\/eventos\/luces-sobre-un-tiempo-en-gris\/wp-json\/wp\/v2\/pages\/177"}],"collection":[{"href":"https:\/\/www.ull.es\/eventos\/luces-sobre-un-tiempo-en-gris\/wp-json\/wp\/v2\/pages"}],"about":[{"href":"https:\/\/www.ull.es\/eventos\/luces-sobre-un-tiempo-en-gris\/wp-json\/wp\/v2\/types\/page"}],"author":[{"embeddable":true,"href":"https:\/\/www.ull.es\/eventos\/luces-sobre-un-tiempo-en-gris\/wp-json\/wp\/v2\/users\/14"}],"replies":[{"embeddable":true,"href":"https:\/\/www.ull.es\/eventos\/luces-sobre-un-tiempo-en-gris\/wp-json\/wp\/v2\/comments?post=177"}],"version-history":[{"count":8,"href":"https:\/\/www.ull.es\/eventos\/luces-sobre-un-tiempo-en-gris\/wp-json\/wp\/v2\/pages\/177\/revisions"}],"predecessor-version":[{"id":179,"href":"https:\/\/www.ull.es\/eventos\/luces-sobre-un-tiempo-en-gris\/wp-json\/wp\/v2\/pages\/177\/revisions\/179"}],"wp:attachment":[{"href":"https:\/\/www.ull.es\/eventos\/luces-sobre-un-tiempo-en-gris\/wp-json\/wp\/v2\/media?parent=177"}],"curies":[{"name":"wp","href":"https:\/\/api.w.org\/{rel}","templated":true}]}}