{"id":186,"date":"2020-01-15T15:23:11","date_gmt":"2020-01-15T14:23:11","guid":{"rendered":"http:\/\/www.ull.es\/eventos\/luces-sobre-un-tiempo-en-gris\/?page_id=186"},"modified":"2020-01-15T15:23:11","modified_gmt":"2020-01-15T14:23:11","slug":"sitios-web","status":"publish","type":"page","link":"https:\/\/www.ull.es\/eventos\/luces-sobre-un-tiempo-en-gris\/sitios-web\/","title":{"rendered":"SITIOS WEB"},"content":{"rendered":"<p>[vc_row][vc_column][vc_column_text]<\/p>\n<div class=\"span6 offset2\">\n<h1>SITIOS WEB<\/h1>\n<\/div>\n<p>[\/vc_column_text][vc_empty_space][vc_separator][vc_column_text]<\/p>\n<div class=\"span6 offset2 texto\">\n<div class=\"span6 offset2 texto\">\n<h3><strong>Memoria Hist\u00f3rica en Espa\u00f1a<\/strong><\/h3>\n<p><a href=\"http:\/\/www.memoriahistorica.org.es\/joomla\/\" target=\"_blank\" rel=\"noopener noreferrer\" target=\"_blank\" rel=\"noopener\">Asociaci\u00f3n para la Recuperaci\u00f3n de la Memoria Hist\u00f3rica<\/a><\/p>\n<p><a href=\"http:\/\/www.mcu.es\/archivos\/MC\/CDMH\/index.html\" target=\"_blank\" rel=\"noopener noreferrer\" target=\"_blank\" rel=\"noopener\">Centro Documental de la Memoria Hist\u00f3rica. Gobierno de Espa\u00f1a<\/a><\/p>\n<p><a href=\"http:\/\/www.foroporlamemoria.info\/\" target=\"_blank\" rel=\"noopener noreferrer\" target=\"_blank\" rel=\"noopener\">Foro por la Memoria \u2013 Federaci\u00f3n Estatal de Foros por la Memoria<\/a><\/p>\n<p><a href=\"http:\/\/lacomunidad.elpais.com\/memoria-historica\/posts\" target=\"_blank\" rel=\"noopener noreferrer\" target=\"_blank\" rel=\"noopener\">La memoria hist\u00f3rica como proyecto social y cultural<\/a><\/p>\n<p><a href=\"http:\/\/www.memoriahistorica.gob.es\/\" target=\"_blank\" rel=\"noopener noreferrer\" target=\"_blank\" rel=\"noopener\">Memoria Hist\u00f3rica. Gobierno de Espa\u00f1a<\/a><\/p>\n<p><a href=\"http:\/\/canarias-semanal.org\/not\/6863\/_mujeres_bajo_sospecha__memoria_y_sexualidad__1930_1980___texto_y_video_\/\" target=\"_blank\" rel=\"noopener noreferrer\" target=\"_blank\" rel=\"noopener\">Mujeres bajo sospecha. Memoria y sexualidad (1930-1980) [Exposici\u00f3n Ateneo de Madrid]<\/a><\/p>\n<p><a href=\"http:\/\/politicasdelamemoria.org\/\" target=\"_blank\" rel=\"noopener noreferrer\" target=\"_blank\" rel=\"noopener\">Las pol\u00edticas de la memoria: balance de una d\u00e9cada de exhumaciones es Espa\u00f1a<\/a><\/p>\n<p><a href=\"http:\/\/todoslosrostros.blogspot.com.es\/\" target=\"_blank\" rel=\"noopener noreferrer\" target=\"_blank\" rel=\"noopener\">Todos los rostros<\/a><\/p>\n<hr \/>\n<h3><strong>Memoria Hist\u00f3rica en Canarias<\/strong><\/h3>\n<p><a href=\"http:\/\/alzola.blogspot.com.es\/p\/jacinto-alzola-cabrera.html\" target=\"_blank\" rel=\"noopener noreferrer\" target=\"_blank\" rel=\"noopener\">Los Alzola: Jacinto Alzola Cabrera<\/a><\/p>\n<p><a href=\"https:\/\/sites.google.com\/site\/memoriahistoricaarucas\/Inicio\" target=\"_blank\" rel=\"noopener noreferrer\" target=\"_blank\" rel=\"noopener\">AMHA: Asociaci\u00f3n por la Recuperaci\u00f3n de la Memoria Hist\u00f3rica de Arucas<\/a><\/p>\n<p><a href=\"http:\/\/enunrincondelamemoriaencanarias.blogspot.com.es\/\" target=\"_blank\" rel=\"noopener noreferrer\" target=\"_blank\" rel=\"noopener\">En un rinc\u00f3n de la memoria en Canarias<\/a><\/p>\n<p><a href=\"http:\/\/pedromedinasanabria.wordpress.com\/\" target=\"_blank\" rel=\"noopener\">El blog de Pedro Medina Sanabria: memoria e historia de Canarias<\/a><\/p>\n<p><a href=\"http:\/\/www.elescobillon.com\/2011\/08\/novela-y-memoria-sobre-la-guerra-incivil-en-canarias\/\" target=\"_blank\" rel=\"noopener noreferrer\" target=\"_blank\" rel=\"noopener\"> El escobillon \u00bb Blog Archive \u00bb Novela y memoria sobre la Guerra (in)Civil en Canarias <\/a><\/p>\n<p><a href=\"https:\/\/sites.google.com\/site\/memoriahistoricaarucas\/exposicion-los-pozos-del-olvido\" target=\"_blank\" rel=\"noopener noreferrer\" target=\"_blank\" rel=\"noopener\">Exposici\u00f3n los pozos del olvido (AMHA)<\/a><\/p>\n<p><a href=\"http:\/\/www.fundacionjuannegrin.com\/\" target=\"_blank\" rel=\"noopener noreferrer\" target=\"_blank\" rel=\"noopener\">Fundaci\u00f3n Juan Negr\u00edn<\/a><\/p>\n<p><a href=\"http:\/\/www.fundacionpedrogarciacabrera.com\/pedro-garcia-cabrera\" target=\"_blank\" rel=\"noopener noreferrer\" target=\"_blank\" rel=\"noopener\">Fundaci\u00f3n Pedro Garc\u00eda Cabrera<\/a><\/p>\n<p><a href=\"http:\/\/www.historiadecanarias.com\/canarii\/19\" target=\"_blank\" rel=\"noopener noreferrer\" target=\"_blank\" rel=\"noopener\">Historia de Canarias y Revista Canarii (n\u00ba 19 monogr\u00e1fico: \u201cRescatando la Memoria\u201d<\/a><\/p>\n<p><a href=\"http:\/\/proyectodesaparecidosentenerife.blogspot.com.es\/\" target=\"_blank\" rel=\"noopener noreferrer\" target=\"_blank\" rel=\"noopener\">Historia y memoria: Los desaparecidos en Tenerife durante la Guerra Civil<\/a><\/p>\n<p><a href=\"http:\/\/www.pellagofio.com\/?q=node\/230\" target=\"_blank\" rel=\"noopener noreferrer\" target=\"_blank\" rel=\"noopener\">Millares Cantero, Sergio. El valle de las viudas. En el blog: pellagofio.com<\/a><\/p>\n<p><a href=\"http:\/\/www.municipiodesanlorenzo.com\/\" target=\"_blank\" rel=\"noopener noreferrer\" target=\"_blank\" rel=\"noopener\">Municipio de San Lorenzo<\/a><\/p>\n<p><a href=\"http:\/\/josegalanhernandez.blogspot.com.es\/\" target=\"_blank\" rel=\"noopener noreferrer\" target=\"_blank\" rel=\"noopener\">Proyecto Jos\u00e9 Gal\u00e1n Hern\u00e1ndez<\/a><\/p>\n<p><a href=\"http:\/\/www.archivomemoriahistorica.es\/index.html\" target=\"_blank\" rel=\"noopener noreferrer\" target=\"_blank\" rel=\"noopener\"> Recuperaci\u00f3n de la memoria hist\u00f3rica de la represi\u00f3n franquista en Canarias: fuentes escritas y orales <\/a><\/p>\n<p><a href=\"http:\/\/verdadmemoriajusticiayreparacion.blogspot.com.es\/\" target=\"_blank\" rel=\"noopener noreferrer\" target=\"_blank\" rel=\"noopener\">Verdad, Memoria, Justicia y Reparaci\u00f3n &#8211; Familiares Fusilados de San Lorenzo<\/a><\/p>\n<\/div>\n<\/div>\n<p>[\/vc_column_text][vc_empty_space][vc_separator][\/vc_column][\/vc_row]<\/p>\n","protected":false},"excerpt":{"rendered":"<p>[vc_row][vc_column][vc_column_text] SITIOS WEB [\/vc_column_text][vc_empty_space][vc_separator][vc_column_text] Memoria Hist\u00f3rica en Espa\u00f1a Asociaci\u00f3n para la Recuperaci\u00f3n de la Memoria Hist\u00f3rica Centro Documental de la Memoria Hist\u00f3rica. Gobierno de Espa\u00f1a Foro por la Memoria \u2013 Federaci\u00f3n Estatal de Foros por la Memoria La memoria hist\u00f3rica como proyecto social y cultural Memoria Hist\u00f3rica. Gobierno de Espa\u00f1a Mujeres bajo sospecha. Memoria y&#8230;<\/p>\n","protected":false},"author":14,"featured_media":0,"parent":0,"menu_order":0,"comment_status":"closed","ping_status":"closed","template":"","meta":{"footnotes":""},"class_list":["post-186","page","type-page","status-publish","hentry"],"_links":{"self":[{"href":"https:\/\/www.ull.es\/eventos\/luces-sobre-un-tiempo-en-gris\/wp-json\/wp\/v2\/pages\/186"}],"collection":[{"href":"https:\/\/www.ull.es\/eventos\/luces-sobre-un-tiempo-en-gris\/wp-json\/wp\/v2\/pages"}],"about":[{"href":"https:\/\/www.ull.es\/eventos\/luces-sobre-un-tiempo-en-gris\/wp-json\/wp\/v2\/types\/page"}],"author":[{"embeddable":true,"href":"https:\/\/www.ull.es\/eventos\/luces-sobre-un-tiempo-en-gris\/wp-json\/wp\/v2\/users\/14"}],"replies":[{"embeddable":true,"href":"https:\/\/www.ull.es\/eventos\/luces-sobre-un-tiempo-en-gris\/wp-json\/wp\/v2\/comments?post=186"}],"version-history":[{"count":2,"href":"https:\/\/www.ull.es\/eventos\/luces-sobre-un-tiempo-en-gris\/wp-json\/wp\/v2\/pages\/186\/revisions"}],"predecessor-version":[{"id":188,"href":"https:\/\/www.ull.es\/eventos\/luces-sobre-un-tiempo-en-gris\/wp-json\/wp\/v2\/pages\/186\/revisions\/188"}],"wp:attachment":[{"href":"https:\/\/www.ull.es\/eventos\/luces-sobre-un-tiempo-en-gris\/wp-json\/wp\/v2\/media?parent=186"}],"curies":[{"name":"wp","href":"https:\/\/api.w.org\/{rel}","templated":true}]}}