{"id":192,"date":"2020-01-15T15:26:04","date_gmt":"2020-01-15T14:26:04","guid":{"rendered":"http:\/\/www.ull.es\/eventos\/luces-sobre-un-tiempo-en-gris\/?page_id=192"},"modified":"2020-01-15T15:26:04","modified_gmt":"2020-01-15T14:26:04","slug":"prensa","status":"publish","type":"page","link":"https:\/\/www.ull.es\/eventos\/luces-sobre-un-tiempo-en-gris\/prensa\/","title":{"rendered":"PRENSA"},"content":{"rendered":"<p>[vc_row][vc_column][vc_column_text]<\/p>\n<h1>PRENSA<\/h1>\n<p>[\/vc_column_text][vc_empty_space][vc_separator][vc_column_text]<\/p>\n<div class=\"span6 offset2 texto\">\n<div class=\"span6 offset2 texto\">\n<div>\n<p><strong>Recopilaci\u00f3n de art\u00edculos de prensa aparecidos en Internet a prop\u00f3sito de la exposici\u00f3n.<\/strong><\/p>\n<\/div>\n<p>La Vanguardia:<br \/>\n<a href=\"http:\/\/www.lavanguardia.com\/local\/canarias\/20130423\/54371470828\/la-universidad-de-la-laguna-celebra-el-dia-del-libro-con-una-exposicion-sobre-los-represaliados-del.html\" target=\"_blank\" rel=\"noopener noreferrer\" target=\"_blank\" rel=\"noopener\">La Universidad de La Laguna celebra el D\u00eda del Libro con una exposici\u00f3n sobre los represaliados del franquismo.<\/a><\/p>\n<p>La Prensa: Revista Semanal de El D\u00eda:<br \/>\n<a href=\"http:\/\/eldia.es\/laprensa\/wp-content\/uploads\/2013\/05\/\/20130530-LaPrensa.pdf\" target=\"_blank\" rel=\"noopener noreferrer\" target=\"_blank\" rel=\"noopener\">\u00abLUCES SOBRE UN TIEMPO EN GRIS\u00bb, exposici\u00f3n bibliogr\u00e1fica sobre la represi\u00f3n del franquismo en Canarias<\/a><\/p>\n<p>Televisi\u00f3n Canaria:<br \/>\n<a href=\"http:\/\/www.youtube.com\/watch?v=dryyCQbrvBU&amp;list=UUEc6ZP-KQucqkb0GgLyL53g&amp;index=23#t=30m04s\" target=\"_blank\" rel=\"noopener noreferrer\" target=\"_blank\" rel=\"noopener\">Video de la Exposicion \u00abLuces sobre un tiempo gris\u00bb (Universidad de La Laguna, Tenerife, 2012)<\/a><\/p>\n<p>Canariascultura.com:<br \/>\n<a title=\"Enlace permanente a Exposici\u00f3n bibliogr\u00e1fica: \u2018Luces sobre un tiempo en gris\u2019\" href=\"http:\/\/www.canariascultura.com\/2013\/04\/20\/exposicion-bibliografica-luces-sobre-un-tiempo-en-gris\/\" target=\"_blank\" rel=\"noopener noreferrer\" target=\"_blank\" rel=\"noopener\">Exposici\u00f3n bibliogr\u00e1fica: \u2018Luces sobre un tiempo en gris\u2019<\/a><\/p>\n<p>El D\u00eda:<br \/>\n<a href=\"http:\/\/eldia.es\/2013-04-22\/VIDAYCULTURA\/30-Universidad-Laguna-celebra-Dia-Libro.htm\" target=\"_blank\" rel=\"noopener noreferrer\" target=\"_blank\" rel=\"noopener\">La Universidad de La Laguna celebra el D\u00eda del Libro<\/a><\/p>\n<p>Noticias ULL:<br \/>\n<a href=\"http:\/\/www.ull.es\/viewullnew\/institucional\/prensa\/Cultura\/es\/2396938\" target=\"_blank\" rel=\"noopener noreferrer\" target=\"_blank\" rel=\"noopener\">La Universidad de La Laguna celebra el D\u00eda del Libro con una exposici\u00f3n sobre los represaliados del franquismo<\/a><\/p>\n<p>Tamaimos.com:<br \/>\n<a href=\"http:\/\/tamaimos.com\/2013\/04\/25\/luces-sobre-un-tiempo-gris-una-exposicion-imprescindible\/\" target=\"_blank\" rel=\"noopener noreferrer\" target=\"_blank\" rel=\"noopener\">Luces sobre un tiempo gris: una exposici\u00f3n imprescindible<\/a><\/p>\n<\/div>\n<\/div>\n<p>[\/vc_column_text][vc_empty_space][vc_separator][\/vc_column][\/vc_row]<\/p>\n","protected":false},"excerpt":{"rendered":"<p>[vc_row][vc_column][vc_column_text] PRENSA [\/vc_column_text][vc_empty_space][vc_separator][vc_column_text] Recopilaci\u00f3n de art\u00edculos de prensa aparecidos en Internet a prop\u00f3sito de la exposici\u00f3n. La Vanguardia: La Universidad de La Laguna celebra el D\u00eda del Libro con una exposici\u00f3n sobre los represaliados del franquismo. La Prensa: Revista Semanal de El D\u00eda: \u00abLUCES SOBRE UN TIEMPO EN GRIS\u00bb, exposici\u00f3n bibliogr\u00e1fica sobre la represi\u00f3n del&#8230;<\/p>\n","protected":false},"author":14,"featured_media":0,"parent":0,"menu_order":0,"comment_status":"closed","ping_status":"closed","template":"","meta":{"footnotes":""},"class_list":["post-192","page","type-page","status-publish","hentry"],"_links":{"self":[{"href":"https:\/\/www.ull.es\/eventos\/luces-sobre-un-tiempo-en-gris\/wp-json\/wp\/v2\/pages\/192"}],"collection":[{"href":"https:\/\/www.ull.es\/eventos\/luces-sobre-un-tiempo-en-gris\/wp-json\/wp\/v2\/pages"}],"about":[{"href":"https:\/\/www.ull.es\/eventos\/luces-sobre-un-tiempo-en-gris\/wp-json\/wp\/v2\/types\/page"}],"author":[{"embeddable":true,"href":"https:\/\/www.ull.es\/eventos\/luces-sobre-un-tiempo-en-gris\/wp-json\/wp\/v2\/users\/14"}],"replies":[{"embeddable":true,"href":"https:\/\/www.ull.es\/eventos\/luces-sobre-un-tiempo-en-gris\/wp-json\/wp\/v2\/comments?post=192"}],"version-history":[{"count":2,"href":"https:\/\/www.ull.es\/eventos\/luces-sobre-un-tiempo-en-gris\/wp-json\/wp\/v2\/pages\/192\/revisions"}],"predecessor-version":[{"id":194,"href":"https:\/\/www.ull.es\/eventos\/luces-sobre-un-tiempo-en-gris\/wp-json\/wp\/v2\/pages\/192\/revisions\/194"}],"wp:attachment":[{"href":"https:\/\/www.ull.es\/eventos\/luces-sobre-un-tiempo-en-gris\/wp-json\/wp\/v2\/media?parent=192"}],"curies":[{"name":"wp","href":"https:\/\/api.w.org\/{rel}","templated":true}]}}