{"id":200,"date":"2020-01-15T15:32:31","date_gmt":"2020-01-15T14:32:31","guid":{"rendered":"http:\/\/www.ull.es\/eventos\/luces-sobre-un-tiempo-en-gris\/?page_id=200"},"modified":"2020-01-15T15:49:39","modified_gmt":"2020-01-15T14:49:39","slug":"exposicion-paralela","status":"publish","type":"page","link":"https:\/\/www.ull.es\/eventos\/luces-sobre-un-tiempo-en-gris\/exposicion-paralela\/","title":{"rendered":"EXPOSICI\u00d3N PARALELA"},"content":{"rendered":"<p>[vc_row][vc_column][vc_column_text]<\/p>\n<h1>Exposici\u00f3n paralela<\/h1>\n<p>[\/vc_column_text][vc_empty_space][vc_separator][vc_column_text]<\/p>\n<div class=\"span6 offset2 texto\">\n<h3>Jos\u00e9 Luis Vega (1937)<\/h3>\n<p>Serigraf\u00edas sobre episodios de la represi\u00f3n franquista en Canarias que, agrupadas en la carpeta que lleva por t\u00edtulo \u201c<em>Fyffes, Gando, La Isleta<\/em>\u201d, fue publicada en 1980 por el C\u00edrculo de Estudios Sociales de Canarias junto a un conjunto de poemas de Francisco Tarajano.<\/p>\n<hr \/>\n<h4><\/h4>\n<h3>Antonio G\u00e1miz (1951)<\/h3>\n<p>Serigraf\u00edas sobre episodios de la represi\u00f3n franquista en Canarias que, agrupadas en la carpeta que lleva por t\u00edtulo \u201c<em>Fyffes, Gando, La Isleta<\/em>\u201d, fue publicada en 1980 por el C\u00edrculo de Estudios Sociales de Canarias junto a un conjunto de poemas de Francisco Tarajano.<\/p>\n<hr \/>\n<h4><\/h4>\n<h3>Eduardo Martin\u00f3n (1943)<\/h3>\n<p>Pinturas (\u201cpictor\u00edas\u201d como gusta llamarlas a su autor) bajo el lema \u201c<em>Fyffes, un lugar en la memoria hist\u00f3rica de Tenerife<\/em>\u201d realizadas en 2013 a partir de la vivencia personal y el recuerdo de la visitas a su padre en Fyffes.<\/p>\n<\/div>\n<p>[\/vc_column_text][vc_empty_space][vc_separator][\/vc_column][\/vc_row]<\/p>\n","protected":false},"excerpt":{"rendered":"<p>[vc_row][vc_column][vc_column_text] Exposici\u00f3n paralela [\/vc_column_text][vc_empty_space][vc_separator][vc_column_text] Jos\u00e9 Luis Vega (1937) Serigraf\u00edas sobre episodios de la represi\u00f3n franquista en Canarias que, agrupadas en la carpeta que lleva por t\u00edtulo \u201cFyffes, Gando, La Isleta\u201d, fue publicada en 1980 por el C\u00edrculo de Estudios Sociales de Canarias junto a un conjunto de poemas de Francisco Tarajano. Antonio G\u00e1miz (1951) Serigraf\u00edas&#8230;<\/p>\n","protected":false},"author":14,"featured_media":0,"parent":0,"menu_order":0,"comment_status":"closed","ping_status":"closed","template":"","meta":{"footnotes":""},"class_list":["post-200","page","type-page","status-publish","hentry"],"_links":{"self":[{"href":"https:\/\/www.ull.es\/eventos\/luces-sobre-un-tiempo-en-gris\/wp-json\/wp\/v2\/pages\/200"}],"collection":[{"href":"https:\/\/www.ull.es\/eventos\/luces-sobre-un-tiempo-en-gris\/wp-json\/wp\/v2\/pages"}],"about":[{"href":"https:\/\/www.ull.es\/eventos\/luces-sobre-un-tiempo-en-gris\/wp-json\/wp\/v2\/types\/page"}],"author":[{"embeddable":true,"href":"https:\/\/www.ull.es\/eventos\/luces-sobre-un-tiempo-en-gris\/wp-json\/wp\/v2\/users\/14"}],"replies":[{"embeddable":true,"href":"https:\/\/www.ull.es\/eventos\/luces-sobre-un-tiempo-en-gris\/wp-json\/wp\/v2\/comments?post=200"}],"version-history":[{"count":3,"href":"https:\/\/www.ull.es\/eventos\/luces-sobre-un-tiempo-en-gris\/wp-json\/wp\/v2\/pages\/200\/revisions"}],"predecessor-version":[{"id":237,"href":"https:\/\/www.ull.es\/eventos\/luces-sobre-un-tiempo-en-gris\/wp-json\/wp\/v2\/pages\/200\/revisions\/237"}],"wp:attachment":[{"href":"https:\/\/www.ull.es\/eventos\/luces-sobre-un-tiempo-en-gris\/wp-json\/wp\/v2\/media?parent=200"}],"curies":[{"name":"wp","href":"https:\/\/api.w.org\/{rel}","templated":true}]}}