{"id":203,"date":"2020-01-15T15:38:45","date_gmt":"2020-01-15T14:38:45","guid":{"rendered":"http:\/\/www.ull.es\/eventos\/luces-sobre-un-tiempo-en-gris\/?page_id=203"},"modified":"2020-01-15T15:49:26","modified_gmt":"2020-01-15T14:49:26","slug":"club-de-lectura","status":"publish","type":"page","link":"https:\/\/www.ull.es\/eventos\/luces-sobre-un-tiempo-en-gris\/club-de-lectura\/","title":{"rendered":"CLUB DE LECTURA"},"content":{"rendered":"<p>[vc_row][vc_column][vc_column_text]<\/p>\n<h1>Club de lectura<\/h1>\n<p>[\/vc_column_text][vc_empty_space][vc_separator][vc_column_text]<\/p>\n<div class=\"span6 offset2 texto\">\n<h3>Como en a\u00f1os anteriores, el <a href=\"http:\/\/clubdelecturaull.blogspot.com.es\/\" target=\"_blank\" rel=\"noopener noreferrer\" target=\"_blank\" rel=\"noopener\">Club de Lectura<\/a> particip\u00f3 en los actos de celebraci\u00f3n del D\u00eda del Libro. Para tal ocasi\u00f3n, se eligi\u00f3 la obra <em>El Barranco<\/em> de Nivaria Tejera sobre la que se estableci\u00f3 un interesante coloquio. El profesor Antonio \u00c1lvarez de la Rosa fue el que realiz\u00f3 la presentaci\u00f3n y quien ley\u00f3 el texto que la autora tuvo la generosidad de enviar a la Universidad de La Laguna. A continuaci\u00f3n transcribimos su contenido:<\/h3>\n<\/div>\n<p>[\/vc_column_text][vc_empty_space][vc_media_grid element_width=\u00bb2&#8243; grid_id=\u00bbvc_gid:1579099438384-faee1232-5fba-9&#8243; include=\u00bb62,63,64,65,66&#8243;][vc_empty_space][vc_empty_space][vc_separator][vc_column_text]<\/p>\n<div class=\"span6 offset2 texto\">\n<div class=\"span6 offset2 texto\">\n<p>Emocionada me entero, a trav\u00e9s de un cartel de Hilos de Arena con la portada de El Barranco, enviado por el amigo catedr\u00e1tico de Filolog\u00eda Francesa Antonio \u00c1lvarez de la Rosa, que la Universidad de La Laguna incluye en sus actos del D\u00eda del Libro un di\u00e1logo en torno a mi obra <em>El Barranco<\/em>, para lo cual le he sugerido leer el corto pr\u00f3logo que, junto al suyo, acompa\u00f1a la \u00faltima edici\u00f3n canaria. En \u00e9l trato de explicar el proceso de elaboraci\u00f3n de esa novela que el tiempo y los s\u00edmbolos que \u00e9l engendra han convertido, paulatinamente, en una especie de fresco de culto.<\/p>\n<p>Como quien teme nombrar las cosas por miedo a que desaparezcan \u2013 creo lo dijo Strindberg- as\u00ed, acorralada por el temblor de lo imprevisto que exig\u00eda voz y o\u00eddo y s\u00fabita absorci\u00f3n, hilando vaivenes sensoriales tantas veces contrarios, el automatismo de la pluma reanimaba turbulencias experimentadas en aquella temprana edad de la vida, la atm\u00f3sfera de rareza que la envolviera, hechos concretos pero irracionales que, simult\u00e1neamente, la incoherencia del discernir infantil o la memoria enf\u00e1tica desviaban hacia lo imaginario. Y eso parece traducir en su natural lucidez Paul Val\u00e9ry : \u201cL\u00b4homme est ainsi fait qu\u2019il ne peut d\u00e9couvrir tout ce qu\u2019il poss\u00e8de que s\u2019il est oblig\u00e9 de le tirer de soi par un effort s\u00e9v\u00e8re et prolong\u00e9. On ne va au plus pr\u00e8s de soi que contre soi\u201d. (\u201cDe tal manera est\u00e1 concebido el hombre que solo puede descubrir todo lo que posee si lo extrae de s\u00ed mismo mediante un esfuerzo severo y prolongado. Solo nos acercamos a nosotros mismos cuando vamos contra nosotros mismos\u201d).<\/p>\n<p>Complacida, sonriente, me congratulo de que sea este libro hoy el mensajero de mi entrada \u201creal\u201d a la Universidad (as\u00ed como el retorno id\u00edlico a la para m\u00ed m\u00edtica ciudad de La Laguna). Compensador azar!!, me digo, el que la una y la otra lo reclamen &#8230;pues el traspaso dif\u00edcil entonces de aquella infancia a la adolescencia, las dificultades que suscitara el cambio de pa\u00eds, los contrasentidos que comportaba el intentar rehacer una existencia deshecha en \u00e9pocas de guerra me impidieron, casi naturalmente, el acceso natural a este umbral de la Cultura.<\/p>\n<p>Esperando, gozosa, que la lectura de <em>El Barranco<\/em> y el di\u00e1logo correspondiente que anuncia el programa provoquen ciertas reflexiones que les encaminen al v\u00e9rtigo creador. Temas no faltan: los desastres monstruosos de las guerras contin\u00faan airosas por el mundo destruyendo infancias, sue\u00f1os, proyectos, esos j\u00fabilos secretos que son las savias del hombre&#8230;<\/p>\n<p>Y son estas savias las claves que (como olas del mar) arrastran corrientes voluptuosas, misteriosas, que desembocan en La Escritura.<\/p>\n<\/div>\n<\/div>\n<p>[\/vc_column_text][vc_empty_space][vc_separator][vc_video link=\u00bbhttps:\/\/www.youtube.com\/watch?v=VbVRHDUFiRY\u00bb][vc_column_text]V\u00eddeo grabado por un asistente, en el que se puede observar a Tamara Raya, miembro de la Agrupaci\u00f3n de Teatro de Filolog\u00eda de la ULL, representando algunos pasajes de <em>El Barranco<\/em> de Nivaria Tejera.[\/vc_column_text][vc_empty_space][vc_column_text]<\/p>\n<div class=\"span6 offset2 texto\">\n<blockquote>\n<p style=\"padding-left: 120px\"><em>Nivaria Tejera nace en Cienfuegos, Cuba. Al poco tiempo su familia se traslada a Canarias justo antes del estallido de la Guera Civil. Su padre fue encarcelado por el r\u00e9gimen franquista \u2014experiencia que narra El Barranco (El Olivo Azul, 2010)\u2014 y regresan a La Habana. Nivaria huye de la Cuba de Batista, aunque volver\u00e1 para apoyar a Castro. Desencantada, se exiliar\u00e1 en Par\u00eds donde reside actualmente.<\/em><\/p>\n<\/blockquote>\n<\/div>\n<p>[\/vc_column_text][vc_separator][\/vc_column][\/vc_row]<\/p>\n","protected":false},"excerpt":{"rendered":"<p>[vc_row][vc_column][vc_column_text] Club de lectura [\/vc_column_text][vc_empty_space][vc_separator][vc_column_text] Como en a\u00f1os anteriores, el Club de Lectura particip\u00f3 en los actos de celebraci\u00f3n del D\u00eda del Libro. Para tal ocasi\u00f3n, se eligi\u00f3 la obra El Barranco de Nivaria Tejera sobre la que se estableci\u00f3 un interesante coloquio. El profesor Antonio \u00c1lvarez de la Rosa fue el que realiz\u00f3 la&#8230;<\/p>\n","protected":false},"author":14,"featured_media":0,"parent":0,"menu_order":0,"comment_status":"closed","ping_status":"closed","template":"","meta":{"footnotes":""},"class_list":["post-203","page","type-page","status-publish","hentry"],"_links":{"self":[{"href":"https:\/\/www.ull.es\/eventos\/luces-sobre-un-tiempo-en-gris\/wp-json\/wp\/v2\/pages\/203"}],"collection":[{"href":"https:\/\/www.ull.es\/eventos\/luces-sobre-un-tiempo-en-gris\/wp-json\/wp\/v2\/pages"}],"about":[{"href":"https:\/\/www.ull.es\/eventos\/luces-sobre-un-tiempo-en-gris\/wp-json\/wp\/v2\/types\/page"}],"author":[{"embeddable":true,"href":"https:\/\/www.ull.es\/eventos\/luces-sobre-un-tiempo-en-gris\/wp-json\/wp\/v2\/users\/14"}],"replies":[{"embeddable":true,"href":"https:\/\/www.ull.es\/eventos\/luces-sobre-un-tiempo-en-gris\/wp-json\/wp\/v2\/comments?post=203"}],"version-history":[{"count":9,"href":"https:\/\/www.ull.es\/eventos\/luces-sobre-un-tiempo-en-gris\/wp-json\/wp\/v2\/pages\/203\/revisions"}],"predecessor-version":[{"id":236,"href":"https:\/\/www.ull.es\/eventos\/luces-sobre-un-tiempo-en-gris\/wp-json\/wp\/v2\/pages\/203\/revisions\/236"}],"wp:attachment":[{"href":"https:\/\/www.ull.es\/eventos\/luces-sobre-un-tiempo-en-gris\/wp-json\/wp\/v2\/media?parent=203"}],"curies":[{"name":"wp","href":"https:\/\/api.w.org\/{rel}","templated":true}]}}