{"id":285,"date":"2015-05-05T11:57:39","date_gmt":"2015-05-05T11:57:39","guid":{"rendered":"http:\/\/bbtk.exposicion.ull.es\/luz\/?page_id=285"},"modified":"2020-01-14T09:56:19","modified_gmt":"2020-01-14T08:56:19","slug":"libros-expuestos","status":"publish","type":"page","link":"https:\/\/www.ull.es\/eventos\/luz-conocimiento\/libros-expuestos\/","title":{"rendered":"Libros expuestos"},"content":{"rendered":"<p>[vc_row full_width=\u00bbstretch_row_content\u00bb][vc_column width=\u00bb1\/6&#8243;][\/vc_column][vc_column width=\u00bb2\/3&#8243;][vc_column_text]<\/p>\n<h2>Libros expuestos<\/h2>\n<p>[\/vc_column_text][vc_column_text]<\/p>\n<div>Para acercar la exposici\u00f3n a quienes\u00a0no puedan desplazarse, hemos elaborado cuatro\u00a0tableros en Pinterest, donde se recogen las portadas y l\u00e1minas de inter\u00e9s de los libros expuestos (excluidos los del Fondo Antiguo), as\u00ed como los enlaces al cat\u00e1logo de la Biblioteca, con la descripci\u00f3n bibliogr\u00e1fica de los mismos y su localizaci\u00f3n dentro de la colecci\u00f3n.<\/div>\n<div>Los\u00a0tableros corresponden a\u00a0los cuatro bloques tem\u00e1ticos en los que se ha centrado la\u00a0exposici\u00f3n<\/div>\n<p>&nbsp;<\/p>\n<p><a href=\"https:\/\/es.pinterest.com\/bmafin\/historia-de-las-teor%C3%ADas-sobre-la-naturaleza-de-la-\/\" data-pin-do=\"embedBoard\" data-pin-scale-width=\"80\" data-pin-scale-height=\"200\" data-pin-board-width=\"400\" target=\"_blank\" rel=\"noopener\"> Sigue el tablero \u00abHistoria de las teor\u00edas sobre la naturaleza de la luz\u00bb de Biblioteca Matem\u00e1ticas F\u00edsica Ingenier\u00eda en Pinterest.<\/a>\u00a0<!-- Please call pinit.js only once per page --><\/p>\n<p><a href=\"https:\/\/www.pinterest.com\/bmafin\/tecnolog%C3%ADa-asociadas-a-la-luz-%C3%B3ptica-y-l%C3%A1ser\/\" data-pin-do=\"embedBoard\" data-pin-scale-width=\"80\" data-pin-scale-height=\"200\" data-pin-board-width=\"400\" target=\"_blank\" rel=\"noopener\">Sigue el tablero \u00abTecnolog\u00eda asociadas a la luz (\u00f3ptica y l\u00e1ser) de Biblioteca Matem\u00e1ticas F\u00edsica Ingenier\u00eda en Pinterest.<\/a><\/p>\n<p><a href=\"https:\/\/es.pinterest.com\/bmafin\/energ%C3%ADas-renovables\/\" data-pin-do=\"embedBoard\" data-pin-scale-width=\"80\" data-pin-scale-height=\"200\" data-pin-board-width=\"400\" target=\"_blank\" rel=\"noopener\">Sigue el tablero \u00abEnerg\u00edas Renovables\u00bb de Biblioteca Matem\u00e1ticas F\u00edsica Ingenier\u00eda en Pinterest.<\/a><\/p>\n<p><a href=\"https:\/\/es.pinterest.com\/bmafin\/astrof%C3%ADsica\/\" data-pin-do=\"embedBoard\" data-pin-scale-width=\"80\" data-pin-scale-height=\"200\" data-pin-board-width=\"400\" target=\"_blank\" rel=\"noopener\">Sigue el tablero \u00abAstrof\u00edsica\u00bb de Biblioteca Matem\u00e1ticas F\u00edsica Ingenier\u00eda en Pinterest.<\/a>[\/vc_column_text][\/vc_column][vc_column width=\u00bb1\/6&#8243;][\/vc_column][\/vc_row]<\/p>\n","protected":false},"excerpt":{"rendered":"<p>[vc_row full_width=\u00bbstretch_row_content\u00bb][vc_column width=\u00bb1\/6&#8243;][\/vc_column][vc_column width=\u00bb2\/3&#8243;][vc_column_text] Libros expuestos [\/vc_column_text][vc_column_text] Para acercar la exposici\u00f3n a quienes\u00a0no puedan desplazarse, hemos elaborado cuatro\u00a0tableros en Pinterest, donde se recogen las portadas y l\u00e1minas de inter\u00e9s de los libros expuestos (excluidos los del Fondo Antiguo), as\u00ed como los enlaces al cat\u00e1logo de la Biblioteca, con la descripci\u00f3n bibliogr\u00e1fica de los mismos y&#8230;<\/p>\n","protected":false},"author":14,"featured_media":203,"parent":0,"menu_order":0,"comment_status":"closed","ping_status":"closed","template":"","meta":{"footnotes":""},"class_list":["post-285","page","type-page","status-publish","has-post-thumbnail","hentry"],"_links":{"self":[{"href":"https:\/\/www.ull.es\/eventos\/luz-conocimiento\/wp-json\/wp\/v2\/pages\/285"}],"collection":[{"href":"https:\/\/www.ull.es\/eventos\/luz-conocimiento\/wp-json\/wp\/v2\/pages"}],"about":[{"href":"https:\/\/www.ull.es\/eventos\/luz-conocimiento\/wp-json\/wp\/v2\/types\/page"}],"author":[{"embeddable":true,"href":"https:\/\/www.ull.es\/eventos\/luz-conocimiento\/wp-json\/wp\/v2\/users\/14"}],"replies":[{"embeddable":true,"href":"https:\/\/www.ull.es\/eventos\/luz-conocimiento\/wp-json\/wp\/v2\/comments?post=285"}],"version-history":[{"count":3,"href":"https:\/\/www.ull.es\/eventos\/luz-conocimiento\/wp-json\/wp\/v2\/pages\/285\/revisions"}],"predecessor-version":[{"id":470,"href":"https:\/\/www.ull.es\/eventos\/luz-conocimiento\/wp-json\/wp\/v2\/pages\/285\/revisions\/470"}],"wp:featuredmedia":[{"embeddable":true,"href":"https:\/\/www.ull.es\/eventos\/luz-conocimiento\/wp-json\/"}],"wp:attachment":[{"href":"https:\/\/www.ull.es\/eventos\/luz-conocimiento\/wp-json\/wp\/v2\/media?parent=285"}],"curies":[{"name":"wp","href":"https:\/\/api.w.org\/{rel}","templated":true}]}}