{"id":297,"date":"2015-05-05T13:19:46","date_gmt":"2015-05-05T13:19:46","guid":{"rendered":"http:\/\/bbtk.exposicion.ull.es\/luz\/?page_id=297"},"modified":"2020-01-14T10:01:09","modified_gmt":"2020-01-14T09:01:09","slug":"discurso-del-decano-de-ciencias-en-la-inauguracion-de-la-exposicion","status":"publish","type":"page","link":"https:\/\/www.ull.es\/eventos\/luz-conocimiento\/discurso-del-decano-de-ciencias-en-la-inauguracion-de-la-exposicion\/","title":{"rendered":"Discurso del Decano de Ciencias en la Inauguraci\u00f3n de la exposici\u00f3n"},"content":{"rendered":"<p>[vc_row full_width=\u00bbstretch_row_content\u00bb][vc_column width=\u00bb1\/6&#8243;][\/vc_column][vc_column width=\u00bb2\/3&#8243;][vc_column_text]<\/p>\n<h2>Discurso del Decano de Ciencias en la Inauguraci\u00f3n de la exposici\u00f3n<\/h2>\n<p>[\/vc_column_text][vc_column_text]<strong>Biblioteca General y de Humanidades, Campus de Guajara.\u00a0<\/strong><strong>Universidad de La Laguna.\u00a0<\/strong><strong>23 de abril de 2015<\/strong><\/p>\n<p><strong>Presentaci\u00f3n y saludo en el acto de <\/strong><strong>Inauguraci\u00f3n de la exposici\u00f3n \u00abA la luz del conocimiento.<\/strong><strong>N\u00e9stor Torres Darias. Decano de la Facultad de Ciencias<\/strong><\/p>\n<p>En 1612, Ludovico Cardi, conocido como El Cigoli, pint\u00f3 una Inmaculada en la capilla paulina de la bas\u00edlica romana Santa Mar\u00eda la Mayor. Esta Inmaculada fue la primera que aparec\u00eda con los pies sobre una luna representada tal como es y no como sosten\u00edan las autoridades religiosas. Y es que para la escol\u00e1stica, dominante entonces, la Luna era tersa, de un blanco perfecto, de hecho inmaculada, raz\u00f3n por la que la Virgen reposaba los pies en ella. Sin embargo, Galileo acababa de observar la luna a trav\u00e9s del telescopio: esta aparec\u00eda rugosa, gris y maculada: imperfecta. El Cigoli la pint\u00f3 tal como Galileo la observ\u00f3 y no como ten\u00eda que ser. No qued\u00f3 impune esta osad\u00eda y El Cigoli tuvo que hacer frente a las presiones eclesi\u00e1sticas.<\/p>\n<p>Con el Renacimiento lleg\u00f3 el m\u00e9todo cient\u00edfico, y con \u00e9l la experimentaci\u00f3n y la medida: se impuso gradual pero inexorablemente una manera de pensar distinta, basada en la evidencia y la observaci\u00f3n. Desde entonces las tecnociencias que se han derivado de la aplicaci\u00f3n sistem\u00e1tica del m\u00e9todo cient\u00edfico han transformado el mundo, y hoy la ciencia no se opone a las humanidades sino que se a\u00f1ade a ellas con excelencia, descartando mitos y fraudes, ya sean f\u00edsicos o filos\u00f3ficos.<\/p>\n<p>Pero con todo, lo m\u00e1s importante de las tecnociencias no es que nos permiten ver el mundo tal como es sino que hacen posible que pensemos a partir del observado. Esto fue lo que hizo Darwin siglos m\u00e1s tarde en el \u00e1mbito de la biolog\u00eda: a partir de la colecci\u00f3n de espec\u00edmenes reunidos a lo largo de tres a\u00f1os de viaje de estudio y observaci\u00f3n alrededor del mundo fue capaz de proponer una interpretaci\u00f3n biol\u00f3gica de los datos acumulados.<\/p>\n<p>Actualmente los planteamientos prerrenacentistas quedan lejos, como tambi\u00e9n la idea de que existen dos culturas, la cient\u00edfica y la humanista separadas por una distancia insalvable. Sin embargo, a\u00fan quedan tareas que hacer en este sentido, trabajo de divulgaci\u00f3n y aproximaci\u00f3n de la ciencia, con el que los profesores e investigadores de la Facultad de Ciencias estamos plenamente comprometidos.<\/p>\n<p>Como representante de la Facultad de Ciencias de la ULL quiero manifestar mi satisfacci\u00f3n y agradecimiento a los responsables de la Biblioteca de la ULL por la iniciativa de organizar, en el marco del D\u00eda del Libro, un programa de actividades de divulgaci\u00f3n cient\u00edfica aqu\u00ed, en la Biblioteca General y de Humanidades de la ULL, ubicada en el Campus de Guajara en donde tienen su sede las Facultades de Humanidades y Ciencias Sociales.<\/p>\n<p>Tengo plena confianza en que la exposici\u00f3n titulada \u201cA la luz del Conocimiento\u201d, junto con las conferencias, el mon\u00f3logo, el taller, la charla divulgativa, la sesi\u00f3n del club de lectura y la presentaci\u00f3n de un libro sobre la historia de la luz y sus aplicaciones contribuir\u00e1n a que la ciencia se perciba como parte integral de la cultura en su sentido m\u00e1s amplio.<\/p>\n<p>Les invito a todos a participar activamente en este programa de actividades; les aseguro que les resultara formativo, estimulante y divertido.<\/p>\n<p>Gracias por su atenci\u00f3n[\/vc_column_text][\/vc_column][vc_column width=\u00bb1\/6&#8243;][\/vc_column][\/vc_row]<\/p>\n","protected":false},"excerpt":{"rendered":"<p>[vc_row full_width=\u00bbstretch_row_content\u00bb][vc_column width=\u00bb1\/6&#8243;][\/vc_column][vc_column width=\u00bb2\/3&#8243;][vc_column_text] Discurso del Decano de Ciencias en la Inauguraci\u00f3n de la exposici\u00f3n [\/vc_column_text][vc_column_text]Biblioteca General y de Humanidades, Campus de Guajara.\u00a0Universidad de La Laguna.\u00a023 de abril de 2015 Presentaci\u00f3n y saludo en el acto de Inauguraci\u00f3n de la exposici\u00f3n \u00abA la luz del conocimiento.N\u00e9stor Torres Darias. Decano de la Facultad de Ciencias En&#8230;<\/p>\n","protected":false},"author":14,"featured_media":0,"parent":0,"menu_order":0,"comment_status":"closed","ping_status":"closed","template":"","meta":{"footnotes":""},"class_list":["post-297","page","type-page","status-publish","hentry"],"_links":{"self":[{"href":"https:\/\/www.ull.es\/eventos\/luz-conocimiento\/wp-json\/wp\/v2\/pages\/297"}],"collection":[{"href":"https:\/\/www.ull.es\/eventos\/luz-conocimiento\/wp-json\/wp\/v2\/pages"}],"about":[{"href":"https:\/\/www.ull.es\/eventos\/luz-conocimiento\/wp-json\/wp\/v2\/types\/page"}],"author":[{"embeddable":true,"href":"https:\/\/www.ull.es\/eventos\/luz-conocimiento\/wp-json\/wp\/v2\/users\/14"}],"replies":[{"embeddable":true,"href":"https:\/\/www.ull.es\/eventos\/luz-conocimiento\/wp-json\/wp\/v2\/comments?post=297"}],"version-history":[{"count":2,"href":"https:\/\/www.ull.es\/eventos\/luz-conocimiento\/wp-json\/wp\/v2\/pages\/297\/revisions"}],"predecessor-version":[{"id":474,"href":"https:\/\/www.ull.es\/eventos\/luz-conocimiento\/wp-json\/wp\/v2\/pages\/297\/revisions\/474"}],"wp:attachment":[{"href":"https:\/\/www.ull.es\/eventos\/luz-conocimiento\/wp-json\/wp\/v2\/media?parent=297"}],"curies":[{"name":"wp","href":"https:\/\/api.w.org\/{rel}","templated":true}]}}