{"id":301,"date":"2015-05-06T08:00:46","date_gmt":"2015-05-06T08:00:46","guid":{"rendered":"http:\/\/bbtk.exposicion.ull.es\/luz\/?page_id=301"},"modified":"2020-01-14T09:40:34","modified_gmt":"2020-01-14T08:40:34","slug":"concurso-de-fotografia","status":"publish","type":"page","link":"https:\/\/www.ull.es\/eventos\/luz-conocimiento\/concurso-de-fotografia\/","title":{"rendered":"Concurso de fotograf\u00eda"},"content":{"rendered":"<p>[vc_row full_width=\u00bbstretch_row_content\u00bb][vc_column width=\u00bb1\/6&#8243;][\/vc_column][vc_column width=\u00bb2\/3&#8243;][vc_column_text]<\/p>\n<h2>Concurso de fotograf\u00eda<\/h2>\n<p>[\/vc_column_text][vc_column_text]Una de las actividades organizadas por la Biblioteca de F\u00edsica-Matem\u00e1ticas, con motivo del D\u00eda del Libro 2015, fue un concurso de fotograf\u00eda en torno al tema de la luz.<\/p>\n<div id=\"attachment_451\" style=\"width: 310px\" class=\"wp-caption alignnone\"><img loading=\"lazy\" decoding=\"async\" aria-describedby=\"caption-attachment-451\" class=\"size-medium wp-image-451\" src=\"http:\/\/www.ull.es\/eventos\/luz-conocimiento\/wp-content\/uploads\/sites\/17\/2020\/01\/concurso-de-fotografia-300x273.jpg\" alt=\"\" width=\"300\" height=\"273\" srcset=\"https:\/\/www.ull.es\/eventos\/luz-conocimiento\/wp-content\/uploads\/sites\/17\/2020\/01\/concurso-de-fotografia-300x273.jpg 300w, https:\/\/www.ull.es\/eventos\/luz-conocimiento\/wp-content\/uploads\/sites\/17\/2020\/01\/concurso-de-fotografia-768x698.jpg 768w, https:\/\/www.ull.es\/eventos\/luz-conocimiento\/wp-content\/uploads\/sites\/17\/2020\/01\/concurso-de-fotografia-375x341.jpg 375w, https:\/\/www.ull.es\/eventos\/luz-conocimiento\/wp-content\/uploads\/sites\/17\/2020\/01\/concurso-de-fotografia-750x682.jpg 750w, https:\/\/www.ull.es\/eventos\/luz-conocimiento\/wp-content\/uploads\/sites\/17\/2020\/01\/concurso-de-fotografia.jpg 1000w\" sizes=\"(max-width: 300px) 100vw, 300px\" \/><p id=\"caption-attachment-451\" class=\"wp-caption-text\">Concurso de fotograf\u00eda<\/p><\/div>\n<p>En este tablero de Pinterest pueden ver las tres fotos ganadoras\u00a0y aquellas\u00a0de las que hemos obtenido autorizaci\u00f3n para exponerlas, con la menci\u00f3n de la autor\u00eda y t\u00edtulo de la obra.<\/p>\n<p><a href=\"https:\/\/es.pinterest.com\/bmafin\/concurso-de-fotograf%C3%ADa\/\" data-pin-do=\"embedBoard\" data-pin-scale-width=\"80\" data-pin-scale-height=\"200\" data-pin-board-width=\"400\" target=\"_blank\" rel=\"noopener\"> Sigue el tablero \u00abConcurso de Fotograf\u00eda\u00bb de Biblioteca Matem\u00e1ticas F\u00edsica Ingenier\u00eda en Pinterest.<\/a><!-- Please call pinit.js only once per page -->[\/vc_column_text][\/vc_column][vc_column width=\u00bb1\/6&#8243;][\/vc_column][\/vc_row]<\/p>\n","protected":false},"excerpt":{"rendered":"<p>[vc_row full_width=\u00bbstretch_row_content\u00bb][vc_column width=\u00bb1\/6&#8243;][\/vc_column][vc_column width=\u00bb2\/3&#8243;][vc_column_text] Concurso de fotograf\u00eda [\/vc_column_text][vc_column_text]Una de las actividades organizadas por la Biblioteca de F\u00edsica-Matem\u00e1ticas, con motivo del D\u00eda del Libro 2015, fue un concurso de fotograf\u00eda en torno al tema de la luz. En este tablero de Pinterest pueden ver las tres fotos ganadoras\u00a0y aquellas\u00a0de las que hemos obtenido autorizaci\u00f3n para exponerlas,&#8230;<\/p>\n","protected":false},"author":14,"featured_media":194,"parent":0,"menu_order":0,"comment_status":"closed","ping_status":"closed","template":"","meta":{"footnotes":""},"class_list":["post-301","page","type-page","status-publish","has-post-thumbnail","hentry"],"_links":{"self":[{"href":"https:\/\/www.ull.es\/eventos\/luz-conocimiento\/wp-json\/wp\/v2\/pages\/301"}],"collection":[{"href":"https:\/\/www.ull.es\/eventos\/luz-conocimiento\/wp-json\/wp\/v2\/pages"}],"about":[{"href":"https:\/\/www.ull.es\/eventos\/luz-conocimiento\/wp-json\/wp\/v2\/types\/page"}],"author":[{"embeddable":true,"href":"https:\/\/www.ull.es\/eventos\/luz-conocimiento\/wp-json\/wp\/v2\/users\/14"}],"replies":[{"embeddable":true,"href":"https:\/\/www.ull.es\/eventos\/luz-conocimiento\/wp-json\/wp\/v2\/comments?post=301"}],"version-history":[{"count":5,"href":"https:\/\/www.ull.es\/eventos\/luz-conocimiento\/wp-json\/wp\/v2\/pages\/301\/revisions"}],"predecessor-version":[{"id":454,"href":"https:\/\/www.ull.es\/eventos\/luz-conocimiento\/wp-json\/wp\/v2\/pages\/301\/revisions\/454"}],"wp:featuredmedia":[{"embeddable":true,"href":"https:\/\/www.ull.es\/eventos\/luz-conocimiento\/wp-json\/"}],"wp:attachment":[{"href":"https:\/\/www.ull.es\/eventos\/luz-conocimiento\/wp-json\/wp\/v2\/media?parent=301"}],"curies":[{"name":"wp","href":"https:\/\/api.w.org\/{rel}","templated":true}]}}