{"id":306,"date":"2015-05-06T08:40:05","date_gmt":"2015-05-06T08:40:05","guid":{"rendered":"http:\/\/bbtk.exposicion.ull.es\/luz\/?page_id=306"},"modified":"2020-01-14T09:58:42","modified_gmt":"2020-01-14T08:58:42","slug":"objetos-expuestos","status":"publish","type":"page","link":"https:\/\/www.ull.es\/eventos\/luz-conocimiento\/objetos-expuestos\/","title":{"rendered":"Objetos expuestos"},"content":{"rendered":"<p>[vc_row full_width=\u00bbstretch_row_content\u00bb][vc_column width=\u00bb1\/6&#8243;][\/vc_column][vc_column width=\u00bb2\/3&#8243;][vc_column_text]<\/p>\n<h2>Objetos expuestos<\/h2>\n<p>[\/vc_column_text][vc_column_text]Estos son los objetos expuestos, que ilustran los distintos bloques tem\u00e1ticos.<\/p>\n<h2>Historia de la Luz:<\/h2>\n<hr \/>\n<h3>Disco de Newton<\/h3>\n<div id=\"attachment_316\" style=\"width: 310px\" class=\"wp-caption aligncenter\"><a href=\"http:\/\/bbtk.exposicion.ull.es\/luz\/wp-content\/uploads\/2015\/05\/disco_Newton.jpg\" target=\"_blank\" rel=\"noopener\"><img loading=\"lazy\" decoding=\"async\" aria-describedby=\"caption-attachment-316\" class=\"size-medium wp-image-316\" src=\"http:\/\/bbtk.exposicion.ull.es\/luz\/wp-content\/uploads\/2015\/05\/disco_Newton-300x231.jpg\" alt=\"Disco de Newton\" width=\"300\" height=\"231\" \/><\/a><p id=\"caption-attachment-316\" class=\"wp-caption-text\"><a href=\"http:\/\/www.museocabrerapinto.es\/blascabrera\/museo-virtual\/optica\/disco-de-newton\" target=\"_blank\" rel=\"noopener noreferrer\" target=\"_blank\" rel=\"noopener\">M\u00e1s informaci\u00f3n en la web del museo<\/a><\/p><\/div>\n<p>Disco de Newton (s. XVII). Contiene los distintos colores que forman el arco iris. Al hacerlo girar, el disco parece blanco. Newton demostr\u00f3 as\u00ed que la luz blanca es una mezcla de todos los colores. Obra propiedad del Museo del IES Canarias Cabrera Pinto<\/p>\n<hr \/>\n<h3>Prisma acrom\u00e1tico doble<\/h3>\n<div id=\"attachment_350\" style=\"width: 310px\" class=\"wp-caption aligncenter\"><a href=\"http:\/\/bbtk.exposicion.ull.es\/luz\/wp-content\/uploads\/2015\/05\/Prisma_doble.jpg\" target=\"_blank\" rel=\"noopener\"><img loading=\"lazy\" decoding=\"async\" aria-describedby=\"caption-attachment-350\" class=\"wp-image-350 size-medium\" src=\"http:\/\/bbtk.exposicion.ull.es\/luz\/wp-content\/uploads\/2015\/05\/Prisma_doble-300x261.jpg\" alt=\"M\u00e1s informaci\u00f3n en la web del museo\" width=\"300\" height=\"261\" \/><\/a><p id=\"caption-attachment-350\" class=\"wp-caption-text\"><a href=\"http:\/\/www.museocabrerapinto.es\/blascabrera\/museo-virtual\/optica\/prisma-acromatico\" target=\"_blank\" rel=\"noopener noreferrer\" target=\"_blank\" rel=\"noopener\">M\u00e1s informaci\u00f3n en la web del museo<\/a><\/p><\/div>\n<p>Prisma doble (s. XVII) Invento de Newton, permite separar la luz en sus componentes y volver a unirla. Obra propiedad del Museo del IES Canarias Cabrera Pinto<\/p>\n<hr \/>\n<h3>Aparato de Silbermann<\/h3>\n<div id=\"attachment_352\" style=\"width: 310px\" class=\"wp-caption aligncenter\"><a href=\"http:\/\/bbtk.exposicion.ull.es\/luz\/wp-content\/uploads\/2015\/05\/silbermann.jpg\" target=\"_blank\" rel=\"noopener\"><img loading=\"lazy\" decoding=\"async\" aria-describedby=\"caption-attachment-352\" class=\"size-medium wp-image-352\" src=\"http:\/\/bbtk.exposicion.ull.es\/luz\/wp-content\/uploads\/2015\/05\/silbermann-300x273.jpg\" alt=\"M\u00e1s informaci\u00f3n en la web del museo\" width=\"300\" height=\"273\" \/><\/a><p id=\"caption-attachment-352\" class=\"wp-caption-text\"><a href=\"http:\/\/www.museocabrerapinto.es\/blascabrera\/museo-virtual\/optica\/aparato-de-silbermann\" target=\"_blank\" rel=\"noopener noreferrer\" target=\"_blank\" rel=\"noopener\">M\u00e1s informaci\u00f3n en la web del museo<\/a><\/p><\/div>\n<p>Aparato de Silbermann. (s. XIX) Se utilizaba para la verificaci\u00f3n de las leyes de la reflexi\u00f3n y la refracci\u00f3n de la luz. Obra propiedad del Museo del IES Canarias Cabrera Pinto<\/p>\n<hr \/>\n<h3>Microscopio \u00f3ptico<\/h3>\n<div id=\"attachment_353\" style=\"width: 270px\" class=\"wp-caption aligncenter\"><a href=\"http:\/\/bbtk.exposicion.ull.es\/luz\/wp-content\/uploads\/2015\/05\/microscopio_optico.jpg\" target=\"_blank\" rel=\"noopener\"><img loading=\"lazy\" decoding=\"async\" aria-describedby=\"caption-attachment-353\" class=\"wp-image-353\" src=\"http:\/\/bbtk.exposicion.ull.es\/luz\/wp-content\/uploads\/2015\/05\/microscopio_optico-221x300.jpg\" alt=\"M\u00e1s informaci\u00f3n en la web del museo\" width=\"260\" height=\"353\" \/><\/a><p id=\"caption-attachment-353\" class=\"wp-caption-text\"><a href=\"http:\/\/www.museocabrerapinto.es\/blascabrera\/museo-virtual\/optica\/microscopio-optico\" target=\"_blank\" rel=\"noopener noreferrer\" target=\"_blank\" rel=\"noopener\">M\u00e1s informaci\u00f3n en la web del museo<\/a><\/p><\/div>\n<p>Microscopio \u00f3ptico (s. XVII) Inventado por el cient\u00edfico holand\u00e9s Anton van Leeuwnhoek para la observaci\u00f3n de preparaciones microsc\u00f3pias. Obra propiedad del Museo del IES Canarias Cabrera Pinto<\/p>\n<hr \/>\n<h3>Microscopio solar<\/h3>\n<div id=\"attachment_351\" style=\"width: 310px\" class=\"wp-caption aligncenter\"><a href=\"http:\/\/bbtk.exposicion.ull.es\/luz\/wp-content\/uploads\/2015\/05\/microscopio_solar.jpg\" target=\"_blank\" rel=\"noopener\"><img loading=\"lazy\" decoding=\"async\" aria-describedby=\"caption-attachment-351\" class=\"wp-image-351 size-medium\" src=\"http:\/\/bbtk.exposicion.ull.es\/luz\/wp-content\/uploads\/2015\/05\/microscopio_solar-300x163.jpg\" alt=\"microscopio_solar\" width=\"300\" height=\"163\" \/><\/a><p id=\"caption-attachment-351\" class=\"wp-caption-text\"><a href=\"http:\/\/www.museocabrerapinto.es\/blascabrera\/museo-virtual\/optica\/microscopio-solar\" target=\"_blank\" rel=\"noopener noreferrer\" target=\"_blank\" rel=\"noopener\">M\u00e1s informaci\u00f3n en la web del museo<\/a><\/p><\/div>\n<p>Microscopio solar (s. XIX) Utilizando la luz solar o una linterna m\u00e1gica, proyecta una imagen invertida de lo que se est\u00e1 observando. Obra propiedad del Museo del IES Canarias Cabrera Pinto<\/p>\n<h2><\/h2>\n<h2>Astronom\u00eda:<\/h2>\n<hr \/>\n<h3>Aparato de M. Girod<\/h3>\n<div id=\"attachment_336\" style=\"width: 310px\" class=\"wp-caption aligncenter\"><a href=\"http:\/\/bbtk.exposicion.ull.es\/luz\/wp-content\/uploads\/2015\/05\/girod.jpg\" target=\"_blank\" rel=\"noopener\"><img loading=\"lazy\" decoding=\"async\" aria-describedby=\"caption-attachment-336\" class=\"size-medium wp-image-336\" src=\"http:\/\/bbtk.exposicion.ull.es\/luz\/wp-content\/uploads\/2015\/05\/girod-300x236.jpg\" alt=\"Aparato de Girod\" width=\"300\" height=\"236\" \/><\/a><p id=\"caption-attachment-336\" class=\"wp-caption-text\"><a href=\"http:\/\/www.museocabrerapinto.es\/blascabrera\/museo-virtual\/astronomia\/aparato-de-m-girod\" target=\"_blank\" rel=\"noopener noreferrer\" target=\"_blank\" rel=\"noopener\">M\u00e1s informaci\u00f3n en la web del museo<\/a><\/p><\/div>\n<p>Aparato de M. Girod (s. XIX) Se utilizaba para la ense\u00f1anza de la cosmograf\u00eda. Permite visualizar las causas del d\u00eda y la noche, las estaciones, los eclipses solares y lunares y las fases de la luna.\u00a0Obra propiedad del Museo del IES Canarias Cabrera Pinto<\/p>\n<hr \/>\n<h3>Azafea de Azarquiel<\/h3>\n<p><a href=\"http:\/\/bbtk.exposicion.ull.es\/luz\/wp-content\/uploads\/2015\/05\/Azafeawp.jpg\" target=\"_blank\" rel=\"noopener\"><img loading=\"lazy\" decoding=\"async\" class=\" size-medium wp-image-315 aligncenter\" src=\"http:\/\/bbtk.exposicion.ull.es\/luz\/wp-content\/uploads\/2015\/05\/Azafeawp-240x300.jpg\" alt=\"Azafeawp\" width=\"240\" height=\"300\" \/><\/a><\/p>\n<p>La pieza expuesta, propiedad del Museo de la Ciencia y el Cosmos, es un facs\u00edmil del original construido en Murcia en 1252 por Muhammad ben Hudayl que se conserva en la Real Academia de Ciencias y Artes de Barcelona. Esta reproducci\u00f3n fue fabricada en 1985 con motivo de la inauguraci\u00f3n del Instituto de Astrof\u00edsica de Canarias.<\/p>\n<p>Azarquiel, herrero, instrumentista y uno de los astr\u00f3nomos m\u00e1s destacados de su tiempo, naci\u00f3 en Toledo en 1029 y muri\u00f3 en Sevilla en 1087. La azafea que se muestra aqu\u00ed es una de sus aportaciones m\u00e1s importantes. Se trata de un astrolabio plano dise\u00f1ado para funcionar en cualquier latitud, incluso en el mar, lo que posibilit\u00f3 los viajes de navegaci\u00f3n que a partir del siglo XIV permitieron descubrir un nuevo mundo. El astrolabio, y en particular esta azafea, es una calculadora anal\u00f3gica que permite m\u00faltiples funciones astron\u00f3micas y matem\u00e1ticas, desde calcular las salidas y puestas del Sol, la Luna y los planetas, y predecir sus posiciones en cualquier momento, hasta medir la hora local conociendo la latitud, y viceversa, hacer triangulaciones topogr\u00e1ficas, resolver problemas geom\u00e9tricos y trigonom\u00e9tricos, etc. Muestra 21 estrellas (incluidas las llamadas \u00abestrellas regias\u00bb, las m\u00e1s brillantes), l\u00edneas para determinar senos, cosenos, tangentes, etc., de \u00e1ngulos, y un \u00abc\u00edrculo de la Luna\u00bb dividido en 24 partes y cuya funci\u00f3n a d\u00eda de hoy a\u00fan no est\u00e1 clara.<\/p>\n<hr \/>\n<h3>M\u00f3dulo interactivo \u00abLa pesadilla del astr\u00f3nomo\u00bb<\/h3>\n<p><a href=\"http:\/\/bbtk.exposicion.ull.es\/luz\/wp-content\/uploads\/2015\/05\/modulo.jpg\" target=\"_blank\" rel=\"noopener\"><img loading=\"lazy\" decoding=\"async\" class=\" size-medium wp-image-355 aligncenter\" src=\"http:\/\/bbtk.exposicion.ull.es\/luz\/wp-content\/uploads\/2015\/05\/modulo-292x300.jpg\" alt=\"modulo\" width=\"292\" height=\"300\" \/><\/a><\/p>\n<p>&nbsp;<\/p>\n<p>M\u00f3dulo interactivo \u201cLa pesadilla del astr\u00f3nomo\u201d. \u00a0Ense\u00f1a por qu\u00e9 titilan las estrellas y explica por qu\u00e9 los cielos de Canarias son ideales para la observaci\u00f3n astron\u00f3mica. Propiedad del Museo de la Ciencia y el Cosmos<\/p>\n<hr \/>\n<h3>Telescopio<\/h3>\n<p><a href=\"http:\/\/bbtk.exposicion.ull.es\/luz\/wp-content\/uploads\/2015\/05\/telescopio.jpg\" target=\"_blank\" rel=\"noopener\"><img loading=\"lazy\" decoding=\"async\" class=\" size-medium wp-image-354 aligncenter\" src=\"http:\/\/bbtk.exposicion.ull.es\/luz\/wp-content\/uploads\/2015\/05\/telescopio-185x300.jpg\" alt=\"telescopio\" width=\"185\" height=\"300\" \/><\/a><\/p>\n<p>Telescopio Meade LX200, con configuraci\u00f3n \u00f3ptica Schmidt-Cassegrain, di\u00e1metro de 8 pulgadas (20.3 cm) y raz\u00f3n focal f\/10.[\/vc_column_text][\/vc_column][vc_column width=\u00bb1\/6&#8243;][\/vc_column][\/vc_row]<\/p>\n","protected":false},"excerpt":{"rendered":"<p>[vc_row full_width=\u00bbstretch_row_content\u00bb][vc_column width=\u00bb1\/6&#8243;][\/vc_column][vc_column width=\u00bb2\/3&#8243;][vc_column_text] Objetos expuestos [\/vc_column_text][vc_column_text]Estos son los objetos expuestos, que ilustran los distintos bloques tem\u00e1ticos. Historia de la Luz: Disco de Newton Disco de Newton (s. XVII). Contiene los distintos colores que forman el arco iris. Al hacerlo girar, el disco parece blanco. Newton demostr\u00f3 as\u00ed que la luz blanca es una mezcla&#8230;<\/p>\n","protected":false},"author":14,"featured_media":231,"parent":0,"menu_order":0,"comment_status":"closed","ping_status":"closed","template":"","meta":{"footnotes":""},"class_list":["post-306","page","type-page","status-publish","has-post-thumbnail","hentry"],"_links":{"self":[{"href":"https:\/\/www.ull.es\/eventos\/luz-conocimiento\/wp-json\/wp\/v2\/pages\/306"}],"collection":[{"href":"https:\/\/www.ull.es\/eventos\/luz-conocimiento\/wp-json\/wp\/v2\/pages"}],"about":[{"href":"https:\/\/www.ull.es\/eventos\/luz-conocimiento\/wp-json\/wp\/v2\/types\/page"}],"author":[{"embeddable":true,"href":"https:\/\/www.ull.es\/eventos\/luz-conocimiento\/wp-json\/wp\/v2\/users\/14"}],"replies":[{"embeddable":true,"href":"https:\/\/www.ull.es\/eventos\/luz-conocimiento\/wp-json\/wp\/v2\/comments?post=306"}],"version-history":[{"count":2,"href":"https:\/\/www.ull.es\/eventos\/luz-conocimiento\/wp-json\/wp\/v2\/pages\/306\/revisions"}],"predecessor-version":[{"id":472,"href":"https:\/\/www.ull.es\/eventos\/luz-conocimiento\/wp-json\/wp\/v2\/pages\/306\/revisions\/472"}],"wp:featuredmedia":[{"embeddable":true,"href":"https:\/\/www.ull.es\/eventos\/luz-conocimiento\/wp-json\/"}],"wp:attachment":[{"href":"https:\/\/www.ull.es\/eventos\/luz-conocimiento\/wp-json\/wp\/v2\/media?parent=306"}],"curies":[{"name":"wp","href":"https:\/\/api.w.org\/{rel}","templated":true}]}}