{"id":318,"date":"2015-05-07T13:04:46","date_gmt":"2015-05-07T13:04:46","guid":{"rendered":"http:\/\/bbtk.exposicion.ull.es\/luz\/?page_id=318"},"modified":"2020-01-14T09:51:28","modified_gmt":"2020-01-14T08:51:28","slug":"galeria-de-fotos","status":"publish","type":"page","link":"https:\/\/www.ull.es\/eventos\/luz-conocimiento\/galeria-de-fotos\/","title":{"rendered":"Galer\u00eda de fotos"},"content":{"rendered":"<p>[vc_row full_width=\u00bbstretch_row_content\u00bb][vc_column width=\u00bb1\/6&#8243;][\/vc_column][vc_column width=\u00bb2\/3&#8243;][vc_column_text]<\/p>\n<h2>Galer\u00eda de fotos<\/h2>\n<p>[\/vc_column_text][vc_column_text]<\/p>\n<p>&nbsp;<\/p>\n<p>Inauguraci\u00f3n de la exposici\u00f3n. Fotos: Fernando Rodr\u00edguez Junco<br \/>\n<a href=\"http:\/\/bbtk.exposicion.ull.es\/luz\/wp-content\/uploads\/2015\/05\/Inauguracion11.jpg\" target=\"_blank\" rel=\"noopener\"><img loading=\"lazy\" decoding=\"async\" class=\"alignnone size-medium wp-image-329\" src=\"http:\/\/bbtk.exposicion.ull.es\/luz\/wp-content\/uploads\/2015\/05\/Inauguracion11-168x300.jpg\" alt=\"Inauguracion11\" width=\"168\" height=\"300\" \/><\/a> <a href=\"http:\/\/bbtk.exposicion.ull.es\/luz\/wp-content\/uploads\/2015\/05\/Inauguracion10.jpg\" target=\"_blank\" rel=\"noopener\"><img loading=\"lazy\" decoding=\"async\" class=\"alignnone size-medium wp-image-328\" src=\"http:\/\/bbtk.exposicion.ull.es\/luz\/wp-content\/uploads\/2015\/05\/Inauguracion10-300x168.jpg\" alt=\"Inauguracion10\" width=\"300\" height=\"168\" \/><\/a> <a href=\"http:\/\/bbtk.exposicion.ull.es\/luz\/wp-content\/uploads\/2015\/05\/Inauguracion9.jpg\" target=\"_blank\" rel=\"noopener\"><img loading=\"lazy\" decoding=\"async\" class=\"alignnone size-medium wp-image-327\" src=\"http:\/\/bbtk.exposicion.ull.es\/luz\/wp-content\/uploads\/2015\/05\/Inauguracion9-168x300.jpg\" alt=\"Inauguracion9\" width=\"168\" height=\"300\" \/><\/a> <a href=\"http:\/\/bbtk.exposicion.ull.es\/luz\/wp-content\/uploads\/2015\/05\/Inauguracion8.jpg\" target=\"_blank\" rel=\"noopener\"><img loading=\"lazy\" decoding=\"async\" class=\"alignnone size-medium wp-image-326\" src=\"http:\/\/bbtk.exposicion.ull.es\/luz\/wp-content\/uploads\/2015\/05\/Inauguracion8-300x168.jpg\" alt=\"Inauguracion8\" width=\"300\" height=\"168\" \/><\/a> <a href=\"http:\/\/bbtk.exposicion.ull.es\/luz\/wp-content\/uploads\/2015\/05\/Inauguracion7.jpg\" target=\"_blank\" rel=\"noopener\"><img loading=\"lazy\" decoding=\"async\" class=\"alignnone size-medium wp-image-325\" src=\"http:\/\/bbtk.exposicion.ull.es\/luz\/wp-content\/uploads\/2015\/05\/Inauguracion7-300x168.jpg\" alt=\"Inauguracion7\" width=\"300\" height=\"168\" \/><\/a> <a href=\"http:\/\/bbtk.exposicion.ull.es\/luz\/wp-content\/uploads\/2015\/05\/Inauguraci\u00f3n6.jpg\" target=\"_blank\" rel=\"noopener\"><img loading=\"lazy\" decoding=\"async\" class=\"alignnone size-medium wp-image-324\" src=\"http:\/\/bbtk.exposicion.ull.es\/luz\/wp-content\/uploads\/2015\/05\/Inauguraci\u00f3n6-300x168.jpg\" alt=\"Inauguraci\u00f3n6\" width=\"300\" height=\"168\" \/><\/a> <a href=\"http:\/\/bbtk.exposicion.ull.es\/luz\/wp-content\/uploads\/2015\/05\/Inauguraci\u00f3n5.jpg\" target=\"_blank\" rel=\"noopener\"><img loading=\"lazy\" decoding=\"async\" class=\"alignnone size-medium wp-image-323\" src=\"http:\/\/bbtk.exposicion.ull.es\/luz\/wp-content\/uploads\/2015\/05\/Inauguraci\u00f3n5-168x300.jpg\" alt=\"Inauguraci\u00f3n5\" width=\"168\" height=\"300\" \/><\/a> <a href=\"http:\/\/bbtk.exposicion.ull.es\/luz\/wp-content\/uploads\/2015\/05\/Inauguracion4.jpg\" target=\"_blank\" rel=\"noopener\"><img loading=\"lazy\" decoding=\"async\" class=\"alignnone size-medium wp-image-322\" src=\"http:\/\/bbtk.exposicion.ull.es\/luz\/wp-content\/uploads\/2015\/05\/Inauguracion4-300x168.jpg\" alt=\"Inauguracion4\" width=\"300\" height=\"168\" \/><\/a> <a href=\"http:\/\/bbtk.exposicion.ull.es\/luz\/wp-content\/uploads\/2015\/05\/Inauguracion3.jpg\" target=\"_blank\" rel=\"noopener\"><img loading=\"lazy\" decoding=\"async\" class=\"alignnone size-medium wp-image-321\" src=\"http:\/\/bbtk.exposicion.ull.es\/luz\/wp-content\/uploads\/2015\/05\/Inauguracion3-300x168.jpg\" alt=\"Inauguracion3\" width=\"300\" height=\"168\" \/><\/a> <a href=\"http:\/\/bbtk.exposicion.ull.es\/luz\/wp-content\/uploads\/2015\/05\/Inauguracion2.jpg\" target=\"_blank\" rel=\"noopener\"><img loading=\"lazy\" decoding=\"async\" class=\"alignnone size-medium wp-image-320\" src=\"http:\/\/bbtk.exposicion.ull.es\/luz\/wp-content\/uploads\/2015\/05\/Inauguracion2-300x168.jpg\" alt=\"Inauguracion2\" width=\"300\" height=\"168\" \/><\/a>[\/vc_column_text][\/vc_column][vc_column width=\u00bb1\/6&#8243;][\/vc_column][\/vc_row]<\/p>\n","protected":false},"excerpt":{"rendered":"<p>[vc_row full_width=\u00bbstretch_row_content\u00bb][vc_column width=\u00bb1\/6&#8243;][\/vc_column][vc_column width=\u00bb2\/3&#8243;][vc_column_text] Galer\u00eda de fotos [\/vc_column_text][vc_column_text] &nbsp; Inauguraci\u00f3n de la exposici\u00f3n. Fotos: Fernando Rodr\u00edguez Junco [\/vc_column_text][\/vc_column][vc_column width=\u00bb1\/6&#8243;][\/vc_column][\/vc_row]<\/p>\n","protected":false},"author":14,"featured_media":181,"parent":0,"menu_order":0,"comment_status":"closed","ping_status":"closed","template":"","meta":{"footnotes":""},"class_list":["post-318","page","type-page","status-publish","has-post-thumbnail","hentry"],"_links":{"self":[{"href":"https:\/\/www.ull.es\/eventos\/luz-conocimiento\/wp-json\/wp\/v2\/pages\/318"}],"collection":[{"href":"https:\/\/www.ull.es\/eventos\/luz-conocimiento\/wp-json\/wp\/v2\/pages"}],"about":[{"href":"https:\/\/www.ull.es\/eventos\/luz-conocimiento\/wp-json\/wp\/v2\/types\/page"}],"author":[{"embeddable":true,"href":"https:\/\/www.ull.es\/eventos\/luz-conocimiento\/wp-json\/wp\/v2\/users\/14"}],"replies":[{"embeddable":true,"href":"https:\/\/www.ull.es\/eventos\/luz-conocimiento\/wp-json\/wp\/v2\/comments?post=318"}],"version-history":[{"count":2,"href":"https:\/\/www.ull.es\/eventos\/luz-conocimiento\/wp-json\/wp\/v2\/pages\/318\/revisions"}],"predecessor-version":[{"id":466,"href":"https:\/\/www.ull.es\/eventos\/luz-conocimiento\/wp-json\/wp\/v2\/pages\/318\/revisions\/466"}],"wp:featuredmedia":[{"embeddable":true,"href":"https:\/\/www.ull.es\/eventos\/luz-conocimiento\/wp-json\/"}],"wp:attachment":[{"href":"https:\/\/www.ull.es\/eventos\/luz-conocimiento\/wp-json\/wp\/v2\/media?parent=318"}],"curies":[{"name":"wp","href":"https:\/\/api.w.org\/{rel}","templated":true}]}}