{"id":72,"date":"2015-04-16T10:20:10","date_gmt":"2015-04-16T10:20:10","guid":{"rendered":"http:\/\/bbtk.exposicion.ull.es\/luz\/?page_id=72"},"modified":"2020-01-14T10:02:18","modified_gmt":"2020-01-14T09:02:18","slug":"presentacion","status":"publish","type":"page","link":"https:\/\/www.ull.es\/eventos\/luz-conocimiento\/presentacion\/","title":{"rendered":"Presentaci\u00f3n"},"content":{"rendered":"<p>[vc_row full_width=\u00bbstretch_row_content\u00bb][vc_column width=\u00bb1\/6&#8243;][\/vc_column][vc_column width=\u00bb2\/3&#8243;][vc_column_text]<\/p>\n<h2>Presentaci\u00f3n<\/h2>\n<p>[\/vc_column_text][vc_column_text]<\/p>\n<p style=\"text-align: center\"><a href=\"http:\/\/bbtk.exposicion.ull.es\/luz\/wp-content\/uploads\/2015\/04\/expo2015.jpg\" target=\"_blank\" rel=\"noopener\"><img loading=\"lazy\" decoding=\"async\" class=\" size-large wp-image-341 aligncenter\" src=\"http:\/\/bbtk.exposicion.ull.es\/luz\/wp-content\/uploads\/2015\/04\/expo2015-1024x576.jpg\" alt=\"expo2015\" width=\"1024\" height=\"576\" \/><\/a><\/p>\n<p>La Biblioteca de la Universidad de La Laguna, en colaboraci\u00f3n con la Secci\u00f3n de F\u00edsica y el Instituto de Astrof\u00edsica de Canarias, dedica la exposici\u00f3n del D\u00eda del Libro 2015 a la luz desde la perspectiva de la F\u00edsica y la Astrof\u00edsica, en el marco de la celebraci\u00f3n del a\u00f1o 2015, declarado por la ONU \u00abA\u00f1o internacional de la Luz y las Tecnolog\u00edas basadas en la Luz\u00bb.<\/p>\n<p>\u00abA la luz del Conocimiento\u00bb es el t\u00edtulo elegido para esta muestra, que recorre la historia de la luz desde la hip\u00f3tesis y la especulaci\u00f3n hasta llegar a la ciencia.<\/p>\n<p>Dada la amplitud del tema, la exposici\u00f3n se ha centrado en cuatro bloques tem\u00e1ticos: Historia de las teor\u00edas sobre la naturaleza de la luz, Tecnolog\u00edas basadas en la luz (\u00f3ptica y l\u00e1ser), Energ\u00edas renovables y Astrof\u00edsica. Cada unidad est\u00e1 compuesta por una selecci\u00f3n del fondo antiguo y moderno de la Biblioteca universitaria, por paneles explicativos y una colecci\u00f3n de objetos de \u00f3ptica y astrof\u00edsica prestados por el Museo del Ies Canarias Cabrera Pinto, el Museo de la Ciencia y el Instituto de Astrof\u00edsica de Canarias, que complementan e ilustran de manera gr\u00e1fica el evento.<\/p>\n<p>Todo ello con el prop\u00f3sito de contribuir a esta celebraci\u00f3n del a\u00f1o de la luz como fuente de energ\u00eda y de vida.<\/p>\n<p>&nbsp;<\/p>\n<p>Dentro de los actos de\u00a0inauguraci\u00f3n de la exposici\u00f3n, habl\u00f3 el Sr. Decano de la Facultad de Ciencias. En este <a href=\"http:\/\/www.ull.es\/eventos\/luz-conocimiento\/discurso-del-decano-de-ciencias-en-la-inauguracion-de-la-exposicion\/\" target=\"_blank\" rel=\"noopener noreferrer\" target=\"_blank\" rel=\"noopener\">enlace<\/a> puede leer su discurso.[\/vc_column_text][\/vc_column][vc_column width=\u00bb1\/6&#8243;][\/vc_column][\/vc_row]<\/p>\n","protected":false},"excerpt":{"rendered":"<p>[vc_row full_width=\u00bbstretch_row_content\u00bb][vc_column width=\u00bb1\/6&#8243;][\/vc_column][vc_column width=\u00bb2\/3&#8243;][vc_column_text] Presentaci\u00f3n [\/vc_column_text][vc_column_text] La Biblioteca de la Universidad de La Laguna, en colaboraci\u00f3n con la Secci\u00f3n de F\u00edsica y el Instituto de Astrof\u00edsica de Canarias, dedica la exposici\u00f3n del D\u00eda del Libro 2015 a la luz desde la perspectiva de la F\u00edsica y la Astrof\u00edsica, en el marco de la celebraci\u00f3n del&#8230;<\/p>\n","protected":false},"author":14,"featured_media":193,"parent":0,"menu_order":0,"comment_status":"closed","ping_status":"open","template":"","meta":{"footnotes":""},"class_list":["post-72","page","type-page","status-publish","has-post-thumbnail","hentry"],"_links":{"self":[{"href":"https:\/\/www.ull.es\/eventos\/luz-conocimiento\/wp-json\/wp\/v2\/pages\/72"}],"collection":[{"href":"https:\/\/www.ull.es\/eventos\/luz-conocimiento\/wp-json\/wp\/v2\/pages"}],"about":[{"href":"https:\/\/www.ull.es\/eventos\/luz-conocimiento\/wp-json\/wp\/v2\/types\/page"}],"author":[{"embeddable":true,"href":"https:\/\/www.ull.es\/eventos\/luz-conocimiento\/wp-json\/wp\/v2\/users\/14"}],"replies":[{"embeddable":true,"href":"https:\/\/www.ull.es\/eventos\/luz-conocimiento\/wp-json\/wp\/v2\/comments?post=72"}],"version-history":[{"count":2,"href":"https:\/\/www.ull.es\/eventos\/luz-conocimiento\/wp-json\/wp\/v2\/pages\/72\/revisions"}],"predecessor-version":[{"id":475,"href":"https:\/\/www.ull.es\/eventos\/luz-conocimiento\/wp-json\/wp\/v2\/pages\/72\/revisions\/475"}],"wp:featuredmedia":[{"embeddable":true,"href":"https:\/\/www.ull.es\/eventos\/luz-conocimiento\/wp-json\/"}],"wp:attachment":[{"href":"https:\/\/www.ull.es\/eventos\/luz-conocimiento\/wp-json\/wp\/v2\/media?parent=72"}],"curies":[{"name":"wp","href":"https:\/\/api.w.org\/{rel}","templated":true}]}}