{"id":74,"date":"2015-04-16T10:20:44","date_gmt":"2015-04-16T10:20:44","guid":{"rendered":"http:\/\/bbtk.exposicion.ull.es\/luz\/?page_id=74"},"modified":"2020-01-14T10:06:18","modified_gmt":"2020-01-14T09:06:18","slug":"catalogo","status":"publish","type":"page","link":"https:\/\/www.ull.es\/eventos\/luz-conocimiento\/catalogo\/","title":{"rendered":"Cat\u00e1logo"},"content":{"rendered":"<p>[vc_row full_width=\u00bbstretch_row_content\u00bb][vc_column width=\u00bb1\/6&#8243;][\/vc_column][vc_column width=\u00bb2\/3&#8243;][vc_column_text]<\/p>\n<h2>Cat\u00e1logo<\/h2>\n<p>[\/vc_column_text][vc_column_text]Como cada a\u00f1o, la exposici\u00f3n del d\u00eda del libro se acompa\u00f1a de un Cat\u00e1logo en formato digital, donde se relacionan las obras expuestas, con im\u00e1genes de las portadas y enlaces de cada una al cat\u00e1logo de la biblioteca. Adem\u00e1s, el libro contiene\u00a0una serie de art\u00edculos escritos por personal investigador de la Universidad. Este a\u00f1o los art\u00edculos son de car\u00e1cter divulgativo, en torno al tema de la luz:<\/p>\n<div id=\"attachment_343\" style=\"width: 257px\" class=\"wp-caption alignright\"><a href=\"http:\/\/bbtk.exposicion.ull.es\/luz\/wp-content\/uploads\/2015\/04\/A-la-luz-del-conocimiento.jpg\" target=\"_blank\" rel=\"noopener\"><img loading=\"lazy\" decoding=\"async\" aria-describedby=\"caption-attachment-343\" class=\"size-full wp-image-343\" src=\"http:\/\/bbtk.exposicion.ull.es\/luz\/wp-content\/uploads\/2015\/04\/A-la-luz-del-conocimiento.jpg\" alt=\"Texto completo en pdf\" width=\"247\" height=\"350\" \/><\/a><p id=\"caption-attachment-343\" class=\"wp-caption-text\"><a href=\"http:\/\/riull.ull.es\/xmlui\/bitstream\/handle\/915\/781\/A%20la%20luz%20del%20conocimiento.pdf?sequence=1&amp;isAllowed=y\" target=\"_blank\" rel=\"noopener noreferrer\" target=\"_blank\" rel=\"noopener\">Texto completo en pdf<\/a><\/p><\/div>\n<p><em><strong>Acerca de las teor\u00edas sobre la naturaleza de la luz<\/strong><\/em> por Pamela Pineda Dom\u00ednguez, Adri\u00e1n Arbelo Hern\u00e1ndez, Cecilio Hern\u00e1ndez Rodr\u00edguez.<\/p>\n<p>Art\u00edculo dividido en dos apartados. El primero describe las teor\u00edas iniciales sobre la naturaleza de la luz, desde los griegos (450 a. C.) hasta Newton (1671). El segundo apartado, Hacia un modelo \u00fanico: desde Newton a Louis de Broglie.<\/p>\n<p><i><strong>La Luz y las energ\u00edas renovables<\/strong><\/i>\u00a0por Benjam\u00edn Gonz\u00e1lez D\u00edaz.<\/p>\n<p>Energ\u00eda solar fotovoltaica, energ\u00eda solar t\u00e9rmica, energ\u00eda e\u00f3lica.<\/p>\n<p><em><strong>La luz y la astrof\u00edsica<\/strong><\/em>:<\/p>\n<ul>\n<li><strong>Introducci\u00f3n<\/strong> por Alfred Rosenberg Gonz\u00e1lez.<\/li>\n<li><strong>Astrof\u00edsica en rayos gamma: la ventana al universo m\u00e1s violento<\/strong>\u00a0por Ram\u00f3n Garc\u00eda L\u00f3pez.<\/li>\n<li><strong>Astrof\u00edsica en rayos-x: descifrando lo invisible<\/strong> por Mar\u00eda Jes\u00fas Ar\u00e9valo Morales.<\/li>\n<li><strong>Luz ultravioleta: una extensi\u00f3n reciente de la Astrof\u00edsica<\/strong>\u00a0por John E. Beckman.<\/li>\n<li><strong>La Astrof\u00edsica en luz visible<\/strong>\u00a0por Artemio Herrero Dav\u00f3.<\/li>\n<li><strong>La astrof\u00edsica en luz infrarroja<\/strong>\u00a0por Francisco Garz\u00f3n L\u00f3pez.<\/li>\n<li><strong>El fondo c\u00f3smico de microondas<\/strong>\u00a0por Ricardo T. G\u00e9nova Santos.<\/li>\n<li><strong>La radioastronom\u00eda<\/strong>\u00a0por Ismael P\u00e9rez Fournon.<\/li>\n<\/ul>\n<p>Para acceder al cat\u00e1logo de la exposici\u00f3n pinche en este <a href=\"http:\/\/riull.ull.es\/xmlui\/handle\/915\/781\" target=\"_blank\" rel=\"noopener noreferrer\" target=\"_blank\" rel=\"noopener\">enlace<\/a>[\/vc_column_text][\/vc_column][vc_column width=\u00bb1\/6&#8243;][\/vc_column][\/vc_row]<\/p>\n","protected":false},"excerpt":{"rendered":"<p>[vc_row full_width=\u00bbstretch_row_content\u00bb][vc_column width=\u00bb1\/6&#8243;][\/vc_column][vc_column width=\u00bb2\/3&#8243;][vc_column_text] Cat\u00e1logo [\/vc_column_text][vc_column_text]Como cada a\u00f1o, la exposici\u00f3n del d\u00eda del libro se acompa\u00f1a de un Cat\u00e1logo en formato digital, donde se relacionan las obras expuestas, con im\u00e1genes de las portadas y enlaces de cada una al cat\u00e1logo de la biblioteca. Adem\u00e1s, el libro contiene\u00a0una serie de art\u00edculos escritos por personal investigador de&#8230;<\/p>\n","protected":false},"author":14,"featured_media":349,"parent":0,"menu_order":2,"comment_status":"closed","ping_status":"open","template":"","meta":{"footnotes":""},"class_list":["post-74","page","type-page","status-publish","has-post-thumbnail","hentry"],"_links":{"self":[{"href":"https:\/\/www.ull.es\/eventos\/luz-conocimiento\/wp-json\/wp\/v2\/pages\/74"}],"collection":[{"href":"https:\/\/www.ull.es\/eventos\/luz-conocimiento\/wp-json\/wp\/v2\/pages"}],"about":[{"href":"https:\/\/www.ull.es\/eventos\/luz-conocimiento\/wp-json\/wp\/v2\/types\/page"}],"author":[{"embeddable":true,"href":"https:\/\/www.ull.es\/eventos\/luz-conocimiento\/wp-json\/wp\/v2\/users\/14"}],"replies":[{"embeddable":true,"href":"https:\/\/www.ull.es\/eventos\/luz-conocimiento\/wp-json\/wp\/v2\/comments?post=74"}],"version-history":[{"count":1,"href":"https:\/\/www.ull.es\/eventos\/luz-conocimiento\/wp-json\/wp\/v2\/pages\/74\/revisions"}],"predecessor-version":[{"id":477,"href":"https:\/\/www.ull.es\/eventos\/luz-conocimiento\/wp-json\/wp\/v2\/pages\/74\/revisions\/477"}],"wp:featuredmedia":[{"embeddable":true,"href":"https:\/\/www.ull.es\/eventos\/luz-conocimiento\/wp-json\/wp\/v2\/media\/349"}],"wp:attachment":[{"href":"https:\/\/www.ull.es\/eventos\/luz-conocimiento\/wp-json\/wp\/v2\/media?parent=74"}],"curies":[{"name":"wp","href":"https:\/\/api.w.org\/{rel}","templated":true}]}}