{"id":81,"date":"2015-04-16T10:21:12","date_gmt":"2015-04-16T10:21:12","guid":{"rendered":"http:\/\/bbtk.exposicion.ull.es\/luz\/?page_id=78"},"modified":"2020-01-14T09:42:39","modified_gmt":"2020-01-14T08:42:39","slug":"creditos","status":"publish","type":"page","link":"https:\/\/www.ull.es\/eventos\/luz-conocimiento\/creditos\/","title":{"rendered":"Cr\u00e9ditos"},"content":{"rendered":"<p>[vc_row][vc_column width=\u00bb1\/6&#8243;][\/vc_column][vc_column width=\u00bb2\/3&#8243;][vc_column_text]<\/p>\n<h2>Cr\u00e9ditos<\/h2>\n<p>[\/vc_column_text][vc_column_text]Mar\u00eda Luisa Rem\u00f3n L\u00f3pez<\/p>\n<p>Silvia Molero Avil\u00e9s<\/p>\n<p>Ismael Garc\u00eda P\u00e9rez<\/p>\n<p>Mag\u00fci Morales Ayala<\/p>\n<p>Camir G\u00f3mez-Pablos<\/p>\n<p>Ana In\u00e9s Mart\u00edn Trujillo<\/p>\n<p>&nbsp;<\/p>\n<h5>Agradecimientos<\/h5>\n<p>Cecilio Hern\u00e1ndez Rodr\u00edguez<\/p>\n<p>Antonio Aparicio Juan<\/p>\n<p>Benjam\u00edn Jes\u00fas Gonz\u00e1lez D\u00edaz<\/p>\n<p>Fernando Lahoz Zamarro<\/p>\n<p>Jorge M\u00e9ndez Ramos<\/p>\n<p>Isabel Teresa Mart\u00edn Mateos<\/p>\n<p>Santiago Brouard Mart\u00edn<\/p>\n<p>Teodoro Roca Cort\u00e9s<\/p>\n<p>Vicente Rodr\u00edguez Armas<\/p>\n<p>Inocencio Mart\u00edn<\/p>\n<p>Justo P\u00e9rez Cruz<\/p>\n<p>Antonio Eff-Darwich Pe\u00f1a<\/p>\n<p>M\u00aa Jes\u00fas Rodr\u00edguez Fragoso<\/p>\n<p>Santiago Ordu\u00f1a<\/p>\n<p>Fernando D\u00edaz<\/p>\n<p>Antonio Mampaso<\/p>\n<p>Monique G\u00f3mez<\/p>\n<p>Laura Calero<\/p>\n<p>Alfred Rosenberg Gonz\u00e1lez<\/p>\n<p>Carmen del Puerto Valera<\/p>\n<p>Jos\u00e9 Manuel Rodr\u00edguez Espinosa<\/p>\n<p>Alejandro Rodr\u00edguez Pardavila<\/p>\n<p>Maria Jes\u00fas Ar\u00e9valo Morales<\/p>\n<p>John E. Beckman<\/p>\n<p>Ram\u00f3n J. Garc\u00eda L\u00f3pez<\/p>\n<p>Franciscoo Garz\u00f3n L\u00f3pez<\/p>\n<p>Ricardo T. G\u00e9nova Santos<\/p>\n<p>Artemio Herrero Dav\u00f3<\/p>\n<p>Ismael P\u00e9rez Fourn\u00f3n<\/p>\n<p>Delfina Galv\u00e1n Alonso<\/p>\n<p>Sonia Garc\u00eda Yanez<\/p>\n<p>F\u00e1tima Sainz Sainz<\/p>\n<p>Liti Garc\u00eda Ramos<\/p>\n<p>In\u00e9s Garc\u00eda Hern\u00e1ndez<\/p>\n<p>Conchi Gonz\u00e1lez Gil<\/p>\n<p>Africa Gonz\u00e1lez G\u00f3mez<\/p>\n<p>Mar P\u00e9rez Rodriguez<\/p>\n<p>Maria Angeles Fern\u00e1ndez Mar\u00edn<\/p>\n<p>Pamela Pineda<\/p>\n<p>Ana Delgado<\/p>\n<p>Erica P\u00e9rez Guill\u00e9n<\/p>\n<p>Adal P\u00edo P\u00e9rez<\/p>\n<p>&nbsp;<\/p>\n<h4>Colaboran:<\/h4>\n<p>Instituto de Astrof\u00edsica de Canarias (IAC)<\/p>\n<p>Museo IES Canarias Cabrera Pinto<\/p>\n<p>Museo de la Ciencia y el Cosmos<\/p>\n<p>Fundaci\u00f3n Canaria Orotava de Historia de la Ciencia<\/p>\n<p>ITER (Instituto Tecnol\u00f3gico y de Energ\u00edas Renovables)<\/p>\n<p>Alumni ULL (Asociaci\u00f3n de Antiguos Alumnos y Amigos de la Universidad de La Laguna)<\/p>\n<p>Vicerrectorado de Relaciones Universidad y Sociedad<\/p>\n<p>Servicio de Publicaciones<\/p>\n<p>Club de lectura<\/p>\n<p>ULLMedia[\/vc_column_text][\/vc_column][vc_column width=\u00bb1\/6&#8243;][\/vc_column][\/vc_row]<\/p>\n","protected":false},"excerpt":{"rendered":"<p>[vc_row][vc_column width=\u00bb1\/6&#8243;][\/vc_column][vc_column width=\u00bb2\/3&#8243;][vc_column_text] Cr\u00e9ditos [\/vc_column_text][vc_column_text]Mar\u00eda Luisa Rem\u00f3n L\u00f3pez Silvia Molero Avil\u00e9s Ismael Garc\u00eda P\u00e9rez Mag\u00fci Morales Ayala Camir G\u00f3mez-Pablos Ana In\u00e9s Mart\u00edn Trujillo &nbsp; Agradecimientos Cecilio Hern\u00e1ndez Rodr\u00edguez Antonio Aparicio Juan Benjam\u00edn Jes\u00fas Gonz\u00e1lez D\u00edaz Fernando Lahoz Zamarro Jorge M\u00e9ndez Ramos Isabel Teresa Mart\u00edn Mateos Santiago Brouard Mart\u00edn Teodoro Roca Cort\u00e9s Vicente Rodr\u00edguez Armas Inocencio&#8230;<\/p>\n","protected":false},"author":14,"featured_media":30,"parent":0,"menu_order":0,"comment_status":"closed","ping_status":"open","template":"","meta":{"footnotes":""},"class_list":["post-81","page","type-page","status-publish","has-post-thumbnail","hentry"],"_links":{"self":[{"href":"https:\/\/www.ull.es\/eventos\/luz-conocimiento\/wp-json\/wp\/v2\/pages\/81"}],"collection":[{"href":"https:\/\/www.ull.es\/eventos\/luz-conocimiento\/wp-json\/wp\/v2\/pages"}],"about":[{"href":"https:\/\/www.ull.es\/eventos\/luz-conocimiento\/wp-json\/wp\/v2\/types\/page"}],"author":[{"embeddable":true,"href":"https:\/\/www.ull.es\/eventos\/luz-conocimiento\/wp-json\/wp\/v2\/users\/14"}],"replies":[{"embeddable":true,"href":"https:\/\/www.ull.es\/eventos\/luz-conocimiento\/wp-json\/wp\/v2\/comments?post=81"}],"version-history":[{"count":3,"href":"https:\/\/www.ull.es\/eventos\/luz-conocimiento\/wp-json\/wp\/v2\/pages\/81\/revisions"}],"predecessor-version":[{"id":457,"href":"https:\/\/www.ull.es\/eventos\/luz-conocimiento\/wp-json\/wp\/v2\/pages\/81\/revisions\/457"}],"wp:featuredmedia":[{"embeddable":true,"href":"https:\/\/www.ull.es\/eventos\/luz-conocimiento\/wp-json\/"}],"wp:attachment":[{"href":"https:\/\/www.ull.es\/eventos\/luz-conocimiento\/wp-json\/wp\/v2\/media?parent=81"}],"curies":[{"name":"wp","href":"https:\/\/api.w.org\/{rel}","templated":true}]}}