{"id":83,"date":"2015-04-16T10:22:12","date_gmt":"2015-04-16T10:22:12","guid":{"rendered":"http:\/\/bbtk.exposicion.ull.es\/luz\/?page_id=82"},"modified":"2020-01-14T09:49:30","modified_gmt":"2020-01-14T08:49:30","slug":"el-nobel-y-la-luz","status":"publish","type":"page","link":"https:\/\/www.ull.es\/eventos\/luz-conocimiento\/el-nobel-y-la-luz\/","title":{"rendered":"El Nobel y la luz"},"content":{"rendered":"<p>[vc_row full_width=\u00bbstretch_row_content\u00bb][vc_column width=\u00bb1\/6&#8243;][\/vc_column][vc_column width=\u00bb2\/3&#8243;][vc_column_text]<\/p>\n<h2>El Nobel y la luz<\/h2>\n<p>[\/vc_column_text][vc_column_text]Este es un listado de Premios Nobel otorgados por investigaciones relacionadas con la luz y las tecnolog\u00edas basadas en la luz.\u00a0Encontrar\u00e1n la mayor parte de los art\u00edculos, enlazados al texto completo, que merecieron esta distinci\u00f3n.<\/p>\n<hr \/>\n<h4><\/h4>\n<h4><strong>El premio nobel de f\u00edsica 1907<\/strong><\/h4>\n<h2><strong>Albert Abraham Michelson<\/strong><\/h2>\n<blockquote><p>\u00abpor sus instrumentos \u00f3pticos de precisi\u00f3n y por las investigaciones espectrosc\u00f3picas y metrol\u00f3gicas que fueron llevadas a cabo gracias a su ayuda\u00bb<\/p><\/blockquote>\n<h4><strong>Publicaciones<\/strong><\/h4>\n<p>On the Relative Motion of the Earth and the Luminiferous Ether (with Edward W. Morley)<br \/>\n<a href=\"http:\/\/www.aip.org\/history\/gap\/Michelson\/Michelson.html\" target=\"_blank\" rel=\"noopener\">http:\/\/www.aip.org\/history\/gap\/Michelson\/Michelson.html<\/a><\/p>\n<ol>\n<li>A. Michelson and E.W. Morley, Philos. Mag. S.5, 24 (151), 449-463 (1887)<br \/>\n<a href=\"http:\/\/www.aip.org\/history\/gap\/PDF\/michelson.pdf\" target=\"_blank\" rel=\"noopener\">http:\/\/www.aip.org\/history\/gap\/PDF\/michelson.pdf<\/a><\/li>\n<\/ol>\n<p>An\u00e1lisis de la analog\u00eda usada por Michelson y Morley<br \/>\n<a href=\"http:\/\/web.archive.org\/web\/20070710180416\/es.geocities.com\/rfclaver\/relatividad\/eter_1.htm\" target=\"_blank\" rel=\"noopener\">http:\/\/web.archive.org\/web\/20070710180416\/es.geocities.com\/rfclaver\/relatividad\/eter_1.htm<\/a><\/p>\n<hr \/>\n<p>&nbsp;<\/p>\n<h4><strong>El premio nobel de f\u00edsica 1912<\/strong><\/h4>\n<h2><strong>Nils Gustaf Dal\u00e9n<\/strong><\/h2>\n<blockquote><p>\u00abpor la invenci\u00f3n de v\u00e1lvulas autom\u00e1ticas dise\u00f1adas para ser usadas en combinaci\u00f3n con acumuladores de gas en faros y boyas\u00bb<\/p><\/blockquote>\n<h4><strong>Publicaciones<\/strong><\/h4>\n<p>Nils Gustaf Dalen (1869-1937): inventor, experimenter, engineer, and Nobel laureate<\/p>\n<p>Clark, R.N. Control Systems, IEEE, Aug. 2003, Vol. 23(4), pp.68-70. <strong>(PUNTO Q)<\/strong><br \/>\n<a href=\"http:\/\/ieeexplore.ieee.org\/stamp\/stamp.jsp?tp=&amp;arnumber=1213605\" target=\"_blank\" rel=\"noopener\">http:\/\/ieeexplore.ieee.org\/stamp\/stamp.jsp?tp=&amp;arnumber=1213605<\/a><\/p>\n<p>Bickart, T. IEEE Transactions on Automatic Control, December 1967, Vol.12 (6), pp.797-797 <strong>(PUNTO Q) Nota hist\u00f3rica<\/strong><br \/>\n<a href=\"http:\/\/ieeexplore.ieee.org\/stamp\/stamp.jsp?tp=&amp;arnumber=1098771\" target=\"_blank\" rel=\"noopener\">http:\/\/ieeexplore.ieee.org\/stamp\/stamp.jsp?tp=&amp;arnumber=1098771<\/a><\/p>\n<p>Tagliacozzo, Eric. The Lit Archipelago: Coast Lighting and the Imperial Optic in Insular Southeast Asia, 1860-1910. Technology and Culture, 2005, Vol.46 (2), pp.306-328 <strong>(PUNTO Q)<\/strong><\/p>\n<p>\u201cin lighthouses, though the Dutch seem to have lagged behind the British in implementing it in the East Indies.72 In 1912 the Swedish engineer Nils Gustaf&#8230;\u201d<br \/>\n<a href=\"http:\/\/www.jstor.org\/stable\/pdf\/40060850.pdf?acceptTC=true\" target=\"_blank\" rel=\"noopener\">http:\/\/www.jstor.org\/stable\/pdf\/40060850.pdf?acceptTC=true<\/a><\/p>\n<hr \/>\n<p>&nbsp;<\/p>\n<h4><strong>El premio nobel de f\u00edsica 1921<\/strong><\/h4>\n<h2><strong>Albert Einstein <\/strong><\/h2>\n<blockquote><p>\u00abpor sus aportaciones a la f\u00edsica te\u00f3rica y, especialmente, por el descubrimiento de la ley del efecto fotoel\u00e9ctrico\u00bb<\/p><\/blockquote>\n<h4><strong>Publicaciones<\/strong><\/h4>\n<p>EXIT to an Explanation and Demonstration of the Photoelectric Effect<br \/>\n<a href=\"http:\/\/www.aip.org\/history\/einstein\/essay-photoelectric.htm\" target=\"_blank\" rel=\"noopener\">http:\/\/www.aip.org\/history\/einstein\/essay-photoelectric.htm<\/a><\/p>\n<p><strong>The Collected Papers of Albert Einstein<\/strong><br \/>\n<a href=\"http:\/\/einsteinpapers.press.princeton.edu\/\" target=\"_blank\" rel=\"noopener\">http:\/\/einsteinpapers.press.princeton.edu\/<\/a><\/p>\n<p>\u00abOn a Heuristic Point of View Concerning the Production and Transformation of Light\u00bb<br \/>\n<a href=\"http:\/\/einsteinpapers.press.princeton.edu\/vol2-doc\/185\" target=\"_blank\" rel=\"noopener\">http:\/\/einsteinpapers.press.princeton.edu\/vol2-doc\/185<\/a><\/p>\n<hr \/>\n<p>&nbsp;<\/p>\n<h4><strong>El premio nobel de f\u00edsica 1923<\/strong><\/h4>\n<h2><strong>Robert Andrews Millikan <\/strong><\/h2>\n<blockquote><p>\u00abpor su trabajo sobre la carga elemental de la electricidad y sobre el efecto fotoel\u00e9ctrico\u00bb<\/p><\/blockquote>\n<p>Conferencia Nobel, 23 de mayo de 1924: <em>The Electron and the Light-Quant from the Experimental Point of View<\/em><\/p>\n<p><a href=\"http:\/\/www.nobelprize.org\/nobel_prizes\/physics\/laureates\/1923\/millikan-lecture.pdf\" target=\"_blank\" rel=\"noopener\">http:\/\/www.nobelprize.org\/nobel_prizes\/physics\/laureates\/1923\/millikan-lecture.pdf<\/a><\/p>\n<hr \/>\n<p>&nbsp;<\/p>\n<h4><strong>El premio nobel de f\u00edsica 1924<\/strong><\/h4>\n<h2><strong>Karl Manne Georg Siegbahn <\/strong><\/h2>\n<blockquote><p>\u00abpor sus descubrimientos y su investigaci\u00f3n en el campo de la espectroscopia de rayos X\u00bb<\/p><\/blockquote>\n<p>Conferencia Nobel, 11 de diciembre de 1925: <em>The X-ray Spectra and the Structure of the Atoms<\/em><br \/>\n<a href=\"http:\/\/www.nobelprize.org\/nobel_prizes\/physics\/laureates\/1924\/siegbahn-lecture.pdf\" target=\"_blank\" rel=\"noopener\">http:\/\/www.nobelprize.org\/nobel_prizes\/physics\/laureates\/1924\/siegbahn-lecture.pdf<\/a><\/p>\n<hr \/>\n<h4><\/h4>\n<h4><strong>El premio nobel de f\u00edsica 1930<\/strong><\/h4>\n<h2><strong>Sir Chandrasekhara Venkata Raman<\/strong><\/h2>\n<blockquote><p>\u00abpor su trabajo acerca de la dispersi\u00f3n de la luz y por el descubrimiento del efecto que lleva su nombre\u00bb<\/p><\/blockquote>\n<p>Conferencia Nobel, 11 de diciembre de 1930: <em>The Molecular Scattering of Light<\/em><br \/>\n<a href=\"http:\/\/www.nobelprize.org\/nobel_prizes\/physics\/laureates\/1930\/raman-lecture.pdf\" target=\"_blank\" rel=\"noopener\">http:\/\/www.nobelprize.org\/nobel_prizes\/physics\/laureates\/1930\/raman-lecture.pdf<\/a><\/p>\n<h4><strong>Publicaciones<\/strong><\/h4>\n<p>The diffraction of light by high frequency sound waves: Part I. Raman, C., Nagendra Nathe, N.<\/p>\n<p>Proceedings of the Indian Academy of Sciences &#8211; Section A, 1935, Vol.2 (4), pp.406-412 <strong>(PUNTO Q)<\/strong><br \/>\n<a href=\"http:\/\/www.ias.ac.in\/j_archive\/proca\/2\/4\/406-412\/viewpage.html\" target=\"_blank\" rel=\"noopener\">http:\/\/www.ias.ac.in\/j_archive\/proca\/2\/4\/406-412\/viewpage.html<\/a><\/p>\n<p>The diffraction of light by sound waves of high frequency: Part II. Raman, C., Nagendra Nath, N.<\/p>\n<p>Proceedings of the Indian Academy of Sciences &#8211; Section A, 1935, Vol.2 (4), pp.413-420 <strong>(PUNTO Q)<\/strong><br \/>\n<a href=\"http:\/\/www.ias.ac.in\/j_archive\/proca\/2\/4\/413-420\/viewpage.html\" target=\"_blank\" rel=\"noopener\">http:\/\/www.ias.ac.in\/j_archive\/proca\/2\/4\/413-420\/viewpage.html<\/a><\/p>\n<p>The diffraction of light by high frequency sound waves: Part III. Raman, C., Nagendra Nath, N.<\/p>\n<p>Proceedings of the Indian Academy of Sciences &#8211; Section A, 1936, Vol.3 (1), pp.75-84<\/p>\n<p><strong>(PUNTO Q)<\/strong><\/p>\n<p><a href=\"http:\/\/www.ias.ac.in\/j_archive\/proca\/3\/1\/75-84\/viewpage.html\" target=\"_blank\" rel=\"noopener\">http:\/\/www.ias.ac.in\/j_archive\/proca\/3\/1\/75-84\/viewpage.html<\/a><\/p>\n<p>The diffraction of light by high frequency sound waves: Part IV. Raman, C., Nagendra Nath, N.<\/p>\n<p>Proceedings of the Indian Academy of Sciences &#8211; Section A, 1936, Vol.3 (2), pp.119-125 <strong>(PUNTO Q)<\/strong><br \/>\n<a href=\"http:\/\/www.ias.ac.in\/j_archive\/proca\/3\/2\/119-125\/viewpage.html\" target=\"_blank\" rel=\"noopener\">http:\/\/www.ias.ac.in\/j_archive\/proca\/3\/2\/119-125\/viewpage.html<\/a><\/p>\n<p>The diffraction of light by high frequency sound waves: Part V. Raman, C., Nath, N.<\/p>\n<p>Proceedings of the Indian Academy of Sciences &#8211; Section A, 1936, Vol.3 (5), pp.459-465 <strong>(PUNTO Q)<\/strong><br \/>\n<a href=\"http:\/\/www.ias.ac.in\/j_archive\/proca\/3\/5\/459-465\/viewpage.html\" target=\"_blank\" rel=\"noopener\">http:\/\/www.ias.ac.in\/j_archive\/proca\/3\/5\/459-465\/viewpage.html<\/a><\/p>\n<hr \/>\n<p><strong>\u00a0<\/strong><\/p>\n<h4><strong>El premio nobel de f\u00edsica 1953<\/strong><\/h4>\n<h2><strong>Frits (Frederik) Zernike <\/strong><\/h2>\n<blockquote><p>\u00abpor su demostraci\u00f3n sobre el m\u00e9todo de contraste de fases y sobre todo por su invenci\u00f3n del microscopio de contraste de fase\u00bb<\/p><\/blockquote>\n<p>Conferencia Nobel, 11 de diciembre de 1953: <em>How I Discovered Phase Contrast<\/em><br \/>\n<a href=\"http:\/\/www.nobelprize.org\/nobel_prizes\/physics\/laureates\/1953\/zernike-lecture.pdf\" target=\"_blank\" rel=\"noopener\">http:\/\/www.nobelprize.org\/nobel_prizes\/physics\/laureates\/1953\/zernike-lecture.pdf<\/a><\/p>\n<hr \/>\n<p>&nbsp;<\/p>\n<h4><strong>El premio nobel de f\u00edsica 1958<\/strong><\/h4>\n<h2><strong>Pavel Alekseyevich Cherenkov, Il\u00b4ja Mikhailovich Frank e Igor Yevgenyevich Tamm<\/strong><\/h2>\n<blockquote><p>\u00abpor el descubrimiento e interpretaci\u00f3n del efecto Cherenkov\u00bb<\/p><\/blockquote>\n<h4><strong>Publicaciones<\/strong><\/h4>\n<p>Conferencia Nobel (<strong>Pavel A. Cherenkov<\/strong>), 11 de diciembre de 1958: <em>Radiation of Particles Moving at a Velocity Exceeding that of Light, and some of the Possibilities for their Use in Experimental Physics<br \/>\n<\/em><a href=\"http:\/\/www.nobelprize.org\/nobel_prizes\/physics\/laureates\/1958\/cerenkov-lecture.pdf\" target=\"_blank\" rel=\"noopener\">http:\/\/www.nobelprize.org\/nobel_prizes\/physics\/laureates\/1958\/cerenkov-lecture.pdf<\/a><\/p>\n<p>Conferencia Nobel <strong>(Il&#8217;ja M. Frank<\/strong>), 11 de diciembre de 1958: <em>Optics of Light Sources Moving in Refractive Media<br \/>\n<\/em><a href=\"http:\/\/www.nobelprize.org\/nobel_prizes\/physics\/laureates\/1958\/frank-lecture.pdf\" target=\"_blank\" rel=\"noopener\">http:\/\/www.nobelprize.org\/nobel_prizes\/physics\/laureates\/1958\/frank-lecture.pdf<\/a><\/p>\n<p>Conferencia Nobel (<strong>Igor Y. Tamm<\/strong>), 11 de diciembre de 1958: <em>General Characteristics of Radiations Emitted by Systems Moving with Super-Light Velocities with Some Applications to Plasma Physics<\/em><br \/>\n<a href=\"http:\/\/www.nobelprize.org\/nobel_prizes\/physics\/laureates\/1958\/tamm-lecture.pdf\" target=\"_blank\" rel=\"noopener\">http:\/\/www.nobelprize.org\/nobel_prizes\/physics\/laureates\/1958\/tamm-lecture.pdf<\/a><\/p>\n<hr \/>\n<p>&nbsp;<\/p>\n<h4><strong>El premio nobel de f\u00edsica 1964<\/strong><\/h4>\n<h2><strong>Charles Hard Townes, Nicolay Gennadiyevich Basov y Aleksandr Mikhailovich Prokhorov<\/strong><\/h2>\n<blockquote><p>\u00abpor sus trabajos fundamentales sobre la electr\u00f3nica cu\u00e1ntica, lo que ha permitido la construcci\u00f3n de osciladores y amplificadores basados en el principio m\u00e1ser-l\u00e1ser\u00bb<\/p><\/blockquote>\n<p>Conferencia Nobel (<strong>Charles Hard Townes<\/strong>), 11 de diciembre de 1964: <em>Production of Coherent Radiation by Atoms and Molecules<br \/>\n<\/em><a href=\"http:\/\/www.nobelprize.org\/nobel_prizes\/physics\/laureates\/1964\/townes-lecture.pdf\" target=\"_blank\" rel=\"noopener\">http:\/\/www.nobelprize.org\/nobel_prizes\/physics\/laureates\/1964\/townes-lecture.pdf<\/a><\/p>\n<h4><strong>Publicaciones<\/strong><\/h4>\n<p><strong>Charles Hard Townes<\/strong><\/p>\n<p>From Radar Bombing Systems to the Maser: Charles Townes as Electrical Engineer (pdf)<br \/>\n<a href=\"http:\/\/ethw.org\/images\/3\/32\/Chapter_3-From_Radar_Bombing_Systems_to_the_Maser_%28Charles_Townes%29.pdf\" target=\"_blank\" rel=\"noopener\">http:\/\/ethw.org\/images\/3\/32\/Chapter_3-From_Radar_Bombing_Systems_to_the_Maser_%28Charles_Townes%29.pdf<\/a><\/p>\n<p>R.Y. Chiao, E. Garmire, and C.H. Townes, \u00abSelf-Trapping of Optical Beams\u00bb Phys. Rev. Letters 13 (1964) 479-482. <strong>(PUNTO Q)<\/strong><br \/>\n<a href=\"http:\/\/journals.aps.org\/prl\/pdf\/10.1103\/PhysRevLett.13.479\" target=\"_blank\" rel=\"noopener\">http:\/\/journals.aps.org\/prl\/pdf\/10.1103\/PhysRevLett.13.479<\/a><\/p>\n<ol start=\"163\">\n<li>Garmire, F. Panderese, and C.H. Townes, \u00abCoherently Driven Molecular Vibrations and Light Modulation.\u00bb Phys. Rev. Letters 11 (1963), 160-163. <strong>(PUNTO Q)<br \/>\n<\/strong><a href=\"http:\/\/journals.aps.org\/prl\/pdf\/10.1103\/PhysRevLett.11.160\" target=\"_blank\" rel=\"noopener\">http:\/\/journals.aps.org\/prl\/pdf\/10.1103\/PhysRevLett.11.160<\/a><\/li>\n<\/ol>\n<p>Conferencia Nobel (<strong>Nicolay G. Basov<\/strong>), 11 de diciembre de 1964: <em>Semiconductor Lasers<\/em><br \/>\n<a href=\"http:\/\/www.nobelprize.org\/nobel_prizes\/physics\/laureates\/1964\/basov-lecture.pdf\" target=\"_blank\" rel=\"noopener\">http:\/\/www.nobelprize.org\/nobel_prizes\/physics\/laureates\/1964\/basov-lecture.pdf<\/a><\/p>\n<p>Conferencia Nobel (<strong>Aleksandr M. Prokhorov<\/strong>), 11 de diciembre de 1964: <em>Quantum Electronics<\/em><br \/>\n<a href=\"http:\/\/www.nobelprize.org\/nobel_prizes\/physics\/laureates\/1964\/prokhorov-lecture.pdf\" target=\"_blank\" rel=\"noopener\">http:\/\/www.nobelprize.org\/nobel_prizes\/physics\/laureates\/1964\/prokhorov-lecture.pdf<\/a><\/p>\n<hr \/>\n<h4><\/h4>\n<h4><strong>El premio nobel de f\u00edsica 1966<\/strong><\/h4>\n<h2><strong>Alfred Kastler<\/strong><\/h2>\n<blockquote><p>\u00abpor el descubrimiento y desarrollo de m\u00e9todos \u00f3pticos utilizados para el estudio de las resonancias hertzianas en los \u00e1tomos\u00bb<\/p><\/blockquote>\n<p>Conferencia Nobel, 12 de diciembre de 1966: <em>Optical Methods for Studying Hertzian Resonances<\/em><br \/>\n<a href=\"http:\/\/www.nobelprize.org\/nobel_prizes\/physics\/laureates\/1966\/kastler-lecture.pdf\" target=\"_blank\" rel=\"noopener\">http:\/\/www.nobelprize.org\/nobel_prizes\/physics\/laureates\/1966\/kastler-lecture.pdf<\/a><\/p>\n<hr \/>\n<p>&nbsp;<\/p>\n<h4><strong>El premio nobel de f\u00edsica 1971<\/strong><\/h4>\n<h2><strong>Dennis Gabor<\/strong><\/h2>\n<blockquote><p>\u00abpor la invenci\u00f3n y desarrollo del m\u00e9todo hologr\u00e1fico\u00bb<\/p><\/blockquote>\n<p>Conferencia Nobel, 11: Holografphy, 1948-1971<br \/>\n<a href=\"http:\/\/www.nobelprize.org\/nobel_prizes\/physics\/laureates\/1971\/gabor-lecture.pdf\" target=\"_blank\" rel=\"noopener\">http:\/\/www.nobelprize.org\/nobel_prizes\/physics\/laureates\/1971\/gabor-lecture.pdf<\/a><\/p>\n<hr \/>\n<p>&nbsp;<\/p>\n<h4><strong>El premio nobel de f\u00edsica 1981<\/strong><\/h4>\n<h2><strong>Nicolaas Bloembergen y Arthur Leonard Schawlow<\/strong><\/h2>\n<blockquote><p>\u00abpor su contribuci\u00f3n al desarrollo de la espectroscopia l\u00e1ser\u00bb<\/p><\/blockquote>\n<p>Conferencia Nobel (<strong>Nicolaas Bloembergen<\/strong>), 8 de diciembre de 1981: <em>Nonlinear Optics and Spectroscopy<\/em><br \/>\n<a href=\"http:\/\/www.nobelprize.org\/nobel_prizes\/physics\/laureates\/1981\/bloembergen-lecture.pdf\" target=\"_blank\" rel=\"noopener\">http:\/\/www.nobelprize.org\/nobel_prizes\/physics\/laureates\/1981\/bloembergen-lecture.pdf<\/a><\/p>\n<h4><strong>Publicaciones<\/strong><\/h4>\n<p><strong>Nicolaas Bloembergen<\/strong><\/p>\n<p>Bloembergen N., Nonlinear Optics, Reading, MA: W.A. Benjamin, Inc., 1977 (1965). p. 229.<br \/>\n<a href=\"http:\/\/garfield.library.upenn.edu\/classics1979\/A1979HK74600001.pdf\" target=\"_blank\" rel=\"noopener\">http:\/\/garfield.library.upenn.edu\/classics1979\/A1979HK74600001.pdf<\/a><\/p>\n<p>Conferencia Nobel (<strong>Arthur L. Schawlow<\/strong>), 8 de diciembre de 1981: <em>Spectroscopy in a New Light<\/em><br \/>\n<a href=\"http:\/\/www.nobelprize.org\/nobel_prizes\/physics\/laureates\/1981\/schawlow-lecture.pdf\" target=\"_blank\" rel=\"noopener\">http:\/\/www.nobelprize.org\/nobel_prizes\/physics\/laureates\/1981\/schawlow-lecture.pdf<\/a><\/p>\n<p><strong>Kai M. Siegbahn<\/strong><\/p>\n<p>\u00abfor his contribution to the development of high-resolution electron spectroscopy\u00bb<strong> \/ \u00abpor su contribuci\u00f3n al desarrollo de la espectroscopia electr\u00f3nica de alta resoluci\u00f3n\u00bb<\/strong><\/p>\n<p>Conferencia Nobel, 8 de diciembre de 1981: <em>Electron Spectroscopy for Atoms, Molecules and Condensed Matter<\/em><br \/>\n<a href=\"http:\/\/www.nobelprize.org\/nobel_prizes\/physics\/laureates\/1981\/siegbahn-lecture.pdf\" target=\"_blank\" rel=\"noopener\">http:\/\/www.nobelprize.org\/nobel_prizes\/physics\/laureates\/1981\/siegbahn-lecture.pdf<\/a><\/p>\n<hr \/>\n<p>&nbsp;<\/p>\n<h4><strong>El premio nobel de f\u00edsica 1997<\/strong><\/h4>\n<h2><strong>Steven Chu, Claude Cohen-Tannoudji y William D. Phillips<\/strong><\/h2>\n<blockquote><p>\u00abpor el desarrollo de m\u00e9todos para enfriar y atrapar \u00e1tomos con luz l\u00e1ser\u00bb<\/p><\/blockquote>\n<p>Conferencia Nobel (<strong>Steven Chu<\/strong>), 8 de diciembre de 1997: <em>The Manipulation of Neutral Particles<\/em><br \/>\n<a href=\"http:\/\/www.nobelprize.org\/nobel_prizes\/physics\/laureates\/1997\/chu-lecture.pdf\" target=\"_blank\" rel=\"noopener\">http:\/\/www.nobelprize.org\/nobel_prizes\/physics\/laureates\/1997\/chu-lecture.pdf<\/a><\/p>\n<p><strong>Publicaciones<\/strong><\/p>\n<p><strong>Steven Chu<\/strong><\/p>\n<p>Acceso a los siguientes documentos:<\/p>\n<p><a href=\"http:\/\/www.osti.gov\/accomplishments\/chu.html#Resources\" target=\"_blank\" rel=\"noopener\">http:\/\/www.osti.gov\/accomplishments\/chu.html#Resources<\/a><\/p>\n<p>Conferencia Nobel (<strong>Claude Cohen-Tannoudji<\/strong>), 8 de diciembre de 1997: <em>Manipulating Atoms with Photons<br \/>\n<\/em><a href=\"http:\/\/www.nobelprize.org\/nobel_prizes\/physics\/laureates\/1997\/cohen-tannoudji-lecture.pdf\" target=\"_blank\" rel=\"noopener\">http:\/\/www.nobelprize.org\/nobel_prizes\/physics\/laureates\/1997\/cohen-tannoudji-lecture.pdf<\/a><\/p>\n<h4><strong>Publicaciones<\/strong><\/h4>\n<p><strong>Claude Cohen-Tannoudji<\/strong><\/p>\n<p>Tesis<br \/>\nTh\u00e9orie quantique du cycle de pompage optique. V\u00e9rification exp\u00e9rimentale des nouveaux effets pr\u00e9vus et Propositons donn\u00e9es par la Facult\u00e9<br \/>\n<a href=\"http:\/\/www.phys.ens.fr\/~cct\/\" target=\"_blank\" rel=\"noopener\">http:\/\/www.phys.ens.fr\/~cct\/<\/a><\/p>\n<p>Numerosas publicaciones con acceso en pdf:<br \/>\n<a href=\"http:\/\/www.phys.ens.fr\/~cct\/\" target=\"_blank\" rel=\"noopener\">http:\/\/www.phys.ens.fr\/~cct\/<\/a><\/p>\n<p>Conferencia Nobel (<strong>William D. Phillips<\/strong>), 8 de diciembre de 1997: <em>Laser Cooling and Trapping of Neutral Atoms<br \/>\n<\/em><a href=\"http:\/\/www.nobelprize.org\/nobel_prizes\/physics\/laureates\/1997\/phillips-lecture.pdf\" target=\"_blank\" rel=\"noopener\">http:\/\/www.nobelprize.org\/nobel_prizes\/physics\/laureates\/1997\/phillips-lecture.pdf<\/a><\/p>\n<h4><strong>Publicaciones<\/strong><\/h4>\n<p><strong>William D. Phillips<\/strong><\/p>\n<p>Tesis<br \/>\nThe Magnetic Moment of the Proton in H2O; II. Inelastic Collisions in Excited Na<br \/>\n<a href=\"http:\/\/dspace.mit.edu\/handle\/1721.1\/27499#files-area\" target=\"_blank\" rel=\"noopener\">http:\/\/dspace.mit.edu\/handle\/1721.1\/27499#files-area<\/a><\/p>\n<hr \/>\n<p>&nbsp;<\/p>\n<h4><strong>El premio nobel de f\u00edsica 2005<\/strong><\/h4>\n<h2><strong>Roy J. Glauber<\/strong><\/h2>\n<blockquote><p>\u00abpor su contribuci\u00f3n a la teor\u00eda cu\u00e1ntica de la coherencia \u00f3ptica\u00bb<\/p><\/blockquote>\n<p>Conferencia Nobel, 8 de diciembre de 2005: <em>One Hundred Years of Light Quanta<\/em><br \/>\n<a href=\"http:\/\/www.nobelprize.org\/nobel_prizes\/physics\/laureates\/2005\/glauber-lecture.pdf\" target=\"_blank\" rel=\"noopener\">http:\/\/www.nobelprize.org\/nobel_prizes\/physics\/laureates\/2005\/glauber-lecture.pdf<\/a><\/p>\n<h2><strong>John L. Hall y Theodor W. H\u00e4nsch<\/strong><\/h2>\n<blockquote><p>\u00abpor sus contribuciones al desarrollo de espectroscopia de precisi\u00f3n basadas en l\u00e1seres, incluyendo la t\u00e9cnica del peine de frecuencias \u00f3pticas\u00bb<\/p><\/blockquote>\n<p>Conferencia Nobel (<strong>John L. Hall<\/strong>), 8 de diciembre de 2005: <em>Defining and Measuring Optical Frequencies: The Optical Clock Opportunity <\/em><em>\ufffd<\/em><em> and More<\/em><br \/>\n<a href=\"http:\/\/www.nobelprize.org\/nobel_prizes\/physics\/laureates\/2005\/hall-lecture.pdf\" target=\"_blank\" rel=\"noopener\">http:\/\/www.nobelprize.org\/nobel_prizes\/physics\/laureates\/2005\/hall-lecture.pdf<\/a><\/p>\n<p>Conferencia Nobel (<strong>Theodor W. H\u00e4nsch<\/strong>), 8 de diciembre de 2005: <em>Passion for Precision<\/em><br \/>\n<a href=\"http:\/\/www.nobelprize.org\/nobel_prizes\/physics\/laureates\/2005\/hansch-lecture.pdf\" target=\"_blank\" rel=\"noopener\">http:\/\/www.nobelprize.org\/nobel_prizes\/physics\/laureates\/2005\/hansch-lecture.pdf<\/a><\/p>\n<p>A passion for precision<br \/>\n<a href=\"http:\/\/www.nobelprize.org\/nobel_prizes\/physics\/laureates\/2005\/hansch-slides.pdf\" target=\"_blank\" rel=\"noopener\">http:\/\/www.nobelprize.org\/nobel_prizes\/physics\/laureates\/2005\/hansch-slides.pdf<\/a><\/p>\n<p><strong>Publicaciones<\/strong><\/p>\n<p><strong>Theodor W. H\u00e4nsch<\/strong><\/p>\n<p>Publicaciones con acceso al texto completo desde 2005 hasta 2014<br \/>\n<a href=\"http:\/\/www2.mpq.mpg.de\/~haensch\/htm_neu\/publications.html\" target=\"_blank\" rel=\"noopener\">http:\/\/www2.mpq.mpg.de\/~haensch\/htm_neu\/publications.html<\/a><\/p>\n<hr \/>\n<p>&nbsp;<\/p>\n<h4><strong>El premio nobel de f\u00edsica 2009<\/strong><\/h4>\n<h2><strong>Charles Kuen Kao<\/strong><\/h2>\n<blockquote><p>\u00abpor sus logros pioneros sobre la transmisi\u00f3n de la luz a trav\u00e9s de fibras para comunicaci\u00f3n \u00f3ptica\u00bb<\/p><\/blockquote>\n<p>Conferencia Nobel, 8 de diciembre de 2009: <em>Sand from Centuries Past: Send Future Voices Fast<\/em><br \/>\n<a href=\"http:\/\/www.nobelprize.org\/nobel_prizes\/physics\/laureates\/2009\/kao_lecture.pdf\" target=\"_blank\" rel=\"noopener\">http:\/\/www.nobelprize.org\/nobel_prizes\/physics\/laureates\/2009\/kao_lecture.pdf<\/a><\/p>\n<hr \/>\n<p>&nbsp;<\/p>\n<h4><strong>El premio nobel de f\u00edsica 2014<\/strong><\/h4>\n<h2><strong>Isamu Akasaki, Hiroshi Amano y Shuji Nakamura<\/strong><\/h2>\n<blockquote><p>\u00abPor la invenci\u00f3n de eficientes diodos de emisi\u00f3n de luz azules, que han hecho posibles las fuentes de luz blanca brillantes y de bajo consumo\u00bb<\/p><\/blockquote>\n<p>Conferencia Nobel (<strong>Isamu Akasaki<\/strong>), 8 de diciembre de 2014: <em>Fascinated Journeys into Blue Light<\/em><br \/>\n<a href=\"http:\/\/www.nobelprize.org\/nobel_prizes\/physics\/laureates\/2014\/akasaki-lecture-slides.pdf\" target=\"_blank\" rel=\"noopener\">http:\/\/www.nobelprize.org\/nobel_prizes\/physics\/laureates\/2014\/akasaki-lecture-slides.pdf<\/a><\/p>\n<p>Conferencia Nobel (<strong>Hiroshi Amano<\/strong>), 8 de diciembre de 2014: <em>Growth of GaN on Sapphire by Low Temperature Deposited Buffer Layer and Realization of P-Type GaN by Mg-Doping Followed by LEEBI Treatment<\/em><br \/>\n<a href=\"http:\/\/www.nobelprize.org\/nobel_prizes\/physics\/laureates\/2014\/amano-lecture-slides.pdf\" target=\"_blank\" rel=\"noopener\">http:\/\/www.nobelprize.org\/nobel_prizes\/physics\/laureates\/2014\/amano-lecture-slides.pdf<\/a><\/p>\n<p>Conferencia Nobel (<strong>Shuji Nakamura<\/strong>), 8 de diciembre de 2014: <em>Background Story of the Invention of Efficient Blue InGaN Light Emitting Diodes<\/em><br \/>\n<a href=\"http:\/\/www.nobelprize.org\/nobel_prizes\/physics\/laureates\/2014\/nakamura-lecture-slides.pdf\" target=\"_blank\" rel=\"noopener\">http:\/\/www.nobelprize.org\/nobel_prizes\/physics\/laureates\/2014\/nakamura-lecture-slides.pdf<\/a><\/p>\n<h4><strong>Publicaciones<\/strong><\/h4>\n<p><strong>Shuji Nakamura<\/strong><\/p>\n<p>Journey to a Brilliant Discovery &#8211; Lighting the World (Ep. 2)<br \/>\n<a href=\"http:\/\/uctv.tv\/shows\/Journey-to-a-Brilliant-Discovery-Lighting-the-World-Ep-2-24739\" target=\"_blank\" rel=\"noopener\">http:\/\/uctv.tv\/shows\/Journey-to-a-Brilliant-Discovery-Lighting-the-World-Ep-2-24739<\/a><\/p>\n<p>Unleashing the Light &#8211; Lighting the World (Ep. 3)<br \/>\n<a href=\"http:\/\/www.uctv.tv\/shows\/Unleashing-the-Light-Lighting-the-World-Ep-3-24740\" target=\"_blank\" rel=\"noopener\">http:\/\/www.uctv.tv\/shows\/Unleashing-the-Light-Lighting-the-World-Ep-3-24740<\/a><\/p>\n<p>Lighting the World: Shuji Nakamura and His Brilliant Discovery (Ep. 4)<br \/>\n<a href=\"http:\/\/www.uctv.tv\/shows\/The-Future-of-Light-Lighting-the-World-Ep-4-24926\" target=\"_blank\" rel=\"noopener\">http:\/\/www.uctv.tv\/shows\/The-Future-of-Light-Lighting-the-World-Ep-4-24926<\/a>[\/vc_column_text][\/vc_column][vc_column width=\u00bb1\/6&#8243;][\/vc_column][\/vc_row]<\/p>\n","protected":false},"excerpt":{"rendered":"<p>[vc_row full_width=\u00bbstretch_row_content\u00bb][vc_column width=\u00bb1\/6&#8243;][\/vc_column][vc_column width=\u00bb2\/3&#8243;][vc_column_text] El Nobel y la luz [\/vc_column_text][vc_column_text]Este es un listado de Premios Nobel otorgados por investigaciones relacionadas con la luz y las tecnolog\u00edas basadas en la luz.\u00a0Encontrar\u00e1n la mayor parte de los art\u00edculos, enlazados al texto completo, que merecieron esta distinci\u00f3n. El premio nobel de f\u00edsica 1907 Albert Abraham Michelson \u00abpor sus&#8230;<\/p>\n","protected":false},"author":14,"featured_media":233,"parent":0,"menu_order":0,"comment_status":"closed","ping_status":"open","template":"","meta":{"footnotes":""},"class_list":["post-83","page","type-page","status-publish","has-post-thumbnail","hentry"],"_links":{"self":[{"href":"https:\/\/www.ull.es\/eventos\/luz-conocimiento\/wp-json\/wp\/v2\/pages\/83"}],"collection":[{"href":"https:\/\/www.ull.es\/eventos\/luz-conocimiento\/wp-json\/wp\/v2\/pages"}],"about":[{"href":"https:\/\/www.ull.es\/eventos\/luz-conocimiento\/wp-json\/wp\/v2\/types\/page"}],"author":[{"embeddable":true,"href":"https:\/\/www.ull.es\/eventos\/luz-conocimiento\/wp-json\/wp\/v2\/users\/14"}],"replies":[{"embeddable":true,"href":"https:\/\/www.ull.es\/eventos\/luz-conocimiento\/wp-json\/wp\/v2\/comments?post=83"}],"version-history":[{"count":5,"href":"https:\/\/www.ull.es\/eventos\/luz-conocimiento\/wp-json\/wp\/v2\/pages\/83\/revisions"}],"predecessor-version":[{"id":463,"href":"https:\/\/www.ull.es\/eventos\/luz-conocimiento\/wp-json\/wp\/v2\/pages\/83\/revisions\/463"}],"wp:featuredmedia":[{"embeddable":true,"href":"https:\/\/www.ull.es\/eventos\/luz-conocimiento\/wp-json\/"}],"wp:attachment":[{"href":"https:\/\/www.ull.es\/eventos\/luz-conocimiento\/wp-json\/wp\/v2\/media?parent=83"}],"curies":[{"name":"wp","href":"https:\/\/api.w.org\/{rel}","templated":true}]}}