{"id":84,"date":"2015-04-16T10:22:25","date_gmt":"2015-04-16T10:22:25","guid":{"rendered":"http:\/\/bbtk.exposicion.ull.es\/luz\/?page_id=84"},"modified":"2020-01-14T09:52:44","modified_gmt":"2020-01-14T08:52:44","slug":"libros-de-divulgacion","status":"publish","type":"page","link":"https:\/\/www.ull.es\/eventos\/luz-conocimiento\/libros-de-divulgacion\/","title":{"rendered":"Libros de divulgaci\u00f3n"},"content":{"rendered":"<p>[vc_row full_width=\u00bbstretch_row_content\u00bb][vc_column width=\u00bb1\/6&#8243;][\/vc_column][vc_column width=\u00bb2\/3&#8243;][vc_column_text]<\/p>\n<h2>Libros de divulgaci\u00f3n<\/h2>\n<p>[\/vc_column_text][vc_column_text]<\/p>\n<h2><strong><span style=\"text-decoration: underline\">LUZ \u2013 OBRAS DE DIVULGACI\u00d3N<\/span><\/strong><\/h2>\n<p><a href=\"http:\/\/absysnetweb.bbtk.ull.es\/cgi-bin\/abnetopac?ACC=DOSEARCH&amp;xsqf99=511901.titn.\" target=\"_blank\" rel=\"noopener\">Las mol\u00e9culas : cuando la luz te ayuda a vibrar \/ Jos\u00e9 Vicente Garc\u00eda Ramos.. &#8212; [Madrid] : CSIC : Los Libros de la Catarata, D.L. 2014.<\/a><\/p>\n<p><a href=\"http:\/\/absysnetweb.bbtk.ull.es\/cgi-bin\/abnetopac?ACC=DOSEARCH&amp;xsqf99=463012.titn.\" target=\"_blank\" rel=\"noopener\"> Luz visible y luz invisible \/ Eduard R\u00fcchardt ; versi\u00f3n espa\u00f1ola de la 2\u00aa edici\u00f3n ampliada alemana por el Dr. Francisco M. Biosca ; revisada por el Dr. Jos\u00e9 Mar\u00eda Vidal Llenas. &#8212; Barcelona [etc.] : Labor, 1960.<\/a><\/p>\n<p><a href=\"http:\/\/absysnetweb.bbtk.ull.es\/cgi-bin\/abnetopac?ACC=DOSEARCH&amp;xsqf99=436142.titn.\" target=\"_blank\" rel=\"noopener\">F\u00edsica de la luz \/ UNESCO-IBECC. Proyecto Piloto para la Ense\u00f1anza de la F\u00edsica. &#8212; 2\u00aa ed. &#8212; Madrid : ENOSA, 1968. &#8212; Contiene: Unidad IV: Ondas electrom\u00e1gn\u00e9ticas. FotoneS.<\/a><\/p>\n<p><a href=\"http:\/\/absysnetweb.bbtk.ull.es\/cgi-bin\/abnetopac?ACC=DOSEARCH&amp;xsqf99=428559.titn.\" target=\"_blank\" rel=\"noopener\">Luz: experimentos con la luz y el color \/ Steve Parker ; [traducci\u00f3n, Carlota Pi i Rusi\u00f1ol]. &#8212; Barcelona : Parram\u00f3n, D.L. 2008.<\/a><\/p>\n<p><a href=\"http:\/\/absysnetweb.bbtk.ull.es\/cgi-bin\/abnetopac?ACC=DOSEARCH&amp;xsqf99=427081.titn.\" target=\"_blank\" rel=\"noopener\"> Jugando con la luz : \u00f3ptica pr\u00e1ctica para curiosos \/ Pedro M. Mej\u00edas&#8230; [et al.]. &#8212; Madrid : Nivola, 2005,<\/a><\/p>\n<p><a href=\"http:\/\/absysnetweb.bbtk.ull.es\/cgi-bin\/abnetopac?ACC=DOSEARCH&amp;xsqf99=427084.titn.\" target=\"_blank\" rel=\"noopener\">Jugando con la luz 2 : \u00f3ptica pr\u00e1ctica para curiosos \/ Pedro M. Mej\u00edas&#8230; [et al.]. &#8212; Madrid : Nivola, 2006.<\/a><\/p>\n<p><a href=\"http:\/\/absysnetweb.bbtk.ull.es\/cgi-bin\/abnetopac?ACC=DOSEARCH&amp;xsqf99=367732.titn.\" target=\"_blank\" rel=\"noopener\">\u00bfQu\u00e9 es la luz? \/ A. C. S. van Heel , C. H. F. Velzel ; [lo tradujo al espa\u00f1ol Gervasio Mart\u00edn]. &#8212; Madrid : Guadarrama, cop.1968<\/a><\/p>\n<p><a href=\"http:\/\/absysnetweb.bbtk.ull.es\/cgi-bin\/abnetopac01?TITN=99993\" target=\"_blank\" rel=\"noopener\">Luz \/ textos de Brenda Walpole ; ilustraciones de Kuo Kang Chen y Peter Bull ; traducci\u00f3n de Graciela Jauregui Lorca de Castro. &#8212; Buenos Aires : Sigmar, cop.1988.<\/a><\/p>\n<p><a href=\"http:\/\/absysnetweb.bbtk.ull.es\/cgi-bin\/abnetopac01?TITN=157868\" target=\"_blank\" rel=\"noopener\">Desarrollo de un tema : la luz y sus maravillas \/ Jorge R. Encina.<\/a><\/p>\n<p><a href=\"http:\/\/absysnetweb.bbtk.ull.es\/cgi-bin\/abnetopac01?TITN=56928\" target=\"_blank\" rel=\"noopener\">Luz y color \/ texto de Harold Joseph Highland ; ilustraciones de George J. Zaffo ; editado bajo la supervisi\u00f3n del Dr. Paul E. Blackwood. &#8212; Barcelona : Molino, D.L. 1973.<\/a><\/p>\n<p><a href=\"http:\/\/absysnetweb.bbtk.ull.es\/cgi-bin\/abnetopac01?TITN=122757\" target=\"_blank\" rel=\"noopener\">Experimentos con la luz \/ Elsa Canestro. &#8212; Buenos Aires : Albatros, cop. 1994.<\/a><\/p>\n<p><a href=\"http:\/\/absysnetweb.bbtk.ull.es\/cgi-bin\/abnetopac01?TITN=59362\" target=\"_blank\" rel=\"noopener\">El calor y la luz : origen y propiedades \/ [Luis Garridos Oltra&#8230;(et al.)]. &#8212; Madrid : Santillana, D.L. 1984.<\/a><\/p>\n<p><a href=\"http:\/\/absysnetweb.bbtk.ull.es\/cgi-bin\/abnetopac01?TITN=258970\" target=\"_blank\" rel=\"noopener\">Experimentos sencillos con la luz y el sonido \/ Glen Vecchione. &#8212; Barcelona : Oniro, D.L. 2002.<\/a><\/p>\n<h2><strong><span style=\"text-decoration: underline\">LUZ EN EL ARTE<\/span><\/strong><\/h2>\n<p><a href=\"http:\/\/absysnetweb.bbtk.ull.es\/cgi-bin\/abnetopac?ACC=DOSEARCH&amp;xsqf99=101545.titn.\" target=\"_blank\" rel=\"noopener\">Breve historia de la sombra \/ Victor I. Stoichita ; versi\u00f3n espa\u00f1ola de Anna Mar\u00eda Corderch. &#8212; Madrid : Siruela, D.L. 1999.<\/a><\/p>\n<p><a href=\"http:\/\/absysnetweb.bbtk.ull.es\/cgi-bin\/abnetopac?ACC=DOSEARCH&amp;xsqf99=100158.titn.\" target=\"_blank\" rel=\"noopener\">Las sombras y el Siglo de las Luces \/ Michael Baxandall. &#8212; Madrid : Visor, D.L. 1997.<\/a><\/p>\n<p><a href=\"http:\/\/absysnetweb.bbtk.ull.es\/cgi-bin\/abnetopac?ACC=DOSEARCH&amp;xsqf99=84790.titn.\" target=\"_blank\" rel=\"noopener\">M\u00e1s que discutible : observaciones dispersas sobre el arte como disciplina \u00fatil \/ Oscar Tusquets Blanca. &#8212; [1\u00aa ed.]. &#8212; Barcelona : Tusquets, 1994.<\/a><\/p>\n<p><a href=\"http:\/\/absysnetweb.bbtk.ull.es\/cgi-bin\/abnetopac?ACC=DOSEARCH&amp;xsqf99=440265%20.titn.\" target=\"_blank\" rel=\"noopener\">Sombra iluminada: la sombra como espejo del cambio de paradigma pl\u00e1stico en la pintura del siglo XIX \/ Diego G\u00f3mez S\u00e1nchez. &#8212; 1\u00aa ed.. &#8212; Cuenca : Ediciones de la Universidad de Castilla-La Mancha, 2009.<\/a><\/p>\n<p><a href=\"http:\/\/absysnetweb.bbtk.ull.es\/cgi-bin\/abnetopac?ACC=DOSEARCH&amp;xsqf99=287249.titn.\" target=\"_blank\" rel=\"noopener\">Hiro Yamagata[Exposici\u00f3n] : August 13, 2004 to April, 2005 = 13 de agosto, 2004-abril, 2005. &#8212; Bilbao : Guggenheim, 2004.<\/a><\/p>\n<p><a href=\"http:\/\/absysnetweb.bbtk.ull.es\/cgi-bin\/abnetopac?ACC=DOSEARCH&amp;xsqf99=501712.titn.\" target=\"_blank\" rel=\"noopener\">Metaf\u00edsica y teolog\u00eda de la luz en el templo g\u00f3tico \/ In\u00e9s Toste BasseLaguna: revista de Filosof\u00eda. &#8212; N. 10 (2002), p. 225-241.<\/a><\/p>\n<p><a href=\"http:\/\/absysnetweb.bbtk.ull.es\/cgi-bin\/abnetopac?ACC=DOSEARCH&amp;xsqf99=485071.titn.\" target=\"_blank\" rel=\"noopener\">La vidriera espa\u00f1ola : ocho siglos de luz \/ V\u00edctor Nieto Alcaide. &#8212; 2\u00aa ed. rev. y aum. &#8212; Donostia-San Sebasti\u00e1n : Nerea, 2011.<\/a><\/p>\n<p><a href=\"http:\/\/absysnetweb.bbtk.ull.es\/cgi-bin\/abnetopac?ACC=DOSEARCH&amp;xsqf99=469988.titn.\" target=\"_blank\" rel=\"noopener\">Trato de la luz con la materia :curso-taller \/ impartido por Maribel Dom\u00e9nech y Margo Sawyer. &#8212; Granada : Grupo de Investigaci\u00f3n HUM-480 \u00abConstituci\u00f3n e interpretaci\u00f3n de la imagen art\u00edstica\u00bb, 2002.<\/a><\/p>\n<p><a href=\"http:\/\/absysnetweb.bbtk.ull.es\/cgi-bin\/abnetopac?ACC=DOSEARCH&amp;xsqf99=442585.titn.\" target=\"_blank\" rel=\"noopener\">L\u00e1szl\u00f3 Moholy-Nagy :el arte de la luz : [exposici\u00f3n] \/ [comisaria, Oliva Mar\u00eda Rubio]. &#8212; Madrid : La F\u00e1brica : C\u00edrculo de Bellas Artes , D.L. 2010.<\/a><\/p>\n<p><a href=\"http:\/\/absysnetweb.bbtk.ull.es\/cgi-bin\/abnetopac?ACC=DOSEARCH&amp;xsqf99=440276.titn.\" target=\"_blank\" rel=\"noopener\">La luz y las sombras en la pintura espa\u00f1ola \/ Mariano Navarro. &#8212; Madrid : Espasa-Calpe, [1999].<\/a><\/p>\n<p><a href=\"http:\/\/absysnetweb.bbtk.ull.es\/cgi-bin\/abnetopac?ACC=DOSEARCH&amp;xsqf99=401511.titn.\" target=\"_blank\" rel=\"noopener\">Color y luz : teor\u00eda y pr\u00e1ctica \/ Jorrit Tornquist. &#8212; Barcelona : Gustavo Gili, 2008.<\/a><\/p>\n<p><a href=\"http:\/\/absysnetweb.bbtk.ull.es\/cgi-bin\/abnetopac?ACC=DOSEARCH&amp;xsqf99=397081.titn.\" target=\"_blank\" rel=\"noopener\">Siete miradas, una misma luz : teor\u00eda y an\u00e1lisis cinematogr\u00e1fico \/ Mercedes Miguel Borr\u00e1s, Jes\u00fas Bermejo Berros, Manuel Canga Soca, coordinadores. &#8212; Valladolid : Universidad de Valladolid, D.L. 2008.<\/a><\/p>\n<p><a href=\"http:\/\/absysnetweb.bbtk.ull.es\/cgi-bin\/abnetopac?ACC=DOSEARCH&amp;xsqf99=395264.titn.\" target=\"_blank\" rel=\"noopener\">La construcci\u00f3n del espacio a trav\u00e9s de la luz en los dibujos de Gonzalo Gonz\u00e1lez \/ Laura M\u00aa Mesa Lima ; directora M\u00aa Luisa Bajo Segura. &#8212; La Laguna : [s.n.], 2007<\/a><\/p>\n<p><a href=\"http:\/\/absysnetweb.bbtk.ull.es\/cgi-bin\/abnetopac?ACC=DOSEARCH&amp;xsqf99=389687.titn.\" target=\"_blank\" rel=\"noopener\">Perspectiva de la luz y de las sombras \/ por Francisco Arola Sala. &#8212; Madrid ; Barcelona : Calpe, [191?].<\/a><\/p>\n<p><a href=\"http:\/\/absysnetweb.bbtk.ull.es\/cgi-bin\/abnetopac?ACC=DOSEARCH&amp;xsqf99=381217.titn.\" target=\"_blank\" rel=\"noopener\">El enigma de la luz : un viaje en el arte \/ Cees Nooteboom ; traducci\u00f3n del neerland\u00e9s de Isabel-Clara Lorda Vidal. &#8212; Madrid : Siruela , D.L. 2007.<\/a><\/p>\n<p><a href=\"http:\/\/absysnetweb.bbtk.ull.es\/cgi-bin\/abnetopac?ACC=DOSEARCH&amp;xsqf99=363472.titn.\" target=\"_blank\" rel=\"noopener\">Vel\u00e1zquez : el pintor de la luz \/ [coordinaci\u00f3n y direcci\u00f3n Jorge Montoro]. &#8212; Alcobendas, Madrid : Libsa, cop. 2006.<\/a><\/p>\n<p><a href=\"http:\/\/absysnetweb.bbtk.ull.es\/cgi-bin\/abnetopac?ACC=DOSEARCH&amp;xsqf99=359774.titn.\" target=\"_blank\" rel=\"noopener\">Jos\u00e9 Aguiar (1895-1976) : entre la luz y las sombras \/ por Manuel de Paz S\u00e1nchez. &#8212; Madrid-Las Palmas : Patronato de la Casa de Col\u00f3n, 2006.<\/a><\/p>\n<p><a href=\"http:\/\/absysnetweb.bbtk.ull.es\/cgi-bin\/abnetopac?ACC=DOSEARCH&amp;xsqf99=346322.titn.\" target=\"_blank\" rel=\"noopener\">Espacios infinitos : luz, color y formas en la naturaleza : [exposici\u00f3n celebrada en la] Sala de Arte CajaCanarias, La Laguna, del 19 de enero al 10 de febrero de 2006 \/ Clara Yanes ; [textos, Mar\u00eda del Pilar Tinaut]. &#8212; [Santa Cruz de Tenerife] : Servicio de Publicaciones de la Caja General de Ahorros de Canarias , D.L. 2005.<\/a><\/p>\n<p><a href=\"http:\/\/absysnetweb.bbtk.ull.es\/cgi-bin\/abnetopac01?TITN=117052\" target=\"_blank\" rel=\"noopener\">La vidriera espa\u00f1ola : ocho siglos de luz \/ V\u00edctor Nieto Alcaide. &#8212; Madrid : Nerea, D.L.1998.<\/a><\/p>\n<p><a href=\"http:\/\/absysnetweb.bbtk.ull.es\/cgi-bin\/abnetopac01?TITN=159810\" target=\"_blank\" rel=\"noopener\">Luz del norte : = Llum del nord = The light of the north : [exposici\u00f3n], Museo Nacional Centro de Arte Reina Sof\u00eda, Madrid, 30 de marzo &#8211; 15 de mayo, 1995, Museu d&#8217;Art Modern del MNAC, Barcelona, 2 de junio &#8211; 16 de julio, 1995. &#8212; Madrid [etc.] : Ministerio de Cultura [etc], cop. 1995.<\/a><\/p>\n<p><a href=\"http:\/\/absysnetweb.bbtk.ull.es\/cgi-bin\/abnetopac01?TITN=281487\" target=\"_blank\" rel=\"noopener\">La luz en el cine \/ Fabrice Revault d&#8217;Allonnes ; traducci\u00f3n de Magal\u00ed Mart\u00ednez Solim\u00e1n y Maribel Villarino Rodr\u00edguez. &#8212; 1\u00aa ed. &#8212; Madrid : C\u00e1tedra, 2003.<\/a><\/p>\n<p><a href=\"http:\/\/absysnetweb.bbtk.ull.es\/cgi-bin\/abnetopac01?TITN=96432\" target=\"_blank\" rel=\"noopener\">La luz en la pintura : un factor pl\u00e1stico, el siglo XVII \/ Raquel Medina de Vargas. &#8212; Barcelona : PPU, 1988.<\/a><\/p>\n<p><a href=\"http:\/\/absysnetweb.bbtk.ull.es\/cgi-bin\/abnetopac01?TITN=116682\" target=\"_blank\" rel=\"noopener\">Culto a la luz : conversaciones con Bengt Forslund sobre el cine y su gente \/ Sven Nykvist ; traducci\u00f3n del sueco de Francisco J. Ur\u00edz. &#8212; Madrid : Ediciones del Im\u00e1n, D.L. 1998.<\/a><\/p>\n<p><a href=\"http:\/\/absysnetweb.bbtk.ull.es\/cgi-bin\/abnetopac01?TITN=187350\" target=\"_blank\" rel=\"noopener\">Joaqu\u00edn Sorolla o la plena luz en nuestra pintura \/ Marcelo Abril. &#8212; Barcelona : Joaqu\u00edn Gil, [1944?].<\/a><\/p>\n<p><a href=\"http:\/\/absysnetweb.bbtk.ull.es\/cgi-bin\/abnetopac01?TITN=191098\" target=\"_blank\" rel=\"noopener\">La luz en la pintura \/ Mar\u00eda del Carmen Reyes Duque ; [dirigida por] Pedro Gonz\u00e1lez Gonz\u00e1lez. &#8212; La Laguna : [s.n.], 1981.<\/a><\/p>\n<p><a href=\"http:\/\/absysnetweb.bbtk.ull.es\/cgi-bin\/abnetopac01?TITN=314916\" target=\"_blank\" rel=\"noopener\">Luz y sombra en dibujo y pintura \/ Jose M. Parram\u00f3n. \u2013 18\u00aa ed. &#8212; Barcelona : Parram\u00f3n, 1990.<\/a><\/p>\n<h2><strong><span style=\"text-decoration: underline\">FOTOGRAF\u00cdA-T\u00c9CNICA<\/span><\/strong><\/h2>\n<p><a href=\"http:\/\/absysnetweb.bbtk.ull.es\/cgi-bin\/abnetopac01?TITN=201201\" target=\"_blank\" rel=\"noopener\">La fotograf\u00eda en blanco y negro : pel\u00edculas, formatos, composici\u00f3n, luz, positivado, estudio de casos, cuestiones t\u00e9cnicas \/ John Garrett. &#8212; 1\u00aa ed. &#8212; Barcelona : Blume, 2001.<\/a><\/p>\n<p><a href=\"http:\/\/absysnetweb.bbtk.ull.es\/cgi-bin\/abnetopac01?TITN=144956\" target=\"_blank\" rel=\"noopener\">Y se hizo la luz : doce fot\u00f3grafos : [exposici\u00f3n]. &#8212; Canarias : Viceconsejer\u00eda de Cultura y Deportes, 1989.<\/a><\/p>\n<p><a href=\"http:\/\/absysnetweb.bbtk.ull.es\/cgi-bin\/abnetopac01?TITN=111955\" target=\"_blank\" rel=\"noopener\">Maestros de la luz : conversaciones con directores de fotograf\u00eda \/ Dennis Schaefer, Larry Salvato ; traducci\u00f3n de Alejandro Pradera. &#8212; Madrid : Plot, D.L. 1990.<\/a><\/p>\n<p><a href=\"http:\/\/absysnetweb.bbtk.ull.es\/cgi-bin\/abnetopac01?TITN=180088\" target=\"_blank\" rel=\"noopener\">Luz y pel\u00edcula \/ por el equipo editorial de Libros Time-Life. &#8212; Barcelona : Salvat, D.L. 1974.<\/a><\/p>\n<p><a href=\"http:\/\/absysnetweb.bbtk.ull.es\/cgi-bin\/abnetopac?ACC=DOSEARCH&amp;xsqf99=510331.titn.\" target=\"_blank\" rel=\"noopener\">El fotogr\u00e1fo en la noche: fotograf\u00eda nocturna y pintura con luz: t\u00e9cnica, creatividad y motivaci\u00f3n \/ Mario Rubio. &#8212; [S.l.] : Fot\u00f3grafo nocturno, 2014.<\/a><\/p>\n<p><a href=\"http:\/\/absysnetweb.bbtk.ull.es\/cgi-bin\/abnetopac?ACC=DOSEARCH&amp;xsqf99=487671.titn.\" target=\"_blank\" rel=\"noopener\">Iluminaci\u00f3n para la fotograf\u00eda digital: los secretos del flash y la luz natural \/ Syl Arena. &#8212; Madrid : Anaya Multimedia, 2013.<\/a><\/p>\n<p><a href=\"http:\/\/absysnetweb.bbtk.ull.es\/cgi-bin\/abnetopac?ACC=DOSEARCH&amp;xsqf99=482698.titn.\" target=\"_blank\" rel=\"noopener\">Dise\u00f1ar la luz: preparaci\u00f3n de la iluminaci\u00f3n en la fotograf\u00eda mediante el flash \/ Joe McNally. &#8212; Madrid : Anaya Multimedia, 2012.<\/a><\/p>\n<p><a href=\"http:\/\/absysnetweb.bbtk.ull.es\/cgi-bin\/abnetopac?ACC=DOSEARCH&amp;xsqf99=413827.titn.\" target=\"_blank\" rel=\"noopener\">Los interiores con luz natural y la segunda c\u00e1mara \/ Hugo van Wadenoyen. &#8212; 2\u00aa ed. &#8212; Barcelona : Omega, \u00bf1948?.<\/a><\/p>\n<h2><strong><span style=\"text-decoration: underline\">LUZ Y SALUD<\/span><\/strong><\/h2>\n<p><a href=\"http:\/\/absysnetweb.bbtk.ull.es\/cgi-bin\/abnetopac?ACC=DOSEARCH&amp;xsqf99=475083.titn.\" target=\"_blank\" rel=\"noopener\">Los ba\u00f1os de aire, de luz y de sol en casa : su valor pr\u00e1ctico en el tratamiento de las enfermedades cr\u00f3nicas y en la higiene diaria \/ por el Dr. Monteuuis. &#8212; Barcelona : Sociedad General de Publicaciones, [1911].<\/a><\/p>\n<p><a href=\"http:\/\/absysnetweb.bbtk.ull.es\/cgi-bin\/abnetopac?ACC=DOSEARCH&amp;xsqf99=435358.titn.\" target=\"_blank\" rel=\"noopener\">Luz y visi\u00f3n \/ por Conrad G. Mueller, Mae Rudolph. &#8212; M\u00e9xico : Offset Larios, 1974.<\/a><\/p>\n<p><a href=\"http:\/\/absysnetweb.bbtk.ull.es\/cgi-bin\/abnetopac?ACC=DOSEARCH&amp;xsqf99=408515.titn.\" target=\"_blank\" rel=\"noopener\">Aplicaci\u00f3n de pulsos de luz para asegurar la calidad y la seguridad de productos pesqueros listos para ser consumidos \/ A. Lasagabaster Bilbao y I. Mart\u00ednez Mara\u00f1\u00f3n Ibabe Burgos : Universidad de Burgos, Servicio de Publicaciones, 2005. &#8212; P. 449-452.<\/a><\/p>\n<p><a href=\"http:\/\/absysnetweb.bbtk.ull.es\/cgi-bin\/abnetopac?ACC=DOSEARCH&amp;xsqf99=357886.titn.\" target=\"_blank\" rel=\"noopener\">La luz de cuarzo y su aplicaci\u00f3n en la medicina \/ por F. Thedering ; traducido de la 5\u00aa ed. alemana por M. Avil\u00e9s. &#8212; Hanau : Sollux, [1925?].<\/a><\/p>\n<p><a href=\"http:\/\/absysnetweb.bbtk.ull.es\/cgi-bin\/abnetopac?ACC=DOSEARCH&amp;xsqf99=38491%20.titn.\" target=\"_blank\" rel=\"noopener\">Photodermatologie et phototh\u00e9rapie \/ par Pierre Thomas et Pierre Amblard ; en colaboration avec J. C. B\u00e9ani, J. L. Reymond et G. Rotteleur. &#8212; Paris [etc.] : Masson, 1988.<\/a><\/p>\n<p><a href=\"http:\/\/absysnetweb.bbtk.ull.es\/cgi-bin\/abnetopac?ACC=DOSEARCH&amp;xsqf99=356597.titn.\" target=\"_blank\" rel=\"noopener\">L&#8217;elioterapia e le sue applicazioni cliniche \/ Pietro Leone ; con prefazione Ernesto Tricomi. &#8212; Palermo : Scuola Tipogr\u00e1fica del \u00abBoccone del Povero\u00bb, 1925.<\/a><strong><span style=\"text-decoration: underline\"><br \/>\n<\/span><\/strong><\/p>\n<h2><strong><span style=\"text-decoration: underline\">FOTOGRAMETR\u00cdA<\/span><\/strong><\/h2>\n<p><a href=\"http:\/\/absysnetweb.bbtk.ull.es\/cgi-bin\/abnetopac?ACC=DOSEARCH&amp;xsqf99=130194.titn.\" target=\"_blank\" rel=\"noopener\">Fotogrametr\u00eda terrestre y a\u00e9rea \/ por K. Schwidefsky ; ap\u00e9ndice y notas por Edgar Pedro Bruck con la colaboraci\u00f3n de Jos\u00e9 Soriano, Wolfgang L\u00fcder. &#8212; 2\u00aa ed. espa\u00f1.. &#8212; Barcelona [etc.] : Labor, 1960.<\/a><\/p>\n<p><a href=\"http:\/\/absysnetweb.bbtk.ull.es\/cgi-bin\/abnetopac?ACC=DOSEARCH&amp;xsqf99=129003.titn.\" target=\"_blank\" rel=\"noopener\">Manuel de Photo-interpr\u00e9tation. &#8212; Paris : Technip, 1970.<\/a><\/p>\n<p><a href=\"http:\/\/absysnetweb.bbtk.ull.es\/cgi-bin\/abnetopac?ACC=DOSEARCH&amp;xsqf99=122150.titn.\" target=\"_blank\" rel=\"noopener\">Applications of the techniques of photogrammetry to old urban centres : survey, analysis, development, protection \/ publication co-ordinator Maurice Carbonnell. &#8212; Strasbourg : Council of Europe, 1988.<\/a><\/p>\n<p><a href=\"http:\/\/absysnetweb.bbtk.ull.es\/cgi-bin\/abnetopac?ACC=DOSEARCH&amp;xsqf99=214848.titn.\" target=\"_blank\" rel=\"noopener\"> Photogramm\u00e9trie et interpr\u00e9tation de photographies st\u00e9r\u00e9oscopiques terrestres et a\u00e9riennes \/ par Francis Ruellan. &#8212; Paris : Masson, 1967.<\/a><\/p>\n<p><a href=\"http:\/\/absysnetweb.bbtk.ull.es\/cgi-bin\/abnetopac?ACC=DOSEARCH&amp;xsqf99=214873.titn.\" target=\"_blank\" rel=\"noopener\">Orientaci\u00f3n de fotogramas para la restituci\u00f3n fotogram\u00e9trica \/ Daniel Monta\u00f1\u00e0 Jou. &#8212; Madrid : Instituto Geogr\u00e1fico y Catastral, 1968.<\/a><\/p>\n<p><a href=\"http:\/\/absysnetweb.bbtk.ull.es\/cgi-bin\/abnetopac?ACC=DOSEARCH&amp;xsqf99=220981.titn.\" target=\"_blank\" rel=\"noopener\">Fotogeolog\u00eda y cartograf\u00eda por zonas \/ J. A. E. Allum. &#8212; Madrid : Paraninfo, 1978.<\/a><\/p>\n<p><a href=\"http:\/\/absysnetweb.bbtk.ull.es\/cgi-bin\/abnetopac?ACC=DOSEARCH&amp;xsqf99=277740.titn.\" target=\"_blank\" rel=\"noopener\">Fotogrametr\u00eda moderna : anal\u00edtica y digital \/ Jos\u00e9 Luis Lerma Garc\u00eda. &#8212; Valencia : Editorial de la UPV, D.L. 2002.<\/a><\/p>\n<p><a href=\"http:\/\/absysnetweb.bbtk.ull.es\/cgi-bin\/abnetopac?ACC=DOSEARCH&amp;xsqf99=333288.titn.\" target=\"_blank\" rel=\"noopener\">Problemas de topograf\u00eda y fotogrametr\u00eda \/ Luis Ortiz Sanz, M\u00aa Luz Gil Docampo, M\u00aa Teresa Rego Sanmart\u00edn. &#8212; Madrid : Bellisco, 2003.<\/a><\/p>\n<p><a href=\"http:\/\/absysnetweb.bbtk.ull.es\/cgi-bin\/abnetopac?ACC=DOSEARCH&amp;xsqf99=340112.titn.\" target=\"_blank\" rel=\"noopener\">Topograf\u00eda y fotogrametr\u00eda en la pr\u00e1ctica moderna \/ por Carl-Olof Ternryd y Eliz Lundin ; traducido por Jaime Ruiz Carranza. &#8212; [8\u00aa imp.]. &#8212; M\u00e9xico [etc] : Compa\u00f1\u00eda Editorial Continental, 1985.<\/a><\/p>\n<p><a href=\"http:\/\/absysnetweb.bbtk.ull.es\/cgi-bin\/abnetopac?ACC=DOSEARCH&amp;xsqf99=394446.titn.\" target=\"_blank\" rel=\"noopener\">Fotogrametr\u00eda arquitect\u00f3nica \/ Felipe Buill, M. Amparo N\u00fa\u00f1ez, Juan J. Rodr\u00edguez. &#8212; Barcelona : Edicions de la Universitat Polit\u00e8cnica de Catalunya , 2007.<\/a><\/p>\n<p><a href=\"http:\/\/absysnetweb.bbtk.ull.es\/cgi-bin\/abnetopac?ACC=DOSEARCH&amp;xsqf99=407618.titn.\" target=\"_blank\" rel=\"noopener\">Ingenier\u00eda cartogr\u00e1fica, geod\u00e9sica y fotogrametr\u00eda : Colecci\u00f3n de ejercicios \/ Mario Ruiz Morales. &#8212; Granada : Universidad de Granada, 1994.<\/a><\/p>\n<p><a href=\"http:\/\/absysnetweb.bbtk.ull.es\/cgi-bin\/abnetopac?ACC=DOSEARCH&amp;xsqf99=462118.titn.\" target=\"_blank\" rel=\"noopener\">Fotogrametr\u00eda pr\u00e1ctica : tutorial photomodeler \/ [Jorge Tom\u00e1s Cueli L\u00f3pez]. &#8212; [Santander] : Tantin, 2011.<\/a><\/p>\n<p><a href=\"http:\/\/absysnetweb.bbtk.ull.es\/cgi-bin\/abnetopac?ACC=DOSEARCH&amp;xsqf99=479377.titn.\" target=\"_blank\" rel=\"noopener\">Ejercicios de geograf\u00eda matem\u00e1tica : astronom\u00eda, geodesia, cartograf\u00eda, fotogrametr\u00eda y topograf\u00eda \/ Carlos Le\u00f3n Robles, Juan F. Reinoso Gordo, Mario Ruiz Morales. &#8212; Granada : Universidad de Granada, 2011.<\/a><\/p>\n<h2><strong>ILUMINACI\u00d3N LUMINOTECNIA<\/strong><\/h2>\n<p><a href=\"http:\/\/absysnetweb.bbtk.ull.es\/cgi-bin\/abnetopac01?TITN=274259\" target=\"_blank\" rel=\"noopener\">Alumbrado con luz artificial \/ Francisco Labastida Azemar, Rafael Serra Florensa, Vicente Sifr\u00e9 Mart\u00ednez. &#8212; [1\u00aa ed., reimp.]. &#8212; Barcelona : Blume, 1975.<\/a><\/p>\n<p><a href=\"http:\/\/absysnetweb.bbtk.ull.es\/cgi-bin\/abnetopac01?TITN=64913\" target=\"_blank\" rel=\"noopener\">Luz, l\u00e1mparas y luminarias \/ Carlos Jim\u00e9nez. &#8212; Barcelona : CEAC, D.L. 1997.<\/a><\/p>\n<p><a href=\"http:\/\/absysnetweb.bbtk.ull.es\/cgi-bin\/abnetopac01?TITN=245884\" target=\"_blank\" rel=\"noopener\">Luz, l\u00e1mparas, luminarias y aplicaciones \/ Antonio Jos\u00e9 Negr\u00edn Cejas ; [Proyecto de Fin de Carrera de Licenciado de Radioelectr\u00f3nica de la Marina Civil dirigido por] Jos\u00e9 Fajardo.<\/a><\/p>\n<p><a href=\"http:\/\/absysnetweb.bbtk.ull.es\/cgi-bin\/abnetopac01?TITN=116666\" target=\"_blank\" rel=\"noopener\">Luz en la ciudad : cien a\u00f1os de electricidad en Santa Cruz de Tenerife \/ Antonio Salgado. &#8212; Santa Cruz de Tenerife : Ediciones Idea, 1997.<\/a><\/p>\n<p><a href=\"http:\/\/absysnetweb.bbtk.ull.es\/cgi-bin\/abnetopac01?TITN=137637\" target=\"_blank\" rel=\"noopener\">Alumbrado con luz artificial \/ Francisco Labastida Azemar, Rafael Serra Florensa, Vicente Sifr\u00e9 Mart\u00ednez ; publicaciones [promovida por] el Colegio Oficial de Arquitectos de Catalu\u00f1a y Baleares. &#8212; [1\u00aa ed.]. &#8212; Barcelona : Blume, 1970.<\/a><\/p>\n<h2><strong>FISIOLOG\u00cdA VEGETAL. FOTOS\u00cdNTESIS. FOTOBIOLOG\u00cdA<\/strong><\/h2>\n<p><a href=\"http:\/\/absysnetweb.bbtk.ull.es\/cgi-bin\/abnetopac01?TITN=307738\" target=\"_blank\" rel=\"noopener\">Luz y vida vegetal \/ Jean M. Whatley, F. R. Whatley. &#8212; Barcelona : Omega, 1983<\/a><\/p>\n<p><a href=\"http:\/\/absysnetweb.bbtk.ull.es\/cgi-bin\/abnetopac01?TITN=271912\" target=\"_blank\" rel=\"noopener\">Fitocromo, luz-sombra y productividad en plantas \/ Enrique L\u00f3pez Juez. &#8212; Madrid : Editorial de la Universidad Complutense, Servicio de Reprograf\u00eda , 1990.<\/a><\/p>\n<p><a href=\"http:\/\/absysnetweb.bbtk.ull.es\/cgi-bin\/abnetopac01?TITN=58858\" target=\"_blank\" rel=\"noopener\">Luz y materia viviente : gu\u00eda para el estudio de la fotobiolog\u00eda \/ Roderick K. Clayton. &#8212; Barcelona [etc.] : Revert\u00e9, 1974.<\/a><\/p>\n<h2><strong><span style=\"text-decoration: underline\">OTROS<\/span><\/strong><\/h2>\n<p><a href=\"http:\/\/absysnetweb.bbtk.ull.es\/cgi-bin\/abnetopac?ACC=DOSEARCH&amp;xsqf99=440200.titn.\" target=\"_blank\" rel=\"noopener\">Apaga la luz : el libro sobre el cambio clim\u00e1tico \/ Javier Mart\u00edn Vide, Jos\u00e9 Luis Gallego. &#8212; Barcelona : Davinci, D.L. 2009<\/a>.<\/p>\n<p><a href=\"http:\/\/absysnetweb.bbtk.ull.es\/cgi-bin\/abnetopac?ACC=DOSEARCH&amp;xsqf99=346794.titn.\" target=\"_blank\" rel=\"noopener\">Luz y color en el Puerto de la Cruz : [exposici\u00f3n celebrada en la] Sala de Arte Caja Canarias, Puerto de la Cruz, del 20 de diciembre de 2005 al 20 de enero de 2006 \/ [textos, Joaqu\u00edn Castro San Luis]. &#8212; [Santa Cruz de Tenerife] : Servicio de Publicaciones de la Caja General de Ahorros de Canarias, D.L. 2005<\/a>.<\/p>\n<p>&nbsp;<\/p>\n<p>&nbsp;<\/p>\n<p>&nbsp;<\/p>\n<p>&nbsp;<\/p>\n<p>&nbsp;<\/p>\n<p>[\/vc_column_text][\/vc_column][vc_column width=\u00bb1\/6&#8243;][\/vc_column][\/vc_row]<\/p>\n","protected":false},"excerpt":{"rendered":"<p>[vc_row full_width=\u00bbstretch_row_content\u00bb][vc_column width=\u00bb1\/6&#8243;][\/vc_column][vc_column width=\u00bb2\/3&#8243;][vc_column_text] Libros de divulgaci\u00f3n [\/vc_column_text][vc_column_text] LUZ \u2013 OBRAS DE DIVULGACI\u00d3N Las mol\u00e9culas : cuando la luz te ayuda a vibrar \/ Jos\u00e9 Vicente Garc\u00eda Ramos.. &#8212; [Madrid] : CSIC : Los Libros de la Catarata, D.L. 2014. Luz visible y luz invisible \/ Eduard R\u00fcchardt ; versi\u00f3n espa\u00f1ola de la 2\u00aa edici\u00f3n&#8230;<\/p>\n","protected":false},"author":14,"featured_media":205,"parent":0,"menu_order":0,"comment_status":"closed","ping_status":"open","template":"","meta":{"footnotes":""},"class_list":["post-84","page","type-page","status-publish","has-post-thumbnail","hentry"],"_links":{"self":[{"href":"https:\/\/www.ull.es\/eventos\/luz-conocimiento\/wp-json\/wp\/v2\/pages\/84"}],"collection":[{"href":"https:\/\/www.ull.es\/eventos\/luz-conocimiento\/wp-json\/wp\/v2\/pages"}],"about":[{"href":"https:\/\/www.ull.es\/eventos\/luz-conocimiento\/wp-json\/wp\/v2\/types\/page"}],"author":[{"embeddable":true,"href":"https:\/\/www.ull.es\/eventos\/luz-conocimiento\/wp-json\/wp\/v2\/users\/14"}],"replies":[{"embeddable":true,"href":"https:\/\/www.ull.es\/eventos\/luz-conocimiento\/wp-json\/wp\/v2\/comments?post=84"}],"version-history":[{"count":1,"href":"https:\/\/www.ull.es\/eventos\/luz-conocimiento\/wp-json\/wp\/v2\/pages\/84\/revisions"}],"predecessor-version":[{"id":467,"href":"https:\/\/www.ull.es\/eventos\/luz-conocimiento\/wp-json\/wp\/v2\/pages\/84\/revisions\/467"}],"wp:featuredmedia":[{"embeddable":true,"href":"https:\/\/www.ull.es\/eventos\/luz-conocimiento\/wp-json\/"}],"wp:attachment":[{"href":"https:\/\/www.ull.es\/eventos\/luz-conocimiento\/wp-json\/wp\/v2\/media?parent=84"}],"curies":[{"name":"wp","href":"https:\/\/api.w.org\/{rel}","templated":true}]}}