{"id":321,"date":"2020-06-04T10:49:06","date_gmt":"2020-06-04T10:49:06","guid":{"rendered":"http:\/\/www.ull.es\/eventos\/ods2020\/?page_id=321"},"modified":"2021-05-26T09:58:45","modified_gmt":"2021-05-26T09:58:45","slug":"enlaces-de-interes","status":"publish","type":"page","link":"https:\/\/www.ull.es\/eventos\/ods2020\/enlaces-de-interes\/","title":{"rendered":"Documentaci\u00f3n ODS 2020"},"content":{"rendered":"<p>[vc_row full_width=\u00bbstretch_row_content\u00bb][vc_column width=\u00bb1\/6&#8243;][\/vc_column][vc_column width=\u00bb2\/3&#8243;][vc_empty_space][vc_row_inner][vc_column_inner width=\u00bb1\/4&#8243;][vc_single_image image=\u00bb62&#8243; img_size=\u00bb\u00bb][\/vc_column_inner][vc_column_inner width=\u00bb3\/4&#8243;][vc_column_text]<\/p>\n<h3><a href=\"https:\/\/www.un.org\/sustainabledevelopment\/es\/oceans\/\" target=\"_blank\" rel=\"noopener\">OBJETIVO 14: VIDA SUBMARINA<\/a><\/h3>\n<p><b>Conservar y utilizar en forma sostenible los oc\u00e9anos, los mares y los recursos marinos para el desarrollo sostenible.<\/b>[\/vc_column_text][\/vc_column_inner][\/vc_row_inner][\/vc_column][vc_column width=\u00bb1\/6&#8243;][\/vc_column][\/vc_row][vc_row full_width=\u00bbstretch_row_content\u00bb][vc_column width=\u00bb1\/6&#8243;][\/vc_column][vc_column width=\u00bb2\/3&#8243;][vc_column_text]<\/p>\n<h5>CONTAMINACI\u00d3N MARINA<\/h5>\n<ul>\n<li style=\"font-weight: 400\"><span style=\"font-weight: 400\">Cole, M., Lindeque, P., Halsband, C. y Galloway, T.S. (2011). <\/span><a href=\"https:\/\/puntoq.ull.es\/permalink\/f\/1rcchus\/TN_elsevier_sdoi_10_1016_j_marpolbul_2011_09_025\" target=\"_blank\" rel=\"noopener\"><span style=\"font-weight: 400\">Microplastics as Contaminants in the Marine Environment: A Review.<\/span><\/a> <i><span style=\"font-weight: 400\">Marine Pollution Bulletin,<\/span><\/i><span style=\"font-weight: 400\"> 62 (12), 2588-2597.\u00a0<\/span><\/li>\n<li style=\"font-weight: 400\"><span style=\"font-weight: 400\">Doney, S. C., Fabry, V. J., Feely, R. A. y Kleypas, J. A. (2009). <\/span><a href=\"https:\/\/puntoq.ull.es\/permalink\/f\/1rcchus\/TN_medline21141034\" target=\"_blank\" rel=\"noopener\"><span style=\"font-weight: 400\">Ocean Acidification: The Other CO2 Problem<\/span><\/a><span style=\"font-weight: 400\">. <\/span><i><span style=\"font-weight: 400\">Annual Review of Marine Science<\/span><\/i><span style=\"font-weight: 400\">, 1, 169-192.\u00a0\u00a0<\/span><\/li>\n<li style=\"font-weight: 400\"><span style=\"font-weight: 400\">Ecolog\u00eda verde (2018). <\/span><a href=\"https:\/\/www.ecologiaverde.com\/contaminacion-marina-causas-y-consecuencias-1518.html\" target=\"_blank\" rel=\"noopener\"><i><span style=\"font-weight: 400\">Contaminaci\u00f3n marina. Causas y soluciones<\/span><\/i><\/a><span style=\"font-weight: 400\"> [archivo de v\u00eddeo].\u00a0<\/span><\/li>\n<li style=\"font-weight: 400\"><span style=\"font-weight: 400\">Escobar, Jairo (2002). <\/span><a href=\"https:\/\/puntoq.ull.es\/permalink\/f\/1rcchus\/TN_eclac11362\/6411\" target=\"_blank\" rel=\"noopener\"><i><span style=\"font-weight: 400\">La contaminaci\u00f3n de los R\u00edos y sus efectos en las \u00e1reas costeras y el mar<\/span><\/i><\/a><span style=\"font-weight: 400\">. [versi\u00f3n electr\u00f3nica]. Santiago de Chile: CEPAL-ECLAC. Divisi\u00f3n de Recursos Naturales e Infraestructura.\u00a0\u00a0<\/span><\/li>\n<li style=\"font-weight: 400\"><a href=\"https:\/\/www.boe.es\/doue\/2019\/155\/L00001-00019.pdf\" target=\"_blank\" rel=\"noopener\"><span style=\"font-weight: 400\">Directiva (UE) 2019\/904 del Parlamento Europeo y del Consejo, de 5 de junio de 2019, relativa a la reducci\u00f3n del impacto de determinados productos de pl\u00e1stico en el medio ambiente (Texto pertinente a efectos del EEE)<\/span><\/a><span style=\"font-weight: 400\"> (12 de junio de 2019). <\/span><i><span style=\"font-weight: 400\">Diario Oficial de la Uni\u00f3n Europea<\/span><\/i><span style=\"font-weight: 400\">, L155\/1-L155\/19.<\/span><\/li>\n<li style=\"font-weight: 400\"><a href=\"https:\/\/www.boe.es\/buscar\/doc.php?id=BOE-A-2013-408\" target=\"_blank\" rel=\"noopener\"><span style=\"font-weight: 400\">Real Decreto 1695\/2012, de 21 de diciembre, por el que se aprueba el Sistema Nacional de Respuesta ante la contaminaci\u00f3n marina<\/span><\/a><span style=\"font-weight: 400\"> (15 de enero de 2013). <\/span><i><span style=\"font-weight: 400\">BOE<\/span><\/i><span style=\"font-weight: 400\">, 13, 1793-1806.\u00a0<\/span><\/li>\n<li style=\"font-weight: 400\"><a href=\"https:\/\/gpmarinelitter.org\/\" target=\"_blank\" rel=\"noopener\"><span style=\"font-weight: 400\">Global Partnership on Marine Litter | GPML<\/span><\/a><span style=\"font-weight: 400\">. La Alianza Mundial sobre la Basura Marina es una asociaci\u00f3n cuyo objetivo es proteger el medio marino mundial, el bienestar humano y el bienestar de los animales, abordando para ello el problema mundial de los desechos marinos. Est\u00e1 dirigida por un Comit\u00e9 Directivo, y el Programa de las Naciones Unidas para el Medio Ambiente (PNUMA) presta servicios de secretar\u00eda.<\/span><\/li>\n<li style=\"font-weight: 400\"><a href=\"https:\/\/www.itopf.org\/\" target=\"_blank\" rel=\"noopener\"><span style=\"font-weight: 400\">International Tanker Owners Pollution Federation Limited (ITOPF).<\/span><\/a> <span style=\"font-weight: 400\">Es una organizaci\u00f3n sin fines de lucro cuyo objetivo es promover una respuesta efectiva a los derrames marinos de petr\u00f3leo, productos qu\u00edmicos y otras sustancias peligrosas.\u00a0<\/span><\/li>\n<li style=\"font-weight: 400\"><span style=\"font-weight: 400\">Kostka, J. E., Prakash, O., Overholt, W. A., Green, S. J., Freyer, G., Canion, A., Delgardio, J., Norton, N., Hazen, T. C., Huettel, M. (2011). <\/span><a href=\"https:\/\/puntoq.ull.es\/permalink\/f\/1rcchus\/TN_asm21948834\" target=\"_blank\" rel=\"noopener\"><span style=\"font-weight: 400\">Hydrocarbon-Degrading Bacteria and the Bacterial Community Response in Gulf of Mexico Beach Sands Impacted by the Deepwater Horizon Oil Spill<\/span><\/a><span style=\"font-weight: 400\">. <\/span><i><span style=\"font-weight: 400\">Applied and Environmental Microbiology, 77 (22)<\/span><\/i><span style=\"font-weight: 400\">, 7962-79674. <\/span><a href=\"https:\/\/puntoq.ull.es\/permalink\/f\/1rcchus\/TN_asm21948834\" target=\"_blank\" rel=\"noopener\"><span style=\"font-weight: 400\">\u00a0<\/span><\/a><\/li>\n<li style=\"font-weight: 400\"><span style=\"font-weight: 400\">Ministerio para la Transici\u00f3n Ecol\u00f3gica y el Reto Demogr\u00e1fico. <\/span><a href=\"https:\/\/www.miteco.gob.es\/es\/costas\/temas\/proteccion-medio-marino\/plan-ribera\/default.aspx\" target=\"_blank\" rel=\"noopener\"><i><span style=\"font-weight: 400\">Plan Estatal de Protecci\u00f3n de la Ribera del Mar contra la contaminaci\u00f3n (Plan Ribera).<\/span><\/i><span style=\"font-weight: 400\">\u00a0<\/span><\/a><\/li>\n<li style=\"font-weight: 400\"><span style=\"font-weight: 400\">Seo\u00e1nez Calvo, M. y Valera D\u00edaz, R. (2000). <\/span><a href=\"https:\/\/puntoq.ull.es\/permalink\/f\/9rmi09\/ullabsysULL00574883c-1\" target=\"_blank\" rel=\"noopener\"><i><span style=\"font-weight: 400\">Manual de contaminaci\u00f3n marina y restauraci\u00f3n del litoral: contaminaci\u00f3n, accidentes y cat\u00e1strofes, agresiones a las costas y soluciones: el turismo de costa, la pesca, la ordenaci\u00f3n y la gesti\u00f3n del litoral <\/span><\/i><\/a><span style=\"font-weight: 400\">[versi\u00f3n electr\u00f3nica]. Madrid: Mundi-Prensa.<\/span><\/li>\n<\/ul>\n<p>&nbsp;<\/p>\n<h5>VIDA BIODIVERSIDAD MARINA<\/h5>\n<ul>\n<li style=\"font-weight: 400\"><span style=\"font-weight: 400\">Organizaci\u00f3n de la Naciones Unidas. <\/span><a href=\"https:\/\/www.un.org\/sustainabledevelopment\/es\/oceans\/\" target=\"_blank\" rel=\"noopener\"><span style=\"font-weight: 400\">Objetivo 14: Conservar y utilizar en forma sostenible los oc\u00e9anos, los mares y los recursos marinos para el desarrollo sostenible. Vida submarina.<\/span><\/a><span style=\"font-weight: 400\">\u00a0<\/span><\/li>\n<li style=\"font-weight: 400\"><span style=\"font-weight: 400\">Organizaci\u00f3n de la Naciones Unidas. <\/span><a href=\"http:\/\/www.unoceans.org\/\" target=\"_blank\" rel=\"noopener\"><i><span style=\"font-weight: 400\">ONU-Oc\u00e9anos.<\/span><\/i><\/a><span style=\"font-weight: 400\">\u00a0<\/span><\/li>\n<li style=\"font-weight: 400\"><span style=\"font-weight: 400\">Cap\u00f3 Mart\u00ed, M. A. (2019) <\/span><a href=\"https:\/\/ebookcentral-proquest-com.accedys2.bbtk.ull.es\/lib\/bull-ebooks\/detail.action?docID=5809959&amp;query=Cap%C3%B3+Mart%C3%AD%2C+M.+A.++Eco%C3%A9tica%3A+un+nuevo+paradigma+para+proteger+los+ecosistemas\" target=\"_blank\" rel=\"noopener\"><i><span style=\"font-weight: 400\">Eco\u00e9tica: un nuevo paradigma para proteger los ecosistemas<\/span><\/i><\/a><span style=\"font-weight: 400\">. Madrid: T\u00e9bar Flores.<\/span><\/li>\n<li style=\"font-weight: 400\"><span style=\"font-weight: 400\">Colmenero Gin\u00e9s, A. I. (2017). <\/span><a href=\"https:\/\/www.tdx.cat\/handle\/10803\/462032#page=1\" target=\"_blank\" rel=\"noopener\"><i><span style=\"font-weight: 400\">Towards biological and ecological knowledge of Lophius spp. in the NW Mediterranean Sea for a sustainable fishery.<\/span><\/i> <\/a><span style=\"font-weight: 400\">Barcelona: Universitat de Barcelona.<\/span><\/li>\n<li style=\"font-weight: 400\"><span style=\"font-weight: 400\">Fuentes Gas\u00f3, J. R. (2017). <\/span><a href=\"https:\/\/www.raco.cat\/index.php\/rcda\/article\/view\/329878\" target=\"_blank\" rel=\"noopener\"><span style=\"font-weight: 400\">Avances en la protecci\u00f3n y conservaci\u00f3n del medio marino espa\u00f1ol: el nuevo marco para la ordenaci\u00f3n del espacio mar\u00edtimo<\/span><\/a><span style=\"font-weight: 400\">. <\/span><i><span style=\"font-weight: 400\">Revista Catalana de Dret Ambiental<\/span><\/i><span style=\"font-weight: 400\">, 8 (1).\u00a0<\/span><\/li>\n<li style=\"font-weight: 400\"><span style=\"font-weight: 400\">G\u00f3mez Ponce, M. C. (2017). <\/span><a href=\"https:\/\/idus.us.es\/handle\/11441\/34714\" target=\"_blank\" rel=\"noopener\"><i><span style=\"font-weight: 400\">Arrecifes Coralinos: biogeomorfolog\u00eda y Aplicaciones Cartogr\u00e1ficas para la Ordenaci\u00f3n de Recursos Naturales<\/span><\/i><\/a><span style=\"font-weight: 400\">. Sevilla: Universidad de Sevilla.<\/span><\/li>\n<li style=\"font-weight: 400\"><span style=\"font-weight: 400\">Harden-Davies, H , Snelgrove, P. (2020). <\/span><a href=\"https:\/\/apps-webofknowledge-com.accedys2.bbtk.ull.es\/full_record.do?product=WOS&amp;search_mode=GeneralSearch&amp;qid=3&amp;SID=D5POIudGmJei6Cl3hSb&amp;page=1&amp;doc=4\" target=\"_blank\" rel=\"noopener\"><span style=\"font-weight: 400\">Science Collaboration for Capacity Building: Advancing Technology Transfer Through a Treaty for Biodiversity Beyond National Jurisdiction<\/span><\/a><span style=\"font-weight: 400\">.<\/span><i><span style=\"font-weight: 400\"> Frontiers in Marines Science<\/span><\/i><span style=\"font-weight: 400\"> , 20.<\/span><\/li>\n<\/ul>\n<ul>\n<li style=\"font-weight: 400\"><span style=\"font-weight: 400\">JoVE Science Education Database. (2020).<\/span><a href=\"https:\/\/www.jove.com\/10023\" target=\"_blank\" rel=\"noopener\"> <i><span style=\"font-weight: 400\">Environmental Science. Nutrients in Aquatic Ecosystems<\/span><\/i><span style=\"font-weight: 400\">. [Archivo de v\u00eddeo<\/span><\/a><span style=\"font-weight: 400\">].\u00a0<\/span><\/li>\n<\/ul>\n<p>[\/vc_column_text][\/vc_column][vc_column width=\u00bb1\/6&#8243;][\/vc_column][\/vc_row][vc_row full_width=\u00bbstretch_row_content\u00bb][vc_column width=\u00bb1\/6&#8243;][\/vc_column][vc_column width=\u00bb2\/3&#8243;][vc_empty_space height=\u00bb64px\u00bb][vc_row_inner][vc_column_inner width=\u00bb1\/4&#8243;][vc_single_image image=\u00bb61&#8243; img_size=\u00bb\u00bb][\/vc_column_inner][vc_column_inner width=\u00bb3\/4&#8243;][vc_column_text]<\/p>\n<h3><a href=\"https:\/\/www.un.org\/sustainabledevelopment\/es\/biodiversity\/\" target=\"_blank\" rel=\"noopener\">OBJETIVO 15: VIDA DE ECOSISTEMAS TERRESTRES<\/a><\/h3>\n<p><b>Gestionar sosteniblemente los bosques, luchar contra la desertificaci\u00f3n, detener e invertir la degradaci\u00f3n de las tierras y detener la p\u00e9rdida de biodiversidad.<\/b>[\/vc_column_text][\/vc_column_inner][\/vc_row_inner][\/vc_column][vc_column width=\u00bb1\/6&#8243;][\/vc_column][\/vc_row][vc_row full_width=\u00bbstretch_row_content\u00bb][vc_column width=\u00bb1\/6&#8243;][\/vc_column][vc_column width=\u00bb2\/3&#8243;][vc_column_text]<\/p>\n<ul>\n<li style=\"font-weight: 400\"><span style=\"font-weight: 400\">Lebuhn, G., Droege, S., Connor, E. F., Gemmill\u2010Herren, B., Potts, S. G., Minckley, R.L., &#8230;Parker, F. (2013). <\/span><a href=\"https:\/\/puntoq.ull.es\/permalink\/f\/1rcchus\/TN_wj10.1111\/j.1523-1739.2012.01962.x\" target=\"_blank\" rel=\"noopener\"><span style=\"font-weight: 400\">Detecting Insect Pollinator Declines on Regional and Global Scales. <\/span><\/a><i><span style=\"font-weight: 400\">Conservation Biology<\/span><\/i><span style=\"font-weight: 400\">, 27 (1), 113-120.<\/span><\/li>\n<li style=\"font-weight: 400\"><span style=\"font-weight: 400\">Ochoa Hueso, R. (2017). <\/span><a href=\"https:\/\/puntoq.ull.es\/permalink\/f\/1rcchus\/TN_dialnetART0001181475\" target=\"_blank\" rel=\"noopener\"><span style=\"font-weight: 400\">Consecuencias de la deposici\u00f3n de nitr\u00f3geno sobre la biodiversidad y el funcionamiento de los ecosistemas terrestres : una aproximaci\u00f3n general desde la ecolog\u00eda de ecosistemas<\/span><\/a><span style=\"font-weight: 400\">. <\/span><i><span style=\"font-weight: 400\">Ecosistemas: Revista cient\u00edfica y t\u00e9cnica de ecolog\u00eda y medio ambiente<\/span><\/i><span style=\"font-weight: 400\">. 26 (1), 25-36<\/span><\/li>\n<li style=\"font-weight: 400\"><span style=\"font-weight: 400\">Burbano Orjuela, H. (2014). <\/span><a href=\"https:\/\/puntoq-ull-es.accedys2.bbtk.ull.es\/primo-explore\/fulldisplay?docid=TN_doaj_soai_doaj_org_article_40422e4ce8c4487d9155203f30b9b751&amp;context=PC&amp;vid=ull&amp;lang=es_ES&amp;search_scope=ull_recursos&amp;adaptor=primo_central_multiple_fe&amp;tab=default_tab&amp;query=any,contains,degradacion%20del%20suelo&amp;offset=0\" target=\"_blank\" rel=\"noopener\"><span style=\"font-weight: 400\">La sociedad depende del todo y las partes: Naturaleza y suelo<\/span><\/a><span style=\"font-weight: 400\">. <\/span><i><span style=\"font-weight: 400\">Tendencias<\/span><\/i><span style=\"font-weight: 400\">. 14 (2), 9-22.<\/span><\/li>\n<li style=\"font-weight: 400\"><span style=\"font-weight: 400\">Mart\u00ednez de Anguita d\u2019Huart, P. (2006). <\/span><a href=\"https:\/\/puntoq.ull.es\/permalink\/f\/1rcchus\/TN_dawson9788448174064\" target=\"_blank\" rel=\"noopener\"><i><span style=\"font-weight: 400\">Desarrollo rural sostenible<\/span><\/i><\/a><span style=\"font-weight: 400\"> [versi\u00f3n electr\u00f3nica]. Madrid: McGraw-Hill.<\/span><\/li>\n<li style=\"font-weight: 400\"><span style=\"font-weight: 400\">Santamarta Cerezal, J. C., Naranjo Borges, J. (2013). <\/span><a href=\"http:\/\/oa.upm.es\/19968\/1\/Libro_digital_FORESTALES.pdf\" target=\"_blank\" rel=\"noopener\"><i><span style=\"font-weight: 400\">Ingenier\u00eda forestal y ambiental en medios insulares: t\u00e9cnicas y experiencias en las Islas Canarias<\/span><\/i><\/a><span style=\"font-weight: 400\"> [versi\u00f3n electr\u00f3nica].<\/span><\/li>\n<li style=\"font-weight: 400\"><span style=\"font-weight: 400\">Santamarta Cerezal, J. C., Naranjo Borges, J. (2015). <\/span><a href=\"https:\/\/puntoq.ull.es\/permalink\/f\/6auhvr\/ullabsysULL00580506c-1\" target=\"_blank\" rel=\"noopener\"><i><span style=\"font-weight: 400\">Restauraci\u00f3n de la cubierta vegetal y de espacios degradados en la regi\u00f3n de la Macaronesia<\/span><\/i><\/a><span style=\"font-weight: 400\"> [versi\u00f3n electr\u00f3nica].<\/span><\/li>\n<li style=\"font-weight: 400\"><span style=\"font-weight: 400\">Winfree, R., Reilly, J. R., Bartomeus, I., Cariveau, D. P., Williams, N. M. y Gibbs, J. (2018). <\/span><a href=\"https:\/\/puntoq.ull.es\/permalink\/f\/1rcchus\/TN_medline29449491\" target=\"_blank\" rel=\"noopener\"><span style=\"font-weight: 400\">Species turnover promotes the importance of bee diversity for crop pollination at regional scales<\/span><\/a><span style=\"font-weight: 400\">. <\/span><i><span style=\"font-weight: 400\">Science<\/span><\/i><span style=\"font-weight: 400\">. 359\u00a0 (6377), 791-793.<\/span><\/li>\n<li style=\"font-weight: 400\"><span style=\"font-weight: 400\">Tiba, S., van Rijnsoever, F. y Hekkert, M. P. (2020). <\/span><a href=\"https:\/\/puntoq.ull.es\/permalink\/f\/1rcchus\/TN_narcisuu:oai:dspace.library.uu.nl:1874\/396039\" target=\"_blank\" rel=\"noopener\"><span style=\"font-weight: 400\">The lighthouse effect: How successful entrepreneurs influence the sustainability-orientation of entrepreneurial ecosystems<\/span><\/a><span style=\"font-weight: 400\">. <\/span><i><span style=\"font-weight: 400\">Journal of Cleaner Production<\/span><\/i><span style=\"font-weight: 400\">, 264.<\/span><\/li>\n<li style=\"font-weight: 400\"><span style=\"font-weight: 400\">Gonz\u00e1lez Su\u00e1rez, M. (2014). <\/span><a href=\"https:\/\/puntoq.ull.es\/permalink\/f\/1rcchus\/TN_dialnetART0000722471\" target=\"_blank\" rel=\"noopener\"><span style=\"font-weight: 400\">\u00bfEs relevante la ecolog\u00eda del comportamiento para entender y predecir la din\u00e1mica de las poblaciones?<\/span><\/a> <i><span style=\"font-weight: 400\">Ecosistemas: Revista cient\u00edfica y t\u00e9cnica de ecolog\u00eda y medio ambiente<\/span><\/i><span style=\"font-weight: 400\">, 23 (3), 93-97.<\/span><\/li>\n<li style=\"font-weight: 400\"><span style=\"font-weight: 400\">Armenteras, D., Gonz\u00e1lez, T. M.,Vergara, L<\/span><a href=\"https:\/\/puntoq.ull.es\/permalink\/f\/1rcchus\/TN_dialnetART0000951360\" target=\"_blank\" rel=\"noopener\"><span style=\"font-weight: 400\">. K., Luque del Villar, F. J., Rodr\u00edguez, N. y Argenis Bonilla, M. (2016). Revisi\u00f3n del concepto de ecosistema como \u201cunidad de la naturaleza\u201d 80 a\u00f1os despu\u00e9s de su formulaci\u00f3n<\/span><\/a><span style=\"font-weight: 400\">.\u00a0 <\/span><i><span style=\"font-weight: 400\">Ecosistemas: Revista cient\u00edfica y t\u00e9cnica de ecolog\u00eda y medio ambiente<\/span><\/i><span style=\"font-weight: 400\">, 25 (1), 83-89.<\/span><\/li>\n<li style=\"font-weight: 400\"><a href=\"https:\/\/puntoq.ull.es\/permalink\/f\/6auhvr\/ullsfx954925579090\" target=\"_blank\" rel=\"noopener\"><i><span style=\"font-weight: 400\">Biodiversity and Conservation<\/span><\/i><\/a><span style=\"font-weight: 400\">. Netherlands: Springer.<\/span><\/li>\n<li style=\"font-weight: 400\"><span style=\"font-weight: 400\">Phalan, B., Onial, M., Balmford, A. y Green, R. E. (2011). <\/span><a href=\"https:\/\/puntoq.ull.es\/permalink\/f\/1rcchus\/TN_medline21885781\" target=\"_blank\" rel=\"noopener\"><span style=\"font-weight: 400\">Reconciling food production and biodiversity conservation: land sharing and land sparing compared.<\/span><\/a> <i><span style=\"font-weight: 400\">Science<\/span><\/i><span style=\"font-weight: 400\">, 333 (6047), 1289-1291<\/span><\/li>\n<\/ul>\n<p>[\/vc_column_text][\/vc_column][vc_column width=\u00bb1\/6&#8243;][\/vc_column][\/vc_row]<\/p>\n","protected":false},"excerpt":{"rendered":"<p>[vc_row full_width=\u00bbstretch_row_content\u00bb][vc_column width=\u00bb1\/6&#8243;][\/vc_column][vc_column width=\u00bb2\/3&#8243;][vc_empty_space][vc_row_inner][vc_column_inner width=\u00bb1\/4&#8243;][vc_single_image image=\u00bb62&#8243; img_size=\u00bb\u00bb][\/vc_column_inner][vc_column_inner width=\u00bb3\/4&#8243;][vc_column_text] OBJETIVO 14: VIDA SUBMARINA Conservar y utilizar en forma sostenible los oc\u00e9anos, los mares y los recursos marinos para el desarrollo sostenible.[\/vc_column_text][\/vc_column_inner][\/vc_row_inner][\/vc_column][vc_column width=\u00bb1\/6&#8243;][\/vc_column][\/vc_row][vc_row full_width=\u00bbstretch_row_content\u00bb][vc_column width=\u00bb1\/6&#8243;][\/vc_column][vc_column width=\u00bb2\/3&#8243;][vc_column_text] CONTAMINACI\u00d3N MARINA Cole, M., Lindeque, P., Halsband, C. y Galloway, T.S. (2011). Microplastics as Contaminants in the Marine Environment: A Review&#8230;.<\/p>\n","protected":false},"author":14,"featured_media":0,"parent":0,"menu_order":0,"comment_status":"closed","ping_status":"closed","template":"","meta":{"footnotes":""},"class_list":["post-321","page","type-page","status-publish","hentry"],"_links":{"self":[{"href":"https:\/\/www.ull.es\/eventos\/ods2020\/wp-json\/wp\/v2\/pages\/321"}],"collection":[{"href":"https:\/\/www.ull.es\/eventos\/ods2020\/wp-json\/wp\/v2\/pages"}],"about":[{"href":"https:\/\/www.ull.es\/eventos\/ods2020\/wp-json\/wp\/v2\/types\/page"}],"author":[{"embeddable":true,"href":"https:\/\/www.ull.es\/eventos\/ods2020\/wp-json\/wp\/v2\/users\/14"}],"replies":[{"embeddable":true,"href":"https:\/\/www.ull.es\/eventos\/ods2020\/wp-json\/wp\/v2\/comments?post=321"}],"version-history":[{"count":10,"href":"https:\/\/www.ull.es\/eventos\/ods2020\/wp-json\/wp\/v2\/pages\/321\/revisions"}],"predecessor-version":[{"id":325,"href":"https:\/\/www.ull.es\/eventos\/ods2020\/wp-json\/wp\/v2\/pages\/321\/revisions\/325"}],"wp:attachment":[{"href":"https:\/\/www.ull.es\/eventos\/ods2020\/wp-json\/wp\/v2\/media?parent=321"}],"curies":[{"name":"wp","href":"https:\/\/api.w.org\/{rel}","templated":true}]}}