{"id":47,"date":"2020-06-01T09:19:28","date_gmt":"2020-06-01T09:19:28","guid":{"rendered":"http:\/\/www.ull.es\/eventos\/ods2020\/?page_id=47"},"modified":"2021-05-27T07:34:14","modified_gmt":"2021-05-27T07:34:14","slug":"ull-con-los-ods","status":"publish","type":"page","link":"https:\/\/www.ull.es\/eventos\/ods2020\/","title":{"rendered":"La ULL con los ODS"},"content":{"rendered":"<p>[vc_row full_width=\u00bbstretch_row_content_no_spaces\u00bb][vc_column][rev_slider_vc alias=\u00bbportada_2020&#8243;][\/vc_column][\/vc_row][vc_row full_width=\u00bbstretch_row_content\u00bb][vc_column width=\u00bb1\/6&#8243;][\/vc_column][vc_column width=\u00bb2\/3&#8243;][vc_column_text]<\/p>\n<h1>La Universidad de La Laguna con los Objetivos de Desarrollo Sostenible (ODS)<\/h1>\n<p>[\/vc_column_text][vc_column_text]<span style=\"font-weight: 400\">Nuestro planeta es el hogar de una gran diversidad de seres vivos. Un oasis en medio del universo donde conviven multitud de ecosistemas en un delicado equilibrio. Nuestra vida tal y como la conocemos depende de que seamos capaces de protegerlo.<\/span><\/p>\n<p><span style=\"font-weight: 400\">En septiembre de 2015, los l\u00edderes mundiales marcaron las metas espec\u00edficas para alcanzar los Objetivos del Desarrollo Sostenible (ODS) y construir un futuro com\u00fan. Las fechas l\u00edmite se fijaban en 2020 y 2030 y, aunque hoy en d\u00eda queda mucho por hacer, alcanzar las metas solo depende de nosotros.\u00a0<\/span><\/p>\n<p><span style=\"font-weight: 400\">Esta exposici\u00f3n ofrece un viaje a trav\u00e9s del planeta Tierra y sus habitantes. Vivir de forma sostenible, respetando los sistemas bi\u00f3ticos y abi\u00f3ticos, nos permitir\u00e1 construir el planeta que queremos.<\/span>[\/vc_column_text][\/vc_column][vc_column width=\u00bb1\/6&#8243;][\/vc_column][\/vc_row][vc_row full_width=\u00bbstretch_row_content\u00bb][vc_column width=\u00bb1\/6&#8243;][\/vc_column][vc_column width=\u00bb2\/3&#8243;][vc_empty_space][vc_single_image image=\u00bb349&#8243; img_size=\u00bbfull\u00bb alignment=\u00bbcenter\u00bb][\/vc_column][vc_column width=\u00bb1\/6&#8243;][\/vc_column][\/vc_row]<\/p>\n","protected":false},"excerpt":{"rendered":"<p>[vc_row full_width=\u00bbstretch_row_content_no_spaces\u00bb][vc_column][rev_slider_vc alias=\u00bbportada_2020&#8243;][\/vc_column][\/vc_row][vc_row full_width=\u00bbstretch_row_content\u00bb][vc_column width=\u00bb1\/6&#8243;][\/vc_column][vc_column width=\u00bb2\/3&#8243;][vc_column_text] La Universidad de La Laguna con los Objetivos de Desarrollo Sostenible (ODS) [\/vc_column_text][vc_column_text]Nuestro planeta es el hogar de una gran diversidad de seres vivos. Un oasis en medio del universo donde conviven multitud de ecosistemas en un delicado equilibrio. Nuestra vida tal y como la conocemos depende de que&#8230;<\/p>\n","protected":false},"author":14,"featured_media":0,"parent":0,"menu_order":0,"comment_status":"closed","ping_status":"closed","template":"templates\/template-frontpage.php","meta":{"footnotes":""},"class_list":["post-47","page","type-page","status-publish","hentry"],"_links":{"self":[{"href":"https:\/\/www.ull.es\/eventos\/ods2020\/wp-json\/wp\/v2\/pages\/47"}],"collection":[{"href":"https:\/\/www.ull.es\/eventos\/ods2020\/wp-json\/wp\/v2\/pages"}],"about":[{"href":"https:\/\/www.ull.es\/eventos\/ods2020\/wp-json\/wp\/v2\/types\/page"}],"author":[{"embeddable":true,"href":"https:\/\/www.ull.es\/eventos\/ods2020\/wp-json\/wp\/v2\/users\/14"}],"replies":[{"embeddable":true,"href":"https:\/\/www.ull.es\/eventos\/ods2020\/wp-json\/wp\/v2\/comments?post=47"}],"version-history":[{"count":29,"href":"https:\/\/www.ull.es\/eventos\/ods2020\/wp-json\/wp\/v2\/pages\/47\/revisions"}],"predecessor-version":[{"id":683,"href":"https:\/\/www.ull.es\/eventos\/ods2020\/wp-json\/wp\/v2\/pages\/47\/revisions\/683"}],"wp:attachment":[{"href":"https:\/\/www.ull.es\/eventos\/ods2020\/wp-json\/wp\/v2\/media?parent=47"}],"curies":[{"name":"wp","href":"https:\/\/api.w.org\/{rel}","templated":true}]}}