{"id":56,"date":"2020-06-01T09:37:32","date_gmt":"2020-06-01T09:37:32","guid":{"rendered":"http:\/\/www.ull.es\/eventos\/ods2020\/?page_id=56"},"modified":"2021-06-07T09:35:17","modified_gmt":"2021-06-07T09:35:17","slug":"56-2","status":"publish","type":"page","link":"https:\/\/www.ull.es\/eventos\/ods2021\/56-2\/","title":{"rendered":"Cr\u00e9ditos"},"content":{"rendered":"<p>[vc_row full_width=\u00bbstretch_row_content\u00bb][vc_column width=\u00bb1\/6&#8243;][\/vc_column][vc_column width=\u00bb2\/3&#8243;][vc_column_text]<\/p>\n<h2><span style=\"font-weight: 400\">Equipo organizador<\/span><b>\u00a0<\/b><\/h2>\n<p><span style=\"font-weight: 400\"><strong>Cintia Hern\u00e1ndez S\u00e1nchez<\/strong><br \/>\n<\/span><span style=\"font-weight: 400\">Profesora del \u00c1rea de Medicina Preventiva y Salud P\u00fablica<\/span><\/p>\n<p><strong>Sara Gonz\u00e1lez P\u00e9rez<\/strong><span style=\"font-weight: 400\"><br \/>\n<\/span><span style=\"font-weight: 400\">Profesora del Departamento de Ingenier\u00eda Industrial<\/span><\/p>\n<p><span style=\"font-weight: 400\"><strong>Javier Hern\u00e1ndez Borges<\/strong><br \/>\n<\/span><span style=\"font-weight: 400\">Profesor del Departamento de Qu\u00edmica<\/span><\/p>\n<p><strong>Javier Gonz\u00e1lez S\u00e1lamo<br \/>\n<\/strong><span style=\"font-weight: 400\">Investigador del Programa Agust\u00edn de Betancourt, Departamento de Qu\u00edmica<\/span><\/p>\n<hr \/>\n<h2><span style=\"font-weight: 400\">Fotograf\u00edas<\/span><\/h2>\n<p><span style=\"font-weight: 400\">Jos\u00e9 El\u00edas Conde<br \/>\n<\/span><span style=\"font-weight: 400\">Carlos Mallo Molina<br \/>\n<\/span><span style=\"font-weight: 400\">Liam McGuire<br \/>\n<\/span><span style=\"font-weight: 400\">Isabelle Peeters<br \/>\n<\/span><span style=\"font-weight: 400\">Alicia Rodr\u00edguez Junc\u00e1<br \/>\n<\/span><span style=\"font-weight: 400\">Julia Zafra<\/span><\/p>\n<hr \/>\n<h2><span style=\"font-weight: 400\">Colaboran<\/span><\/h2>\n<p><strong>ONG INNOCEANA<\/strong>[\/vc_column_text][vc_empty_space][vc_row_inner][vc_column_inner width=\u00bb1\/5&#8243;][vc_single_image image=\u00bb829&#8243; img_size=\u00bb200px\u00bb alignment=\u00bbcenter\u00bb][vc_column_text]<\/p>\n<p style=\"text-align: center\">Alicia Rodr\u00edguez Junc\u00e1<\/p>\n<p>[\/vc_column_text][\/vc_column_inner][vc_column_inner width=\u00bb1\/5&#8243;][vc_single_image image=\u00bb830&#8243; img_size=\u00bb200px\u00bb alignment=\u00bbcenter\u00bb][vc_column_text]<\/p>\n<p style=\"text-align: center\">Carlos Mallo Molina<\/p>\n<p>[\/vc_column_text][\/vc_column_inner][vc_column_inner width=\u00bb1\/5&#8243;][vc_single_image image=\u00bb831&#8243; img_size=\u00bb200px\u00bb alignment=\u00bbcenter\u00bb][vc_column_text]<\/p>\n<p style=\"text-align: center\">Isa Peeters<\/p>\n<p>[\/vc_column_text][\/vc_column_inner][vc_column_inner width=\u00bb1\/5&#8243;][vc_single_image image=\u00bb832&#8243; img_size=\u00bb200px\u00bb alignment=\u00bbcenter\u00bb][vc_column_text]<\/p>\n<p style=\"text-align: center\">Julia Zafra<\/p>\n<p>[\/vc_column_text][\/vc_column_inner][vc_column_inner width=\u00bb1\/5&#8243;][vc_single_image image=\u00bb833&#8243; img_size=\u00bb200px\u00bb alignment=\u00bbcenter\u00bb][vc_column_text]<\/p>\n<p style=\"text-align: center\">Liam McGuire<\/p>\n<p>[\/vc_column_text][\/vc_column_inner][\/vc_row_inner][vc_row_inner][vc_column_inner width=\u00bb1\/5&#8243;][\/vc_column_inner][vc_column_inner width=\u00bb1\/5&#8243;][\/vc_column_inner][vc_column_inner width=\u00bb1\/5&#8243;][vc_single_image image=\u00bb64&#8243; img_size=\u00bb200px\u00bb alignment=\u00bbcenter\u00bb][\/vc_column_inner][vc_column_inner width=\u00bb1\/5&#8243;][\/vc_column_inner][vc_column_inner width=\u00bb1\/5&#8243;][\/vc_column_inner][\/vc_row_inner][vc_separator][vc_empty_space][vc_column_text]<strong>BIBLIOTECA DE LA UNIVERSIDAD DE LA LAGUNA<\/strong><\/p>\n<h4><span style=\"font-weight: 400\"><strong>Documentaci\u00f3n<\/strong><br \/>\n<\/span><span style=\"font-weight: 400\">Isabel Mar\u00eda Exp\u00f3sito Pestano<br \/>\nDelfina Galv\u00e1n Alonso<br \/>\n<\/span><span style=\"font-weight: 400\">Concepci\u00f3n Gonz\u00e1lez Gil<br \/>\n<\/span><span style=\"font-weight: 400\">M\u00aaJes\u00fas Moreno Lorenzo<\/span><\/h4>\n<h4><strong>Maquetaci\u00f3n y dise\u00f1o<br \/>\n<\/strong><span style=\"font-weight: 400\">Ismael Garc\u00eda<\/span><\/h4>\n<h4><strong>Coordinaci\u00f3n<br \/>\n<\/strong><span style=\"font-weight: 400\">Liti Garc\u00eda-Ramos Medina<br \/>\n<\/span><span style=\"font-weight: 400\">F\u00e1tima Sainz Sainz<\/span><\/h4>\n<p>[\/vc_column_text][vc_separator][vc_empty_space][vc_row_inner][vc_column_inner width=\u00bb1\/4&#8243;][vc_single_image image=\u00bb65&#8243; alignment=\u00bbcenter\u00bb][\/vc_column_inner][vc_column_inner width=\u00bb1\/4&#8243;][vc_single_image image=\u00bb63&#8243; img_size=\u00bb\u00bb alignment=\u00bbcenter\u00bb][\/vc_column_inner][vc_column_inner width=\u00bb1\/4&#8243;][vc_single_image image=\u00bb897&#8243; img_size=\u00bb\u00bb alignment=\u00bbcenter\u00bb][\/vc_column_inner][vc_column_inner width=\u00bb1\/4&#8243;][vc_single_image image=\u00bb907&#8243; alignment=\u00bbcenter\u00bb][\/vc_column_inner][\/vc_row_inner][vc_separator][vc_empty_space][vc_row_inner][vc_column_inner width=\u00bb1\/3&#8243;][\/vc_column_inner][vc_column_inner width=\u00bb1\/3&#8243;][vc_single_image image=\u00bb913&#8243; img_size=\u00bb\u00bb alignment=\u00bbcenter\u00bb onclick=\u00bbcustom_link\u00bb img_link_target=\u00bb_blank\u00bb link=\u00bbhttps:\/\/www.ull.es\/servicios\/biblioteca\/\u00bb][\/vc_column_inner][vc_column_inner width=\u00bb1\/3&#8243;][\/vc_column_inner][\/vc_row_inner][\/vc_column][vc_column width=\u00bb1\/6&#8243;][\/vc_column][\/vc_row]<\/p>\n","protected":false},"excerpt":{"rendered":"<p>[vc_row full_width=\u00bbstretch_row_content\u00bb][vc_column width=\u00bb1\/6&#8243;][\/vc_column][vc_column width=\u00bb2\/3&#8243;][vc_column_text] Equipo organizador\u00a0 Cintia Hern\u00e1ndez S\u00e1nchez Profesora del \u00c1rea de Medicina Preventiva y Salud P\u00fablica Sara Gonz\u00e1lez P\u00e9rez Profesora del Departamento de Ingenier\u00eda Industrial Javier Hern\u00e1ndez Borges Profesor del Departamento de Qu\u00edmica Javier Gonz\u00e1lez S\u00e1lamo Investigador del Programa Agust\u00edn de Betancourt, Departamento de Qu\u00edmica Fotograf\u00edas Jos\u00e9 El\u00edas Conde Carlos Mallo Molina Liam&#8230;<\/p>\n","protected":false},"author":14,"featured_media":0,"parent":0,"menu_order":0,"comment_status":"closed","ping_status":"closed","template":"templates\/template-no-title.php","meta":{"footnotes":""},"class_list":["post-56","page","type-page","status-publish","hentry"],"_links":{"self":[{"href":"https:\/\/www.ull.es\/eventos\/ods2021\/wp-json\/wp\/v2\/pages\/56"}],"collection":[{"href":"https:\/\/www.ull.es\/eventos\/ods2021\/wp-json\/wp\/v2\/pages"}],"about":[{"href":"https:\/\/www.ull.es\/eventos\/ods2021\/wp-json\/wp\/v2\/types\/page"}],"author":[{"embeddable":true,"href":"https:\/\/www.ull.es\/eventos\/ods2021\/wp-json\/wp\/v2\/users\/14"}],"replies":[{"embeddable":true,"href":"https:\/\/www.ull.es\/eventos\/ods2021\/wp-json\/wp\/v2\/comments?post=56"}],"version-history":[{"count":21,"href":"https:\/\/www.ull.es\/eventos\/ods2021\/wp-json\/wp\/v2\/pages\/56\/revisions"}],"predecessor-version":[{"id":924,"href":"https:\/\/www.ull.es\/eventos\/ods2021\/wp-json\/wp\/v2\/pages\/56\/revisions\/924"}],"wp:attachment":[{"href":"https:\/\/www.ull.es\/eventos\/ods2021\/wp-json\/wp\/v2\/media?parent=56"}],"curies":[{"name":"wp","href":"https:\/\/api.w.org\/{rel}","templated":true}]}}