{"id":822,"date":"2021-05-27T08:20:20","date_gmt":"2021-05-27T08:20:20","guid":{"rendered":"https:\/\/www.ull.es\/eventos\/ods2021\/?page_id=822"},"modified":"2021-06-03T13:39:54","modified_gmt":"2021-06-03T13:39:54","slug":"822-2","status":"publish","type":"page","link":"https:\/\/www.ull.es\/eventos\/ods2021\/822-2\/","title":{"rendered":"Documentaci\u00f3n"},"content":{"rendered":"<p>[vc_row][vc_column width=\u00bb1\/6&#8243;][\/vc_column][vc_column width=\u00bb2\/3&#8243;][vc_column_text]<\/p>\n<h2>Documentaci\u00f3n<\/h2>\n<p>[\/vc_column_text][\/vc_column][vc_column width=\u00bb1\/6&#8243;][\/vc_column][\/vc_row][vc_row][vc_column width=\u00bb1\/6&#8243;][vc_empty_space height=\u00bb36px\u00bb][vc_single_image image=\u00bb62&#8243; img_size=\u00bbfull\u00bb][\/vc_column][vc_column width=\u00bb2\/3&#8243;][vc_tta_accordion style=\u00bbmodern\u00bb color=\u00bbpeacoc\u00bb active_section=\u00bb\u00bb no_fill=\u00bbtrue\u00bb collapsible_all=\u00bbtrue\u00bb][vc_tta_section title=\u00bbVIDA SUBMARINA Y CONTAMINACI\u00d3N\u00bb tab_id=\u00bb1622193321879-f13ee72e-e933&#8243;][vc_column_text]<\/p>\n<ul>\n<li style=\"font-weight: 400\"><span style=\"font-weight: 400\">AChem ULL Research Group. (5 abril, 2021). <\/span><i><span style=\"font-weight: 400\">Presentaci\u00f3n del Proyecto IMPLAMAC<\/span><\/i><span style=\"font-weight: 400\">. [Archivo de v\u00eddeo]. Recuperado de: <\/span><a href=\"https:\/\/www.youtube.com\/watch?v=TFeRTvzP1Ek\" target=\"_blank\" rel=\"noopener\" target=\"_blank\" rel=\"noopener\"><span style=\"font-weight: 400\">https:\/\/www.youtube.com\/watch?v=TFeRTvzP1Ek<\/span><\/a><\/li>\n<li style=\"font-weight: 400\"><span style=\"font-weight: 400\">\u00c1lvarez Hern\u00e1ndez, C., Cair\u00f3s, C., L\u00f3pez Darias, J., Mazzetti, E., Hern\u00e1ndez S\u00e1nchez, C., Gonz\u00e1lez S\u00e1lamo, J. y Hern\u00e1ndez Borges, J. (2019). Microplastic debris in beaches of Tenerife (Canary Islands, Spain). <\/span><i><span style=\"font-weight: 400\">Marine Pollution Bulletin<\/span><\/i><span style=\"font-weight: 400\">, 146, 26-32. Recuperado de: <\/span><a href=\"https:\/\/doi.org\/10.1016\/j.marpolbul.2019.05.064\" target=\"_blank\" rel=\"noopener\" target=\"_blank\" rel=\"noopener\"><span style=\"font-weight: 400\">https:\/\/doi.org\/10.1016\/j.marpolbul.2019.05.064<\/span><\/a><\/li>\n<li style=\"font-weight: 400\"><span style=\"font-weight: 400\">Aretoulaki, E., Ponis, S., Plakas, G., &amp; Agalianos, K. (2020). A systematic meta-review analysis of review papers in the marine plastic pollution literature.<\/span><i><span style=\"font-weight: 400\"> Marine Pollution Bulletin,<\/span><\/i><span style=\"font-weight: 400\"> 161, 111690. Recuperado de: <\/span><a href=\"https:\/\/doi.org\/10.1016\/j.marpolbul.2020.111690\" target=\"_blank\" rel=\"noopener\" target=\"_blank\" rel=\"noopener\"><span style=\"font-weight: 400\">https:\/\/doi.org\/10.1016\/j.marpolbul.2020.111690<\/span><\/a><\/li>\n<li style=\"font-weight: 400\"><span style=\"font-weight: 400\">Carretero-Perona, O. (8 de noviembre de 2017<\/span><span style=\"font-weight: 400\">).<\/span> <i><span style=\"font-weight: 400\">Instinto pl\u00e1stico: micropl\u00e1sticos en el medio marino\u2026<\/span><\/i><i><span style=\"font-weight: 400\"> y en la cerveza.<\/span><\/i><span style=\"font-weight: 400\"> [Diapositivas de PowerPoint]. Recuperado de: <\/span><a href=\"http:\/\/www.repositorio.ieo.es\/e-ieo\/handle\/10508\/11360\" target=\"_blank\" rel=\"noopener\" target=\"_blank\" rel=\"noopener\"><span style=\"font-weight: 400\">http:\/\/www.repositorio.ieo.es\/e-ieo\/handle\/10508\/11360<\/span><\/a><\/li>\n<li style=\"font-weight: 400\"><span style=\"font-weight: 400\">Chowdhury, H., Chowdhury, T., &amp; Sait, S. M. (2021). Estimating marine plastic pollution from COVID-19 face masks in coastal regions.<\/span><i><span style=\"font-weight: 400\"> Marine Pollution Bulletin, <\/span><\/i><span style=\"font-weight: 400\">168, 112419. Recuperado de: <\/span><a href=\"https:\/\/doi.org\/10.1016\/j.marpolbul.2021.112419\" target=\"_blank\" rel=\"noopener\" target=\"_blank\" rel=\"noopener\"><span style=\"font-weight: 400\">https:\/\/doi.org\/10.1016\/j.marpolbul.2021.112419<\/span><\/a><\/li>\n<li style=\"font-weight: 400\"><span style=\"font-weight: 400\">C\u00f3mo las medusas comen pl\u00e1sticos en el mar. (2021, 12 de mayo). <\/span><i><span style=\"font-weight: 400\">El Mundo Ecol\u00f3gico<\/span><\/i><span style=\"font-weight: 400\">. <\/span><span style=\"font-weight: 400\">Recuperado de: <\/span><a href=\"https:\/\/www.elmundoecologico.es\/medio-ambiente\/medusas-plastico-contaminacion-mar\/?utm_source=rss&amp;utm_medium=rss&amp;utm_campaign=medusas-plastico-contaminacion-mar\" target=\"_blank\" rel=\"noopener\" target=\"_blank\" rel=\"noopener\"><span style=\"font-weight: 400\">https:\/\/www.elmundoecologico.es\/medio-ambiente\/medusas-plastico-contaminacion-mar\/?utm_source=rss&amp;utm_medium=rss&amp;utm_campaign=medusas-plastico-contaminacion-mar<\/span><\/a><\/li>\n<li style=\"font-weight: 400\"><span style=\"font-weight: 400\">Directiva UE 2019\/904 del Parlamento Europeo y el Consejo de la Uni\u00f3n Europea relativa a la reducci\u00f3n del impacto de\u00a0 determinados productos de pl\u00e1stico en el medio ambiente. Recuperado de: <\/span><a href=\"https:\/\/eur-lex.europa.eu\/legal-content\/ES\/TXT\/HTML\/?uri=CELEX:32019L0904&amp;qid=1619772755719&amp;from=en\" target=\"_blank\" rel=\"noopener\" target=\"_blank\" rel=\"noopener\"><span style=\"font-weight: 400\">https:\/\/eur-lex.europa.eu\/legal-content\/ES\/TXT\/HTML\/?uri=CELEX:32019L0904&amp;qid=1619772755719&amp;from=en<\/span><\/a><\/li>\n<li style=\"font-weight: 400\"><span style=\"font-weight: 400\">Ecolog\u00eda Verde. (31 de enero de 2021). <\/span><i><span style=\"font-weight: 400\">Pl\u00e1sticos en el mar: \u00a1Causas, consecuencias y soluciones! <\/span><\/i><span style=\"font-weight: 400\">[Archivo de v\u00eddeo]. Recuperado de <\/span><a href=\"https:\/\/www.youtube.com\/watch?v=VmNen39jXHE\" target=\"_blank\" rel=\"noopener\" target=\"_blank\" rel=\"noopener\"><span style=\"font-weight: 400\">https:\/\/www.youtube.com\/watch?v=VmNen39jXHE<\/span><\/a><\/li>\n<li style=\"font-weight: 400\"><span style=\"font-weight: 400\">Fern\u00e1ndez Bayo, I. y Jim\u00e9nez, M. (2020). La mar de pl\u00e1stico. <\/span><i><span style=\"font-weight: 400\">Mediterr\u00e1neo Econ\u00f3mico<\/span><\/i><span style=\"font-weight: 400\">, 33, 235-251. Recuperado de: <\/span><a href=\"https:\/\/www.publicacionescajamar.es\/publicacionescajamar\/public\/pdf\/publicaciones-periodicas\/mediterraneo-economico\/33\/me-33-11-fernandez-bayo-y-jimenez.pdf\" target=\"_blank\" rel=\"noopener\" target=\"_blank\" rel=\"noopener\"><span style=\"font-weight: 400\">https:\/\/www.publicacionescajamar.es\/publicacionescajamar\/public\/pdf\/publicaciones-periodicas\/mediterraneo-economico\/33\/me-33-11-fernandez-bayo-y-jimenez.pdf<\/span><\/a><\/li>\n<li style=\"font-weight: 400\"><span style=\"font-weight: 400\">Fundaci\u00f3n Heinrich B\u00f6ll. (2017). <\/span><i><span style=\"font-weight: 400\">Atlas de los oc\u00e9anos: hechos y cifras de las amenazas a nuestros ecosistemas marinos<\/span><\/i><span style=\"font-weight: 400\">. Recuperado de: <\/span><a href=\"https:\/\/mx.boell.org\/sites\/default\/files\/hb_atlas_de_oceanos_espanol_web.pdf\" target=\"_blank\" rel=\"noopener\" target=\"_blank\" rel=\"noopener\"><span style=\"font-weight: 400\">https:\/\/mx.boell.org\/sites\/default\/files\/hb_atlas_de_oceanos_espanol_web.pdf<\/span><\/a><\/li>\n<li style=\"font-weight: 400\"><span style=\"font-weight: 400\">Garc\u00eda Mar\u00edn, L.M. (2019)<\/span><span style=\"font-weight: 400\">. <\/span><i><span style=\"font-weight: 400\">Pl\u00e1sticos en los oc\u00e9anos. INCyTU, Nota-INCyTU, 34<\/span><\/i><span style=\"font-weight: 400\">. Recuperado de: <\/span><a href=\"https:\/\/foroconsultivo.org.mx\/INCyTU\/index.php\/notas\/150-34-plasticos-en-los-oceanos\" target=\"_blank\" rel=\"noopener\"><span style=\"font-weight: 400\">https:\/\/foroconsultivo.org.mx\/INCyTU\/index.php\/notas\/150-34-plasticos-en-los-oceanos<\/span><\/a><\/li>\n<li style=\"font-weight: 400\"><span style=\"font-weight: 400\">Gobierno de Espa\u00f1a. (2020).\u00a0 <\/span><i><span style=\"font-weight: 400\">Agenda 2030. Objetivo 14. Vida submarina. <\/span><\/i><span style=\"font-weight: 400\">Recuperado de: <\/span><a href=\"https:\/\/www.agenda2030.gob.es\/objetivos\/objetivo14.htm\" target=\"_blank\" rel=\"noopener\" target=\"_blank\" rel=\"noopener\"><span style=\"font-weight: 400\">https:\/\/www.agenda2030.gob.es\/objetivos\/objetivo14.htm<\/span><\/a><\/li>\n<li style=\"font-weight: 400\"><span style=\"font-weight: 400\">Gonz\u00e1lez Hern\u00e1ndez, M., Hern\u00e1ndez S\u00e1nchez, C., Gonz\u00e1lez S\u00e1lamo, J., L\u00f3pez Darias, J. y Hern\u00e1ndez Borges, J. (2020). Monitoring of meso and microplastic debris in Playa Grande beach (Tenerife, Canary Islands, Spain) during a moon cycle. <\/span><i><span style=\"font-weight: 400\">Marine Pollution Bulletin<\/span><\/i><span style=\"font-weight: 400\">, 150, 1-7. Recuperado de: <\/span><a href=\"https:\/\/doi.org\/10.1016\/j.marpolbul.2019.110757\" target=\"_blank\" rel=\"noopener\" target=\"_blank\" rel=\"noopener\"><span style=\"font-weight: 400\">https:\/\/doi.org\/10.1016\/j.marpolbul.2019.110757<\/span><\/a><\/li>\n<li style=\"font-weight: 400\"><span style=\"font-weight: 400\">Herrera, A., Asensio, M., Mart\u00ednez, I., Santana, A., Packard, T. y G\u00f3mez, M. (2018). Microplastic and tar pollution on three Canary Islands beaches: An annual study. <\/span><i><span style=\"font-weight: 400\">Marine Pollution Bulletin<\/span><\/i><span style=\"font-weight: 400\">, 129 (2), p. 494-502. Recuperado de: <\/span><a href=\"https:\/\/doi.org\/10.1016\/j.marpolbul.2017.10.020\" target=\"_blank\" rel=\"noopener\"><span style=\"font-weight: 400\">https:\/\/doi.org\/10.1016\/j.marpolbul.2017.10.020<\/span><\/a><\/li>\n<li style=\"font-weight: 400\"><span style=\"font-weight: 400\">Herrera, A., \u015ctindlov\u00e1, A., Mart\u00ednez, I., Rapp, J., Romero Kutzner, V., Samper, M.D., &#8230;G\u00f3mez, M. (2019). Microplastic ingestion by Atlantic chub mackerel (Scomber colias) in the Canary Islands coast. <\/span><i><span style=\"font-weight: 400\">Marine Pollution Bulletin<\/span><\/i><span style=\"font-weight: 400\">, 139, 127-135. Recuperado de: <\/span><a href=\"https:\/\/doi.org\/10.1016\/j.marpolbul.2018.12.022\" target=\"_blank\" rel=\"noopener\" target=\"_blank\" rel=\"noopener\"><span style=\"font-weight: 400\">https:\/\/doi.org\/10.1016\/j.marpolbul.2018.12.022<\/span><\/a><\/li>\n<li style=\"font-weight: 400\"><span style=\"font-weight: 400\">Lusher, A., Hollman, P. y Mendoza-Hill, J. (2017).<\/span><i><span style=\"font-weight: 400\"> Microplastics in fisheries and aquaculture: status of knowledge on their occurrence and implications for aquatic organisms and food safety<\/span><\/i><span style=\"font-weight: 400\">. Roma: FAO. <\/span><span style=\"font-weight: 400\">Recuperado de: <\/span><a href=\"http:\/\/www.fao.org\/3\/i7677e\/i7677e.pdf\" target=\"_blank\" rel=\"noopener\" target=\"_blank\" rel=\"noopener\"><span style=\"font-weight: 400\">http:\/\/www.fao.org\/3\/i7677e\/i7677e.pdf<\/span><\/a><\/li>\n<li style=\"font-weight: 400\"><i><span style=\"font-weight: 400\">Marine Pollution Bulletin.<\/span><\/i><span style=\"font-weight: 400\"> (1970-).\u00a0 Elsevier. Recuperado de: <\/span><a href=\"https:\/\/www.sciencedirect.com\/journal\/marine-pollution-bulletin\" target=\"_blank\" rel=\"noopener\" target=\"_blank\" rel=\"noopener\"><span style=\"font-weight: 400\">https:\/\/www.sciencedirect.com\/journal\/marine-pollution-bulletin<\/span><\/a><\/li>\n<li style=\"font-weight: 400\"><span style=\"font-weight: 400\">National Geographic. Medio Ambiente. (2016). <\/span><i><span style=\"font-weight: 400\">La contaminaci\u00f3n marina. <\/span><\/i><span style=\"font-weight: 400\">Recuperado de: <\/span><a href=\"https:\/\/www.nationalgeographic.es\/medio-ambiente\/la-contaminacion-marina\" target=\"_blank\" rel=\"noopener\"><span style=\"font-weight: 400\">https:\/\/www.nationalgeographic.es\/medio-ambiente\/la-contaminacion-marina<\/span><\/a><\/li>\n<li style=\"font-weight: 400\">Santana Viera, S., Montesdeoca Esponda, S., Guedes Alonso, R., Sosa Ferrera, Z. y Santana Rodr\u00edguez, J. J. (2021). Organic pollutants adsorbed on microplastics: Analytical methodologies and occurrence in oceans. <i>Trends in Environmental Analytical Chemistry<\/i>, 29, 1-10. Recuperado de: <a href=\"https:\/\/doi.org\/10.1016\/j.teac.2021.e00114\" target=\"_blank\" rel=\"noopener\" target=\"_blank\" rel=\"noopener\">https:\/\/doi.org\/10.1016\/j.teac.2021.e00114<\/a><\/li>\n<\/ul>\n<p>[\/vc_column_text][\/vc_tta_section][vc_tta_section title=\u00bbECONOM\u00cdA AZUL\u00bb tab_id=\u00bb1622193322034-cfc01649-43d9&#8243;][vc_column_text]<\/p>\n<ul>\n<li style=\"font-weight: 400\"><span style=\"font-weight: 400\">Andersen, K. (Productor) y Tabrizi, A. (Director). (2021). <\/span><i><span style=\"font-weight: 400\">Seaspiracy <\/span><\/i><span style=\"font-weight: 400\">[Documental]. Estados Unidos: Netflix. Recuperado de: <\/span><a href=\"https:\/\/www.seaspiracy.org\/\" target=\"_blank\" rel=\"noopener\" target=\"_blank\" rel=\"noopener\"><span style=\"font-weight: 400\">https:\/\/www.seaspiracy.org\/<\/span><\/a><\/li>\n<li style=\"font-weight: 400\"><span style=\"font-weight: 400\">Clapers Vivares, M. (2018).<\/span><i><span style=\"font-weight: 400\"> Un nuevo paradigma para la construcci\u00f3n sostenible: la econom\u00eda azul<\/span><\/i><span style=\"font-weight: 400\">. (Trabajo Fin de Grado, Universidad Polit\u00e9cnica de Catalu\u00f1a). Recuperado de: <\/span><a href=\"https:\/\/upcommons.upc.edu\/handle\/2117\/124118\" target=\"_blank\" rel=\"noopener\" target=\"_blank\" rel=\"noopener\"><span style=\"font-weight: 400\">https:\/\/upcommons.upc.edu\/handle\/2117\/124118<\/span><\/a><\/li>\n<li style=\"font-weight: 400\"><span style=\"font-weight: 400\">Directorate General for Research and Innovation (European Commission). (2017). <\/span><i><span style=\"font-weight: 400\">Sustainable blue economy:\u00a0 productive seas and oceans<\/span><\/i><span style=\"font-weight: 400\"> [versi\u00f3n electr\u00f3nica]. Luxembourg: Publications Office of the European Union.\u00a0 Recuperado de:<\/span><a href=\"https:\/\/op.europa.eu\/es\/publication-detail\/-\/publication\/ada65c0f-aef9-11e7-837e-01aa75ed71a1\/language-en\" target=\"_blank\" rel=\"noopener\" target=\"_blank\" rel=\"noopener\"> <span style=\"font-weight: 400\">https:\/\/op.europa.eu\/es\/publication-detail\/-\/publication\/ada65c0f-aef9-11e7-837e-01aa75ed71a1\/language-en<\/span><\/a><\/li>\n<li style=\"font-weight: 400\"><span style=\"font-weight: 400\">Directorate General for Maritime Affairs and Fisheries\u00a0 (European Commission). (2018). <\/span><i><span style=\"font-weight: 400\">Bridging education and business in the blue economy: best practices and user stories<\/span><\/i><span style=\"font-weight: 400\"> [versi\u00f3n electr\u00f3nica]. Luxembourg: Publications Office of the European Union. Recuperado de: <\/span><a href=\"https:\/\/op.europa.eu\/es\/publication-detail\/-\/publication\/4602dbf1-3dfe-11e8-b5fe-01aa75ed71a1\/language-en\" target=\"_blank\" rel=\"noopener\" target=\"_blank\" rel=\"noopener\"><span style=\"font-weight: 400\">https:\/\/op.europa.eu\/es\/publication-detail\/-\/publication\/4602dbf1-3dfe-11e8-b5fe-01aa75ed71a1\/language-en<\/span><\/a><\/li>\n<li style=\"font-weight: 400\">Fundaci\u00f3n Canarias Recicla. (2020). MAR_Educa. Por el futuro de nuestras costas, sin residuos. Recuperado de: <a href=\"https:\/\/bit.ly\/32v3i5h\" target=\"_blank\" rel=\"noopener\" data-saferedirecturl=\"https:\/\/www.google.com\/url?q=https:\/\/bit.ly\/32v3i5h&amp;source=gmail&amp;ust=1622283885209000&amp;usg=AFQjCNFVh8dZKhF0UILbHVQgJ4jT60CBLA\" target=\"_blank\" rel=\"noopener\">https:\/\/bit.ly\/32v3i5h<\/a><\/li>\n<li style=\"font-weight: 400\"><span style=\"font-weight: 400\">Kim, W. C. y Mauborgne, R. (2015). <\/span><i><span style=\"font-weight: 400\">La estrategia del oc\u00e9ano azul : crear nuevos espacios de mercado donde la competencia sea irrelevante<\/span><\/i><span style=\"font-weight: 400\">. (2<\/span><span style=\"font-weight: 400\">\u00aa ed.).<\/span><span style=\"font-weight: 400\"> Harvard: Profit Editorial. Recuperado de: <\/span><a href=\"http:\/\/absysnetweb.bbtk.ull.es\/cgi-bin\/abnetopac?TITN=536669\" target=\"_blank\" rel=\"noopener\" target=\"_blank\" rel=\"noopener\"><span style=\"font-weight: 400\">http:\/\/absysnetweb.bbtk.ull.es\/cgi-bin\/abnetopac?TITN=536669<\/span><\/a><\/li>\n<li style=\"font-weight: 400\"><span style=\"font-weight: 400\">Pauli, G. (2011).<\/span><i><span style=\"font-weight: 400\"> La econom\u00eda azul<\/span><\/i><span style=\"font-weight: 400\">. Barcelona: Tusquets. Recuperado de: <\/span><a href=\"http:\/\/absysnetweb.bbtk.ull.es\/cgi-bin\/abnetopac?TITN=451256\" target=\"_blank\" rel=\"noopener\" target=\"_blank\" rel=\"noopener\"><span style=\"font-weight: 400\">http:\/\/absysnetweb.bbtk.ull.es\/cgi-bin\/abnetopac?TITN=451256<\/span><\/a><\/li>\n<li style=\"font-weight: 400\"><span style=\"font-weight: 400\">Red Espa\u00f1ola del Pacto Mundial. (2020).<\/span> <a href=\"https:\/\/www.pactomundial.org\/?smd_process_download=1&amp;download_id=16933\" target=\"_blank\" rel=\"noopener\" target=\"_blank\" rel=\"noopener\"><i><span style=\"font-weight: 400\">Oc\u00e9anos saludables y sostenibles: oportunidades para el sector empresarial en la econom\u00eda azul<\/span><\/i><\/a><span style=\"font-weight: 400\">. Recuperado de<\/span><span style=\"font-weight: 400\">: <\/span><a href=\"https:\/\/www.pactomundial.org\/wp-content\/uploads\/2020\/06\/%E2%80%A2White-Paper-Promover-un-oce%CC%81ano-saludable-y-sostenible.pdf\" target=\"_blank\" rel=\"noopener\" target=\"_blank\" rel=\"noopener\"><span style=\"font-weight: 400\">https:\/\/www.pactomundial.org\/wp-content\/uploads\/2020\/06\/%E2%80%A2White-Paper-Promover-un-oce%CC%81ano-saludable-y-sostenible.pdf<\/span><\/a><\/li>\n<li style=\"font-weight: 400\">World Wild Fund. (2015). <i>Principles for a Sustainable Blue Economy.<\/i> Recuperado de: <a href=\"http:\/\/d2ouvy59p0dg6k.cloudfront.net\/downloads\/15_1471_blue_economy_6_pages_final.pdf\" target=\"_blank\" rel=\"noopener\" target=\"_blank\" rel=\"noopener\">http:\/\/d2ouvy59p0dg6k.cloudfront.net\/downloads\/15_1471_blue_economy_6_pages_final.pdf<\/a><\/li>\n<\/ul>\n<p>[\/vc_column_text][\/vc_tta_section][vc_tta_section title=\u00bbECONOM\u00cdA CIRCULAR\u00bb tab_id=\u00bb1622193322208-e4a08f37-514e\u00bb][vc_column_text]<\/p>\n<ul>\n<li style=\"font-weight: 400\"><i><span style=\"font-weight: 400\">Cambiar el curso de los pl\u00e1sticos de un solo uso.<\/span><\/i><span style=\"font-weight: 400\"> (2019). European Commission; Directorate General for Environment. Recuperado de: <\/span><a href=\"https:\/\/op.europa.eu\/en\/publication-detail\/-\/publication\/fbc6134e-367f-11ea-ba6e-01aa75ed71a1\" target=\"_blank\" rel=\"noopener\" target=\"_blank\" rel=\"noopener\"><span style=\"font-weight: 400\">https:\/\/op.europa.eu\/en\/publication-detail\/-\/publication\/fbc6134e-367f-11ea-ba6e-01aa75ed71a1<\/span><\/a><\/li>\n<li style=\"font-weight: 400\"><span style=\"font-weight: 400\">Comisi\u00f3n Europea. (2020). <\/span><i><span style=\"font-weight: 400\">Nuevo Plan de acci\u00f3n para la econom\u00eda circular por una Europa m\u00e1s limpia y m\u00e1s competitiva: Comunicaci\u00f3n de la Comisi\u00f3n al Parlamento Europeo, al Consejo, al Comit\u00e9 Econ\u00f3mico y Social Europeo y al Comit\u00e9 de las Regiones. <\/span><\/i><span style=\"font-weight: 400\">Bruselas. Recuperado de: <\/span><a href=\"https:\/\/eur-lex.europa.eu\/resource.html?uri=cellar:9903b325-6388-11ea-b735-01aa75ed71a1.0018.02\/DOC_1&amp;format=PDF\" target=\"_blank\" rel=\"noopener\" target=\"_blank\" rel=\"noopener\"><span style=\"font-weight: 400\">https:\/\/eur-lex.europa.eu\/resource.html?uri=cellar:9903b325-6388-11ea-b735-01aa75ed71a1.0018.02\/DOC_1&amp;format=PDF<\/span><\/a><\/li>\n<li style=\"font-weight: 400\"><span style=\"font-weight: 400\">Comisi\u00f3n Europea. (2020). <\/span><i><span style=\"font-weight: 400\">Nuevo Plan de acci\u00f3n para la econom\u00eda circular por una Europa m\u00e1s limpia y m\u00e1s competitiva: Anexo de la Comunicaci\u00f3n de la Comisi\u00f3n al Parlamento Europeo, al Consejo, al Comit\u00e9 Econ\u00f3mico y Social Europeo y al Comit\u00e9 de las Regiones.<\/span><\/i><span style=\"font-weight: 400\"> (2020). Bruselas. Recuperado de: <\/span><a href=\"https:\/\/eur-lex.europa.eu\/resource.html?uri=cellar:9903b325-6388-11ea-b735-01aa75ed71a1.0018.02\/DOC_2&amp;format=PDF\" target=\"_blank\" rel=\"noopener\" target=\"_blank\" rel=\"noopener\"><span style=\"font-weight: 400\">https:\/\/eur-lex.europa.eu\/resource.html?uri=cellar:9903b325-6388-11ea-b735-01aa75ed71a1.0018.02\/DOC_2&amp;format=PDF<\/span><\/a><\/li>\n<li style=\"font-weight: 400\"><span style=\"font-weight: 400\">Enguix, C. (2018). <\/span><i><span style=\"font-weight: 400\">Econom\u00eda circular y pl\u00e1sticos: el camino hacia la sostenibilidad<\/span><\/i><span style=\"font-weight: 400\">. AINIA. Recuperado de: <\/span><a href=\"https:\/\/www.ainia.es\/tecnoalimentalia\/consumidor\/economia-circular-plastico\/\" target=\"_blank\" rel=\"noopener\" target=\"_blank\" rel=\"noopener\"><span style=\"font-weight: 400\">https:\/\/www.ainia.es\/tecnoalimentalia\/consumidor\/economia-circular-plastico\/<\/span><\/a><\/li>\n<li style=\"font-weight: 400\"><span style=\"font-weight: 400\">Fern\u00e1ndez Muerza, \u00c1. (16 de mayo de 2020). La moda que recicla y viene del mar. <\/span><i><span style=\"font-weight: 400\">El \u00c1gora: diario del agua<\/span><\/i><span style=\"font-weight: 400\">. Recuperado de: <\/span><a href=\"https:\/\/www.elagoradiario.com\/desarrollo-sostenible\/economia-circular\/la-moda-que-recicla-y-viene-del-mar\/\" target=\"_blank\" rel=\"noopener\" target=\"_blank\" rel=\"noopener\"><span style=\"font-weight: 400\">https:\/\/www.elagoradiario.com\/desarrollo-sostenible\/economia-circular\/la-moda-que-recicla-y-viene-del-mar\/<\/span><\/a><\/li>\n<li style=\"font-weight: 400\"><span style=\"font-weight: 400\">Francis, A.E. y Herat, S. (2020). Tackling marine plastic pollution through source-to-sea approach and circular economy. <\/span><i><span style=\"font-weight: 400\">Nature Environment and Pollution Technology, 19(5)<\/span><\/i><span style=\"font-weight: 400\">, 1775-1787. Recuperado de: <\/span><a href=\"https:\/\/doaj.org\/article\/3fd5d44b09ed4bf1ae886962c81a939a\" target=\"_blank\" rel=\"noopener\" target=\"_blank\" rel=\"noopener\"><span style=\"font-weight: 400\">https:\/\/doaj.org\/article\/3fd5d44b09ed4bf1ae886962c81a939a<\/span><\/a><\/li>\n<li style=\"font-weight: 400\"><span style=\"font-weight: 400\">Gobierno de Espa\u00f1a. (2020). <\/span><i><span style=\"font-weight: 400\">Espa\u00f1a Circular 2030: estrategia espa\u00f1ola de econom\u00eda circular<\/span><\/i><span style=\"font-weight: 400\">. Recuperado de: <\/span><a href=\"https:\/\/www.miteco.gob.es\/es\/calidad-y-evaluacion-ambiental\/temas\/economia-circular\/espanacircular2030_def1_tcm30-509532.PDF\" target=\"_blank\" rel=\"noopener\" target=\"_blank\" rel=\"noopener\"><span style=\"font-weight: 400\">https:\/\/www.miteco.gob.es\/es\/calidad-y-evaluacion-ambiental\/temas\/economia-circular\/espanacircular2030_def1_tcm30-509532.PDF<\/span><\/a><\/li>\n<li style=\"font-weight: 400\"><span style=\"font-weight: 400\">Magnier, L., Mugge, R.\u00a0 y\u00a0 Schoormans, J. (2019). Turning ocean garbage into products \u2013 consumers\u2019 evaluations of products made of recycled ocean plastic. <\/span><i><span style=\"font-weight: 400\">Journal of Cleaner Production,<\/span><\/i> <i><span style=\"font-weight: 400\">215<\/span><\/i><span style=\"font-weight: 400\">, 84-98. Recuperado de:\u00a0 <\/span><a href=\"https:\/\/www-sciencedirect-com.accedys2.bbtk.ull.es\/science\/article\/pii\/S0959652618339684\" target=\"_blank\" rel=\"noopener\" target=\"_blank\" rel=\"noopener\"><span style=\"font-weight: 400\">https:\/\/www-sciencedirect-com.accedys2.bbtk.ull.es\/science\/article\/pii\/S0959652618339684<\/span><\/a><\/li>\n<li style=\"font-weight: 400\"><span style=\"font-weight: 400\">Zhexembayeva, N. (2014). <\/span><i><span style=\"font-weight: 400\">La estrategia del oc\u00e9ano esquilmado: c\u00f3mo impulsar la innovaci\u00f3n para adaptarse a la nueva econom\u00eda circular<\/span><\/i><span style=\"font-weight: 400\"> [versi\u00f3n electr\u00f3nica]. Barcelona: Libros de Cabecera. Recuperado de: <\/span><a href=\"https:\/\/learning-oreilly-com.accedys2.bbtk.ull.es\/library\/view\/la-estrategia-del\/9788494239762\/?ar\" target=\"_blank\" rel=\"noopener\" target=\"_blank\" rel=\"noopener\"><span style=\"font-weight: 400\">https:\/\/learning-oreilly-com.accedys2.bbtk.ull.es\/library\/view\/la-estrategia-del\/9788494239762\/?ar<\/span><\/a><\/li>\n<\/ul>\n<p>[\/vc_column_text][\/vc_tta_section][\/vc_tta_accordion][\/vc_column][vc_column width=\u00bb1\/6&#8243;][vc_empty_space height=\u00bb36px\u00bb][vc_single_image image=\u00bb63&#8243; img_size=\u00bbfull\u00bb][\/vc_column][\/vc_row]<\/p>\n","protected":false},"excerpt":{"rendered":"<p>[vc_row][vc_column width=\u00bb1\/6&#8243;][\/vc_column][vc_column width=\u00bb2\/3&#8243;][vc_column_text] Documentaci\u00f3n [\/vc_column_text][\/vc_column][vc_column width=\u00bb1\/6&#8243;][\/vc_column][\/vc_row][vc_row][vc_column width=\u00bb1\/6&#8243;][vc_empty_space height=\u00bb36px\u00bb][vc_single_image image=\u00bb62&#8243; img_size=\u00bbfull\u00bb][\/vc_column][vc_column width=\u00bb2\/3&#8243;][vc_tta_accordion style=\u00bbmodern\u00bb color=\u00bbpeacoc\u00bb active_section=\u00bb\u00bb no_fill=\u00bbtrue\u00bb collapsible_all=\u00bbtrue\u00bb][vc_tta_section title=\u00bbVIDA SUBMARINA Y CONTAMINACI\u00d3N\u00bb tab_id=\u00bb1622193321879-f13ee72e-e933&#8243;][vc_column_text] AChem ULL Research Group. (5 abril, 2021). Presentaci\u00f3n del Proyecto IMPLAMAC. [Archivo de v\u00eddeo]. Recuperado de: https:\/\/www.youtube.com\/watch?v=TFeRTvzP1Ek \u00c1lvarez Hern\u00e1ndez, C., Cair\u00f3s, C., L\u00f3pez Darias, J., Mazzetti, E., Hern\u00e1ndez S\u00e1nchez, C., Gonz\u00e1lez S\u00e1lamo, J. y&#8230;<\/p>\n","protected":false},"author":14,"featured_media":0,"parent":0,"menu_order":0,"comment_status":"closed","ping_status":"closed","template":"","meta":{"footnotes":""},"class_list":["post-822","page","type-page","status-publish","hentry"],"_links":{"self":[{"href":"https:\/\/www.ull.es\/eventos\/ods2021\/wp-json\/wp\/v2\/pages\/822"}],"collection":[{"href":"https:\/\/www.ull.es\/eventos\/ods2021\/wp-json\/wp\/v2\/pages"}],"about":[{"href":"https:\/\/www.ull.es\/eventos\/ods2021\/wp-json\/wp\/v2\/types\/page"}],"author":[{"embeddable":true,"href":"https:\/\/www.ull.es\/eventos\/ods2021\/wp-json\/wp\/v2\/users\/14"}],"replies":[{"embeddable":true,"href":"https:\/\/www.ull.es\/eventos\/ods2021\/wp-json\/wp\/v2\/comments?post=822"}],"version-history":[{"count":8,"href":"https:\/\/www.ull.es\/eventos\/ods2021\/wp-json\/wp\/v2\/pages\/822\/revisions"}],"predecessor-version":[{"id":904,"href":"https:\/\/www.ull.es\/eventos\/ods2021\/wp-json\/wp\/v2\/pages\/822\/revisions\/904"}],"wp:attachment":[{"href":"https:\/\/www.ull.es\/eventos\/ods2021\/wp-json\/wp\/v2\/media?parent=822"}],"curies":[{"name":"wp","href":"https:\/\/api.w.org\/{rel}","templated":true}]}}