{"id":194,"date":"2022-05-31T12:17:01","date_gmt":"2022-05-31T12:17:01","guid":{"rendered":"https:\/\/www.ull.es\/eventos\/ods2022\/?page_id=194"},"modified":"2022-06-02T07:49:24","modified_gmt":"2022-06-02T07:49:24","slug":"ods-2022","status":"publish","type":"page","link":"https:\/\/www.ull.es\/eventos\/ods2022\/","title":{"rendered":"ODS 2022"},"content":{"rendered":"<p>[vc_row full_width=\u00bbstretch_row_content_no_spaces\u00bb][vc_column][rev_slider_vc alias=\u00bbportada_ods_2022&#8243;][\/vc_column][\/vc_row][vc_row][vc_column width=\u00bb2\/3&#8243;][vc_custom_heading text=\u00bb\u00a1Gracias por hacernos pensar que un mundo mejor es posible!\u00bb use_theme_fonts=\u00bbyes\u00bb][vc_column_text]<span style=\"color: #333333\">El art\u00edculo 45 de la Constituci\u00f3n Espa\u00f1ola, en su apartado 1, dice:<br \/>\n<i>Los poderes p\u00fablicos velar\u00e1n por la utilizaci\u00f3n racional de todos los recursos naturales, con el fin de proteger y mejorar la calidad de la vida y defender y restaurar el medio ambiente, apoy\u00e1ndose en la indispensable solidaridad colectiva<\/i>. Sin embargo, la solidaridad colectiva no es la misma para todos.<\/span><\/p>\n<p>El Objetivo para el Desarrollo Sostenible 17 integra de forma expl\u00edcita al voluntariado ambiental como agente del cambio para implementar todos los ODS. Las Naciones Unidas, en su \u201c<a href=\"https:\/\/www.un.org\/en\/development\/desa\/publications\/files\/2015\/01\/SynthesisReportSPA.pdf\" target=\"_blank\" rel=\"noopener\">Informe de s\u00edntesis sobre la Agenda despu\u00e9s del 2015<\/a>\u201d, se\u00f1ala:<\/p>\n<p><span style=\"color: #3d3d3d\"><i>El voluntariado puede contribuir a ampliar y movilizar a las sociedades y lograr la participaci\u00f3n de las personas en la planificaci\u00f3n y la aplicaci\u00f3n de los Objetivos de Desarrollo Sostenible a nivel nacional. Adem\u00e1s, los grupos de voluntarios pueden ayudar a adaptar la nueva agenda a nivel local proporcionando nuevos espacios de interacci\u00f3n entre los gobiernos y las personas orientados a la adopci\u00f3n de medidas concretas, susceptibles de aplicarse en mayor escala.<\/i><\/span><\/p>\n<p>Esta exposici\u00f3n es un GRACIAS a todos los voluntarios y voluntarias que, con su indispensable esfuerzo, muestran su solidaridad y emplean su tiempo en la mejora del medio ambiente de nuestras islas desde la costa hasta la monta\u00f1a.[\/vc_column_text][\/vc_column][vc_column width=\u00bb1\/3&#8243;][vc_empty_space height=\u00bb64px\u00bb][vc_cta h2=\u00bbULL Solidaria\u00bb color=\u00bbmulled-wine\u00bb]<span style=\"color: #333333\">Si quieres saber m\u00e1s sobre c\u00f3mo ayudar o hacerte voluntaria\/o, visita la Web <a href=\"https:\/\/www.ull.es\/portal\/espacio-solidaridad-voluntariado\/que-es-ull-solidaria\/\" target=\"_blank\" rel=\"noopener\" target=\"_blank\" rel=\"noopener\">ULLSolidaria<\/a>.<\/span>[\/vc_cta][\/vc_column][\/vc_row]<\/p>\n","protected":false},"excerpt":{"rendered":"<p>[vc_row full_width=\u00bbstretch_row_content_no_spaces\u00bb][vc_column][rev_slider_vc alias=\u00bbportada_ods_2022&#8243;][\/vc_column][\/vc_row][vc_row][vc_column width=\u00bb2\/3&#8243;][vc_custom_heading text=\u00bb\u00a1Gracias por hacernos pensar que un mundo mejor es posible!\u00bb use_theme_fonts=\u00bbyes\u00bb][vc_column_text]El art\u00edculo 45 de la Constituci\u00f3n Espa\u00f1ola, en su apartado 1, dice: Los poderes p\u00fablicos velar\u00e1n por la utilizaci\u00f3n racional de todos los recursos naturales, con el fin de proteger y mejorar la calidad de la vida y defender y restaurar&#8230;<\/p>\n","protected":false},"author":14,"featured_media":0,"parent":0,"menu_order":0,"comment_status":"closed","ping_status":"closed","template":"templates\/template-frontpage.php","meta":{"footnotes":""},"class_list":["post-194","page","type-page","status-publish","hentry"],"_links":{"self":[{"href":"https:\/\/www.ull.es\/eventos\/ods2022\/wp-json\/wp\/v2\/pages\/194"}],"collection":[{"href":"https:\/\/www.ull.es\/eventos\/ods2022\/wp-json\/wp\/v2\/pages"}],"about":[{"href":"https:\/\/www.ull.es\/eventos\/ods2022\/wp-json\/wp\/v2\/types\/page"}],"author":[{"embeddable":true,"href":"https:\/\/www.ull.es\/eventos\/ods2022\/wp-json\/wp\/v2\/users\/14"}],"replies":[{"embeddable":true,"href":"https:\/\/www.ull.es\/eventos\/ods2022\/wp-json\/wp\/v2\/comments?post=194"}],"version-history":[{"count":8,"href":"https:\/\/www.ull.es\/eventos\/ods2022\/wp-json\/wp\/v2\/pages\/194\/revisions"}],"predecessor-version":[{"id":230,"href":"https:\/\/www.ull.es\/eventos\/ods2022\/wp-json\/wp\/v2\/pages\/194\/revisions\/230"}],"wp:attachment":[{"href":"https:\/\/www.ull.es\/eventos\/ods2022\/wp-json\/wp\/v2\/media?parent=194"}],"curies":[{"name":"wp","href":"https:\/\/api.w.org\/{rel}","templated":true}]}}