{"id":60,"date":"2022-05-27T13:06:44","date_gmt":"2022-05-27T13:06:44","guid":{"rendered":"https:\/\/www.ull.es\/eventos\/ods2022\/?page_id=60"},"modified":"2022-06-01T09:54:37","modified_gmt":"2022-06-01T09:54:37","slug":"creditos","status":"publish","type":"page","link":"https:\/\/www.ull.es\/eventos\/ods2022\/creditos\/","title":{"rendered":"Cr\u00e9ditos"},"content":{"rendered":"<p>[vc_row][vc_column width=\u00bb5\/6&#8243;][vc_custom_heading source=\u00bbpost_title\u00bb use_theme_fonts=\u00bbyes\u00bb][vc_column_text]<\/p>\n<h2>Equipo organizador<\/h2>\n<p><span style=\"color: #3d3d3d\"><b>Cintia Hern\u00e1ndez S\u00e1nchez<\/b><\/span><span style=\"color: #333333\"><br \/>\n<\/span><span style=\"color: #3d3d3d\">Profesora del \u00c1rea de Medicina Preventiva y Salud P\u00fablica.<\/span><\/p>\n<p><span style=\"color: #3d3d3d\"><b>Cristopher Dom\u00ednguez Hern\u00e1ndez<\/b><\/span><span style=\"color: #333333\"><br \/>\n<\/span><span style=\"color: #3d3d3d\">Alumno de doctorado en Qu\u00edmica e Ingenier\u00eda Qu\u00edmica .<\/span><\/p>\n<p><span style=\"color: #3d3d3d\"><b>Cristina Villanova Solando<\/b><\/span><span style=\"color: #333333\"><br \/>\n<\/span><span style=\"color: #3d3d3d\">Alumna de doctorado en Biodiversidad y Conservaci\u00f3n.<\/span><\/p>\n<p><span style=\"color: #3d3d3d\"><b>Francisco Javier D\u00edaz Pe\u00f1a<\/b><\/span><span style=\"color: #333333\"><br \/>\n<\/span><span style=\"color: #3d3d3d\">Profesor del \u00c1rea de Edafolog\u00eda.<\/span><\/p>\n<p><span style=\"color: #3d3d3d\"><b>Javier Gonz\u00e1lez S\u00e1lamo<\/b><\/span><span style=\"color: #333333\"><br \/>\n<\/span><span style=\"color: #3d3d3d\">Investigador del Programa Catalina Ruiz, \u00c1rea de Qu\u00edmica Anal\u00edtica.<\/span><\/p>\n<p><span style=\"color: #3d3d3d\"><b>Javier Hern\u00e1ndez Borges<\/b><\/span><span style=\"color: #333333\"><br \/>\n<\/span><span style=\"color: #3d3d3d\">Profesor del Departamento de Qu\u00edmica, \u00c1rea de Qu\u00edmica Anal\u00edtica.<\/span><\/p>\n<hr \/>\n<h2>Fotograf\u00edas<\/h2>\n<p>[\/vc_column_text][vc_row_inner content_placement=\u00bbmiddle\u00bb][vc_column_inner width=\u00bb1\/6&#8243;][vc_single_image image=\u00bb206&#8243; img_size=\u00bb75px\u00bb alignment=\u00bbcenter\u00bb onclick=\u00bbcustom_link\u00bb img_link_target=\u00bb_blank\u00bb link=\u00bbhttps:\/\/terramare-medioambiente.ueniweb.com\/\u00bb][\/vc_column_inner][vc_column_inner width=\u00bb1\/6&#8243;][vc_single_image image=\u00bb205&#8243; img_size=\u00bbmedium\u00bb alignment=\u00bbcenter\u00bb onclick=\u00bbcustom_link\u00bb img_link_target=\u00bb_blank\u00bb link=\u00bbhttps:\/\/www.tenerife.es\/portalcabtfe\/es\/site_content\/46-medio-ambiente-de-tenerife\/413-oficina-de-la-participacion-y-el-voluntariado-ambientales\u00bb][\/vc_column_inner][vc_column_inner width=\u00bb1\/6&#8243;][vc_single_image image=\u00bb207&#8243; img_size=\u00bbmedium\u00bb onclick=\u00bbcustom_link\u00bb img_link_target=\u00bb_blank\u00bb link=\u00bbhttps:\/\/www2.cruzroja.es\/voluntariado\u00bb][\/vc_column_inner][vc_column_inner width=\u00bb1\/6&#8243;][vc_single_image image=\u00bb208&#8243; img_size=\u00bbmedium\u00bb alignment=\u00bbcenter\u00bb onclick=\u00bbcustom_link\u00bb img_link_target=\u00bb_blank\u00bb link=\u00bbhttps:\/\/www.scout.es\/\u00bb][\/vc_column_inner][vc_column_inner width=\u00bb1\/6&#8243;][vc_single_image image=\u00bb204&#8243; img_size=\u00bbfull\u00bb onclick=\u00bbcustom_link\u00bb img_link_target=\u00bb_blank\u00bb link=\u00bbhttps:\/\/ods.santacruzsostenible.com\/\u00bb][\/vc_column_inner][vc_column_inner width=\u00bb1\/6&#8243;][vc_single_image image=\u00bb212&#8243; img_size=\u00bbmedium\u00bb][\/vc_column_inner][\/vc_row_inner][vc_row_inner][vc_column_inner][vc_separator][vc_column_text]<\/p>\n<h2>Colaboran<\/h2>\n<p>BIBLIOTECA DE LA UNIVERSIDAD DE LA LAGUNA<\/p>\n<p><strong>Documentaci\u00f3n<\/strong><br \/>\nIsabel Mar\u00eda Exp\u00f3sito Pestano<br \/>\nDelfina Galv\u00e1n Alonso<br \/>\nM\u00aaJes\u00fas Moreno Lorenzo<\/p>\n<p><strong>Maquetaci\u00f3n y dise\u00f1o<\/strong><br \/>\nIsmael Garc\u00eda<\/p>\n<p><strong>Coordinaci\u00f3n<\/strong><br \/>\nLiti Garc\u00eda-Ramos Medina<br \/>\nF\u00e1tima Sainz Sainz[\/vc_column_text][vc_empty_space][\/vc_column_inner][\/vc_row_inner][vc_row_inner][vc_column_inner][vc_single_image image=\u00bb224&#8243; img_size=\u00bbfull\u00bb][vc_separator][\/vc_column_inner][\/vc_row_inner][\/vc_column][vc_column width=\u00bb1\/6&#8243;][\/vc_column][\/vc_row]<\/p>\n","protected":false},"excerpt":{"rendered":"<p>[vc_row][vc_column width=\u00bb5\/6&#8243;][vc_custom_heading source=\u00bbpost_title\u00bb use_theme_fonts=\u00bbyes\u00bb][vc_column_text] Equipo organizador Cintia Hern\u00e1ndez S\u00e1nchez Profesora del \u00c1rea de Medicina Preventiva y Salud P\u00fablica. Cristopher Dom\u00ednguez Hern\u00e1ndez Alumno de doctorado en Qu\u00edmica e Ingenier\u00eda Qu\u00edmica . Cristina Villanova Solando Alumna de doctorado en Biodiversidad y Conservaci\u00f3n. Francisco Javier D\u00edaz Pe\u00f1a Profesor del \u00c1rea de Edafolog\u00eda. Javier Gonz\u00e1lez S\u00e1lamo Investigador del Programa&#8230;<\/p>\n","protected":false},"author":14,"featured_media":0,"parent":0,"menu_order":0,"comment_status":"closed","ping_status":"closed","template":"templates\/template-no-title.php","meta":{"footnotes":""},"class_list":["post-60","page","type-page","status-publish","hentry"],"_links":{"self":[{"href":"https:\/\/www.ull.es\/eventos\/ods2022\/wp-json\/wp\/v2\/pages\/60"}],"collection":[{"href":"https:\/\/www.ull.es\/eventos\/ods2022\/wp-json\/wp\/v2\/pages"}],"about":[{"href":"https:\/\/www.ull.es\/eventos\/ods2022\/wp-json\/wp\/v2\/types\/page"}],"author":[{"embeddable":true,"href":"https:\/\/www.ull.es\/eventos\/ods2022\/wp-json\/wp\/v2\/users\/14"}],"replies":[{"embeddable":true,"href":"https:\/\/www.ull.es\/eventos\/ods2022\/wp-json\/wp\/v2\/comments?post=60"}],"version-history":[{"count":41,"href":"https:\/\/www.ull.es\/eventos\/ods2022\/wp-json\/wp\/v2\/pages\/60\/revisions"}],"predecessor-version":[{"id":225,"href":"https:\/\/www.ull.es\/eventos\/ods2022\/wp-json\/wp\/v2\/pages\/60\/revisions\/225"}],"wp:attachment":[{"href":"https:\/\/www.ull.es\/eventos\/ods2022\/wp-json\/wp\/v2\/media?parent=60"}],"curies":[{"name":"wp","href":"https:\/\/api.w.org\/{rel}","templated":true}]}}