{"id":105,"date":"2023-06-02T11:21:21","date_gmt":"2023-06-02T11:21:21","guid":{"rendered":"https:\/\/www.ull.es\/eventos\/ods2023\/?page_id=105"},"modified":"2023-06-19T07:58:33","modified_gmt":"2023-06-19T07:58:33","slug":"105-2","status":"publish","type":"page","link":"https:\/\/www.ull.es\/eventos\/ods2023\/105-2\/","title":{"rendered":"Cr\u00e9ditos"},"content":{"rendered":"<p>[vc_row][vc_column width=\u00bb5\/6&#8243;][vc_custom_heading source=\u00bbpost_title\u00bb use_theme_fonts=\u00bbyes\u00bb][vc_tta_accordion color=\u00bbpurple\u00bb active_section=\u00bb\u00bb no_fill=\u00bbtrue\u00bb collapsible_all=\u00bbtrue\u00bb][vc_tta_section title=\u00bbEquipo organizador\u00bb tab_id=\u00bb1685962154383-38e7297e-a8d1&#8243;][vc_column_text]<span style=\"color: #3d3d3d;\"><b>Cintia Hern\u00e1ndez S\u00e1nchez<\/b><\/span><span style=\"color: #333333;\"><br \/>\n<\/span><span style=\"color: #3d3d3d;\">Profesora del \u00c1rea de Medicina Preventiva y Salud P\u00fablica.<\/span><\/p>\n<p><span style=\"color: #3d3d3d;\"><b>Cristopher Dom\u00ednguez Hern\u00e1ndez<\/b><\/span><span style=\"color: #333333;\"><br \/>\n<\/span><span style=\"color: #3d3d3d;\">Alumno de doctorado en Qu\u00edmica e Ingenier\u00eda Qu\u00edmica.<\/span><\/p>\n<p><strong>Javier Hern\u00e1ndez Borges<\/strong><span style=\"color: #333333;\"><br \/>\n<\/span><span style=\"color: #3d3d3d;\">Profesor del Departamento de Qu\u00edmica, \u00c1rea de Qu\u00edmica Anal\u00edtica.<\/span><\/p>\n<p><span style=\"color: #333333;\"><strong>Cristina Villanova Solano<\/strong><br \/>\nAlumna de doctorado en Biodiversidad y Conservaci\u00f3n.<\/span><\/p>\n<hr \/>\n<p><strong>Vicerrectorado de Sostenibilidad e Infraestructuras<\/strong>[\/vc_column_text][\/vc_tta_section][vc_tta_section title=\u00bbFotos y sus textos\u00bb tab_id=\u00bb1685962154410-25ec1271-80e1&#8243;][vc_column_text]<strong>Monitorizacio\u0301n volca\u0301nica<\/strong><br \/>\nTexto: Eugenio Fraile Nuez<br \/>\nFoto: Arturo Rodr\u00edguez<br \/>\nODS 14: Vida submarina<\/p>\n<p><strong>Volca\u0301n desde el mar<\/strong><br \/>\nTexto: Eugenio Fraile Nuez<br \/>\nFoto: Arturo Rodr\u00edguez<br \/>\nODS 14: Vida submarina<\/p>\n<p><strong>Camellos medicinales<\/strong><br \/>\nTexto: V\u00edctor Garc\u00eda Tagua<br \/>\nFoto: Yeray Brito<br \/>\nODS 3: Salud y bienestar<\/p>\n<p><strong>El mar no entiende de fronteras<\/strong><br \/>\nTexto: Cristopher Dom\u00ednguez Hern\u00e1ndez y Cintia Hern\u00e1ndez S\u00e1nchez<br \/>\nFoto: Cristopher Dom\u00ednguez Hern\u00e1ndez<br \/>\nODS12: Producci\u00f3n y consumo responsables<br \/>\nODS 14: Vida submarina<\/p>\n<p><strong>El ciclo del pl\u00e1stico<\/strong><br \/>\nTexto: Sergio \u00c1lvarez M\u00e9ndez<br \/>\nFoto: Sergio \u00c1lvarez M\u00e9ndez<br \/>\nODS 13: Acci\u00f3n por el clima<br \/>\nODS 15: Vida de ecosistemas terrestres<\/p>\n<p><strong>Sedimentos que miran al futuro<\/strong><br \/>\nTexto: <span style=\"color: #333333;\">Marga Jambrina<\/span><br \/>\nFoto: <span style=\"color: #333333;\">Marga Jambrina<\/span><br \/>\nODS 13: Acci\u00f3n por el clima<br \/>\nODS 15: Vida de ecosistemas terrestres<\/p>\n<p><strong>Flora<\/strong><br \/>\nFoto: Juana Mar\u00eda Gonz\u00e1lez Mancebo<br \/>\nTexto: Jonay Cubas<br \/>\nODS 15: Vida de ecosistemas terrestres<\/p>\n<p><strong>Vallas contra herb\u00edvoros<\/strong><br \/>\nTexto: Jonay Cubas<br \/>\nFoto: Jonay Cubas<br \/>\nODS 15: Vida de ecosistemas terrestres<\/p>\n<p><strong>Adaptaci\u00f3n y mitigaci\u00f3n<\/strong><br \/>\nTexto: Jonay Cubas<br \/>\nFoto: Juana Mar\u00eda Gonz\u00e1lez Mancebo<br \/>\nODS 15: Vida de ecosistemas terrestres<\/p>\n<p><strong>Matem\u00e1ticas para la sostenibilidad<\/strong><br \/>\nTexto: Israel Garc\u00eda Alonso<br \/>\nFoto: Israel Garc\u00eda Alonso<br \/>\nODS 4: Educaci\u00f3n de Calidad<\/p>\n<p><strong>Colonizaci\u00f3n caribe\u00f1a<\/strong><br \/>\nTexto: Sabrina Clemente<br \/>\nFoto: Sergio Moreno Borges<br \/>\nODS 14: Vida submarina<\/p>\n<p><strong>Flotador<\/strong><br \/>\nTexto: Sabrina Clemente<br \/>\nFoto: Sergio Moreno Borges<br \/>\nODS 14: Vida submarina<\/p>\n<p><em><strong>Tubastraea y Oculina<\/strong><\/em><br \/>\nTexto: Sabrina Clemente<br \/>\nFoto: Adriana Rodr\u00edguez Hern\u00e1ndes<br \/>\nODS 14: Vida submarina<\/p>\n<p><strong>Educaci\u00f3n medioambiental<\/strong><br \/>\nTexto: Sara Gonz\u00e1lez P\u00e9rez<br \/>\nFoto: Sara Gonz\u00e1lez P\u00e9rez<br \/>\nODS 15: Vida de ecosistemas terrestres<\/p>\n<p><strong>Del mar al laboratorio<\/strong><br \/>\nTexto: Soraya Paz Montelongo<br \/>\nFoto: Soraya Paz Montelongo<br \/>\nODS 2: Hambre cero[\/vc_column_text][vc_row_inner gap=\u00bb35&#8243;][vc_column_inner width=\u00bb1\/6&#8243;][vc_single_image image=\u00bb174&#8243; img_size=\u00bbfull\u00bb onclick=\u00bbimg_link_large\u00bb][\/vc_column_inner][vc_column_inner width=\u00bb1\/6&#8243;][vc_single_image image=\u00bb173&#8243; img_size=\u00bbfull\u00bb onclick=\u00bbimg_link_large\u00bb][\/vc_column_inner][vc_column_inner width=\u00bb1\/6&#8243;][vc_single_image image=\u00bb172&#8243; img_size=\u00bbfull\u00bb onclick=\u00bbimg_link_large\u00bb][\/vc_column_inner][vc_column_inner width=\u00bb2\/6&#8243;][vc_single_image image=\u00bb210&#8243; img_size=\u00bbfull\u00bb onclick=\u00bbimg_link_large\u00bb][\/vc_column_inner][vc_column_inner width=\u00bb1\/6&#8243;][vc_single_image image=\u00bb209&#8243; img_size=\u00bbfull\u00bb onclick=\u00bbimg_link_large\u00bb][\/vc_column_inner][\/vc_row_inner][\/vc_tta_section][vc_tta_section title=\u00bbEquipo de la Biblioteca\u00bb tab_id=\u00bb1685962488365-fce7411a-cbab\u00bb][vc_column_text]<strong><img loading=\"lazy\" decoding=\"async\" class=\"size-full wp-image-114 alignnone\" src=\"http:\/\/www.ull.es\/eventos\/ods2023\/wp-content\/uploads\/sites\/55\/2023\/06\/marca-universidad-de-la-laguna-original-e1654075059751.jpg\" alt=\"\" width=\"144\" height=\"35\" \/><\/strong><\/p>\n<p>&nbsp;<\/p>\n<p><strong>Documentaci\u00f3n<\/strong><br \/>\nIsabel Mar\u00eda Exp\u00f3sito Pestano<br \/>\nDelfina Galv\u00e1n Alonso<br \/>\nConcepci\u00f3n Gonz\u00e1lez Gil<br \/>\nM\u00aaJes\u00fas Moreno Lorenzo<\/p>\n<p><strong>Maquetaci\u00f3n y dise\u00f1o<\/strong><br \/>\nIsmael Garc\u00eda<\/p>\n<p><strong>Coordinaci\u00f3n<\/strong><br \/>\nLiti Garc\u00eda-Ramos Medina<br \/>\nF\u00e1tima Sainz Sainz[\/vc_column_text][\/vc_tta_section][\/vc_tta_accordion][vc_row_inner][vc_column_inner][vc_separator][vc_empty_space][\/vc_column_inner][\/vc_row_inner][\/vc_column][vc_column width=\u00bb1\/6&#8243;][\/vc_column][\/vc_row]<\/p>\n","protected":false},"excerpt":{"rendered":"<p>[vc_row][vc_column width=\u00bb5\/6&#8243;][vc_custom_heading source=\u00bbpost_title\u00bb use_theme_fonts=\u00bbyes\u00bb][vc_tta_accordion color=\u00bbpurple\u00bb active_section=\u00bb\u00bb no_fill=\u00bbtrue\u00bb collapsible_all=\u00bbtrue\u00bb][vc_tta_section title=\u00bbEquipo organizador\u00bb tab_id=\u00bb1685962154383-38e7297e-a8d1&#8243;][vc_column_text]Cintia Hern\u00e1ndez S\u00e1nchez Profesora del \u00c1rea de Medicina Preventiva y Salud P\u00fablica. Cristopher Dom\u00ednguez Hern\u00e1ndez Alumno de doctorado en Qu\u00edmica e Ingenier\u00eda Qu\u00edmica. Javier Hern\u00e1ndez Borges Profesor del Departamento de Qu\u00edmica, \u00c1rea de Qu\u00edmica Anal\u00edtica. Cristina Villanova Solano Alumna de doctorado en Biodiversidad y Conservaci\u00f3n&#8230;.<\/p>\n","protected":false},"author":14,"featured_media":0,"parent":0,"menu_order":0,"comment_status":"closed","ping_status":"closed","template":"templates\/template-no-title.php","meta":{"footnotes":""},"class_list":["post-105","page","type-page","status-publish","hentry"],"_links":{"self":[{"href":"https:\/\/www.ull.es\/eventos\/ods2023\/wp-json\/wp\/v2\/pages\/105"}],"collection":[{"href":"https:\/\/www.ull.es\/eventos\/ods2023\/wp-json\/wp\/v2\/pages"}],"about":[{"href":"https:\/\/www.ull.es\/eventos\/ods2023\/wp-json\/wp\/v2\/types\/page"}],"author":[{"embeddable":true,"href":"https:\/\/www.ull.es\/eventos\/ods2023\/wp-json\/wp\/v2\/users\/14"}],"replies":[{"embeddable":true,"href":"https:\/\/www.ull.es\/eventos\/ods2023\/wp-json\/wp\/v2\/comments?post=105"}],"version-history":[{"count":24,"href":"https:\/\/www.ull.es\/eventos\/ods2023\/wp-json\/wp\/v2\/pages\/105\/revisions"}],"predecessor-version":[{"id":233,"href":"https:\/\/www.ull.es\/eventos\/ods2023\/wp-json\/wp\/v2\/pages\/105\/revisions\/233"}],"wp:attachment":[{"href":"https:\/\/www.ull.es\/eventos\/ods2023\/wp-json\/wp\/v2\/media?parent=105"}],"curies":[{"name":"wp","href":"https:\/\/api.w.org\/{rel}","templated":true}]}}