{"id":145,"date":"2023-06-05T08:41:09","date_gmt":"2023-06-05T08:41:09","guid":{"rendered":"https:\/\/www.ull.es\/eventos\/ods2023\/?page_id=145"},"modified":"2023-06-05T13:29:09","modified_gmt":"2023-06-05T13:29:09","slug":"grupos-de-investigacion","status":"publish","type":"page","link":"https:\/\/www.ull.es\/eventos\/ods2023\/grupos-de-investigacion\/","title":{"rendered":"Grupos de Investigaci\u00f3n"},"content":{"rendered":"<p>[vc_row][vc_column width=\u00bb2\/3&#8243;][vc_custom_heading source=\u00bbpost_title\u00bb use_theme_fonts=\u00bbyes\u00bb][vc_column_text]<span style=\"color: #000000;\">AChem:\u00a0 Applied Analytical Chemistry.<\/span><span style=\"color: #333333;\"><br \/>\n<\/span><a href=\"https:\/\/portalciencia.ull.es\/grupos\/6404\/detalle\" target=\"_blank\" rel=\"noopener\"><span style=\"color: #1155cc;\">https:\/\/portalciencia.ull.es\/grupos\/6404\/detalle<\/span><\/a><\/p>\n<p><span style=\"color: #3a3a3a;\">BIOECOMAC: Biodiversidad, Ecolog\u00eda marina y Conservaci\u00f3n.<\/span> <a href=\"https:\/\/portalciencia.ull.es\/grupos\/6362\/detalle\" target=\"_blank\" rel=\"noopener\"><span style=\"color: #1155cc;\">https:\/\/portalciencia.ull.es\/grupos\/6362\/detalle<\/span><\/a><\/p>\n<p><span style=\"color: #000000;\">Cambios Clim\u00e1ticos R\u00e1pidos e Impacto Humano en Canarias: herramientas para la predicci\u00f3n de riesgos clim\u00e1ticos e impactos ambientales futuros a partir de paleoregistros. <\/span><a href=\"https:\/\/portalciencia.ull.es\/proyectos\/272632\/detalle\" target=\"_blank\" rel=\"noopener\"><span style=\"color: #990000;\"><span style=\"color: #000000;\">https:\/\/portalciencia.ull.es\/proyectos\/272632\/detalle<\/span><\/span><\/a><\/p>\n<p><span style=\"color: #000000;\">Ecolog\u00eda de comunidades marinas y cambio clim\u00e1tico.<\/span><span style=\"color: #333333;\"><br \/>\n<\/span><a href=\"https:\/\/portalciencia.ull.es\/grupos\/6427\/detalle\" target=\"_blank\" rel=\"noopener\"><span style=\"color: #1155cc;\">https:\/\/portalciencia.ull.es\/grupos\/6427\/detalle<\/span><\/a><span style=\"color: #333333;\"><br \/>\n<b><br \/>\n<\/b><\/span><span style=\"color: #000000;\">EpiGeM<\/span><span style=\"color: #333333;\"><br \/>\n<\/span><span style=\"color: #000000;\">EPIDEMIOLOG\u00cdA CL\u00cdNICA, GEN\u00c9TICA Y MOLECULAR.<\/span><span style=\"color: #333333;\"><br \/>\n<\/span><a href=\"https:\/\/portalciencia.ull.es\/grupos\/24600\/detalle\" target=\"_blank\" rel=\"noopener\"><span style=\"color: #1155cc;\">https:\/\/portalciencia.ull.es\/grupos\/24600\/detalle<\/span><\/a><\/p>\n<p>Fundaci\u00f3n Canarina: Naturaleza y Medio Ambiente. Proyecto MICROTEI: An\u00e1lisis de la presencia de micropl\u00e1sticos en el parque nacional del Teide. <span style=\"color: #1155cc;\"><u>\u00a0<\/u><a href=\"https:\/\/fundacioncanarina.org\/proyecto-microtei\/\" target=\"_blank\" rel=\"noopener\">https:\/\/fundacioncanarina.org\/proyecto-microtei\/<\/a><\/span><span style=\"color: #333333;\"><br \/>\n<\/span><span style=\"color: #000000;\">Geolog\u00eda y Vulcanolog\u00eda de las Islas Canarias.<\/span><span style=\"color: #333333;\"><br \/>\n<\/span><a href=\"https:\/\/portalciencia.ull.es\/grupos\/6254\/detalle\" target=\"_blank\" rel=\"noopener\"><span style=\"color: #1155cc;\">https:\/\/portalciencia.ull.es\/grupos\/6254\/detalle<\/span><\/a><\/p>\n<p><span style=\"color: #000000;\">Instituto Espa\u00f1ol de Oceanograf\u00eda y Consejo Superior de Investigaciones Cient\u00edficas IEO-CSIC.<\/span><span style=\"color: #333333;\"><br \/>\n<\/span><a href=\"https:\/\/www.ieo.es\/es_ES\/web\/ieo\/grupos-de-investigacion\" target=\"_blank\" rel=\"noopener\"><span style=\"color: #1155cc;\">https:\/\/www.ieo.es\/es_ES\/web\/ieo\/grupos-de-investigacion<\/span><\/a><\/p>\n<p><span style=\"color: #000000;\">PALEOMOL_Clima, vegetaci\u00f3n e impacto cultural durante el Holoceno en paleoregistros moleculares del PN de la Caldera de Taburiente y PN de Garajonay.<\/span> <a href=\"https:\/\/portalciencia.ull.es\/proyectos\/272629\/detalle\" target=\"_blank\" rel=\"noopener\"><span style=\"color: #1155cc;\">https:\/\/portalciencia.ull.es\/proyectos\/272629\/detalle<\/span><\/a><\/p>\n<p><span style=\"color: #000000;\">Plant Conservation and Biogeography.<\/span><span style=\"color: #333333;\"><br \/>\n<\/span><a href=\"https:\/\/portalciencia.ull.es\/grupos\/6389\/detalle\" target=\"_blank\" rel=\"noopener\"><span style=\"color: #1155cc;\">https:\/\/portalciencia.ull.es\/grupos\/6389\/detalle<\/span><\/a><\/p>\n<p><span style=\"color: #000000;\">Sociolog\u00eda del trabajo y el empleo.<\/span><span style=\"color: #333333;\"><br \/>\n<a href=\"https:\/\/portalciencia.ull.es\/investigadores\/80822\/detalle\" target=\"_blank\" rel=\"noopener\">https:\/\/portalciencia.ull.es\/investigadores\/80822\/detalle<\/a><\/span>[\/vc_column_text][\/vc_column][vc_column width=\u00bb1\/3&#8243;][\/vc_column][\/vc_row]<\/p>\n","protected":false},"excerpt":{"rendered":"<p>[vc_row][vc_column width=\u00bb2\/3&#8243;][vc_custom_heading source=\u00bbpost_title\u00bb use_theme_fonts=\u00bbyes\u00bb][vc_column_text]AChem:\u00a0 Applied Analytical Chemistry. https:\/\/portalciencia.ull.es\/grupos\/6404\/detalle BIOECOMAC: Biodiversidad, Ecolog\u00eda marina y Conservaci\u00f3n. https:\/\/portalciencia.ull.es\/grupos\/6362\/detalle Cambios Clim\u00e1ticos R\u00e1pidos e Impacto Humano en Canarias: herramientas para la predicci\u00f3n de riesgos clim\u00e1ticos e impactos ambientales futuros a partir de paleoregistros. https:\/\/portalciencia.ull.es\/proyectos\/272632\/detalle Ecolog\u00eda de comunidades marinas y cambio clim\u00e1tico. https:\/\/portalciencia.ull.es\/grupos\/6427\/detalle EpiGeM EPIDEMIOLOG\u00cdA CL\u00cdNICA, GEN\u00c9TICA Y MOLECULAR. https:\/\/portalciencia.ull.es\/grupos\/24600\/detalle Fundaci\u00f3n&#8230;<\/p>\n","protected":false},"author":14,"featured_media":0,"parent":0,"menu_order":0,"comment_status":"closed","ping_status":"closed","template":"","meta":{"footnotes":""},"class_list":["post-145","page","type-page","status-publish","hentry"],"_links":{"self":[{"href":"https:\/\/www.ull.es\/eventos\/ods2023\/wp-json\/wp\/v2\/pages\/145"}],"collection":[{"href":"https:\/\/www.ull.es\/eventos\/ods2023\/wp-json\/wp\/v2\/pages"}],"about":[{"href":"https:\/\/www.ull.es\/eventos\/ods2023\/wp-json\/wp\/v2\/types\/page"}],"author":[{"embeddable":true,"href":"https:\/\/www.ull.es\/eventos\/ods2023\/wp-json\/wp\/v2\/users\/14"}],"replies":[{"embeddable":true,"href":"https:\/\/www.ull.es\/eventos\/ods2023\/wp-json\/wp\/v2\/comments?post=145"}],"version-history":[{"count":3,"href":"https:\/\/www.ull.es\/eventos\/ods2023\/wp-json\/wp\/v2\/pages\/145\/revisions"}],"predecessor-version":[{"id":203,"href":"https:\/\/www.ull.es\/eventos\/ods2023\/wp-json\/wp\/v2\/pages\/145\/revisions\/203"}],"wp:attachment":[{"href":"https:\/\/www.ull.es\/eventos\/ods2023\/wp-json\/wp\/v2\/media?parent=145"}],"curies":[{"name":"wp","href":"https:\/\/api.w.org\/{rel}","templated":true}]}}