{"id":15,"date":"2023-05-10T14:23:47","date_gmt":"2023-05-10T14:23:47","guid":{"rendered":"https:\/\/www.ull.es\/eventos\/ods2023\/?page_id=15"},"modified":"2023-06-05T13:45:02","modified_gmt":"2023-06-05T13:45:02","slug":"inicio","status":"publish","type":"page","link":"https:\/\/www.ull.es\/eventos\/ods2023\/","title":{"rendered":"S.O.S.TENIBILIDAD"},"content":{"rendered":"<p>[vc_row full_width=\u00bbstretch_row_content_no_spaces\u00bb][vc_column][rev_slider_vc alias=\u00bbportada_0ds_2023&#8243;][\/vc_column][\/vc_row][vc_row][vc_column width=\u00bb2\/3&#8243;][vc_custom_heading text=\u00bb\u00bb use_theme_fonts=\u00bbyes\u00bb][vc_column_text]<span style=\"color: #333333;\">Vivimos en un mundo din\u00e1mico, en constante transformaci\u00f3n, que se enfrenta a grandes desaf\u00edos medioambientales: el crecimiento demogr\u00e1fico, el cambio clim\u00e1tico o la transici\u00f3n sostenible hacia fuentes limpias para la producci\u00f3n de energ\u00eda son algunos ejemplos a nivel global.<\/span><\/p>\n<p>Adem\u00e1s, cada lugar concreto del planeta se enfrenta tambi\u00e9n a desaf\u00edos medioambientales locales; en el caso de Canarias, las especies invasoras, la crisis vulcanol\u00f3gica, la especulaci\u00f3n con el territorio, la contaminaci\u00f3n por micropl\u00e1sticos\u2026 son algunos de los retos a los que nos enfrentamos y para los que se necesitan soluciones consensuadas desde un punto de vista multidisciplinar, pero siempre en consonancia con la sostenibilidad.<\/p>\n<p>La sostenibilidad se define como el desarrollo de las sociedades que satisface las necesidades del presente sin comprometer la capacidad de las futuras generaciones, garantizando un equilibrio entre el cuidado medioambiental, el bienestar social y un desarrollo econ\u00f3mico basado en la eficiencia y el uso responsable de los recursos naturales, que son limitados. Para ello, ser\u00e1 imprescindible pasar de una econom\u00eda extractiva a una econom\u00eda circular que reduzca los niveles de consumo y reutilice las materias primas para no seguir destruyendo los h\u00e1bitats que conservan la biodiversidad y permiten nuestra vida en el planeta.<\/p>\n<p><span style=\"color: #3d3d3d;\">La sostenibilidad implica mirar al futuro y aunque la comunidad cient\u00edfica puede modelizar y dise\u00f1ar con t\u00e9rminos probabil\u00edsticos los escenarios posibles bas\u00e1ndose en estudios de campo o laboratorio, ning\u00fan modelo o predicci\u00f3n cient\u00edfica puede afirmar con plena certeza cu\u00e1l ser\u00e1 la reacci\u00f3n de la naturaleza ante los vertiginosos cambios producidos por la acci\u00f3n humana.<\/span><\/p>\n<p>La toma de decisiones deber\u00e1 hacerse siempre con el mayor conocimiento de las causas, recurriendo a grupos de investigaci\u00f3n cient\u00edfica que trabajan multidisciplinariamente para el bien com\u00fan. El mundo cient\u00edfico intenta cada a\u00f1o mejorar la comunicaci\u00f3n y transmitir de una manera m\u00e1s efectiva los conocimientos y evidencias obtenidas, luchando contra el negacionismo basado en hechos infundados y estudios incoherentes. Para ello, no existe una herramienta m\u00e1s potente que la educaci\u00f3n, promovida como uno de los objetivos del desarrollo sostenible de la Agenda 2030: <a href=\"https:\/\/www.un.org\/sustainabledevelopment\/es\/education\/\" target=\"_blank\" rel=\"noopener\" target=\"_blank\" rel=\"noopener\">ODS 4: Educaci\u00f3n de Calidad<\/a>.<\/p>\n<p>La exposici\u00f3n S.O.S.TENIBILIDAD 2023 trata de visibilizar el trabajo imprescindible que se realiza desde la comunidad cient\u00edfica para mejorar el conocimiento, la sostenibilidad y la mejora medioambiental de nuestras islas.[\/vc_column_text][\/vc_column][vc_column width=\u00bb1\/3&#8243;][vc_empty_space height=\u00bb64px\u00bb][vc_cta h2=\u00bbProyectos de investigaci\u00f3n\u00bb color=\u00bbmulled-wine\u00bb]<span style=\"color: #333333;\">Si quieres saber m\u00e1s, visita el <a href=\"https:\/\/portalciencia.ull.es\/\" target=\"_blank\" rel=\"noopener\" target=\"_blank\" rel=\"noopener\">Portal de Investigaci\u00f3n de La Universidad de La Laguna<\/a><\/span>[\/vc_cta][\/vc_column][\/vc_row]<\/p>\n","protected":false},"excerpt":{"rendered":"<p>[vc_row full_width=\u00bbstretch_row_content_no_spaces\u00bb][vc_column][rev_slider_vc alias=\u00bbportada_0ds_2023&#8243;][\/vc_column][\/vc_row][vc_row][vc_column width=\u00bb2\/3&#8243;][vc_custom_heading text=\u00bb\u00bb use_theme_fonts=\u00bbyes\u00bb][vc_column_text]Vivimos en un mundo din\u00e1mico, en constante transformaci\u00f3n, que se enfrenta a grandes desaf\u00edos medioambientales: el crecimiento demogr\u00e1fico, el cambio clim\u00e1tico o la transici\u00f3n sostenible hacia fuentes limpias para la producci\u00f3n de energ\u00eda son algunos ejemplos a nivel global. Adem\u00e1s, cada lugar concreto del planeta se enfrenta tambi\u00e9n a desaf\u00edos&#8230;<\/p>\n","protected":false},"author":38,"featured_media":0,"parent":0,"menu_order":0,"comment_status":"closed","ping_status":"closed","template":"templates\/template-frontpage.php","meta":{"footnotes":""},"class_list":["post-15","page","type-page","status-publish","hentry"],"_links":{"self":[{"href":"https:\/\/www.ull.es\/eventos\/ods2023\/wp-json\/wp\/v2\/pages\/15"}],"collection":[{"href":"https:\/\/www.ull.es\/eventos\/ods2023\/wp-json\/wp\/v2\/pages"}],"about":[{"href":"https:\/\/www.ull.es\/eventos\/ods2023\/wp-json\/wp\/v2\/types\/page"}],"author":[{"embeddable":true,"href":"https:\/\/www.ull.es\/eventos\/ods2023\/wp-json\/wp\/v2\/users\/38"}],"replies":[{"embeddable":true,"href":"https:\/\/www.ull.es\/eventos\/ods2023\/wp-json\/wp\/v2\/comments?post=15"}],"version-history":[{"count":12,"href":"https:\/\/www.ull.es\/eventos\/ods2023\/wp-json\/wp\/v2\/pages\/15\/revisions"}],"predecessor-version":[{"id":205,"href":"https:\/\/www.ull.es\/eventos\/ods2023\/wp-json\/wp\/v2\/pages\/15\/revisions\/205"}],"wp:attachment":[{"href":"https:\/\/www.ull.es\/eventos\/ods2023\/wp-json\/wp\/v2\/media?parent=15"}],"curies":[{"name":"wp","href":"https:\/\/api.w.org\/{rel}","templated":true}]}}