{"id":107,"date":"2020-03-17T12:23:22","date_gmt":"2020-03-17T12:23:22","guid":{"rendered":"http:\/\/www.ull.es\/eventos\/padronalbornoz\/?page_id=107"},"modified":"2021-04-22T12:24:31","modified_gmt":"2021-04-22T12:24:31","slug":"enlaces-de-interes","status":"publish","type":"page","link":"https:\/\/www.ull.es\/eventos\/padronalbornoz\/enlaces-de-interes\/","title":{"rendered":"Enlaces de inter\u00e9s"},"content":{"rendered":"<p>[vc_row equal_height=\u00bbyes\u00bb content_placement=\u00bbbottom\u00bb css=\u00bb.vc_custom_1612877787044{background-position: center !important;background-repeat: no-repeat !important;background-size: cover !important;}\u00bb][vc_column width=\u00bb1\/4&#8243;][vc_custom_heading text=\u00bbJuan Antonio Padr\u00f3n Albornoz\u00bb font_container=\u00bbtag:h1|font_size:3em|text_align:left|color:%23020202|line_height:100%25&#8243; google_fonts=\u00bbfont_family:Playfair%20Display%3Aregular%2Citalic%2C700%2C700italic%2C900%2C900italic|font_style:700%20bold%20italic%3A700%3Aitalic\u00bb link=\u00bburl:http%3A%2F%2Fwww.ull.es%2Feventos%2Fpadronalbornoz%2Fpresentacion%2F\u00bb][vc_empty_space][\/vc_column][vc_column width=\u00bb3\/4&#8243;][\/vc_column][\/vc_row][vc_row][vc_column width=\u00bb1\/4&#8243;][vc_separator color=\u00bbcustom\u00bb accent_color=\u00bb#8e8e8e\u00bb][vc_empty_space][vc_custom_heading text=\u00bbEnlaces de inter\u00e9s\u00bb font_container=\u00bbtag:h2|text_align:left|color:%23020202&#8243; google_fonts=\u00bbfont_family:Playfair%20Display%3Aregular%2Citalic%2C700%2C700italic%2C900%2C900italic|font_style:400%20italic%3A400%3Aitalic\u00bb][\/vc_column][vc_column width=\u00bb3\/4&#8243;][vc_separator color=\u00bbcustom\u00bb accent_color=\u00bb#8e8e8e\u00bb][vc_tta_accordion active_section=\u00bb0&#8243;][vc_tta_section title=\u00bbInstituciones y asociaciones\u00bb tab_id=\u00bb1584447635608-e38285f2-0551&#8243;][vc_column_text]<a href=\"http:\/\/www.puertosdetenerife.org\/\" target=\"_blank\" rel=\"noopener noreferrer\" target=\"_blank\" rel=\"noopener\">Puertos de Tenerife<\/a><\/p>\n<p><a href=\"http:\/\/www.sewss.org\/index.php?option=com_content&amp;view=frontpage&amp;Itemid=1\" target=\"_blank\" rel=\"noopener noreferrer\" target=\"_blank\" rel=\"noopener\">World Ship International. Sucursal Espa\u00f1ola<\/a><\/p>\n<p><a href=\"http:\/\/www.comme.org\/\" target=\"_blank\" rel=\"noopener noreferrer\" target=\"_blank\" rel=\"noopener\"><span lang=\"ES\">Colegio de Oficiales de\u00a0la Marina Mercante\u00a0Espa\u00f1ola<\/span><\/a><\/p>\n<p><a href=\"http:\/\/www.fomento.es\/MFOM\/LANG_CASTELLANO\/DIRECCIONES_GENERALES\/MARINA_MERCANTE\/\" target=\"_blank\" rel=\"noopener noreferrer\" target=\"_blank\" rel=\"noopener\">Direcci\u00f3n General de la Marina Mercante<\/a><\/p>\n<p><a href=\"http:\/\/www.imo.org\/Pages\/home.aspx\" target=\"_blank\" rel=\"noopener noreferrer\" target=\"_blank\" rel=\"noopener\">Organizaci\u00f3n Mar\u00edtima Internacional<\/a><\/p>\n<p><a href=\"http:\/\/www.oficialesdelamarinamercante.com\/\" target=\"_blank\" rel=\"noopener noreferrer\" target=\"_blank\" rel=\"noopener\">Asociaci\u00f3n Canaria de Oficiales de la Marina Mercante<\/a><\/p>\n<p><a href=\"http:\/\/www.iala-aism.org\/\" target=\"_blank\" rel=\"noopener noreferrer\" target=\"_blank\" rel=\"noopener\"><span class=\"bleu_fin\">International Association of Marine Aids to Navigation and Lighthouse Authorities<\/span><\/a><\/p>\n<p><a href=\"http:\/\/www.itu.int\/net\/home\/index.aspx\" target=\"_blank\" rel=\"noopener noreferrer\" target=\"_blank\" rel=\"noopener\">International Telecommunication Union<\/a><\/p>\n<p><a href=\"http:\/\/www.itfglobal.org\/language-selector.cfm\" target=\"_blank\" rel=\"noopener noreferrer\" target=\"_blank\" rel=\"noopener\">Federaci\u00f3n Internacional de los Trabajadores del Transporte<\/a><\/p>\n<p><a href=\"http:\/\/www.rin.org.uk\/\" target=\"_blank\" rel=\"noopener noreferrer\" target=\"_blank\" rel=\"noopener\">Royal Institute of Navigation<\/a><\/p>\n<p><a href=\"http:\/\/www.tecnicanaviera.com\/\" target=\"_blank\" rel=\"noopener noreferrer\" target=\"_blank\" rel=\"noopener\">T\u00e9cnica Naviera<\/a><\/p>\n<p><a href=\"http:\/\/www.marinacivil.com\/articulos\/\" target=\"_blank\" rel=\"noopener noreferrer\" target=\"_blank\" rel=\"noopener\">Asociaci\u00f3n Espa\u00f1ola de Marina Civil<\/a><\/p>\n<p><a href=\"http:\/\/are.iespana.es\/\" target=\"_blank\" rel=\"noopener noreferrer\" target=\"_blank\" rel=\"noopener\"><span style=\"font-family: Arial\">Asociaci\u00f3n de Radiotelegrafistas y Oficiales Radioelectr\u00f3nicos de la Marina Mercante<\/span><\/a>[\/vc_column_text][\/vc_tta_section][vc_tta_section title=\u00bbNavieras\u00bb tab_id=\u00bb1584447635621-4c05d126-d6e5&#8243;][vc_column_text]<a href=\"http:\/\/www.trasmediterranea.es\/\" target=\"_blank\" rel=\"noopener noreferrer\" target=\"_blank\" rel=\"noopener\">Trasmediterr\u00e1nea<\/a><\/p>\n<p><a href=\"http:\/\/www.iscomar.com\/\" target=\"_blank\" rel=\"noopener noreferrer\" target=\"_blank\" rel=\"noopener\">Iscomar<\/a><\/p>\n<p><a href=\"http:\/\/www.contenemar.es\/\" target=\"_blank\" rel=\"noopener noreferrer\" target=\"_blank\" rel=\"noopener\">Contenemar<\/a><\/p>\n<p><a href=\"http:\/\/www.euroferrys.com\/\" target=\"_blank\" rel=\"noopener noreferrer\" target=\"_blank\" rel=\"noopener\">Euroferrys<\/a><\/p>\n<p><a href=\"http:\/\/www.boluda.com.es\/\" target=\"_blank\" rel=\"noopener noreferrer\" target=\"_blank\" rel=\"noopener\">Boluda<\/a><\/p>\n<p><a href=\"http:\/\/www.suardiaz.com\/eContent\/home.asp\" target=\"_blank\" rel=\"noopener noreferrer\" target=\"_blank\" rel=\"noopener\">Suardiaz<\/a><\/p>\n<p><a href=\"http:\/\/www.petrogas.es\/contacto.html\" target=\"_blank\" rel=\"noopener noreferrer\" target=\"_blank\" rel=\"noopener\">Petrogas<\/a><\/p>\n<p><a href=\"http:\/\/www.fredolsen.es\/\" target=\"_blank\" rel=\"noopener noreferrer\" target=\"_blank\" rel=\"noopener\">Fred.Olsen<\/a><\/p>\n<p><a href=\"http:\/\/www.navieraarmas.com\/index.php?id_pagina=1\" target=\"_blank\" rel=\"noopener noreferrer\" target=\"_blank\" rel=\"noopener\">Naviera Armas<\/a>[\/vc_column_text][\/vc_tta_section][vc_tta_section title=\u00bbEstudios de N\u00e1utica\u00bb tab_id=\u00bb1584447676199-3bc3d648-d853&#8243;][vc_column_text]<a href=\"http:\/\/www.ull.es\/view\/centros\/nautica\/Inicio\/es\" target=\"_blank\" rel=\"noopener noreferrer\" target=\"_blank\" rel=\"noopener\">Universidad de La Laguna<\/a><\/p>\n<p><a href=\"http:\/\/www2.uca.es\/facultad\/nauticas\/\" target=\"_blank\" rel=\"noopener noreferrer\" target=\"_blank\" rel=\"noopener\">Universidad de C\u00e1diz<\/a><\/p>\n<p><a href=\"http:\/\/www.fnb.upc.edu\/\" target=\"_blank\" rel=\"noopener noreferrer\" target=\"_blank\" rel=\"noopener\">Universitat Polit\u00e9cnica de Catalunya<\/a><\/p>\n<p><a href=\"http:\/\/www.nautika-itsasontzi-makineria.ehu.es\/p218-home\/es\/\" target=\"_blank\" rel=\"noopener noreferrer\" target=\"_blank\" rel=\"noopener\">Universidad del Pa\u00eds Vasco<\/a><\/p>\n<p><a href=\"http:\/\/www.unican.es\/Centros\/nautica\/\" target=\"_blank\" rel=\"noopener noreferrer\" target=\"_blank\" rel=\"noopener\">Universidad de Cantabria<\/a><\/p>\n<p><a href=\"http:\/\/www.nauticaymaquinas.es\/\" target=\"_blank\" rel=\"noopener noreferrer\" target=\"_blank\" rel=\"noopener\">Universidade da Coru\u00f1a<\/a>[\/vc_column_text][\/vc_tta_section][vc_tta_section title=\u00bbPortales mar\u00edtimos\u00bb tab_id=\u00bb1584447695301-fb98228c-1665&#8243;][vc_column_text]<a href=\"http:\/\/www.infobuques.com\/\" target=\"_blank\" rel=\"noopener noreferrer\" target=\"_blank\" rel=\"noopener\">Infobuques<\/a><\/p>\n<p><a href=\"http:\/\/w3.puertos.es\/es\/directorio\/entidades\/132.html\" target=\"_blank\" rel=\"noopener noreferrer\" target=\"_blank\" rel=\"noopener\">Portualia<\/a><\/p>\n<p><a href=\"http:\/\/www.men-car.com\/maritimas%20general.html\" target=\"_blank\" rel=\"noopener noreferrer\" target=\"_blank\" rel=\"noopener\">Diario Maritimas<\/a><\/p>\n<p><a href=\"http:\/\/www.miramarshipindex.org.nz\/links\" target=\"_blank\" rel=\"noopener noreferrer\" target=\"_blank\" rel=\"noopener\">Miramar Ship Index<\/a><\/p>\n<p><a href=\"http:\/\/www.equasis.org\/EquasisWeb\/public\/HomePage\" target=\"_blank\" rel=\"noopener noreferrer\" target=\"_blank\" rel=\"noopener\">Equasis<\/a><\/p>\n<p><a href=\"http:\/\/www.correillolapalma.com\/\" target=\"_blank\" rel=\"noopener noreferrer\" target=\"_blank\" rel=\"noopener\">Corre\u00edllo La Palma<\/a>[\/vc_column_text][\/vc_tta_section][vc_tta_section title=\u00bbLibrerias de N\u00e1utica\u00bb tab_id=\u00bb1584447715943-b8dd28cd-e368&#8243;][vc_column_text]<a href=\"http:\/\/www.nauticarobinson.com\/\" target=\"_blank\" rel=\"noopener\">Nautica Robinson<\/a>[\/vc_column_text][\/vc_tta_section][\/vc_tta_accordion][vc_empty_space][vc_separator color=\u00bbcustom\u00bb accent_color=\u00bb#8e8e8e\u00bb][\/vc_column][\/vc_row]<\/p>\n","protected":false},"excerpt":{"rendered":"<p>[vc_row equal_height=\u00bbyes\u00bb content_placement=\u00bbbottom\u00bb css=\u00bb.vc_custom_1612877787044{background-position: center !important;background-repeat: no-repeat !important;background-size: cover !important;}\u00bb][vc_column width=\u00bb1\/4&#8243;][vc_custom_heading text=\u00bbJuan Antonio Padr\u00f3n Albornoz\u00bb font_container=\u00bbtag:h1|font_size:3em|text_align:left|color:%23020202|line_height:100%25&#8243; google_fonts=\u00bbfont_family:Playfair%20Display%3Aregular%2Citalic%2C700%2C700italic%2C900%2C900italic|font_style:700%20bold%20italic%3A700%3Aitalic\u00bb link=\u00bburl:http%3A%2F%2Fwww.ull.es%2Feventos%2Fpadronalbornoz%2Fpresentacion%2F\u00bb][vc_empty_space][\/vc_column][vc_column width=\u00bb3\/4&#8243;][\/vc_column][\/vc_row][vc_row][vc_column width=\u00bb1\/4&#8243;][vc_separator color=\u00bbcustom\u00bb accent_color=\u00bb#8e8e8e\u00bb][vc_empty_space][vc_custom_heading text=\u00bbEnlaces de inter\u00e9s\u00bb font_container=\u00bbtag:h2|text_align:left|color:%23020202&#8243; google_fonts=\u00bbfont_family:Playfair%20Display%3Aregular%2Citalic%2C700%2C700italic%2C900%2C900italic|font_style:400%20italic%3A400%3Aitalic\u00bb][\/vc_column][vc_column width=\u00bb3\/4&#8243;][vc_separator color=\u00bbcustom\u00bb accent_color=\u00bb#8e8e8e\u00bb][vc_tta_accordion active_section=\u00bb0&#8243;][vc_tta_section title=\u00bbInstituciones y asociaciones\u00bb tab_id=\u00bb1584447635608-e38285f2-0551&#8243;][vc_column_text]Puertos de Tenerife World Ship International. Sucursal Espa\u00f1ola Colegio de Oficiales de\u00a0la Marina Mercante\u00a0Espa\u00f1ola Direcci\u00f3n General de la Marina Mercante Organizaci\u00f3n&#8230;<\/p>\n","protected":false},"author":14,"featured_media":0,"parent":0,"menu_order":0,"comment_status":"closed","ping_status":"closed","template":"templates\/template-no-title.php","meta":{"footnotes":""},"class_list":["post-107","page","type-page","status-publish","hentry"],"_links":{"self":[{"href":"https:\/\/www.ull.es\/eventos\/padronalbornoz\/wp-json\/wp\/v2\/pages\/107"}],"collection":[{"href":"https:\/\/www.ull.es\/eventos\/padronalbornoz\/wp-json\/wp\/v2\/pages"}],"about":[{"href":"https:\/\/www.ull.es\/eventos\/padronalbornoz\/wp-json\/wp\/v2\/types\/page"}],"author":[{"embeddable":true,"href":"https:\/\/www.ull.es\/eventos\/padronalbornoz\/wp-json\/wp\/v2\/users\/14"}],"replies":[{"embeddable":true,"href":"https:\/\/www.ull.es\/eventos\/padronalbornoz\/wp-json\/wp\/v2\/comments?post=107"}],"version-history":[{"count":9,"href":"https:\/\/www.ull.es\/eventos\/padronalbornoz\/wp-json\/wp\/v2\/pages\/107\/revisions"}],"predecessor-version":[{"id":247,"href":"https:\/\/www.ull.es\/eventos\/padronalbornoz\/wp-json\/wp\/v2\/pages\/107\/revisions\/247"}],"wp:attachment":[{"href":"https:\/\/www.ull.es\/eventos\/padronalbornoz\/wp-json\/wp\/v2\/media?parent=107"}],"curies":[{"name":"wp","href":"https:\/\/api.w.org\/{rel}","templated":true}]}}