{"id":15,"date":"2020-03-17T07:11:43","date_gmt":"2020-03-17T07:11:43","guid":{"rendered":"http:\/\/www.ull.es\/eventos\/padronalbornoz\/?page_id=15"},"modified":"2026-03-26T09:57:52","modified_gmt":"2026-03-26T09:57:52","slug":"presentacion","status":"publish","type":"page","link":"https:\/\/www.ull.es\/eventos\/padronalbornoz\/","title":{"rendered":"Archivo Padr\u00f3n Albornoz"},"content":{"rendered":"<p>[vc_row equal_height=\u00bbyes\u00bb content_placement=\u00bbbottom\u00bb css=\u00bb.vc_custom_1618398886413{background-position: center !important;background-repeat: no-repeat !important;background-size: cover !important;}\u00bb][vc_column width=\u00bb1\/4&#8243;][vc_empty_space][vc_custom_heading text=\u00bbJuan Antonio Padr\u00f3n Albornoz\u00bb font_container=\u00bbtag:h1|font_size:3em|text_align:left|color:%23020202|line_height:100%25&#8243; google_fonts=\u00bbfont_family:Playfair%20Display%3Aregular%2Citalic%2C700%2C700italic%2C900%2C900italic|font_style:700%20bold%20italic%3A700%3Aitalic\u00bb link=\u00bburl:http%3A%2F%2Fwww.ull.es%2Feventos%2Fpadronalbornoz%2Fpresentacion%2F\u00bb][vc_raw_html]JTNDc21hbGwlMjBjbGFzcyUzRCUyMmxlZ2Fkby1kb3MlMjIlM0VTYW50YSUyMENydXolMjBkZSUyMFRlbmVyaWZlJTJDJTIwMTkyOS0xOTkyJTNDJTJGc21hbGwlM0UlM0MlMkZzbWFsbCUzRQ==[\/vc_raw_html][\/vc_column][vc_column width=\u00bb3\/4&#8243;][vc_single_image image=\u00bb219&#8243; img_size=\u00bblarge\u00bb css_animation=\u00bbfadeIn\u00bb][\/vc_column][\/vc_row][vc_row][vc_column width=\u00bb1\/4&#8243;][vc_separator color=\u00bbcustom\u00bb accent_color=\u00bb#8e8e8e\u00bb][\/vc_column][vc_column width=\u00bb3\/4&#8243;][vc_separator color=\u00bbcustom\u00bb accent_color=\u00bb#8e8e8e\u00bb][\/vc_column][\/vc_row][vc_row gap=\u00bb30&#8243;][vc_column width=\u00bb1\/4&#8243;][vc_btn title=\u00bbFicha de descripci\u00f3n\u00bb style=\u00bboutline-custom\u00bb outline_custom_color=\u00bb#666666&#8243; outline_custom_hover_background=\u00bb#383838&#8243; outline_custom_hover_text=\u00bb#ffffff\u00bb size=\u00bbsm\u00bb i_icon_fontawesome=\u00bbfar fa-address-card\u00bb add_icon=\u00bbtrue\u00bb link=\u00bburl:https%3A%2F%2Fdocs.google.com%2Fdocument%2Fd%2F1s9bcuN90X1R8Zdibl9bUmMJ8ShF5N39ahs9qEWwvslo%2Fedit%3Fusp%3Dsharing|target:_blank\u00bb][vc_empty_space][\/vc_column][vc_column width=\u00bb3\/4&#8243;][vc_column_text]En el a\u00f1o 1999, Mar\u00eda de los \u00c1ngeles Sabina Rodr\u00edguez, viuda de Juan Antonio Padr\u00f3n Albornoz, don\u00f3 la colecci\u00f3n bibliogr\u00e1fica, fotogr\u00e1fica y documental de su marido, indicando su deseo expreso de que fuera ubicada en la Biblioteca de la actual Escuela T\u00e9cnica Superior de N\u00e1utica, M\u00e1quinas y Radioelectr\u00f3nica Naval de la Universidad de La Laguna.<\/p>\n<p>El legado pas\u00f3 a engrosar los fondos de la biblioteca de la Escuela y se convirti\u00f3 en una fuente documental de gran inter\u00e9s para trabajos de investigaci\u00f3n en el \u00e1mbito mar\u00edtimo.<\/p>\n<p>Desde entonces, ha sido objetivo de la Universidad de La Laguna poner a disposici\u00f3n de la comunidad universitaria, investigadores y ciudadanos en general, la importante documentaci\u00f3n que contiene este archivo. Para ello, en el a\u00f1o 2007 firm\u00f3 un convenio con la Fundaci\u00f3n Corre\u00edllo La Palma, por el cual \u00e9sta se compromet\u00eda a digitalizar las fotograf\u00edas, postales y parte de los negativos donados.<\/p>\n<p>A trav\u00e9s de este material, que conforma el contenido de esta p\u00e1gina web, se pretende rescatar la figura del periodista y erudito Juan Antonio Padr\u00f3n Albornoz, gracias al patrocinio desinteresado de la Autoridad Portuaria de Santa Cruz de Tenerife.[\/vc_column_text][\/vc_column][\/vc_row][vc_row gap=\u00bb30&#8243;][vc_column width=\u00bb1\/4&#8243;][vc_separator color=\u00bbcustom\u00bb accent_color=\u00bb#8e8e8e\u00bb][\/vc_column][vc_column width=\u00bb3\/4&#8243;][vc_separator color=\u00bbcustom\u00bb accent_color=\u00bb#8e8e8e\u00bb][\/vc_column][\/vc_row][vc_row gap=\u00bb30&#8243;][vc_column width=\u00bb1\/4&#8243;][vc_btn title=\u00bbPortal de archivos personales\u00bb style=\u00bboutline-custom\u00bb outline_custom_color=\u00bb#666666&#8243; outline_custom_hover_background=\u00bb#383838&#8243; outline_custom_hover_text=\u00bb#ffffff\u00bb size=\u00bbxs\u00bb align=\u00bbleft\u00bb button_block=\u00bbtrue\u00bb link=\u00bburl:https%3A%2F%2Fwww.ull.es%2Fservicios%2Fbiblioteca%2Farchivos-personales%2F|target:_blank\u00bb][vc_btn title=\u00bbBiblioteca de la Universidad de La Laguna\u00bb style=\u00bboutline-custom\u00bb outline_custom_color=\u00bb#666666&#8243; outline_custom_hover_background=\u00bb#383838&#8243; outline_custom_hover_text=\u00bb#ffffff\u00bb size=\u00bbxs\u00bb align=\u00bbleft\u00bb button_block=\u00bbtrue\u00bb link=\u00bburl:https%3A%2F%2Fwww.ull.es%2Fservicios%2Fbiblioteca%2F\u00bb][\/vc_column][vc_column width=\u00bb3\/4&#8243;][vc_tta_tabs style=\u00bbmodern\u00bb shape=\u00bbsquare\u00bb active_section=\u00bb0&#8243; no_fill_content_area=\u00bbtrue\u00bb][vc_tta_section title=\u00bbC\u00f3mo citar estos documentos\u00bb tab_id=\u00bb1618318240487-4e23a60e-2a3c\u00bb][vc_column_text]<span style=\"color: #333333\"><b>Cita\u00a0 del archivo completo<br \/>\n<\/b><\/span><span style=\"color: #3d3d3d\">Biblioteca ULL. Archivo personal de\u00a0<\/span><span style=\"color: #333333\">Juan Antonio Padr\u00f3n Albornoz<br \/>\n<\/span><span style=\"color: #3d3d3d\">Biblioteca ULL. AP JAPA<\/span><\/p>\n<p><span style=\"color: #333333\"><b>Cita de un documento concreto<br \/>\n<\/b>Biblioteca ULL. [Signatura del documento]<br \/>\nEj.: Biblioteca ULL.F 840 BG<\/span>[\/vc_column_text][\/vc_tta_section][vc_tta_section title=\u00bbLocalizaci\u00f3n\u00bb tab_id=\u00bb1618318240469-d3be2fb6-26d6&#8243;][vc_column_text]<span style=\"color: #3d3d3d\">Universidad de La Laguna<\/span><span style=\"color: #333333\"><br \/>\n<\/span><span style=\"color: #3d3d3d\">Biblioteca de Na\u00fatica<\/span><span style=\"color: #333333\"><br \/>\n<\/span><span style=\"color: #3d3d3d\">V\u00eda Auxiliar Paso Alto, 2<\/span><span style=\"color: #333333\"><br \/>\n<\/span><span style=\"color: #3d3d3d\">Santa Cruz de Tenerife<\/span>[\/vc_column_text][\/vc_tta_section][vc_tta_section title=\u00bbDatos de contacto\u00bb tab_id=\u00bb1618318268154-d06e4d8b-8003&#8243;][vc_column_text]<span style=\"color: #3d3d3d\">Orlando Betancor Martel<\/span><span style=\"color: #333333\"><br \/>\n<a href=\"mailto:mjmoreno@ull.es\" target=\"_blank\" rel=\"noopener\">obetanco@ull.es<\/a><\/span>[\/vc_column_text][\/vc_tta_section][\/vc_tta_tabs][\/vc_column][\/vc_row][vc_row][vc_column][vc_separator color=\u00bbcustom\u00bb accent_color=\u00bb#8e8e8e\u00bb][\/vc_column][\/vc_row]<\/p>\n","protected":false},"excerpt":{"rendered":"<p>[vc_row equal_height=\u00bbyes\u00bb content_placement=\u00bbbottom\u00bb css=\u00bb.vc_custom_1618398886413{background-position: center !important;background-repeat: no-repeat !important;background-size: cover !important;}\u00bb][vc_column width=\u00bb1\/4&#8243;][vc_empty_space][vc_custom_heading text=\u00bbJuan Antonio Padr\u00f3n Albornoz\u00bb font_container=\u00bbtag:h1|font_size:3em|text_align:left|color:%23020202|line_height:100%25&#8243; google_fonts=\u00bbfont_family:Playfair%20Display%3Aregular%2Citalic%2C700%2C700italic%2C900%2C900italic|font_style:700%20bold%20italic%3A700%3Aitalic\u00bb link=\u00bburl:http%3A%2F%2Fwww.ull.es%2Feventos%2Fpadronalbornoz%2Fpresentacion%2F\u00bb][vc_raw_html]JTNDc21hbGwlMjBjbGFzcyUzRCUyMmxlZ2Fkby1kb3MlMjIlM0VTYW50YSUyMENydXolMjBkZSUyMFRlbmVyaWZlJTJDJTIwMTkyOS0xOTkyJTNDJTJGc21hbGwlM0UlM0MlMkZzbWFsbCUzRQ==[\/vc_raw_html][\/vc_column][vc_column width=\u00bb3\/4&#8243;][vc_single_image image=\u00bb219&#8243; img_size=\u00bblarge\u00bb css_animation=\u00bbfadeIn\u00bb][\/vc_column][\/vc_row][vc_row][vc_column width=\u00bb1\/4&#8243;][vc_separator color=\u00bbcustom\u00bb accent_color=\u00bb#8e8e8e\u00bb][\/vc_column][vc_column width=\u00bb3\/4&#8243;][vc_separator color=\u00bbcustom\u00bb accent_color=\u00bb#8e8e8e\u00bb][\/vc_column][\/vc_row][vc_row gap=\u00bb30&#8243;][vc_column width=\u00bb1\/4&#8243;][vc_btn title=\u00bbFicha de descripci\u00f3n\u00bb style=\u00bboutline-custom\u00bb outline_custom_color=\u00bb#666666&#8243; outline_custom_hover_background=\u00bb#383838&#8243; outline_custom_hover_text=\u00bb#ffffff\u00bb size=\u00bbsm\u00bb i_icon_fontawesome=\u00bbfar fa-address-card\u00bb add_icon=\u00bbtrue\u00bb link=\u00bburl:https%3A%2F%2Fdocs.google.com%2Fdocument%2Fd%2F1s9bcuN90X1R8Zdibl9bUmMJ8ShF5N39ahs9qEWwvslo%2Fedit%3Fusp%3Dsharing|target:_blank\u00bb][vc_empty_space][\/vc_column][vc_column width=\u00bb3\/4&#8243;][vc_column_text]En el a\u00f1o 1999, Mar\u00eda de los \u00c1ngeles Sabina Rodr\u00edguez, viuda de Juan&#8230;<\/p>\n","protected":false},"author":14,"featured_media":0,"parent":0,"menu_order":0,"comment_status":"closed","ping_status":"closed","template":"templates\/template-no-title.php","meta":{"footnotes":""},"class_list":["post-15","page","type-page","status-publish","hentry"],"_links":{"self":[{"href":"https:\/\/www.ull.es\/eventos\/padronalbornoz\/wp-json\/wp\/v2\/pages\/15"}],"collection":[{"href":"https:\/\/www.ull.es\/eventos\/padronalbornoz\/wp-json\/wp\/v2\/pages"}],"about":[{"href":"https:\/\/www.ull.es\/eventos\/padronalbornoz\/wp-json\/wp\/v2\/types\/page"}],"author":[{"embeddable":true,"href":"https:\/\/www.ull.es\/eventos\/padronalbornoz\/wp-json\/wp\/v2\/users\/14"}],"replies":[{"embeddable":true,"href":"https:\/\/www.ull.es\/eventos\/padronalbornoz\/wp-json\/wp\/v2\/comments?post=15"}],"version-history":[{"count":40,"href":"https:\/\/www.ull.es\/eventos\/padronalbornoz\/wp-json\/wp\/v2\/pages\/15\/revisions"}],"predecessor-version":[{"id":265,"href":"https:\/\/www.ull.es\/eventos\/padronalbornoz\/wp-json\/wp\/v2\/pages\/15\/revisions\/265"}],"wp:attachment":[{"href":"https:\/\/www.ull.es\/eventos\/padronalbornoz\/wp-json\/wp\/v2\/media?parent=15"}],"curies":[{"name":"wp","href":"https:\/\/api.w.org\/{rel}","templated":true}]}}