{"id":231,"date":"2021-04-22T12:13:22","date_gmt":"2021-04-22T12:13:22","guid":{"rendered":"https:\/\/www.ull.es\/eventos\/padronalbornoz\/?page_id=231"},"modified":"2021-04-22T12:14:15","modified_gmt":"2021-04-22T12:14:15","slug":"monografias","status":"publish","type":"page","link":"https:\/\/www.ull.es\/eventos\/padronalbornoz\/monografias\/","title":{"rendered":"Monograf\u00edas"},"content":{"rendered":"<p>[vc_row equal_height=\u00bbyes\u00bb content_placement=\u00bbbottom\u00bb css=\u00bb.vc_custom_1612877787044{background-position: center !important;background-repeat: no-repeat !important;background-size: cover !important;}\u00bb][vc_column width=\u00bb1\/4&#8243;][vc_custom_heading text=\u00bbJuan Antonio Padr\u00f3n Albornoz\u00bb font_container=\u00bbtag:h1|font_size:3em|text_align:left|color:%23020202|line_height:100%25&#8243; google_fonts=\u00bbfont_family:Playfair%20Display%3Aregular%2Citalic%2C700%2C700italic%2C900%2C900italic|font_style:700%20bold%20italic%3A700%3Aitalic\u00bb link=\u00bburl:http%3A%2F%2Fwww.ull.es%2Feventos%2Fpadronalbornoz%2Fpresentacion%2F\u00bb][vc_empty_space][\/vc_column][vc_column width=\u00bb3\/4&#8243;][\/vc_column][\/vc_row][vc_row][vc_column width=\u00bb1\/4&#8243;][vc_separator color=\u00bbcustom\u00bb accent_color=\u00bb#8e8e8e\u00bb][vc_custom_heading source=\u00bbpost_title\u00bb font_container=\u00bbtag:h2|text_align:left|color:%23020202&#8243; google_fonts=\u00bbfont_family:Playfair%20Display%3Aregular%2Citalic%2C700%2C700italic%2C900%2C900italic|font_style:400%20italic%3A400%3Aitalic\u00bb][\/vc_column][vc_column width=\u00bb3\/4&#8243;][vc_separator color=\u00bbcustom\u00bb accent_color=\u00bb#8e8e8e\u00bb][vc_column_text]Aqu\u00ed se recogen las obras monogr\u00e1ficas escritas por el periodista tinerfe\u00f1o, as\u00ed como aquellas en las que fue colaborador:<\/p>\n<ul>\n<li><a href=\"http:\/\/absysnetweb.bbtk.ull.es\/cgi-bin\/abnetopac?ACC=DOSEARCH&amp;xsqf99=190485.titn.\" target=\"_blank\" rel=\"noopener noreferrer\" target=\"_blank\" rel=\"noopener\">El puerto en la historia y en la prensa de Santa Cruz de Tenerife<\/a> \/ Juan Antonio Padron Albornoz ; [Tesina Universidad de La Laguna dirigida por] Ernesto Salcedo V\u00edlchez. &#8212; La Laguna : [s.n.], 1967<\/li>\n<li><a href=\"http:\/\/absysnetweb.bbtk.ull.es\/cgi-bin\/abnetopac?ACC=DOSEARCH&amp;xsqf99=300535.titn.\" target=\"_blank\" rel=\"noopener noreferrer\" target=\"_blank\" rel=\"noopener\">El container : los contenedores en el transporte actual<\/a> \/ Antonio Carballo Cotanda, Juan A. Padr\u00f3n Albornoz. &#8212; Santa Cruz de Tenerife : C\u00e1mara Oficial de Comercio, Industria y Navegaci\u00f3n, 1969<\/li>\n<li><a href=\"http:\/\/absysnetweb.bbtk.ull.es\/cgi-bin\/abnetopac?ACC=DOSEARCH&amp;xsqf99=237413.titn.\" target=\"_blank\" rel=\"noopener noreferrer\" target=\"_blank\" rel=\"noopener\">El Puerto de Santa Cruz de Tenerife a trav\u00e9s de su historia<\/a> \/ Manuel Perdomo Alfonso, Juan Antonio Padr\u00f3n Albornoz. &#8212; [S.l.] : Servicio de Publicaciones del Ministerio de Obras P\u00fablicas , 1982 (Santa Cruz de Tenerife)<\/li>\n<li><a href=\"http:\/\/absysnetweb.bbtk.ull.es\/cgi-bin\/abnetopac?ACC=DOSEARCH&amp;xsqf99=133042.titn.\" target=\"_blank\" rel=\"noopener noreferrer\" target=\"_blank\" rel=\"noopener\">Santa Cruz a la sombra de Anaga<\/a> \/ Juan Antonio Albornoz. &#8212; Santa Cruz de Tenerife : Autoridad Portuaria, 1994<\/li>\n<li><a href=\"http:\/\/absysnetweb.bbtk.ull.es\/cgi-bin\/abnetopac?ACC=DOSEARCH&amp;xsqf99=382662.titn.\" target=\"_blank\" rel=\"noopener noreferrer\" target=\"_blank\" rel=\"noopener\">La Marquesina, estampa muy entra\u00f1able para Santa Cruz<\/a> \/ Juan A. Padr\u00f3n Albornoz. Es separata de: Puerto de Tenerife: revista de actividades aeromar\u00edtimas, tur\u00edsticas y econ\u00f3micas, n\u00ba 1-1984<\/li>\n<li><a href=\"http:\/\/absysnetweb.bbtk.ull.es\/cgi-bin\/abnetopac?ACC=DOSEARCH&amp;xsqf99=133933.titn.\" target=\"_blank\" rel=\"noopener noreferrer\" target=\"_blank\" rel=\"noopener\">Santa Cruz, desde la arena a la tabaiba<\/a> \/ Ernesto Salcedo Vilchez ; pr\u00f3logo Juan Antonio Padr\u00f3n Albornoz. &#8212; Santa Cruz de Tenerife : Ayuntamiento, 1983 (Preg\u00f3n de las Fiestas de Mayo de 1982)<\/li>\n<li><a href=\"http:\/\/absysnetweb.bbtk.ull.es\/cgi-bin\/abnetopac?ACC=DOSEARCH&amp;xsqf99=133835.titn.\" target=\"_blank\" rel=\"noopener noreferrer\" target=\"_blank\" rel=\"noopener\">El almirante Antequera, un almirante tinerfe\u00f1o y marino ilustre<\/a> \/ Santiago Mil\u00e1ns del Bosch y Jord\u00e1n de Urr\u00edes ; pr\u00f3logo: Juan A. Padr\u00f3n Albornoz. &#8212; [1 ed.]. &#8212; Santa Cruz de Tenerife : Cabildo Insular : Ayuntamiento, 1990<\/li>\n<\/ul>\n<p>[\/vc_column_text][vc_empty_space][vc_separator color=\u00bbcustom\u00bb accent_color=\u00bb#8e8e8e\u00bb][\/vc_column][\/vc_row]<\/p>\n","protected":false},"excerpt":{"rendered":"<p>[vc_row equal_height=\u00bbyes\u00bb content_placement=\u00bbbottom\u00bb css=\u00bb.vc_custom_1612877787044{background-position: center !important;background-repeat: no-repeat !important;background-size: cover !important;}\u00bb][vc_column width=\u00bb1\/4&#8243;][vc_custom_heading text=\u00bbJuan Antonio Padr\u00f3n Albornoz\u00bb font_container=\u00bbtag:h1|font_size:3em|text_align:left|color:%23020202|line_height:100%25&#8243; google_fonts=\u00bbfont_family:Playfair%20Display%3Aregular%2Citalic%2C700%2C700italic%2C900%2C900italic|font_style:700%20bold%20italic%3A700%3Aitalic\u00bb link=\u00bburl:http%3A%2F%2Fwww.ull.es%2Feventos%2Fpadronalbornoz%2Fpresentacion%2F\u00bb][vc_empty_space][\/vc_column][vc_column width=\u00bb3\/4&#8243;][\/vc_column][\/vc_row][vc_row][vc_column width=\u00bb1\/4&#8243;][vc_separator color=\u00bbcustom\u00bb accent_color=\u00bb#8e8e8e\u00bb][vc_custom_heading source=\u00bbpost_title\u00bb font_container=\u00bbtag:h2|text_align:left|color:%23020202&#8243; google_fonts=\u00bbfont_family:Playfair%20Display%3Aregular%2Citalic%2C700%2C700italic%2C900%2C900italic|font_style:400%20italic%3A400%3Aitalic\u00bb][\/vc_column][vc_column width=\u00bb3\/4&#8243;][vc_separator color=\u00bbcustom\u00bb accent_color=\u00bb#8e8e8e\u00bb][vc_column_text]Aqu\u00ed se recogen las obras monogr\u00e1ficas escritas por el periodista tinerfe\u00f1o, as\u00ed como aquellas en las que fue colaborador: El puerto en la historia y en la prensa&#8230;<\/p>\n","protected":false},"author":14,"featured_media":0,"parent":0,"menu_order":0,"comment_status":"closed","ping_status":"closed","template":"templates\/template-no-title.php","meta":{"footnotes":""},"class_list":["post-231","page","type-page","status-publish","hentry"],"_links":{"self":[{"href":"https:\/\/www.ull.es\/eventos\/padronalbornoz\/wp-json\/wp\/v2\/pages\/231"}],"collection":[{"href":"https:\/\/www.ull.es\/eventos\/padronalbornoz\/wp-json\/wp\/v2\/pages"}],"about":[{"href":"https:\/\/www.ull.es\/eventos\/padronalbornoz\/wp-json\/wp\/v2\/types\/page"}],"author":[{"embeddable":true,"href":"https:\/\/www.ull.es\/eventos\/padronalbornoz\/wp-json\/wp\/v2\/users\/14"}],"replies":[{"embeddable":true,"href":"https:\/\/www.ull.es\/eventos\/padronalbornoz\/wp-json\/wp\/v2\/comments?post=231"}],"version-history":[{"count":3,"href":"https:\/\/www.ull.es\/eventos\/padronalbornoz\/wp-json\/wp\/v2\/pages\/231\/revisions"}],"predecessor-version":[{"id":233,"href":"https:\/\/www.ull.es\/eventos\/padronalbornoz\/wp-json\/wp\/v2\/pages\/231\/revisions\/233"}],"wp:attachment":[{"href":"https:\/\/www.ull.es\/eventos\/padronalbornoz\/wp-json\/wp\/v2\/media?parent=231"}],"curies":[{"name":"wp","href":"https:\/\/api.w.org\/{rel}","templated":true}]}}