{"id":235,"date":"2021-04-22T12:15:25","date_gmt":"2021-04-22T12:15:25","guid":{"rendered":"https:\/\/www.ull.es\/eventos\/padronalbornoz\/?page_id=235"},"modified":"2022-09-27T07:30:27","modified_gmt":"2022-09-27T07:30:27","slug":"articulos","status":"publish","type":"page","link":"https:\/\/www.ull.es\/eventos\/padronalbornoz\/articulos\/","title":{"rendered":"Art\u00edculos"},"content":{"rendered":"<p>[vc_row equal_height=\u00bbyes\u00bb content_placement=\u00bbbottom\u00bb css=\u00bb.vc_custom_1612877787044{background-position: center !important;background-repeat: no-repeat !important;background-size: cover !important;}\u00bb][vc_column width=\u00bb1\/4&#8243;][vc_column_text css=\u00bb.vc_custom_1617607603484{margin-bottom: 0px !important;padding-bottom: 0px !important;}\u00bb]Archivo[\/vc_column_text][vc_custom_heading text=\u00bbJuan Antonio Padr\u00f3n Albornoz\u00bb font_container=\u00bbtag:h1|font_size:3em|text_align:left|color:%23020202|line_height:100%25&#8243; google_fonts=\u00bbfont_family:Playfair%20Display%3Aregular%2Citalic%2C700%2C700italic%2C900%2C900italic|font_style:700%20bold%20italic%3A700%3Aitalic\u00bb link=\u00bburl:http%3A%2F%2Fwww.ull.es%2Feventos%2Fpadronalbornoz%2Fpresentacion%2F\u00bb][vc_empty_space][\/vc_column][vc_column width=\u00bb3\/4&#8243;][\/vc_column][\/vc_row][vc_row][vc_column width=\u00bb1\/4&#8243;][vc_separator color=\u00bbcustom\u00bb accent_color=\u00bb#8e8e8e\u00bb][vc_custom_heading source=\u00bbpost_title\u00bb font_container=\u00bbtag:h2|text_align:left|color:%23020202&#8243; google_fonts=\u00bbfont_family:Playfair%20Display%3Aregular%2Citalic%2C700%2C700italic%2C900%2C900italic|font_style:400%20italic%3A400%3Aitalic\u00bb][\/vc_column][vc_column width=\u00bb3\/4&#8243;][vc_separator color=\u00bbcustom\u00bb accent_color=\u00bb#8e8e8e\u00bb][vc_column_text]Los art\u00edculos publicados por Juan Antonio Padr\u00f3n Albornoz en el peri\u00f3dico<i> El D\u00eda<\/i>, desde 1966 hasta 1991, se encuentran digitalizados en abierto (con derechos reservados).<\/p>\n<p><a href=\"https:\/\/riull.ull.es\/xmlui\/handle\/915\/29548\" target=\"_blank\" rel=\"noopener noreferrer\" target=\"_blank\" rel=\"noopener\">Acceda a los art\u00edculos de Juan Antonio Padr\u00f3n Albornoz<br \/>\n<\/a><\/p>\n<p>Tambi\u00e9n puede descargarse, en formato PDF, un <a href=\"https:\/\/drive.google.com\/file\/d\/1axK6htverncMv6Q7MMG4UHgr5l3jAWwJ\/view\" target=\"_blank\" rel=\"noopener noreferrer\" target=\"_blank\" rel=\"noopener\">listado completo de todos los art\u00edculos<\/a>.<\/p>\n<p>El total de p\u00e1ginas disponibles, tanto digitalizadas como por digitalizar, es de 1.662.[\/vc_column_text][vc_empty_space][vc_separator color=\u00bbcustom\u00bb accent_color=\u00bb#8e8e8e\u00bb][\/vc_column][\/vc_row]<\/p>\n","protected":false},"excerpt":{"rendered":"<p>[vc_row equal_height=\u00bbyes\u00bb content_placement=\u00bbbottom\u00bb css=\u00bb.vc_custom_1612877787044{background-position: center !important;background-repeat: no-repeat !important;background-size: cover !important;}\u00bb][vc_column width=\u00bb1\/4&#8243;][vc_column_text css=\u00bb.vc_custom_1617607603484{margin-bottom: 0px !important;padding-bottom: 0px !important;}\u00bb]Archivo[\/vc_column_text][vc_custom_heading text=\u00bbJuan Antonio Padr\u00f3n Albornoz\u00bb font_container=\u00bbtag:h1|font_size:3em|text_align:left|color:%23020202|line_height:100%25&#8243; google_fonts=\u00bbfont_family:Playfair%20Display%3Aregular%2Citalic%2C700%2C700italic%2C900%2C900italic|font_style:700%20bold%20italic%3A700%3Aitalic\u00bb link=\u00bburl:http%3A%2F%2Fwww.ull.es%2Feventos%2Fpadronalbornoz%2Fpresentacion%2F\u00bb][vc_empty_space][\/vc_column][vc_column width=\u00bb3\/4&#8243;][\/vc_column][\/vc_row][vc_row][vc_column width=\u00bb1\/4&#8243;][vc_separator color=\u00bbcustom\u00bb accent_color=\u00bb#8e8e8e\u00bb][vc_custom_heading source=\u00bbpost_title\u00bb font_container=\u00bbtag:h2|text_align:left|color:%23020202&#8243; google_fonts=\u00bbfont_family:Playfair%20Display%3Aregular%2Citalic%2C700%2C700italic%2C900%2C900italic|font_style:400%20italic%3A400%3Aitalic\u00bb][\/vc_column][vc_column width=\u00bb3\/4&#8243;][vc_separator color=\u00bbcustom\u00bb accent_color=\u00bb#8e8e8e\u00bb][vc_column_text]Los art\u00edculos publicados por Juan Antonio Padr\u00f3n Albornoz en el peri\u00f3dico El D\u00eda, desde 1966 hasta 1991, se encuentran digitalizados en abierto (con&#8230;<\/p>\n","protected":false},"author":14,"featured_media":0,"parent":0,"menu_order":0,"comment_status":"closed","ping_status":"closed","template":"templates\/template-no-title.php","meta":{"footnotes":""},"class_list":["post-235","page","type-page","status-publish","hentry"],"_links":{"self":[{"href":"https:\/\/www.ull.es\/eventos\/padronalbornoz\/wp-json\/wp\/v2\/pages\/235"}],"collection":[{"href":"https:\/\/www.ull.es\/eventos\/padronalbornoz\/wp-json\/wp\/v2\/pages"}],"about":[{"href":"https:\/\/www.ull.es\/eventos\/padronalbornoz\/wp-json\/wp\/v2\/types\/page"}],"author":[{"embeddable":true,"href":"https:\/\/www.ull.es\/eventos\/padronalbornoz\/wp-json\/wp\/v2\/users\/14"}],"replies":[{"embeddable":true,"href":"https:\/\/www.ull.es\/eventos\/padronalbornoz\/wp-json\/wp\/v2\/comments?post=235"}],"version-history":[{"count":6,"href":"https:\/\/www.ull.es\/eventos\/padronalbornoz\/wp-json\/wp\/v2\/pages\/235\/revisions"}],"predecessor-version":[{"id":237,"href":"https:\/\/www.ull.es\/eventos\/padronalbornoz\/wp-json\/wp\/v2\/pages\/235\/revisions\/237"}],"wp:attachment":[{"href":"https:\/\/www.ull.es\/eventos\/padronalbornoz\/wp-json\/wp\/v2\/media?parent=235"}],"curies":[{"name":"wp","href":"https:\/\/api.w.org\/{rel}","templated":true}]}}