{"id":33,"date":"2020-03-17T08:44:19","date_gmt":"2020-03-17T08:44:19","guid":{"rendered":"http:\/\/www.ull.es\/eventos\/padronalbornoz\/?page_id=33"},"modified":"2021-04-22T12:19:48","modified_gmt":"2021-04-22T12:19:48","slug":"su-biblioteca","status":"publish","type":"page","link":"https:\/\/www.ull.es\/eventos\/padronalbornoz\/su-biblioteca\/","title":{"rendered":"Cat\u00e1logo"},"content":{"rendered":"<p>[vc_row equal_height=\u00bbyes\u00bb content_placement=\u00bbbottom\u00bb css=\u00bb.vc_custom_1612877787044{background-position: center !important;background-repeat: no-repeat !important;background-size: cover !important;}\u00bb][vc_column width=\u00bb1\/4&#8243;][vc_custom_heading text=\u00bbJuan Antonio Padr\u00f3n Albornoz\u00bb font_container=\u00bbtag:h1|font_size:3em|text_align:left|color:%23020202|line_height:100%25&#8243; google_fonts=\u00bbfont_family:Playfair%20Display%3Aregular%2Citalic%2C700%2C700italic%2C900%2C900italic|font_style:700%20bold%20italic%3A700%3Aitalic\u00bb link=\u00bburl:http%3A%2F%2Fwww.ull.es%2Feventos%2Fpadronalbornoz%2Fpresentacion%2F\u00bb][vc_empty_space][\/vc_column][vc_column width=\u00bb3\/4&#8243;][\/vc_column][\/vc_row][vc_row][vc_column width=\u00bb1\/4&#8243;][vc_separator color=\u00bbcustom\u00bb accent_color=\u00bb#8e8e8e\u00bb][vc_custom_heading source=\u00bbpost_title\u00bb font_container=\u00bbtag:h2|text_align:left|color:%23020202&#8243; google_fonts=\u00bbfont_family:Playfair%20Display%3Aregular%2Citalic%2C700%2C700italic%2C900%2C900italic|font_style:400%20italic%3A400%3Aitalic\u00bb][\/vc_column][vc_column width=\u00bb3\/4&#8243;][vc_separator color=\u00bbcustom\u00bb accent_color=\u00bb#8e8e8e\u00bb][vc_column_text]El Legado Juan Antonio Padr\u00f3n Albornoz consta de una colecci\u00f3n de 355 monograf\u00edas y 23 t\u00edtulos de publicaciones peri\u00f3dicas de tem\u00e1tica mar\u00edtima, adem\u00e1s de varias obras manuscritas entre las que destaca un Diario de navegaci\u00f3n de Bartolom\u00e9 Mead y una colecci\u00f3n de 48 Shipping list,\u00a0 registros manuscritos de los barcos que entraban diariamente en el Puerto de Santa Cruz de Tenerife entre 1848 y 1958, elaborados por la Compa\u00f1\u00eda Hamilton.<\/p>\n<p>La parte m\u00e1s importante de esta biblioteca es la colecci\u00f3n fotogr\u00e1fica compuesta por aproximadamente 1.700 fotograf\u00edas, mayoritariamente en blanco y negro, donde pueden apreciarse diferentes tipos de barcos, que navegaron durante el final del siglo XIX y todo el siglo XX. Asimismo se muestra parte de los negativos de im\u00e1genes de buques. La colecci\u00f3n se completa con postales, en color y blanco y negro, relacionadas con el tr\u00e1fico mar\u00edtimo, en un n\u00famero aproximado de 580.[\/vc_column_text][vc_empty_space][vc_row_inner][vc_column_inner width=\u00bb1\/3&#8243;][vc_btn title=\u00bbCat\u00e1logo de monograf\u00edas\u00bb style=\u00bboutline-custom\u00bb outline_custom_color=\u00bb#666666&#8243; outline_custom_hover_background=\u00bb#383838&#8243; outline_custom_hover_text=\u00bb#ffffff\u00bb size=\u00bblg\u00bb link=\u00bburl:http%3A%2F%2Fabsysnetweb.bbtk.ull.es%2Fcgi-bin%2Fabnetopac%3FACC%3DDOSEARCH%26xsqf99%3Djpal.t852.|||\u00bb][\/vc_column_inner][vc_column_inner width=\u00bb1\/3&#8243;][vc_btn title=\u00bbArchivo Fotogr\u00e1fico\u00bb style=\u00bboutline-custom\u00bb outline_custom_color=\u00bb#666666&#8243; outline_custom_hover_background=\u00bb#383838&#8243; outline_custom_hover_text=\u00bb#ffffff\u00bb size=\u00bblg\u00bb link=\u00bburl:http%3A%2F%2Fwww.flickr.com%2Fphotos%2Fbiblionauticaull%2F|||\u00bb][\/vc_column_inner][vc_column_inner width=\u00bb1\/3&#8243;][\/vc_column_inner][\/vc_row_inner][vc_empty_space][vc_separator color=\u00bbcustom\u00bb accent_color=\u00bb#8e8e8e\u00bb][\/vc_column][\/vc_row]<\/p>\n","protected":false},"excerpt":{"rendered":"<p>[vc_row equal_height=\u00bbyes\u00bb content_placement=\u00bbbottom\u00bb css=\u00bb.vc_custom_1612877787044{background-position: center !important;background-repeat: no-repeat !important;background-size: cover !important;}\u00bb][vc_column width=\u00bb1\/4&#8243;][vc_custom_heading text=\u00bbJuan Antonio Padr\u00f3n Albornoz\u00bb font_container=\u00bbtag:h1|font_size:3em|text_align:left|color:%23020202|line_height:100%25&#8243; google_fonts=\u00bbfont_family:Playfair%20Display%3Aregular%2Citalic%2C700%2C700italic%2C900%2C900italic|font_style:700%20bold%20italic%3A700%3Aitalic\u00bb link=\u00bburl:http%3A%2F%2Fwww.ull.es%2Feventos%2Fpadronalbornoz%2Fpresentacion%2F\u00bb][vc_empty_space][\/vc_column][vc_column width=\u00bb3\/4&#8243;][\/vc_column][\/vc_row][vc_row][vc_column width=\u00bb1\/4&#8243;][vc_separator color=\u00bbcustom\u00bb accent_color=\u00bb#8e8e8e\u00bb][vc_custom_heading source=\u00bbpost_title\u00bb font_container=\u00bbtag:h2|text_align:left|color:%23020202&#8243; google_fonts=\u00bbfont_family:Playfair%20Display%3Aregular%2Citalic%2C700%2C700italic%2C900%2C900italic|font_style:400%20italic%3A400%3Aitalic\u00bb][\/vc_column][vc_column width=\u00bb3\/4&#8243;][vc_separator color=\u00bbcustom\u00bb accent_color=\u00bb#8e8e8e\u00bb][vc_column_text]El Legado Juan Antonio Padr\u00f3n Albornoz consta de una colecci\u00f3n de 355 monograf\u00edas y 23 t\u00edtulos de publicaciones peri\u00f3dicas de tem\u00e1tica mar\u00edtima, adem\u00e1s de varias obras manuscritas entre&#8230;<\/p>\n","protected":false},"author":14,"featured_media":0,"parent":0,"menu_order":0,"comment_status":"closed","ping_status":"closed","template":"templates\/template-no-title.php","meta":{"footnotes":""},"class_list":["post-33","page","type-page","status-publish","hentry"],"_links":{"self":[{"href":"https:\/\/www.ull.es\/eventos\/padronalbornoz\/wp-json\/wp\/v2\/pages\/33"}],"collection":[{"href":"https:\/\/www.ull.es\/eventos\/padronalbornoz\/wp-json\/wp\/v2\/pages"}],"about":[{"href":"https:\/\/www.ull.es\/eventos\/padronalbornoz\/wp-json\/wp\/v2\/types\/page"}],"author":[{"embeddable":true,"href":"https:\/\/www.ull.es\/eventos\/padronalbornoz\/wp-json\/wp\/v2\/users\/14"}],"replies":[{"embeddable":true,"href":"https:\/\/www.ull.es\/eventos\/padronalbornoz\/wp-json\/wp\/v2\/comments?post=33"}],"version-history":[{"count":11,"href":"https:\/\/www.ull.es\/eventos\/padronalbornoz\/wp-json\/wp\/v2\/pages\/33\/revisions"}],"predecessor-version":[{"id":243,"href":"https:\/\/www.ull.es\/eventos\/padronalbornoz\/wp-json\/wp\/v2\/pages\/33\/revisions\/243"}],"wp:attachment":[{"href":"https:\/\/www.ull.es\/eventos\/padronalbornoz\/wp-json\/wp\/v2\/media?parent=33"}],"curies":[{"name":"wp","href":"https:\/\/api.w.org\/{rel}","templated":true}]}}