{"id":38,"date":"2020-03-17T09:01:22","date_gmt":"2020-03-17T09:01:22","guid":{"rendered":"http:\/\/www.ull.es\/eventos\/padronalbornoz\/?page_id=38"},"modified":"2021-04-23T13:09:41","modified_gmt":"2021-04-23T13:09:41","slug":"imagenes","status":"publish","type":"page","link":"https:\/\/www.ull.es\/eventos\/padronalbornoz\/imagenes\/","title":{"rendered":"Im\u00e1genes"},"content":{"rendered":"<p>[vc_row equal_height=\u00bbyes\u00bb content_placement=\u00bbbottom\u00bb css=\u00bb.vc_custom_1612877787044{background-position: center !important;background-repeat: no-repeat !important;background-size: cover !important;}\u00bb][vc_column width=\u00bb1\/4&#8243;][vc_custom_heading text=\u00bbJuan Antonio Padr\u00f3n Albornoz\u00bb font_container=\u00bbtag:h1|font_size:3em|text_align:left|color:%23020202|line_height:100%25&#8243; google_fonts=\u00bbfont_family:Playfair%20Display%3Aregular%2Citalic%2C700%2C700italic%2C900%2C900italic|font_style:700%20bold%20italic%3A700%3Aitalic\u00bb link=\u00bburl:http%3A%2F%2Fwww.ull.es%2Feventos%2Fpadronalbornoz%2Fpresentacion%2F\u00bb][vc_empty_space][\/vc_column][vc_column width=\u00bb3\/4&#8243;][\/vc_column][\/vc_row][vc_row][vc_column width=\u00bb1\/4&#8243;][vc_separator color=\u00bbcustom\u00bb accent_color=\u00bb#8e8e8e\u00bb][vc_empty_space][vc_custom_heading text=\u00bbIm\u00e1genes\u00bb font_container=\u00bbtag:h2|text_align:left|color:%23020202&#8243; google_fonts=\u00bbfont_family:Playfair%20Display%3Aregular%2Citalic%2C700%2C700italic%2C900%2C900italic|font_style:400%20italic%3A400%3Aitalic\u00bb][\/vc_column][vc_column width=\u00bb3\/4&#8243;][vc_separator color=\u00bbcustom\u00bb accent_color=\u00bb#8e8e8e\u00bb][vc_tta_accordion active_section=\u00bb\u00bb no_fill=\u00bbtrue\u00bb collapsible_all=\u00bbtrue\u00bb][vc_tta_section title=\u00bbActos\u00bb tab_id=\u00bb1612965497898-c9f09e8d-fd40&#8243;][vc_media_grid gap=\u00bb0&#8243; grid_id=\u00bbvc_gid:1619177414442-f0fc6e2c-d87f-5&#8243; include=\u00bb45,44,43&#8243;][vc_column_text]Firma de la donaci\u00f3n del legado por parte de la viuda, D\u00aa M\u00aa \u00c1ngeles Sabina, y el Rector Magfco. de la ULL, D. Jos\u00e9 Soli\u00f1o. 23 de abril de 1999.<\/p>\n<p>Inauguraci\u00f3n del D\u00eda del Libro 2009 a cargo del Rector Magfco. de la ULL, D. Eduardo Dom\u00e9nech.<\/p>\n<p><span style=\"color: #444444\">Firma del Convenio entre la ULL y la Autoridad Portuaria de Tenerife para la digitalizaci\u00f3n del legado fotogr\u00e1fico el 29 de octubre de 2009<\/span>[\/vc_column_text][\/vc_tta_section][vc_tta_section title=\u00bbArchivo\u00bb tab_id=\u00bb1612965497912-37180ffa-32f5&#8243;][vc_column_text]<\/p>\n<div id=\"divContent\">\n<div id=\"divCategory\">\n<p>La Universidad de La Laguna ofrece el acceso abierto y gratuito a su colecci\u00f3n de fotograf\u00edas, postales y negativos, que muestran im\u00e1genes de buques, y que forman parte del legado que D. Juan Padr\u00f3n Albornoz hizo a la Biblioteca de la Escuela T\u00e9cnica Superior de N\u00e1utica en 1999.<\/p>\n<p>La colecci\u00f3n virtual cuenta con 4.940 im\u00e1genes.<\/p>\n<p><a href=\"http:\/\/www.flickr.com\/photos\/biblionauticaull\/\" target=\"_blank\" rel=\"noopener noreferrer\" target=\"_blank\" rel=\"noopener\">Acceso a la colecci\u00f3n<\/a><\/p>\n<\/div>\n<\/div>\n<p>[\/vc_column_text][\/vc_tta_section][vc_tta_section title=\u00bbConcurso de fotograf\u00eda\u00bb tab_id=\u00bb1612965734198-c3387f14-fd40&#8243;][vc_column_text]<\/p>\n<div id=\"divContent\">\n<div id=\"divCategory\">\n<p>Con motivo de los actos del D\u00eda de San Telmo, patr\u00f3n de la Escuela T\u00e9cnica Superior de N\u00e1utica, M\u00e1quinas y Radioelectr\u00f3nica Naval, en la convocatoria de 2009, se decidi\u00f3 crear el Concurso de Fotograf\u00eda Juan Antonio Padr\u00f3n Albornoz, con el que se pretende recoger el binomio mar y fotograf\u00eda que represent\u00f3 este periodista y entregar el testigo a los que, c\u00e1mara en mano, escudri\u00f1an, tambi\u00e9n hoy, horizontes ba\u00f1ados por el azul del oc\u00e9ano.<\/p>\n<p>El objetivo es crear una convocatoria que perdure en el tiempo y que, a\u00f1o tras a\u00f1o, a\u00f1ada nuevas instant\u00e1neas a este archivo fotogr\u00e1fico ya existente, con la intenci\u00f3n de que sea un referente, no s\u00f3lo documental, sino tambi\u00e9n visual, en el \u00e1mbito mar\u00edtimo.<\/p>\n<p>En este portal iremos ofreciendo las fotos ganadoras en cada convocatoria.<\/p>\n<p><a href=\"http:\/\/www.ull.es\/eventos\/padronalbornoz\/i-concurso-de-fotografi\/\" target=\"_blank\" rel=\"noopener\">Primera Edici\u00f3n (2009)<\/a><\/p>\n<p><a href=\"http:\/\/www.ull.es\/eventos\/padronalbornoz\/ii-concurso-de-fotografia-2010\/\" target=\"_blank\" rel=\"noopener\">Segunda Edici\u00f3n (2010)<\/a><\/p>\n<p><a href=\"http:\/\/www.ull.es\/eventos\/padronalbornoz\/iii-concurso-de-fotografia-2011\/\" target=\"_blank\" rel=\"noopener\">Tercera Edici\u00f3n (2011)<\/a><\/p>\n<p><a href=\"http:\/\/www.ull.es\/eventos\/padronalbornoz\/iv-concurso-de-fotografia-2011\/\" target=\"_blank\" rel=\"noopener\">Cuarta Edici\u00f3n (2012)<\/a><\/p>\n<p><a href=\"http:\/\/www.ull.es\/eventos\/padronalbornoz\/v-concurso-de-fotografia-2013\/\" target=\"_blank\" rel=\"noopener\">Quinta Edici\u00f3n (2013)<\/a><\/p>\n<\/div>\n<\/div>\n<p>[\/vc_column_text][\/vc_tta_section][vc_tta_section title=\u00bbIm\u00e1genes de su vida\u00bb tab_id=\u00bb1612966222542-7927b934-f2aa\u00bb][vc_gallery interval=\u00bb5&#8243; images=\u00bb99,100,102,104,101,103&#8243; img_size=\u00bbfull\u00bb][\/vc_tta_section][\/vc_tta_accordion][vc_empty_space][vc_separator color=\u00bbcustom\u00bb accent_color=\u00bb#8e8e8e\u00bb][\/vc_column][\/vc_row]<\/p>\n","protected":false},"excerpt":{"rendered":"<p>[vc_row equal_height=\u00bbyes\u00bb content_placement=\u00bbbottom\u00bb css=\u00bb.vc_custom_1612877787044{background-position: center !important;background-repeat: no-repeat !important;background-size: cover !important;}\u00bb][vc_column width=\u00bb1\/4&#8243;][vc_custom_heading text=\u00bbJuan Antonio Padr\u00f3n Albornoz\u00bb font_container=\u00bbtag:h1|font_size:3em|text_align:left|color:%23020202|line_height:100%25&#8243; google_fonts=\u00bbfont_family:Playfair%20Display%3Aregular%2Citalic%2C700%2C700italic%2C900%2C900italic|font_style:700%20bold%20italic%3A700%3Aitalic\u00bb link=\u00bburl:http%3A%2F%2Fwww.ull.es%2Feventos%2Fpadronalbornoz%2Fpresentacion%2F\u00bb][vc_empty_space][\/vc_column][vc_column width=\u00bb3\/4&#8243;][\/vc_column][\/vc_row][vc_row][vc_column width=\u00bb1\/4&#8243;][vc_separator color=\u00bbcustom\u00bb accent_color=\u00bb#8e8e8e\u00bb][vc_empty_space][vc_custom_heading text=\u00bbIm\u00e1genes\u00bb font_container=\u00bbtag:h2|text_align:left|color:%23020202&#8243; google_fonts=\u00bbfont_family:Playfair%20Display%3Aregular%2Citalic%2C700%2C700italic%2C900%2C900italic|font_style:400%20italic%3A400%3Aitalic\u00bb][\/vc_column][vc_column width=\u00bb3\/4&#8243;][vc_separator color=\u00bbcustom\u00bb accent_color=\u00bb#8e8e8e\u00bb][vc_tta_accordion active_section=\u00bb\u00bb no_fill=\u00bbtrue\u00bb collapsible_all=\u00bbtrue\u00bb][vc_tta_section title=\u00bbActos\u00bb tab_id=\u00bb1612965497898-c9f09e8d-fd40&#8243;][vc_media_grid gap=\u00bb0&#8243; grid_id=\u00bbvc_gid:1619177414442-f0fc6e2c-d87f-5&#8243; include=\u00bb45,44,43&#8243;][vc_column_text]Firma de la donaci\u00f3n del legado por parte de la viuda, D\u00aa M\u00aa \u00c1ngeles Sabina, y el Rector Magfco. de&#8230;<\/p>\n","protected":false},"author":14,"featured_media":0,"parent":0,"menu_order":0,"comment_status":"closed","ping_status":"closed","template":"templates\/template-no-title.php","meta":{"footnotes":""},"class_list":["post-38","page","type-page","status-publish","hentry"],"_links":{"self":[{"href":"https:\/\/www.ull.es\/eventos\/padronalbornoz\/wp-json\/wp\/v2\/pages\/38"}],"collection":[{"href":"https:\/\/www.ull.es\/eventos\/padronalbornoz\/wp-json\/wp\/v2\/pages"}],"about":[{"href":"https:\/\/www.ull.es\/eventos\/padronalbornoz\/wp-json\/wp\/v2\/types\/page"}],"author":[{"embeddable":true,"href":"https:\/\/www.ull.es\/eventos\/padronalbornoz\/wp-json\/wp\/v2\/users\/14"}],"replies":[{"embeddable":true,"href":"https:\/\/www.ull.es\/eventos\/padronalbornoz\/wp-json\/wp\/v2\/comments?post=38"}],"version-history":[{"count":16,"href":"https:\/\/www.ull.es\/eventos\/padronalbornoz\/wp-json\/wp\/v2\/pages\/38\/revisions"}],"predecessor-version":[{"id":152,"href":"https:\/\/www.ull.es\/eventos\/padronalbornoz\/wp-json\/wp\/v2\/pages\/38\/revisions\/152"}],"wp:attachment":[{"href":"https:\/\/www.ull.es\/eventos\/padronalbornoz\/wp-json\/wp\/v2\/media?parent=38"}],"curies":[{"name":"wp","href":"https:\/\/api.w.org\/{rel}","templated":true}]}}