{"id":664,"date":"2024-10-10T12:33:01","date_gmt":"2024-10-10T10:33:01","guid":{"rendered":"https:\/\/www.ull.es\/eventos\/pucc-lcr\/?page_id=664"},"modified":"2024-10-21T11:55:12","modified_gmt":"2024-10-21T09:55:12","slug":"partido-comunista-de-canarias-liga-comunista-revolucionaria","status":"publish","type":"page","link":"https:\/\/www.ull.es\/eventos\/pucc-lcr\/","title":{"rendered":"Partido de Unificaci\u00f3n Comunista de Canarias \u2013 Liga Comunista Revolucionaria"},"content":{"rendered":"<p>[vc_row equal_height=\u00bbyes\u00bb content_placement=\u00bbbottom\u00bb css=\u00bb.vc_custom_1618398886413{background-position: center !important;background-repeat: no-repeat !important;background-size: cover !important;}\u00bb][vc_column width=\u00bb1\/4&#8243;][vc_empty_space][vc_custom_heading text=\u00bbPartido de Unificaci\u00f3n Comunista de Canarias\u00bb font_container=\u00bbtag:h2|font_size:1.5%20em|text_align:left|color:%23020202|line_height:100%25&#8243; google_fonts=\u00bbfont_family:Montserrat%3Aregular%2C700|font_style:700%20bold%20regular%3A700%3Anormal\u00bb link=\u00bburl:https%3A%2F%2Fwww.ull.es%2Feventos%2Fpucc-lcr\u00bb][vc_custom_heading text=\u00bbLiga Comunista Revolucionaria\u00bb font_container=\u00bbtag:h2|font_size:1.5%20em|text_align:left|color:%23020202|line_height:100%25&#8243; google_fonts=\u00bbfont_family:Montserrat%3Aregular%2C700|font_style:700%20bold%20regular%3A700%3Anormal\u00bb link=\u00bburl:https%3A%2F%2Fwww.ull.es%2Feventos%2Fpucc-lcr\u00bb][vc_raw_html]JTNDc21hbGwlMjBjbGFzcyUzRCUyMmxlZ2Fkby1kb3MlMjIlM0VNYWRyaWQlMkMlMjAxOTM0JTNDJTJGc21hbGwlM0UlM0MlMkZzbWFsbCUzRQ==[\/vc_raw_html][\/vc_column][vc_column width=\u00bb3\/4&#8243;][vc_single_image image=\u00bb676&#8243; img_size=\u00bb\u00bb css_animation=\u00bbfadeIn\u00bb][\/vc_column][\/vc_row][vc_row][vc_column width=\u00bb1\/4&#8243;][vc_separator color=\u00bbcustom\u00bb accent_color=\u00bb#8e8e8e\u00bb][\/vc_column][vc_column width=\u00bb3\/4&#8243;][vc_separator color=\u00bbcustom\u00bb accent_color=\u00bb#8e8e8e\u00bb][\/vc_column][\/vc_row][vc_row gap=\u00bb30&#8243;][vc_column width=\u00bb1\/4&#8243;][vc_btn title=\u00bbFicha de descripci\u00f3n\u00bb style=\u00bboutline-custom\u00bb outline_custom_color=\u00bb#666666&#8243; outline_custom_hover_background=\u00bb#383838&#8243; outline_custom_hover_text=\u00bb#ffffff\u00bb size=\u00bbsm\u00bb i_icon_fontawesome=\u00bbfar fa-address-card\u00bb add_icon=\u00bbtrue\u00bb link=\u00bburl:https%3A%2F%2Fdocs.google.com%2Fdocument%2Fd%2F1RNqa5BZfXbQdrjCyzLKIebB_PIRIUoPFujYjp6zL1wc%2Fedit%3Fusp%3Ddrive_link|target:_blank\u00bb][vc_empty_space][\/vc_column][vc_column width=\u00bb3\/4&#8243;][vc_column_text]El archivo PUCC-LCR es, hasta la fecha, la mayor aportaci\u00f3n de fondos al <i>Archivo de la Transici\u00f3n Democr\u00e1tica en Canarias<\/i>. Sus documentos son de muy diversa procedencia partidaria, sindical y de los diversos movimientos sociales de las Islas. Documentos escritos, pegatinas, carteles, fotograf\u00edas,&#8230; muestran una diversidad importante de organizaciones de la izquierda radical canaria de corte estatalista, soberanista o independentista, as\u00ed como de algunas formaciones insulares o locales.[\/vc_column_text][\/vc_column][\/vc_row][vc_row gap=\u00bb30&#8243;][vc_column width=\u00bb1\/4&#8243;][vc_separator color=\u00bbcustom\u00bb accent_color=\u00bb#8e8e8e\u00bb][\/vc_column][vc_column width=\u00bb3\/4&#8243;][vc_separator color=\u00bbcustom\u00bb accent_color=\u00bb#8e8e8e\u00bb][\/vc_column][\/vc_row][vc_row gap=\u00bb30&#8243;][vc_column width=\u00bb1\/4&#8243;][vc_btn title=\u00bbArchivo de la Transici\u00f3n Democr\u00e1tica en Canarias\u00bb style=\u00bboutline-custom\u00bb outline_custom_color=\u00bb#666666&#8243; outline_custom_hover_background=\u00bb#383838&#8243; outline_custom_hover_text=\u00bb#ffffff\u00bb size=\u00bbxs\u00bb align=\u00bbleft\u00bb button_block=\u00bbtrue\u00bb link=\u00bburl:https%3A%2F%2Fwww.ull.es%2Feventos%2Ffondo-transicion-democratica%2F|target:_blank\u00bb][vc_btn title=\u00bbBiblioteca de la Universidad de La Laguna\u00bb style=\u00bboutline-custom\u00bb outline_custom_color=\u00bb#666666&#8243; outline_custom_hover_background=\u00bb#383838&#8243; outline_custom_hover_text=\u00bb#ffffff\u00bb size=\u00bbxs\u00bb align=\u00bbleft\u00bb button_block=\u00bbtrue\u00bb link=\u00bburl:https%3A%2F%2Fwww.ull.es%2Fservicios%2Fbiblioteca%2F\u00bb][\/vc_column][vc_column width=\u00bb3\/4&#8243;][vc_tta_tabs style=\u00bbmodern\u00bb shape=\u00bbsquare\u00bb active_section=\u00bb0&#8243; no_fill_content_area=\u00bbtrue\u00bb][vc_tta_section title=\u00bbC\u00f3mo citar estos documentos\u00bb tab_id=\u00bb1618318240487-4e23a60e-2a3c\u00bb][vc_column_text]<strong>Si quiere citar el fondo completo:<\/strong><br \/>\nEj. Biblioteca ULL. AP TDC PUC<\/p>\n<p><strong>Si quiere citar un documento concreto:<\/strong><br \/>\nEj. Biblioteca ULL. AP TDC PUC 1.1.01[\/vc_column_text][\/vc_tta_section][vc_tta_section title=\u00bbLocalizaci\u00f3n\u00bb tab_id=\u00bb1618318240469-d3be2fb6-26d6&#8243;][vc_column_text]Planta 1\u00aa de la Biblioteca General y de Humanidades del Campus de Guajara.[\/vc_column_text][\/vc_tta_section][vc_tta_section title=\u00bbDatos de contacto\u00bb tab_id=\u00bb1618318268154-d06e4d8b-8003&#8243;][vc_column_text]Sonia Le\u00f3n Ad\u00e1n<br \/>\natdc@ull.edu.es<br \/>\nTel. 922316502 Ext. 6938[\/vc_column_text][\/vc_tta_section][\/vc_tta_tabs][\/vc_column][\/vc_row][vc_row][vc_column][vc_separator color=\u00bbcustom\u00bb accent_color=\u00bb#8e8e8e\u00bb][\/vc_column][\/vc_row]<\/p>\n","protected":false},"excerpt":{"rendered":"<p>[vc_row equal_height=\u00bbyes\u00bb content_placement=\u00bbbottom\u00bb css=\u00bb.vc_custom_1618398886413{background-position: center !important;background-repeat: no-repeat !important;background-size: cover !important;}\u00bb][vc_column width=\u00bb1\/4&#8243;][vc_empty_space][vc_custom_heading text=\u00bbPartido de Unificaci\u00f3n Comunista de Canarias\u00bb font_container=\u00bbtag:h2|font_size:1.5%20em|text_align:left|color:%23020202|line_height:100%25&#8243; google_fonts=\u00bbfont_family:Montserrat%3Aregular%2C700|font_style:700%20bold%20regular%3A700%3Anormal\u00bb link=\u00bburl:https%3A%2F%2Fwww.ull.es%2Feventos%2Fpucc-lcr\u00bb][vc_custom_heading text=\u00bbLiga Comunista Revolucionaria\u00bb font_container=\u00bbtag:h2|font_size:1.5%20em|text_align:left|color:%23020202|line_height:100%25&#8243; google_fonts=\u00bbfont_family:Montserrat%3Aregular%2C700|font_style:700%20bold%20regular%3A700%3Anormal\u00bb link=\u00bburl:https%3A%2F%2Fwww.ull.es%2Feventos%2Fpucc-lcr\u00bb][vc_raw_html]JTNDc21hbGwlMjBjbGFzcyUzRCUyMmxlZ2Fkby1kb3MlMjIlM0VNYWRyaWQlMkMlMjAxOTM0JTNDJTJGc21hbGwlM0UlM0MlMkZzbWFsbCUzRQ==[\/vc_raw_html][\/vc_column][vc_column width=\u00bb3\/4&#8243;][vc_single_image image=\u00bb676&#8243; img_size=\u00bb\u00bb css_animation=\u00bbfadeIn\u00bb][\/vc_column][\/vc_row][vc_row][vc_column width=\u00bb1\/4&#8243;][vc_separator color=\u00bbcustom\u00bb accent_color=\u00bb#8e8e8e\u00bb][\/vc_column][vc_column width=\u00bb3\/4&#8243;][vc_separator color=\u00bbcustom\u00bb accent_color=\u00bb#8e8e8e\u00bb][\/vc_column][\/vc_row][vc_row gap=\u00bb30&#8243;][vc_column width=\u00bb1\/4&#8243;][vc_btn title=\u00bbFicha de descripci\u00f3n\u00bb style=\u00bboutline-custom\u00bb outline_custom_color=\u00bb#666666&#8243; outline_custom_hover_background=\u00bb#383838&#8243; outline_custom_hover_text=\u00bb#ffffff\u00bb size=\u00bbsm\u00bb i_icon_fontawesome=\u00bbfar fa-address-card\u00bb add_icon=\u00bbtrue\u00bb link=\u00bburl:https%3A%2F%2Fdocs.google.com%2Fdocument%2Fd%2F1RNqa5BZfXbQdrjCyzLKIebB_PIRIUoPFujYjp6zL1wc%2Fedit%3Fusp%3Ddrive_link|target:_blank\u00bb][vc_empty_space][\/vc_column][vc_column width=\u00bb3\/4&#8243;][vc_column_text]El archivo PUCC-LCR es, hasta&#8230;<\/p>\n","protected":false},"author":14,"featured_media":0,"parent":0,"menu_order":0,"comment_status":"closed","ping_status":"closed","template":"templates\/template-no-title.php","meta":{"footnotes":""},"class_list":["post-664","page","type-page","status-publish","hentry"],"_links":{"self":[{"href":"https:\/\/www.ull.es\/eventos\/pucc-lcr\/wp-json\/wp\/v2\/pages\/664"}],"collection":[{"href":"https:\/\/www.ull.es\/eventos\/pucc-lcr\/wp-json\/wp\/v2\/pages"}],"about":[{"href":"https:\/\/www.ull.es\/eventos\/pucc-lcr\/wp-json\/wp\/v2\/types\/page"}],"author":[{"embeddable":true,"href":"https:\/\/www.ull.es\/eventos\/pucc-lcr\/wp-json\/wp\/v2\/users\/14"}],"replies":[{"embeddable":true,"href":"https:\/\/www.ull.es\/eventos\/pucc-lcr\/wp-json\/wp\/v2\/comments?post=664"}],"version-history":[{"count":12,"href":"https:\/\/www.ull.es\/eventos\/pucc-lcr\/wp-json\/wp\/v2\/pages\/664\/revisions"}],"predecessor-version":[{"id":691,"href":"https:\/\/www.ull.es\/eventos\/pucc-lcr\/wp-json\/wp\/v2\/pages\/664\/revisions\/691"}],"wp:attachment":[{"href":"https:\/\/www.ull.es\/eventos\/pucc-lcr\/wp-json\/wp\/v2\/media?parent=664"}],"curies":[{"name":"wp","href":"https:\/\/api.w.org\/{rel}","templated":true}]}}