{"id":102,"date":"2020-12-04T12:48:23","date_gmt":"2020-12-04T12:48:23","guid":{"rendered":"http:\/\/www.ull.es\/eventos\/volcanes-de-papel\/?page_id=102"},"modified":"2020-12-04T12:52:06","modified_gmt":"2020-12-04T12:52:06","slug":"volcanes-escritos","status":"publish","type":"page","link":"https:\/\/www.ull.es\/eventos\/volcanes-de-papel\/volcanes-escritos\/","title":{"rendered":"Volcanes escritos"},"content":{"rendered":"<p>[vc_row][vc_column][vc_empty_space][\/vc_column][\/vc_row][vc_row equal_height=\u00bbyes\u00bb content_placement=\u00bbbottom\u00bb][vc_column width=\u00bb1\/3&#8243;][vc_row_inner][vc_column_inner][vc_empty_space height=\u00bb12px\u00bb][vc_single_image image=\u00bb72&#8243; img_size=\u00bb72px\u00bb onclick=\u00bbcustom_link\u00bb link=\u00bbhttps:\/\/www.ull.es\/eventos\/volcanes-de-papel\/\u00bb][\/vc_column_inner][\/vc_row_inner][vc_separator color=\u00bbblack\u00bb][\/vc_column][vc_column width=\u00bb2\/3&#8243;][vc_row_inner][vc_column_inner width=\u00bb1\/2&#8243;][vc_custom_heading source=\u00bbpost_title\u00bb font_container=\u00bbtag:h1|font_size:2.8em|text_align:left|color:%230a0a0a|line_height:100%25&#8243; google_fonts=\u00bbfont_family:Vollkorn%3Aregular%2Citalic%2C700%2C700italic|font_style:400%20regular%3A400%3Anormal\u00bb][vc_separator color=\u00bbblack\u00bb][\/vc_column_inner][vc_column_inner width=\u00bb1\/2&#8243;][\/vc_column_inner][\/vc_row_inner][\/vc_column][\/vc_row][vc_row][vc_column width=\u00bb1\/3&#8243; css=\u00bb.vc_custom_1607079009573{padding-right: 30px !important;}\u00bb][vc_empty_space][\/vc_column][vc_column width=\u00bb2\/3&#8243;][vc_empty_space][vc_custom_heading text=\u00bbEl paisaje renaciente del volc\u00e1n es la patria de los poetas y fil\u00f3sofos cl\u00e1sicos: las \u00abruinas \u00e9tneas\u00bb de Virgilio, como las \u00abv\u00edsceras de los montes\u00bb arrojadas con gemidos, son su demostraci\u00f3n; all\u00ed residen las fraguas trabajadoras en las cavernas de la monta\u00f1a, los hornos de los C\u00edclopes cuyos martillazos retumban en los grandes poemas de la Antig\u00fcedad. Hemos nacido al pensamiento con el estruendo sobre los yunques de los dioses, con el jadeo del fuego enterrado, con los calderos del vino griego que dieron su nombre a los cr\u00e1teres.\u00bb font_container=\u00bbtag:h3|text_align:left|color:%230a0a0a\u00bb google_fonts=\u00bbfont_family:Vollkorn%3Aregular%2Citalic%2C700%2C700italic|font_style:400%20italic%3A400%3Aitalic\u00bb][vc_column_text]<em><a href=\"imagenes\/imagenes_originales\/02.jpg\" target=\"_blank\" rel=\"noopener\"><img loading=\"lazy\" decoding=\"async\" src=\"imagenes\/imagenes_retocadas\/02.jpg\" width=\"480\" height=\"598\" \/><\/a><\/em><\/p>\n<p class=\"pie_de_foto\">Grabado de GUSTAVE DOR\u00c9. En Dante Alighieri.\u00a0<em>Le Purgatoire<\/em>, 1885.<\/p>\n<p>&nbsp;<\/p>\n<hr \/>\n<p>Por contagio cultural, el volc\u00e1n cl\u00e1sico reaparece en la literatura espa\u00f1ola repetidas veces, unas con sentido descriptivo y otras, las m\u00e1s, aleg\u00f3rico. Quevedo us\u00f3 frecuentemente al Etna eruptivo como met\u00e1fora de sus amores:<\/p>\n<p>&nbsp;<\/p>\n<blockquote>\n<blockquote>\n<h4><em>Ostentas de prodigios coronado,<br \/>\nsepulcro fulminante, monte aleve,<br \/>\nlas haza\u00f1as del fuego y de la nieve,<br \/>\ny el incendio en los yelos hospedado.<\/em><\/h4>\n<\/blockquote>\n<\/blockquote>\n<p>&nbsp;<\/p>\n<p>Nuestra cultura atl\u00e1ntica a\u00f1adi\u00f3, luego, sus propias lavas a las de Vulcano y se coron\u00f3 de nieve como el Etna. El Teide es tambi\u00e9n objeto de met\u00e1foras donde hielo y fuego se combinan en poemas cultos. La consideraci\u00f3n y configuraci\u00f3n del territorio como islas-volc\u00e1n, o volc\u00e1n-islas, que tanto da, dota, sin embargo, a los volcanes de Canarias de miradas \u00fanicas que transcienden incluso a la poes\u00eda y que quedan reflejadas de modo espl\u00e9ndido en sus volcanes escritos.<\/p>\n<p>&nbsp;<\/p>\n<hr \/>\n<p><a href=\"imagenes\/imagenes_originales\/22.jpg\" target=\"_blank\" rel=\"noopener\"><img loading=\"lazy\" decoding=\"async\" src=\"imagenes\/imagenes_retocadas\/22.jpg\" alt=\"\" width=\"480\" height=\"384\" \/><\/a><\/p>\n<p class=\"pie_de_foto\"><em>De<strong>\u00a0<\/strong>Piek-Bergh op het Eilant Tenerieto<\/em>, [1676?].<\/p>\n<p>&nbsp;<\/p>\n<hr \/>\n<p>Del mismo modo, la figura del volc\u00e1n elevado sobre los mares y situado en los confines enlaza con mitos sustanciales de la historia de Occidente, entre ellos con las islas paradis\u00edacas y con la ubicaci\u00f3n legendaria del infierno, del purgatorio y del para\u00edso. As\u00ed, la figura del Teide se asimila al lugar terrenal de ascensi\u00f3n por los tres mundos de\u00a0<em>La Divina Comedia<\/em>\u00a0de Dante.[\/vc_column_text][vc_separator color=\u00bbblack\u00bb][\/vc_column][\/vc_row]<\/p>\n","protected":false},"excerpt":{"rendered":"<p>[vc_row][vc_column][vc_empty_space][\/vc_column][\/vc_row][vc_row equal_height=\u00bbyes\u00bb content_placement=\u00bbbottom\u00bb][vc_column width=\u00bb1\/3&#8243;][vc_row_inner][vc_column_inner][vc_empty_space height=\u00bb12px\u00bb][vc_single_image image=\u00bb72&#8243; img_size=\u00bb72px\u00bb onclick=\u00bbcustom_link\u00bb link=\u00bbhttps:\/\/www.ull.es\/eventos\/volcanes-de-papel\/\u00bb][\/vc_column_inner][\/vc_row_inner][vc_separator color=\u00bbblack\u00bb][\/vc_column][vc_column width=\u00bb2\/3&#8243;][vc_row_inner][vc_column_inner width=\u00bb1\/2&#8243;][vc_custom_heading source=\u00bbpost_title\u00bb font_container=\u00bbtag:h1|font_size:2.8em|text_align:left|color:%230a0a0a|line_height:100%25&#8243; google_fonts=\u00bbfont_family:Vollkorn%3Aregular%2Citalic%2C700%2C700italic|font_style:400%20regular%3A400%3Anormal\u00bb][vc_separator color=\u00bbblack\u00bb][\/vc_column_inner][vc_column_inner width=\u00bb1\/2&#8243;][\/vc_column_inner][\/vc_row_inner][\/vc_column][\/vc_row][vc_row][vc_column width=\u00bb1\/3&#8243; css=\u00bb.vc_custom_1607079009573{padding-right: 30px !important;}\u00bb][vc_empty_space][\/vc_column][vc_column width=\u00bb2\/3&#8243;][vc_empty_space][vc_custom_heading text=\u00bbEl paisaje renaciente del volc\u00e1n es la patria de los poetas y fil\u00f3sofos cl\u00e1sicos: las \u00abruinas \u00e9tneas\u00bb de Virgilio, como las \u00abv\u00edsceras de los montes\u00bb arrojadas con gemidos, son su demostraci\u00f3n; all\u00ed residen&#8230;<\/p>\n","protected":false},"author":14,"featured_media":0,"parent":0,"menu_order":0,"comment_status":"closed","ping_status":"closed","template":"templates\/template-no-title.php","meta":{"footnotes":""},"class_list":["post-102","page","type-page","status-publish","hentry"],"_links":{"self":[{"href":"https:\/\/www.ull.es\/eventos\/volcanes-de-papel\/wp-json\/wp\/v2\/pages\/102"}],"collection":[{"href":"https:\/\/www.ull.es\/eventos\/volcanes-de-papel\/wp-json\/wp\/v2\/pages"}],"about":[{"href":"https:\/\/www.ull.es\/eventos\/volcanes-de-papel\/wp-json\/wp\/v2\/types\/page"}],"author":[{"embeddable":true,"href":"https:\/\/www.ull.es\/eventos\/volcanes-de-papel\/wp-json\/wp\/v2\/users\/14"}],"replies":[{"embeddable":true,"href":"https:\/\/www.ull.es\/eventos\/volcanes-de-papel\/wp-json\/wp\/v2\/comments?post=102"}],"version-history":[{"count":4,"href":"https:\/\/www.ull.es\/eventos\/volcanes-de-papel\/wp-json\/wp\/v2\/pages\/102\/revisions"}],"predecessor-version":[{"id":107,"href":"https:\/\/www.ull.es\/eventos\/volcanes-de-papel\/wp-json\/wp\/v2\/pages\/102\/revisions\/107"}],"wp:attachment":[{"href":"https:\/\/www.ull.es\/eventos\/volcanes-de-papel\/wp-json\/wp\/v2\/media?parent=102"}],"curies":[{"name":"wp","href":"https:\/\/api.w.org\/{rel}","templated":true}]}}